{"id":9755,"date":"2023-11-11T18:48:04","date_gmt":"2023-11-11T10:48:04","guid":{"rendered":"http:\/\/www.rooderchina.com\/index.php\/product\/citycoco-scooter-rooder-harley-escooter-m1p-m1ps-wholesale-price\/"},"modified":"2023-11-11T18:48:51","modified_gmt":"2023-11-11T10:48:51","slug":"citycoco-scooter-rooder-harley-escooter-m1p-m1ps-wholesale-price","status":"publish","type":"product","link":"https:\/\/www.rooderchina.com\/es\/producto\/citycoco-scooter-rooder-harley-escooter-m1p-m1ps-wholesale-price\/","title":{"rendered":"citycoco scooter Rooder harley escooter m1p m1ps precio al por mayor"},"content":{"rendered":"<p>Rooder Technology Co., Ltd.,Founded in the year of 2018, situated in YFHC Sicence and Technology Industries Park, is a high-tech enterprise engaged in the research and development, production, sale, engineering installation and after-sales services of <a href=\"https:\/\/www.rooderchina.com\/es\/tag\/citycoco-scooter\/\" title=\"Ver todos los comentarios en citycoco scooter\" target=\"_blank\" rel=\"noopener\">citycoco scooter<\/a> chopper and electric <a href=\"https:\/\/www.rooderchina.com\/es\/tag\/scooter\/\" title=\"Ver todas las entradas en scooter\" target=\"_blank\" rel=\"noopener\">scooter<\/a>.<\/p>\n<p>Rooder can produce and provide various escooters. Our company has a workshop which is more than 2000 square meters and two modernized production lines which have the highest working speed in the world.<\/p>\n<p>We have over 10 years&#8217; production experience, skilled workers and excellent R&amp;D teams, execute strict quality assurance system, and provide consummate after-sales services.<\/p>\n<\/p>\n<p>citycoco scooter review youtube video:<\/p>\n<p><iframe loading=\"lazy\" title=\"citycoco scooter\" src=\"https:\/\/www.youtube.com\/embed\/Pn90zgkh5ew?rel=0&amp;autoplay=0\" height=\"270\" width=\"480\" allowfullscreen=\"\" frameborder=\"0\"><\/iframe><\/p>\n<p>citycoco scooter is made by Rooder factory in Shenzhen Guangdong China<\/p>\n<p><iframe loading=\"lazy\" title=\"ccitycoco scooter factory\" src=\"https:\/\/www.youtube.com\/embed\/uk7SKZr9NGg?rel=0&amp;autoplay=0\" height=\"270\" width=\"480\" allowfullscreen=\"\" frameborder=\"0\"><\/iframe><\/p>","protected":false},"excerpt":{"rendered":"<h3>Breve descripci\u00f3n:<\/h3>\n<p><p>Los scooters citycoco son fabricados por Rooder Group, Rooder es una empresa china que fabrica scooters el\u00e9ctricos, ciclomotores y motocicletas. Venden sus scooters en m\u00e1s de 70 pa\u00edses. Los scooters de Rooder son conocidos por su seguridad, rendimiento y estilo.<br \/>\nLos scooters city coco de Rooder incluyen: super m1, runner m8, sara m1p, alligator m2, sara m1ps, knight m8s y m\u00e1s. Puede ponerse en contacto con WA business number: +8613632905138 o por correo electr\u00f3nico: rooder@roodergroup.com para obtener el mejor precio al por mayor.<\/p>\n<p>&nbsp;<\/p>\n<\/p>\n<p><\/p>\n<li><em>Marca: <\/em> OEM\/ODM\/RODER<\/li>\n<li><em>Cantidad m\u00ednima de pedido: <\/em> 10 piezas\/piezas<\/li>\n<li><em>Capacidad de suministro: <\/em> 10000 piezas por mes<\/li>\n<li><em>Puerto: <\/em> Shenzhen<\/li>\n<li><em>Condiciones de pago: <\/em> T\/T, L\/C, D\/A, D\/P<\/li>","protected":false},"featured_media":9757,"comment_status":"closed","ping_status":"open","template":"","meta":[],"product_brand":[],"product_cat":[464],"product_tag":[468,839,836,840,472,841,842,745,834,698],"class_list":{"0":"post-9755","1":"product","2":"type-product","3":"status-publish","4":"has-post-thumbnail","6":"product_cat-citycoco-choppers","7":"product_tag-citycoco","8":"product_tag-citycoco-harley","9":"product_tag-citycoco-m1p","10":"product_tag-citycoco-m1ps","11":"product_tag-citycoco-scooter","12":"product_tag-m1p-scooter","13":"product_tag-m1ps-scooter","14":"product_tag-rooder","15":"product_tag-rooder-scooter","16":"product_tag-scooter","18":"first","19":"instock","20":"product-type-simple"},"yoast_head":"<!-- This site is optimized with the Yoast SEO plugin v21.7 - https:\/\/yoast.com\/wordpress\/plugins\/seo\/ -->\n<title>citycoco scooter Rooder harley escooter m1p m1ps wholesale price - Electric Scooters Bikes Citycoco Manufacturer<\/title>\n<meta name=\"robots\" content=\"index, follow, max-snippet:-1, max-image-preview:large, max-video-preview:-1\" \/>\n<link rel=\"canonical\" href=\"https:\/\/www.rooderchina.com\/es\/producto\/citycoco-scooter-rooder-harley-escooter-m1p-m1ps-wholesale-price\/\" \/>\n<meta property=\"og:locale\" content=\"es_ES\" \/>\n<meta property=\"og:type\" content=\"article\" \/>\n<meta property=\"og:title\" content=\"citycoco scooter Rooder harley escooter m1p m1ps wholesale price - Electric Scooters Bikes Citycoco Manufacturer\" \/>\n<meta property=\"og:description\" content=\"Short Description: citycoco scooters are made by Rooder Group, Rooder is a Chinese company that manufactures electric scooters, mopeds, and motorcycles. They sell their scooters in over 70 countries. Rooder&#8217;s scooters are known for their safety, performance, and style. Rooder&#8217;s city coco scooters include: super m1, runner m8, sara m1p, alligator m2, sara m1ps, knight m8s and more. You can contact WA business number: +8613632905138 or email: rooder@roodergroup.com to get best wholesale price. &nbsp;    Brand: OEM\/ODM\/ROODER   Min.Order Quantity: 10 Piece\/Pieces   Supply Ability: 10000 Piece\/Pieces per Month   Port: Shenzhen   Payment Terms: T\/T, L\/C, D\/A, D\/P\" \/>\n<meta property=\"og:url\" content=\"https:\/\/www.rooderchina.com\/es\/producto\/citycoco-scooter-rooder-harley-escooter-m1p-m1ps-wholesale-price\/\" \/>\n<meta property=\"og:site_name\" content=\"Electric Scooters Bikes Citycoco Manufacturer\" \/>\n<meta property=\"article:publisher\" content=\"https:\/\/www.facebook.com\/rooder.tec\" \/>\n<meta property=\"article:modified_time\" content=\"2023-11-11T10:48:51+00:00\" \/>\n<meta property=\"og:image\" content=\"https:\/\/www.rooderchina.com\/wp-content\/uploads\/2023\/11\/citycoco-scooter-Rooder-harley-scooter-m1p-m1ps-wholesale-price-1.jpg\" \/>\n\t<meta property=\"og:image:width\" content=\"1000\" \/>\n\t<meta property=\"og:image:height\" content=\"1000\" \/>\n\t<meta property=\"og:image:type\" content=\"image\/jpeg\" \/>\n<meta name=\"twitter:card\" content=\"summary_large_image\" \/>\n<meta name=\"twitter:site\" content=\"@RooderTec\" \/>\n<meta name=\"twitter:label1\" content=\"Tiempo de lectura\" \/>\n\t<meta name=\"twitter:data1\" content=\"1 minuto\" \/>\n<script type=\"application\/ld+json\" class=\"yoast-schema-graph\">{\"@context\":\"https:\/\/schema.org\",\"@graph\":[{\"@type\":\"WebPage\",\"@id\":\"https:\/\/www.rooderchina.com\/uk\/product\/citycoco-scooter-rooder-harley-escooter-m1p-m1ps-wholesale-price\/\",\"url\":\"https:\/\/www.rooderchina.com\/uk\/product\/citycoco-scooter-rooder-harley-escooter-m1p-m1ps-wholesale-price\/\",\"name\":\"citycoco scooter Rooder harley escooter m1p m1ps wholesale price - Electric Scooters Bikes Citycoco Manufacturer\",\"isPartOf\":{\"@id\":\"https:\/\/www.rooderchina.com\/#website\"},\"datePublished\":\"2023-11-11T10:48:04+00:00\",\"dateModified\":\"2023-11-11T10:48:51+00:00\",\"breadcrumb\":{\"@id\":\"https:\/\/www.rooderchina.com\/uk\/product\/citycoco-scooter-rooder-harley-escooter-m1p-m1ps-wholesale-price\/#breadcrumb\"},\"inLanguage\":\"es-AR\",\"potentialAction\":[{\"@type\":\"ReadAction\",\"target\":[\"https:\/\/www.rooderchina.com\/uk\/product\/citycoco-scooter-rooder-harley-escooter-m1p-m1ps-wholesale-price\/\"]}]},{\"@type\":\"BreadcrumbList\",\"@id\":\"https:\/\/www.rooderchina.com\/uk\/product\/citycoco-scooter-rooder-harley-escooter-m1p-m1ps-wholesale-price\/#breadcrumb\",\"itemListElement\":[{\"@type\":\"ListItem\",\"position\":1,\"name\":\"HOME\",\"item\":\"https:\/\/www.rooderchina.com\/\"},{\"@type\":\"ListItem\",\"position\":2,\"name\":\"Shop\",\"item\":\"https:\/\/www.rooderchina.com\/shop\/\"},{\"@type\":\"ListItem\",\"position\":3,\"name\":\"citycoco scooter Rooder harley escooter m1p m1ps wholesale price\"}]},{\"@type\":\"WebSite\",\"@id\":\"https:\/\/www.rooderchina.com\/#website\",\"url\":\"https:\/\/www.rooderchina.com\/\",\"name\":\"Electric Scooters Bikes Citycoco Manufacturer\",\"description\":\"Rooder Technology Limited\",\"publisher\":{\"@id\":\"https:\/\/www.rooderchina.com\/#organization\"},\"potentialAction\":[{\"@type\":\"SearchAction\",\"target\":{\"@type\":\"EntryPoint\",\"urlTemplate\":\"https:\/\/www.rooderchina.com\/?s={search_term_string}\"},\"query-input\":\"required name=search_term_string\"}],\"inLanguage\":\"es-AR\"},{\"@type\":\"Organization\",\"@id\":\"https:\/\/www.rooderchina.com\/#organization\",\"name\":\"Electric Scooters Bikes Citycoco Manufacturer\",\"url\":\"https:\/\/www.rooderchina.com\/\",\"logo\":{\"@type\":\"ImageObject\",\"inLanguage\":\"es-AR\",\"@id\":\"https:\/\/www.rooderchina.com\/#\/schema\/logo\/image\/\",\"url\":\"https:\/\/www.rooderchina.com\/wp-content\/uploads\/2023\/12\/rooder2.jpg\",\"contentUrl\":\"https:\/\/www.rooderchina.com\/wp-content\/uploads\/2023\/12\/rooder2.jpg\",\"width\":1723,\"height\":1037,\"caption\":\"Electric Scooters Bikes Citycoco Manufacturer\"},\"image\":{\"@id\":\"https:\/\/www.rooderchina.com\/#\/schema\/logo\/image\/\"},\"sameAs\":[\"https:\/\/www.facebook.com\/rooder.tec\",\"https:\/\/twitter.com\/RooderTec\"]}]}<\/script>\n<!-- \/ Yoast SEO plugin. -->","yoast_head_json":{"title":"citycoco scooter Rooder harley escooter m1p m1ps wholesale price - Electric Scooters Bikes Citycoco Manufacturer","robots":{"index":"index","follow":"follow","max-snippet":"max-snippet:-1","max-image-preview":"max-image-preview:large","max-video-preview":"max-video-preview:-1"},"canonical":"https:\/\/www.rooderchina.com\/es\/producto\/citycoco-scooter-rooder-harley-escooter-m1p-m1ps-wholesale-price\/","og_locale":"es_ES","og_type":"article","og_title":"citycoco scooter Rooder harley escooter m1p m1ps wholesale price - Electric Scooters Bikes Citycoco Manufacturer","og_description":"Short Description: citycoco scooters are made by Rooder Group, Rooder is a Chinese company that manufactures electric scooters, mopeds, and motorcycles. They sell their scooters in over 70 countries. Rooder&#8217;s scooters are known for their safety, performance, and style. Rooder&#8217;s city coco scooters include: super m1, runner m8, sara m1p, alligator m2, sara m1ps, knight m8s and more. You can contact WA business number: +8613632905138 or email: rooder@roodergroup.com to get best wholesale price. &nbsp;    Brand: OEM\/ODM\/ROODER   Min.Order Quantity: 10 Piece\/Pieces   Supply Ability: 10000 Piece\/Pieces per Month   Port: Shenzhen   Payment Terms: T\/T, L\/C, D\/A, D\/P","og_url":"https:\/\/www.rooderchina.com\/es\/producto\/citycoco-scooter-rooder-harley-escooter-m1p-m1ps-wholesale-price\/","og_site_name":"Electric Scooters Bikes Citycoco Manufacturer","article_publisher":"https:\/\/www.facebook.com\/rooder.tec","article_modified_time":"2023-11-11T10:48:51+00:00","og_image":[{"width":1000,"height":1000,"url":"https:\/\/www.rooderchina.com\/wp-content\/uploads\/2023\/11\/citycoco-scooter-Rooder-harley-scooter-m1p-m1ps-wholesale-price-1.jpg","type":"image\/jpeg"}],"twitter_card":"summary_large_image","twitter_site":"@RooderTec","twitter_misc":{"Tiempo de lectura":"1 minuto"},"schema":{"@context":"https:\/\/schema.org","@graph":[{"@type":"WebPage","@id":"https:\/\/www.rooderchina.com\/uk\/product\/citycoco-scooter-rooder-harley-escooter-m1p-m1ps-wholesale-price\/","url":"https:\/\/www.rooderchina.com\/uk\/product\/citycoco-scooter-rooder-harley-escooter-m1p-m1ps-wholesale-price\/","name":"citycoco scooter Rooder harley escooter m1p m1ps wholesale price - Electric Scooters Bikes Citycoco Manufacturer","isPartOf":{"@id":"https:\/\/www.rooderchina.com\/#website"},"datePublished":"2023-11-11T10:48:04+00:00","dateModified":"2023-11-11T10:48:51+00:00","breadcrumb":{"@id":"https:\/\/www.rooderchina.com\/uk\/product\/citycoco-scooter-rooder-harley-escooter-m1p-m1ps-wholesale-price\/#breadcrumb"},"inLanguage":"es-AR","potentialAction":[{"@type":"ReadAction","target":["https:\/\/www.rooderchina.com\/uk\/product\/citycoco-scooter-rooder-harley-escooter-m1p-m1ps-wholesale-price\/"]}]},{"@type":"BreadcrumbList","@id":"https:\/\/www.rooderchina.com\/uk\/product\/citycoco-scooter-rooder-harley-escooter-m1p-m1ps-wholesale-price\/#breadcrumb","itemListElement":[{"@type":"ListItem","position":1,"name":"HOME","item":"https:\/\/www.rooderchina.com\/"},{"@type":"ListItem","position":2,"name":"Shop","item":"https:\/\/www.rooderchina.com\/shop\/"},{"@type":"ListItem","position":3,"name":"citycoco scooter Rooder harley escooter m1p m1ps wholesale price"}]},{"@type":"WebSite","@id":"https:\/\/www.rooderchina.com\/#website","url":"https:\/\/www.rooderchina.com\/","name":"Electric Scooters Bikes Citycoco Manufacturer","description":"Rooder Technology Limited","publisher":{"@id":"https:\/\/www.rooderchina.com\/#organization"},"potentialAction":[{"@type":"SearchAction","target":{"@type":"EntryPoint","urlTemplate":"https:\/\/www.rooderchina.com\/?s={search_term_string}"},"query-input":"required name=search_term_string"}],"inLanguage":"es-AR"},{"@type":"Organization","@id":"https:\/\/www.rooderchina.com\/#organization","name":"Electric Scooters Bikes Citycoco Manufacturer","url":"https:\/\/www.rooderchina.com\/","logo":{"@type":"ImageObject","inLanguage":"es-AR","@id":"https:\/\/www.rooderchina.com\/#\/schema\/logo\/image\/","url":"https:\/\/www.rooderchina.com\/wp-content\/uploads\/2023\/12\/rooder2.jpg","contentUrl":"https:\/\/www.rooderchina.com\/wp-content\/uploads\/2023\/12\/rooder2.jpg","width":1723,"height":1037,"caption":"Electric Scooters Bikes Citycoco Manufacturer"},"image":{"@id":"https:\/\/www.rooderchina.com\/#\/schema\/logo\/image\/"},"sameAs":["https:\/\/www.facebook.com\/rooder.tec","https:\/\/twitter.com\/RooderTec"]}]}},"_links":{"self":[{"href":"https:\/\/www.rooderchina.com\/es\/wp-json\/wp\/v2\/product\/9755","targetHints":{"allow":["GET"]}}],"collection":[{"href":"https:\/\/www.rooderchina.com\/es\/wp-json\/wp\/v2\/product"}],"about":[{"href":"https:\/\/www.rooderchina.com\/es\/wp-json\/wp\/v2\/types\/product"}],"replies":[{"embeddable":true,"href":"https:\/\/www.rooderchina.com\/es\/wp-json\/wp\/v2\/comments?post=9755"}],"version-history":[{"count":1,"href":"https:\/\/www.rooderchina.com\/es\/wp-json\/wp\/v2\/product\/9755\/revisions"}],"predecessor-version":[{"id":9756,"href":"https:\/\/www.rooderchina.com\/es\/wp-json\/wp\/v2\/product\/9755\/revisions\/9756"}],"wp:featuredmedia":[{"embeddable":true,"href":"https:\/\/www.rooderchina.com\/es\/wp-json\/wp\/v2\/media\/9757"}],"wp:attachment":[{"href":"https:\/\/www.rooderchina.com\/es\/wp-json\/wp\/v2\/media?parent=9755"}],"wp:term":[{"taxonomy":"product_brand","embeddable":true,"href":"https:\/\/www.rooderchina.com\/es\/wp-json\/wp\/v2\/product_brand?post=9755"},{"taxonomy":"product_cat","embeddable":true,"href":"https:\/\/www.rooderchina.com\/es\/wp-json\/wp\/v2\/product_cat?post=9755"},{"taxonomy":"product_tag","embeddable":true,"href":"https:\/\/www.rooderchina.com\/es\/wp-json\/wp\/v2\/product_tag?post=9755"}],"curies":[{"name":"wp","href":"https:\/\/api.w.org\/{rel}","templated":true}]}}