{"id":9697,"date":"2023-11-11T18:46:12","date_gmt":"2023-11-11T10:46:12","guid":{"rendered":"http:\/\/www.rooderchina.com\/index.php\/product\/china-harley-citycoco-scooter-with-eec-coc-approval\/"},"modified":"2023-11-20T01:43:17","modified_gmt":"2023-11-19T17:43:17","slug":"china-harley-citycoco-scooter-with-eec-coc-approval","status":"publish","type":"product","link":"https:\/\/www.rooderchina.com\/es\/producto\/china-harley-citycoco-scooter-with-eec-coc-approval\/","title":{"rendered":"China Harley citycoco scooter con homologaci\u00f3n CEE y COC"},"content":{"rendered":"<p><span style=\"font-size: large;\">China Harley citycoco scooter con homologaci\u00f3n CEE y COC\u00a0<\/span><\/p>\n<p>&nbsp;<\/p>\n<p>Rooder\u00a0 Group has been in electric scooter industry for 5 years, which is factory focus on EEC &amp; COC citycoco, balance scooter, and kick scooter.\u00a0 It has been exporting\u00a0 high quality electric scooter to all over the world, together earning a lot of good reputation. Rooder brand is representing\u00a0 high quality and good service.<\/p>\n<p>&nbsp;<\/p>\n<p>Let\u2019s look at this excellent EEC &amp; COC citycoco.<\/p>\n<p><iframe loading=\"lazy\" src=\"https:\/\/www.youtube.com\/embed\/XSOCUyU0qJg?rel=0\" height=\"560\" width=\"1025\" allowfullscreen=\"\" frameborder=\"0\"><\/iframe><\/p>\n<p>Tama\u00f1o del producto:1756x700x1200mm<br \/>\nTama\u00f1o del neum\u00e1tico : 18\u00d79.5inch<br \/>\nmodo de frenado : Freno de disco<br \/>\nAscenso m\u00e1ximo : 30 grados<br \/>\nPar m\u00e1ximo : 95N\/M<br \/>\nKilometraje m\u00e1ximo : 35-40KM<br \/>\nVelocidad m\u00e1xima:45 km\/h<br \/>\nCarga m\u00e1xima : 200KG<br \/>\nBater\u00eda extra\u00edble: bater\u00eda de litio de 60V12AH<br \/>\nTiempo de carga: 6 horas<br \/>\nMotor power : 1000W<\/p>\n<\/p>\n<p><span style=\"font-size: large;\">Selling point<\/span><\/p>\n<\/p>\n<p>Two option battery for this citycoco<\/p>\n<p>In our daily life, we probably need to go somewhere with long distant.<\/p>\n<p>12 AH battery : 35-40km\/h<\/p>\n<p>20 AH battery : 55-65km\/h<\/p>\n<\/p>\n<p><span style=\"font-size: large;\">Regarding to the COC document, please let at the picture as below<\/span><\/p>\n<\/p>\n<p><span style=\"font-size: large;\">Informaci\u00f3n sobre el embalaje\u00a0<\/span><\/p>\n<p>1PC\/cart\u00f3n<\/p>\n<p>tama\u00f1o de la caja:1850*420*870mm<\/p>\n<p>NW:65kg, GW:70kg<\/p>\n<p>0,676CBM\/unidad<\/p>\n<p>Pedido de contenedores:<\/p>\n<p>43 piezas en 20GP<\/p>\n<p>92 piezas en 40GP<\/p>\n<p>104 unidades en 40HC<\/p>\n<\/p>\n<p>&nbsp;<\/p>","protected":false},"excerpt":{"rendered":"<h3>Breve descripci\u00f3n:<\/h3>\n<p><p>Encontrar China Harley citycoco scooter con EEC &amp; COC aprobaci\u00f3n de Rooder EEC &amp; COC aprobaci\u00f3n Citycoco f\u00e1brica que es profesional COC harlet citycoco scooter proveedor en China, venta de citycoco a todo el mundo.<\/p>\n<\/p>\n<p><\/p>\n<li><em>Marca: <\/em> OEM\/ODM\/RODER<\/li>\n<li><em>Cantidad m\u00ednima de pedido: <\/em> 10 piezas\/piezas<\/li>\n<li><em>Capacidad de suministro: <\/em> 10000 piezas por mes<\/li>\n<li><em>Puerto: <\/em> Shenzhen<\/li>\n<li><em>Condiciones de pago: <\/em> T\/T, L\/C, D\/A, D\/P<\/li>\n<li><em>Modelo : <\/em> R804x-EEC<\/li>","protected":false},"featured_media":9699,"comment_status":"closed","ping_status":"closed","template":"","meta":[],"product_brand":[],"product_cat":[464],"product_tag":[512,1161,513,839,472,821,547,822,823,1162],"class_list":{"0":"post-9697","1":"product","2":"type-product","3":"status-publish","4":"has-post-thumbnail","6":"product_cat-citycoco-choppers","7":"product_tag-big-wheel-electric-scooter","8":"product_tag-citycoco-1500w","9":"product_tag-citycoco-electric-scooter","10":"product_tag-citycoco-harley","11":"product_tag-citycoco-scooter","12":"product_tag-coc-approval-citycoco","13":"product_tag-coc-citycoco-factory","14":"product_tag-eec-approval-citycoco","15":"product_tag-eec-citycoco-factory","16":"product_tag-electric-scoo","18":"first","19":"instock","20":"product-type-simple"},"yoast_head":"<!-- This site is optimized with the Yoast SEO plugin v21.7 - https:\/\/yoast.com\/wordpress\/plugins\/seo\/ -->\n<title>China Harley citycoco scooter with EEC &amp; COC approval - Electric Scooters Bikes Citycoco Manufacturer<\/title>\n<meta name=\"robots\" content=\"index, follow, max-snippet:-1, max-image-preview:large, max-video-preview:-1\" \/>\n<link rel=\"canonical\" href=\"https:\/\/www.rooderchina.com\/es\/producto\/china-harley-citycoco-scooter-with-eec-coc-approval\/\" \/>\n<meta property=\"og:locale\" content=\"es_ES\" \/>\n<meta property=\"og:type\" content=\"article\" \/>\n<meta property=\"og:title\" content=\"China Harley citycoco scooter with EEC &amp; COC approval - Electric Scooters Bikes Citycoco Manufacturer\" \/>\n<meta property=\"og:description\" content=\"Short Description: Finding\u00a0China Harley citycoco scooter with EEC &amp; COC approval from Rooder EEC &amp; COC approval Citycoco factory which is professional COC harlet citycoco scooter supplier in China, selling citycoco to all around the world.    Brand: OEM\/ODM\/ROODER   Min.Order Quantity: 10 Piece\/Pieces   Supply Ability: 10000 Piece\/Pieces per Month   Port: Shenzhen   Payment Terms: T\/T, L\/C, D\/A, D\/P   Model : R804x-EEC\" \/>\n<meta property=\"og:url\" content=\"https:\/\/www.rooderchina.com\/es\/producto\/china-harley-citycoco-scooter-with-eec-coc-approval\/\" \/>\n<meta property=\"og:site_name\" content=\"Electric Scooters Bikes Citycoco Manufacturer\" \/>\n<meta property=\"article:publisher\" content=\"https:\/\/www.facebook.com\/rooder.tec\" \/>\n<meta property=\"article:modified_time\" content=\"2023-11-19T17:43:17+00:00\" \/>\n<meta property=\"og:image\" content=\"https:\/\/www.rooderchina.com\/wp-content\/uploads\/2023\/11\/f2e2575f2.jpg\" \/>\n\t<meta property=\"og:image:width\" content=\"960\" \/>\n\t<meta property=\"og:image:height\" content=\"960\" \/>\n\t<meta property=\"og:image:type\" content=\"image\/jpeg\" \/>\n<meta name=\"twitter:card\" content=\"summary_large_image\" \/>\n<meta name=\"twitter:site\" content=\"@RooderTec\" \/>\n<meta name=\"twitter:label1\" content=\"Tiempo de lectura\" \/>\n\t<meta name=\"twitter:data1\" content=\"1 minuto\" \/>\n<script type=\"application\/ld+json\" class=\"yoast-schema-graph\">{\"@context\":\"https:\/\/schema.org\",\"@graph\":[{\"@type\":\"WebPage\",\"@id\":\"https:\/\/www.rooderchina.com\/product\/china-harley-citycoco-scooter-with-eec-coc-approval\/\",\"url\":\"https:\/\/www.rooderchina.com\/product\/china-harley-citycoco-scooter-with-eec-coc-approval\/\",\"name\":\"China Harley citycoco scooter with EEC &amp; COC approval - Electric Scooters Bikes Citycoco Manufacturer\",\"isPartOf\":{\"@id\":\"https:\/\/www.rooderchina.com\/#website\"},\"datePublished\":\"2023-11-11T10:46:12+00:00\",\"dateModified\":\"2023-11-19T17:43:17+00:00\",\"breadcrumb\":{\"@id\":\"https:\/\/www.rooderchina.com\/product\/china-harley-citycoco-scooter-with-eec-coc-approval\/#breadcrumb\"},\"inLanguage\":\"es-AR\",\"potentialAction\":[{\"@type\":\"ReadAction\",\"target\":[\"https:\/\/www.rooderchina.com\/product\/china-harley-citycoco-scooter-with-eec-coc-approval\/\"]}]},{\"@type\":\"BreadcrumbList\",\"@id\":\"https:\/\/www.rooderchina.com\/product\/china-harley-citycoco-scooter-with-eec-coc-approval\/#breadcrumb\",\"itemListElement\":[{\"@type\":\"ListItem\",\"position\":1,\"name\":\"HOME\",\"item\":\"https:\/\/www.rooderchina.com\/\"},{\"@type\":\"ListItem\",\"position\":2,\"name\":\"Shop\",\"item\":\"https:\/\/www.rooderchina.com\/shop\/\"},{\"@type\":\"ListItem\",\"position\":3,\"name\":\"China Harley citycoco scooter with EEC &amp; COC approval\"}]},{\"@type\":\"WebSite\",\"@id\":\"https:\/\/www.rooderchina.com\/#website\",\"url\":\"https:\/\/www.rooderchina.com\/\",\"name\":\"Electric Scooters Bikes Citycoco Manufacturer\",\"description\":\"Rooder Technology Limited\",\"publisher\":{\"@id\":\"https:\/\/www.rooderchina.com\/#organization\"},\"potentialAction\":[{\"@type\":\"SearchAction\",\"target\":{\"@type\":\"EntryPoint\",\"urlTemplate\":\"https:\/\/www.rooderchina.com\/?s={search_term_string}\"},\"query-input\":\"required name=search_term_string\"}],\"inLanguage\":\"es-AR\"},{\"@type\":\"Organization\",\"@id\":\"https:\/\/www.rooderchina.com\/#organization\",\"name\":\"Electric Scooters Bikes Citycoco Manufacturer\",\"url\":\"https:\/\/www.rooderchina.com\/\",\"logo\":{\"@type\":\"ImageObject\",\"inLanguage\":\"es-AR\",\"@id\":\"https:\/\/www.rooderchina.com\/#\/schema\/logo\/image\/\",\"url\":\"https:\/\/www.rooderchina.com\/wp-content\/uploads\/2023\/12\/rooder2.jpg\",\"contentUrl\":\"https:\/\/www.rooderchina.com\/wp-content\/uploads\/2023\/12\/rooder2.jpg\",\"width\":1723,\"height\":1037,\"caption\":\"Electric Scooters Bikes Citycoco Manufacturer\"},\"image\":{\"@id\":\"https:\/\/www.rooderchina.com\/#\/schema\/logo\/image\/\"},\"sameAs\":[\"https:\/\/www.facebook.com\/rooder.tec\",\"https:\/\/twitter.com\/RooderTec\"]}]}<\/script>\n<!-- \/ Yoast SEO plugin. -->","yoast_head_json":{"title":"China Harley citycoco scooter with EEC &amp; COC approval - Electric Scooters Bikes Citycoco Manufacturer","robots":{"index":"index","follow":"follow","max-snippet":"max-snippet:-1","max-image-preview":"max-image-preview:large","max-video-preview":"max-video-preview:-1"},"canonical":"https:\/\/www.rooderchina.com\/es\/producto\/china-harley-citycoco-scooter-with-eec-coc-approval\/","og_locale":"es_ES","og_type":"article","og_title":"China Harley citycoco scooter with EEC &amp; COC approval - Electric Scooters Bikes Citycoco Manufacturer","og_description":"Short Description: Finding\u00a0China Harley citycoco scooter with EEC &amp; COC approval from Rooder EEC &amp; COC approval Citycoco factory which is professional COC harlet citycoco scooter supplier in China, selling citycoco to all around the world.    Brand: OEM\/ODM\/ROODER   Min.Order Quantity: 10 Piece\/Pieces   Supply Ability: 10000 Piece\/Pieces per Month   Port: Shenzhen   Payment Terms: T\/T, L\/C, D\/A, D\/P   Model : R804x-EEC","og_url":"https:\/\/www.rooderchina.com\/es\/producto\/china-harley-citycoco-scooter-with-eec-coc-approval\/","og_site_name":"Electric Scooters Bikes Citycoco Manufacturer","article_publisher":"https:\/\/www.facebook.com\/rooder.tec","article_modified_time":"2023-11-19T17:43:17+00:00","og_image":[{"width":960,"height":960,"url":"https:\/\/www.rooderchina.com\/wp-content\/uploads\/2023\/11\/f2e2575f2.jpg","type":"image\/jpeg"}],"twitter_card":"summary_large_image","twitter_site":"@RooderTec","twitter_misc":{"Tiempo de lectura":"1 minuto"},"schema":{"@context":"https:\/\/schema.org","@graph":[{"@type":"WebPage","@id":"https:\/\/www.rooderchina.com\/product\/china-harley-citycoco-scooter-with-eec-coc-approval\/","url":"https:\/\/www.rooderchina.com\/product\/china-harley-citycoco-scooter-with-eec-coc-approval\/","name":"China Harley citycoco scooter with EEC &amp; COC approval - Electric Scooters Bikes Citycoco Manufacturer","isPartOf":{"@id":"https:\/\/www.rooderchina.com\/#website"},"datePublished":"2023-11-11T10:46:12+00:00","dateModified":"2023-11-19T17:43:17+00:00","breadcrumb":{"@id":"https:\/\/www.rooderchina.com\/product\/china-harley-citycoco-scooter-with-eec-coc-approval\/#breadcrumb"},"inLanguage":"es-AR","potentialAction":[{"@type":"ReadAction","target":["https:\/\/www.rooderchina.com\/product\/china-harley-citycoco-scooter-with-eec-coc-approval\/"]}]},{"@type":"BreadcrumbList","@id":"https:\/\/www.rooderchina.com\/product\/china-harley-citycoco-scooter-with-eec-coc-approval\/#breadcrumb","itemListElement":[{"@type":"ListItem","position":1,"name":"HOME","item":"https:\/\/www.rooderchina.com\/"},{"@type":"ListItem","position":2,"name":"Shop","item":"https:\/\/www.rooderchina.com\/shop\/"},{"@type":"ListItem","position":3,"name":"China Harley citycoco scooter with EEC &amp; COC approval"}]},{"@type":"WebSite","@id":"https:\/\/www.rooderchina.com\/#website","url":"https:\/\/www.rooderchina.com\/","name":"Electric Scooters Bikes Citycoco Manufacturer","description":"Rooder Technology Limited","publisher":{"@id":"https:\/\/www.rooderchina.com\/#organization"},"potentialAction":[{"@type":"SearchAction","target":{"@type":"EntryPoint","urlTemplate":"https:\/\/www.rooderchina.com\/?s={search_term_string}"},"query-input":"required name=search_term_string"}],"inLanguage":"es-AR"},{"@type":"Organization","@id":"https:\/\/www.rooderchina.com\/#organization","name":"Electric Scooters Bikes Citycoco Manufacturer","url":"https:\/\/www.rooderchina.com\/","logo":{"@type":"ImageObject","inLanguage":"es-AR","@id":"https:\/\/www.rooderchina.com\/#\/schema\/logo\/image\/","url":"https:\/\/www.rooderchina.com\/wp-content\/uploads\/2023\/12\/rooder2.jpg","contentUrl":"https:\/\/www.rooderchina.com\/wp-content\/uploads\/2023\/12\/rooder2.jpg","width":1723,"height":1037,"caption":"Electric Scooters Bikes Citycoco Manufacturer"},"image":{"@id":"https:\/\/www.rooderchina.com\/#\/schema\/logo\/image\/"},"sameAs":["https:\/\/www.facebook.com\/rooder.tec","https:\/\/twitter.com\/RooderTec"]}]}},"_links":{"self":[{"href":"https:\/\/www.rooderchina.com\/es\/wp-json\/wp\/v2\/product\/9697","targetHints":{"allow":["GET"]}}],"collection":[{"href":"https:\/\/www.rooderchina.com\/es\/wp-json\/wp\/v2\/product"}],"about":[{"href":"https:\/\/www.rooderchina.com\/es\/wp-json\/wp\/v2\/types\/product"}],"replies":[{"embeddable":true,"href":"https:\/\/www.rooderchina.com\/es\/wp-json\/wp\/v2\/comments?post=9697"}],"version-history":[{"count":1,"href":"https:\/\/www.rooderchina.com\/es\/wp-json\/wp\/v2\/product\/9697\/revisions"}],"predecessor-version":[{"id":9698,"href":"https:\/\/www.rooderchina.com\/es\/wp-json\/wp\/v2\/product\/9697\/revisions\/9698"}],"wp:featuredmedia":[{"embeddable":true,"href":"https:\/\/www.rooderchina.com\/es\/wp-json\/wp\/v2\/media\/9699"}],"wp:attachment":[{"href":"https:\/\/www.rooderchina.com\/es\/wp-json\/wp\/v2\/media?parent=9697"}],"wp:term":[{"taxonomy":"product_brand","embeddable":true,"href":"https:\/\/www.rooderchina.com\/es\/wp-json\/wp\/v2\/product_brand?post=9697"},{"taxonomy":"product_cat","embeddable":true,"href":"https:\/\/www.rooderchina.com\/es\/wp-json\/wp\/v2\/product_cat?post=9697"},{"taxonomy":"product_tag","embeddable":true,"href":"https:\/\/www.rooderchina.com\/es\/wp-json\/wp\/v2\/product_tag?post=9697"}],"curies":[{"name":"wp","href":"https:\/\/api.w.org\/{rel}","templated":true}]}}