{"id":9689,"date":"2023-11-11T18:46:12","date_gmt":"2023-11-11T10:46:12","guid":{"rendered":"http:\/\/www.rooderchina.com\/index.php\/product\/newest-big-wheel-citycoco-electric-scooter-with-seat-for-adult\/"},"modified":"2023-11-11T18:46:12","modified_gmt":"2023-11-11T10:46:12","slug":"newest-big-wheel-citycoco-electric-scooter-with-seat-for-adult","status":"publish","type":"product","link":"https:\/\/www.rooderchina.com\/es\/producto\/newest-big-wheel-citycoco-electric-scooter-with-seat-for-adult\/","title":{"rendered":"Newest Big wheel citycoco scooter el\u00e9ctrico con asiento para adulto"},"content":{"rendered":"<p><span style=\"font-size: large;\">Newest Big wheel citycoco scooter el\u00e9ctrico con asiento para adulto<\/span><\/p>\n<p>Rooder Group ha estado en la industria de scooters electricos por 5 a\u00f1os, la fabrica se enfoca en citycoco, scooter de equilibrio y scooter de patada.  Ha estado exportando scooters el\u00e9ctricos de alta calidad a todo el mundo, ganando juntos una gran reputaci\u00f3n. La marca Rooder representa alta calidad y buen servicio.<\/p>\n<p>&nbsp;<\/p>\n<p>Veamos este excelente scooter el\u00e9ctrico citycoco<\/p>\n<p><iframe loading=\"lazy\" src=\"https:\/\/www.youtube.com\/embed\/Oip0Y3Z9gk8?rel=0\" height=\"550\" width=\"1025\" allowfullscreen=\"\" frameborder=\"0\"><\/iframe><\/p>\n<p>Modelo:r804o<br \/>\nLongitud : 1756mm*750mm*50mm<br \/>\nTama\u00f1o del neum\u00e1tico : 18\u00d79.5inch<br \/>\nmodo de frenado : Freno de disco<br \/>\nAscenso m\u00e1ximo : 18 grados<br \/>\nPar m\u00e1ximo : 95N\/M<br \/>\nKilometraje m\u00e1ximo : 35-40KM<br \/>\nVelocidad m\u00e1xima: 50 km\/h<br \/>\nCarga m\u00e1xima : 200KG<br \/>\nBater\u00eda extra\u00edble: bater\u00eda de litio de 60V12AH<br \/>\nTiempo de carga: 6 horas<br \/>\nPotencia del motor : 2000W<br \/>\nSuspensi\u00f3n delantera: s\u00ed<br \/>\nSuspensi\u00f3n amortiguada trasera: s\u00ed<br \/>\nS\u00ed.<br \/>\nLuces de giro traseras: s\u00ed<br \/>\nLuz de freno: s\u00ed<br \/>\nVisualizaci\u00f3n en pantalla LED: s\u00ed<br \/>\nasiento doble: s\u00ed<br \/>\nsoporte para tel\u00e9fono con puerto USB: s\u00ed<br \/>\ncaja trasera: s\u00ed<br \/>\naltavoz para moto: s\u00ed<br \/>\nluces laterales delanteras: s\u00ed<br \/>\nneum\u00e1tico todoterreno: s\u00ed<br \/>\nespejos: s\u00ed\n       <\/p>\n<\/p>\n<p><span style=\"font-size: large;\">Informaci\u00f3n sobre el embalaje<\/span><\/p>\n<p>&nbsp;<\/p>\n<p>1PC\/cart\u00f3n<\/p>\n<p>tama\u00f1o de la caja:1850*420*870mm<\/p>\n<p>NW:65kg, GW:70kg<\/p>\n<p>0,676CBM\/unidad<\/p>\n<p>&nbsp;<\/p>\n<p>Pedido de contenedores:<\/p>\n<p>43 piezas en 20GP<\/p>\n<p>92 piezas en 40GP<\/p>\n<p>104 unidades en 40HC<\/p>\n<\/p>\n<p>&nbsp;<\/p>","protected":false},"excerpt":{"rendered":"<h3>Breve descripci\u00f3n:<\/h3>\n<p><p>Finding Newest rueda grande citycoco scooter el\u00e9ctrico con asiento para adultos de Rooder citycoco scooter f\u00e1brica, rueda grande scooter el\u00e9ctrico proveedor, exportando citycoco todo el mundo.<\/p>\n<\/p>\n<p><\/p>\n<li><em>Marca: <\/em> OEM\/ODM\/RODER<\/li>\n<li><em>Cantidad m\u00ednima de pedido: <\/em> 10 piezas\/piezas<\/li>\n<li><em>Capacidad de suministro: <\/em> 10000 piezas por mes<\/li>\n<li><em>Puerto: <\/em> Shenzhen<\/li>\n<li><em>Condiciones de pago: <\/em> T\/T, L\/C, D\/A, D\/P<\/li>\n<li><em>Modelo: <\/em> R804o<\/li>","protected":false},"featured_media":9691,"comment_status":"closed","ping_status":"open","template":"","meta":[],"product_brand":[],"product_cat":[464],"product_tag":[820],"class_list":{"0":"post-9689","1":"product","2":"type-product","3":"status-publish","4":"has-post-thumbnail","6":"product_cat-citycoco-choppers","7":"product_tag-big-wheel-electric-scootercitycoco-1500wcitycoco-electric-scootercitycoco-harleycitycoco-scootercoc-approval-citycocococ-citycoco-factory","9":"first","10":"instock","11":"product-type-simple"},"yoast_head":"<!-- This site is optimized with the Yoast SEO plugin v21.7 - https:\/\/yoast.com\/wordpress\/plugins\/seo\/ -->\n<title>Newest Big wheel citycoco electric scooter with seat for adult - Electric Scooters Bikes Citycoco Manufacturer<\/title>\n<meta name=\"robots\" content=\"index, follow, max-snippet:-1, max-image-preview:large, max-video-preview:-1\" \/>\n<link rel=\"canonical\" href=\"https:\/\/www.rooderchina.com\/es\/producto\/newest-big-wheel-citycoco-electric-scooter-with-seat-for-adult\/\" \/>\n<meta property=\"og:locale\" content=\"es_ES\" \/>\n<meta property=\"og:type\" content=\"article\" \/>\n<meta property=\"og:title\" content=\"Newest Big wheel citycoco electric scooter with seat for adult - Electric Scooters Bikes Citycoco Manufacturer\" \/>\n<meta property=\"og:description\" content=\"Short Description: Finding\u00a0Newest Big wheel citycoco electric scooter with seat for adult from Rooder citycoco scooter factory, big wheel electric scooter supplier, exporting citycoco all\u00a0 around the world.    Brand: OEM\/ODM\/ROODER   Min.Order Quantity: 10 Piece\/Pieces   Supply Ability: 10000 Piece\/Pieces per Month   Port: Shenzhen   Payment Terms: T\/T, L\/C, D\/A, D\/P   Model: R804o\" \/>\n<meta property=\"og:url\" content=\"https:\/\/www.rooderchina.com\/es\/producto\/newest-big-wheel-citycoco-electric-scooter-with-seat-for-adult\/\" \/>\n<meta property=\"og:site_name\" content=\"Electric Scooters Bikes Citycoco Manufacturer\" \/>\n<meta property=\"article:publisher\" content=\"https:\/\/www.facebook.com\/rooder.tec\" \/>\n<meta property=\"og:image\" content=\"https:\/\/www.rooderchina.com\/wp-content\/uploads\/2023\/11\/c7a1cbaa.jpg\" \/>\n\t<meta property=\"og:image:width\" content=\"1025\" \/>\n\t<meta property=\"og:image:height\" content=\"1025\" \/>\n\t<meta property=\"og:image:type\" content=\"image\/jpeg\" \/>\n<meta name=\"twitter:card\" content=\"summary_large_image\" \/>\n<meta name=\"twitter:site\" content=\"@RooderTec\" \/>\n<meta name=\"twitter:label1\" content=\"Tiempo de lectura\" \/>\n\t<meta name=\"twitter:data1\" content=\"1 minuto\" \/>\n<script type=\"application\/ld+json\" class=\"yoast-schema-graph\">{\"@context\":\"https:\/\/schema.org\",\"@graph\":[{\"@type\":\"WebPage\",\"@id\":\"https:\/\/www.rooderchina.com\/product\/newest-big-wheel-citycoco-electric-scooter-with-seat-for-adult\/\",\"url\":\"https:\/\/www.rooderchina.com\/product\/newest-big-wheel-citycoco-electric-scooter-with-seat-for-adult\/\",\"name\":\"Newest Big wheel citycoco electric scooter with seat for adult - Electric Scooters Bikes Citycoco Manufacturer\",\"isPartOf\":{\"@id\":\"https:\/\/www.rooderchina.com\/#website\"},\"datePublished\":\"2023-11-11T10:46:12+00:00\",\"dateModified\":\"2023-11-11T10:46:12+00:00\",\"breadcrumb\":{\"@id\":\"https:\/\/www.rooderchina.com\/product\/newest-big-wheel-citycoco-electric-scooter-with-seat-for-adult\/#breadcrumb\"},\"inLanguage\":\"es-AR\",\"potentialAction\":[{\"@type\":\"ReadAction\",\"target\":[\"https:\/\/www.rooderchina.com\/product\/newest-big-wheel-citycoco-electric-scooter-with-seat-for-adult\/\"]}]},{\"@type\":\"BreadcrumbList\",\"@id\":\"https:\/\/www.rooderchina.com\/product\/newest-big-wheel-citycoco-electric-scooter-with-seat-for-adult\/#breadcrumb\",\"itemListElement\":[{\"@type\":\"ListItem\",\"position\":1,\"name\":\"HOME\",\"item\":\"https:\/\/www.rooderchina.com\/\"},{\"@type\":\"ListItem\",\"position\":2,\"name\":\"Shop\",\"item\":\"https:\/\/www.rooderchina.com\/shop\/\"},{\"@type\":\"ListItem\",\"position\":3,\"name\":\"Newest Big wheel citycoco electric scooter with seat for adult\"}]},{\"@type\":\"WebSite\",\"@id\":\"https:\/\/www.rooderchina.com\/#website\",\"url\":\"https:\/\/www.rooderchina.com\/\",\"name\":\"Electric Scooters Bikes Citycoco Manufacturer\",\"description\":\"Rooder Technology Limited\",\"publisher\":{\"@id\":\"https:\/\/www.rooderchina.com\/#organization\"},\"potentialAction\":[{\"@type\":\"SearchAction\",\"target\":{\"@type\":\"EntryPoint\",\"urlTemplate\":\"https:\/\/www.rooderchina.com\/?s={search_term_string}\"},\"query-input\":\"required name=search_term_string\"}],\"inLanguage\":\"es-AR\"},{\"@type\":\"Organization\",\"@id\":\"https:\/\/www.rooderchina.com\/#organization\",\"name\":\"Electric Scooters Bikes Citycoco Manufacturer\",\"url\":\"https:\/\/www.rooderchina.com\/\",\"logo\":{\"@type\":\"ImageObject\",\"inLanguage\":\"es-AR\",\"@id\":\"https:\/\/www.rooderchina.com\/#\/schema\/logo\/image\/\",\"url\":\"https:\/\/www.rooderchina.com\/wp-content\/uploads\/2023\/12\/rooder2.jpg\",\"contentUrl\":\"https:\/\/www.rooderchina.com\/wp-content\/uploads\/2023\/12\/rooder2.jpg\",\"width\":1723,\"height\":1037,\"caption\":\"Electric Scooters Bikes Citycoco Manufacturer\"},\"image\":{\"@id\":\"https:\/\/www.rooderchina.com\/#\/schema\/logo\/image\/\"},\"sameAs\":[\"https:\/\/www.facebook.com\/rooder.tec\",\"https:\/\/twitter.com\/RooderTec\"]}]}<\/script>\n<!-- \/ Yoast SEO plugin. -->","yoast_head_json":{"title":"Newest Big wheel citycoco electric scooter with seat for adult - Electric Scooters Bikes Citycoco Manufacturer","robots":{"index":"index","follow":"follow","max-snippet":"max-snippet:-1","max-image-preview":"max-image-preview:large","max-video-preview":"max-video-preview:-1"},"canonical":"https:\/\/www.rooderchina.com\/es\/producto\/newest-big-wheel-citycoco-electric-scooter-with-seat-for-adult\/","og_locale":"es_ES","og_type":"article","og_title":"Newest Big wheel citycoco electric scooter with seat for adult - Electric Scooters Bikes Citycoco Manufacturer","og_description":"Short Description: Finding\u00a0Newest Big wheel citycoco electric scooter with seat for adult from Rooder citycoco scooter factory, big wheel electric scooter supplier, exporting citycoco all\u00a0 around the world.    Brand: OEM\/ODM\/ROODER   Min.Order Quantity: 10 Piece\/Pieces   Supply Ability: 10000 Piece\/Pieces per Month   Port: Shenzhen   Payment Terms: T\/T, L\/C, D\/A, D\/P   Model: R804o","og_url":"https:\/\/www.rooderchina.com\/es\/producto\/newest-big-wheel-citycoco-electric-scooter-with-seat-for-adult\/","og_site_name":"Electric Scooters Bikes Citycoco Manufacturer","article_publisher":"https:\/\/www.facebook.com\/rooder.tec","og_image":[{"width":1025,"height":1025,"url":"https:\/\/www.rooderchina.com\/wp-content\/uploads\/2023\/11\/c7a1cbaa.jpg","type":"image\/jpeg"}],"twitter_card":"summary_large_image","twitter_site":"@RooderTec","twitter_misc":{"Tiempo de lectura":"1 minuto"},"schema":{"@context":"https:\/\/schema.org","@graph":[{"@type":"WebPage","@id":"https:\/\/www.rooderchina.com\/product\/newest-big-wheel-citycoco-electric-scooter-with-seat-for-adult\/","url":"https:\/\/www.rooderchina.com\/product\/newest-big-wheel-citycoco-electric-scooter-with-seat-for-adult\/","name":"Newest Big wheel citycoco electric scooter with seat for adult - Electric Scooters Bikes Citycoco Manufacturer","isPartOf":{"@id":"https:\/\/www.rooderchina.com\/#website"},"datePublished":"2023-11-11T10:46:12+00:00","dateModified":"2023-11-11T10:46:12+00:00","breadcrumb":{"@id":"https:\/\/www.rooderchina.com\/product\/newest-big-wheel-citycoco-electric-scooter-with-seat-for-adult\/#breadcrumb"},"inLanguage":"es-AR","potentialAction":[{"@type":"ReadAction","target":["https:\/\/www.rooderchina.com\/product\/newest-big-wheel-citycoco-electric-scooter-with-seat-for-adult\/"]}]},{"@type":"BreadcrumbList","@id":"https:\/\/www.rooderchina.com\/product\/newest-big-wheel-citycoco-electric-scooter-with-seat-for-adult\/#breadcrumb","itemListElement":[{"@type":"ListItem","position":1,"name":"HOME","item":"https:\/\/www.rooderchina.com\/"},{"@type":"ListItem","position":2,"name":"Shop","item":"https:\/\/www.rooderchina.com\/shop\/"},{"@type":"ListItem","position":3,"name":"Newest Big wheel citycoco electric scooter with seat for adult"}]},{"@type":"WebSite","@id":"https:\/\/www.rooderchina.com\/#website","url":"https:\/\/www.rooderchina.com\/","name":"Electric Scooters Bikes Citycoco Manufacturer","description":"Rooder Technology Limited","publisher":{"@id":"https:\/\/www.rooderchina.com\/#organization"},"potentialAction":[{"@type":"SearchAction","target":{"@type":"EntryPoint","urlTemplate":"https:\/\/www.rooderchina.com\/?s={search_term_string}"},"query-input":"required name=search_term_string"}],"inLanguage":"es-AR"},{"@type":"Organization","@id":"https:\/\/www.rooderchina.com\/#organization","name":"Electric Scooters Bikes Citycoco Manufacturer","url":"https:\/\/www.rooderchina.com\/","logo":{"@type":"ImageObject","inLanguage":"es-AR","@id":"https:\/\/www.rooderchina.com\/#\/schema\/logo\/image\/","url":"https:\/\/www.rooderchina.com\/wp-content\/uploads\/2023\/12\/rooder2.jpg","contentUrl":"https:\/\/www.rooderchina.com\/wp-content\/uploads\/2023\/12\/rooder2.jpg","width":1723,"height":1037,"caption":"Electric Scooters Bikes Citycoco Manufacturer"},"image":{"@id":"https:\/\/www.rooderchina.com\/#\/schema\/logo\/image\/"},"sameAs":["https:\/\/www.facebook.com\/rooder.tec","https:\/\/twitter.com\/RooderTec"]}]}},"_links":{"self":[{"href":"https:\/\/www.rooderchina.com\/es\/wp-json\/wp\/v2\/product\/9689","targetHints":{"allow":["GET"]}}],"collection":[{"href":"https:\/\/www.rooderchina.com\/es\/wp-json\/wp\/v2\/product"}],"about":[{"href":"https:\/\/www.rooderchina.com\/es\/wp-json\/wp\/v2\/types\/product"}],"replies":[{"embeddable":true,"href":"https:\/\/www.rooderchina.com\/es\/wp-json\/wp\/v2\/comments?post=9689"}],"version-history":[{"count":1,"href":"https:\/\/www.rooderchina.com\/es\/wp-json\/wp\/v2\/product\/9689\/revisions"}],"predecessor-version":[{"id":9690,"href":"https:\/\/www.rooderchina.com\/es\/wp-json\/wp\/v2\/product\/9689\/revisions\/9690"}],"wp:featuredmedia":[{"embeddable":true,"href":"https:\/\/www.rooderchina.com\/es\/wp-json\/wp\/v2\/media\/9691"}],"wp:attachment":[{"href":"https:\/\/www.rooderchina.com\/es\/wp-json\/wp\/v2\/media?parent=9689"}],"wp:term":[{"taxonomy":"product_brand","embeddable":true,"href":"https:\/\/www.rooderchina.com\/es\/wp-json\/wp\/v2\/product_brand?post=9689"},{"taxonomy":"product_cat","embeddable":true,"href":"https:\/\/www.rooderchina.com\/es\/wp-json\/wp\/v2\/product_cat?post=9689"},{"taxonomy":"product_tag","embeddable":true,"href":"https:\/\/www.rooderchina.com\/es\/wp-json\/wp\/v2\/product_tag?post=9689"}],"curies":[{"name":"wp","href":"https:\/\/api.w.org\/{rel}","templated":true}]}}