{"id":9669,"date":"2023-11-11T18:43:02","date_gmt":"2023-11-11T10:43:02","guid":{"rendered":"http:\/\/www.rooderchina.com\/index.php\/product\/harley-electric-scooter-with-big-wheel-fat-tire\/"},"modified":"2023-11-11T18:44:26","modified_gmt":"2023-11-11T10:44:26","slug":"harley-electric-scooter-with-big-wheel-fat-tire","status":"publish","type":"product","link":"https:\/\/www.rooderchina.com\/es\/producto\/harley-electric-scooter-with-big-wheel-fat-tire\/","title":{"rendered":"harley scooter el\u00e9ctrico con rueda grande neum\u00e1tico de grasa"},"content":{"rendered":"<p><strong>harley electric scooter with big wheel fat tire from Rooder <a href=\"https:\/\/www.rooderchina.com\/es\/tag\/citycoco-factory\/\" title=\"View all posts in citycoco factory\" target=\"_blank\" rel=\"noopener\">f\u00e1brica citycoco<\/a> supplier manufactuer<\/strong><\/p>\n<p>&nbsp;<\/p>\n<p>Tama\u00f1o del neum\u00e1tico : 18\u00d79.5inch<br \/>\nmodo de frenado : Freno de disco<br \/>\nAscenso m\u00e1ximo : 18 grados<br \/>\nPar m\u00e1ximo : 95N\/M<br \/>\nKilometraje m\u00e1ximo : 35-40KM<br \/>\nVelocidad m\u00e1xima:45 km\/h<br \/>\nCarga m\u00e1xima : 200KG<br \/>\nBater\u00eda extra\u00edble: bater\u00eda de litio de 60V12AH<br \/>\nTiempo de carga : 4-6 horas<br \/>\nPotencia del motor : 1500W<br \/>\nSuspensi\u00f3n delantera: s\u00ed<br \/>\nSuspensi\u00f3n amortiguada trasera: s\u00ed<br \/>\nS\u00ed.<br \/>\nLuces de giro traseras: s\u00ed<br \/>\nLuz de freno: s\u00ed<br \/>\nVisualizaci\u00f3n en pantalla LCD: s\u00ed<br \/>\nlongseat: yes<br \/>\nNW: 65KG GW: 70KG<\/p>\n<\/p>\n<p><iframe loading=\"lazy\" src=\"https:\/\/www.youtube.com\/embed\/M2kD4p0eJ6w?rel=0&amp;autoplay=0\" height=\"318\" width=\"385\" allowfullscreen=\"\" frameborder=\"0\"><\/iframe><\/p>","protected":false},"excerpt":{"rendered":"<h3>Breve descripci\u00f3n:<\/h3>\n<p><p>nuevo dise\u00f1o,<br \/>\ncolores de graffiti,<br \/>\neec coc,<br \/>\nvin,<br \/>\nn\u00famero de serie,<br \/>\nMotor 60v1500w,<br \/>\nOEM,<br \/>\nRooder<\/p>\n<\/p>\n<p><\/p>\n<li><em>Marca: <\/em> OEM\/ODM\/RODER<\/li>\n<li><em>Cantidad m\u00ednima de pedido: <\/em> 10 piezas\/piezas<\/li>\n<li><em>Capacidad de suministro: <\/em> 10000 piezas por mes<\/li>\n<li><em>Puerto: <\/em> Shenzhen<\/li>\n<li><em>Condiciones de pago: <\/em> T\/T, L\/C, D\/A, D\/P<\/li>","protected":false},"featured_media":9671,"comment_status":"closed","ping_status":"open","template":"","meta":[],"product_brand":[],"product_cat":[464],"product_tag":[750,807,468,765,767,537,527,528,472,808,809,810,811,812,813,814,815,816,817,806,818,819],"class_list":{"0":"post-9669","1":"product","2":"type-product","3":"status-publish","4":"has-post-thumbnail","6":"product_cat-citycoco-choppers","7":"product_tag-chopper","8":"product_tag-city-rider","9":"product_tag-citycoco","10":"product_tag-citycoco-coc","11":"product_tag-citycoco-eec","12":"product_tag-citycoco-eec-coc","13":"product_tag-citycoco-factory","14":"product_tag-citycoco-manufacturer","15":"product_tag-citycoco-scooter","16":"product_tag-citycoco-serial-number","17":"product_tag-citycoco-supplier","18":"product_tag-citycoco-vin","19":"product_tag-e-coco","20":"product_tag-hakal","21":"product_tag-halley","22":"product_tag-hr6","23":"product_tag-hr8","24":"product_tag-i-goo","25":"product_tag-juggler","26":"product_tag-r804","27":"product_tag-terrra","28":"product_tag-urban-cruizzer","30":"first","31":"instock","32":"product-type-simple"},"yoast_head":"<!-- This site is optimized with the Yoast SEO plugin v21.7 - https:\/\/yoast.com\/wordpress\/plugins\/seo\/ -->\n<title>harley electric scooter with big wheel fat tire - Electric Scooters Bikes Citycoco Manufacturer<\/title>\n<meta name=\"robots\" content=\"index, follow, max-snippet:-1, max-image-preview:large, max-video-preview:-1\" \/>\n<link rel=\"canonical\" href=\"https:\/\/www.rooderchina.com\/es\/producto\/harley-electric-scooter-with-big-wheel-fat-tire\/\" \/>\n<meta property=\"og:locale\" content=\"es_ES\" \/>\n<meta property=\"og:type\" content=\"article\" \/>\n<meta property=\"og:title\" content=\"harley electric scooter with big wheel fat tire - Electric Scooters Bikes Citycoco Manufacturer\" \/>\n<meta property=\"og:description\" content=\"Short Description: new desgin, graffiti colors, eec coc, vin, serial number, 60v1500w motor, OEM, Rooder    Brand: OEM\/ODM\/ROODER   Min.Order Quantity: 10 Piece\/Pieces   Supply Ability: 10000 Piece\/Pieces per Month   Port: Shenzhen   Payment Terms: T\/T, L\/C, D\/A, D\/P\" \/>\n<meta property=\"og:url\" content=\"https:\/\/www.rooderchina.com\/es\/producto\/harley-electric-scooter-with-big-wheel-fat-tire\/\" \/>\n<meta property=\"og:site_name\" content=\"Electric Scooters Bikes Citycoco Manufacturer\" \/>\n<meta property=\"article:publisher\" content=\"https:\/\/www.facebook.com\/rooder.tec\" \/>\n<meta property=\"article:modified_time\" content=\"2023-11-11T10:44:26+00:00\" \/>\n<meta property=\"og:image\" content=\"https:\/\/www.rooderchina.com\/wp-content\/uploads\/2023\/11\/588dacd0.jpg\" \/>\n\t<meta property=\"og:image:width\" content=\"750\" \/>\n\t<meta property=\"og:image:height\" content=\"750\" \/>\n\t<meta property=\"og:image:type\" content=\"image\/jpeg\" \/>\n<meta name=\"twitter:card\" content=\"summary_large_image\" \/>\n<meta name=\"twitter:site\" content=\"@RooderTec\" \/>\n<script type=\"application\/ld+json\" class=\"yoast-schema-graph\">{\"@context\":\"https:\/\/schema.org\",\"@graph\":[{\"@type\":\"WebPage\",\"@id\":\"https:\/\/www.rooderchina.com\/product\/harley-electric-scooter-with-big-wheel-fat-tire\/\",\"url\":\"https:\/\/www.rooderchina.com\/product\/harley-electric-scooter-with-big-wheel-fat-tire\/\",\"name\":\"harley electric scooter with big wheel fat tire - Electric Scooters Bikes Citycoco Manufacturer\",\"isPartOf\":{\"@id\":\"https:\/\/www.rooderchina.com\/#website\"},\"datePublished\":\"2023-11-11T10:43:02+00:00\",\"dateModified\":\"2023-11-11T10:44:26+00:00\",\"breadcrumb\":{\"@id\":\"https:\/\/www.rooderchina.com\/product\/harley-electric-scooter-with-big-wheel-fat-tire\/#breadcrumb\"},\"inLanguage\":\"es-AR\",\"potentialAction\":[{\"@type\":\"ReadAction\",\"target\":[\"https:\/\/www.rooderchina.com\/product\/harley-electric-scooter-with-big-wheel-fat-tire\/\"]}]},{\"@type\":\"BreadcrumbList\",\"@id\":\"https:\/\/www.rooderchina.com\/product\/harley-electric-scooter-with-big-wheel-fat-tire\/#breadcrumb\",\"itemListElement\":[{\"@type\":\"ListItem\",\"position\":1,\"name\":\"HOME\",\"item\":\"https:\/\/www.rooderchina.com\/\"},{\"@type\":\"ListItem\",\"position\":2,\"name\":\"Shop\",\"item\":\"https:\/\/www.rooderchina.com\/shop\/\"},{\"@type\":\"ListItem\",\"position\":3,\"name\":\"harley electric scooter with big wheel fat tire\"}]},{\"@type\":\"WebSite\",\"@id\":\"https:\/\/www.rooderchina.com\/#website\",\"url\":\"https:\/\/www.rooderchina.com\/\",\"name\":\"Electric Scooters Bikes Citycoco Manufacturer\",\"description\":\"Rooder Technology Limited\",\"publisher\":{\"@id\":\"https:\/\/www.rooderchina.com\/#organization\"},\"potentialAction\":[{\"@type\":\"SearchAction\",\"target\":{\"@type\":\"EntryPoint\",\"urlTemplate\":\"https:\/\/www.rooderchina.com\/?s={search_term_string}\"},\"query-input\":\"required name=search_term_string\"}],\"inLanguage\":\"es-AR\"},{\"@type\":\"Organization\",\"@id\":\"https:\/\/www.rooderchina.com\/#organization\",\"name\":\"Electric Scooters Bikes Citycoco Manufacturer\",\"url\":\"https:\/\/www.rooderchina.com\/\",\"logo\":{\"@type\":\"ImageObject\",\"inLanguage\":\"es-AR\",\"@id\":\"https:\/\/www.rooderchina.com\/#\/schema\/logo\/image\/\",\"url\":\"https:\/\/www.rooderchina.com\/wp-content\/uploads\/2023\/12\/rooder2.jpg\",\"contentUrl\":\"https:\/\/www.rooderchina.com\/wp-content\/uploads\/2023\/12\/rooder2.jpg\",\"width\":1723,\"height\":1037,\"caption\":\"Electric Scooters Bikes Citycoco Manufacturer\"},\"image\":{\"@id\":\"https:\/\/www.rooderchina.com\/#\/schema\/logo\/image\/\"},\"sameAs\":[\"https:\/\/www.facebook.com\/rooder.tec\",\"https:\/\/twitter.com\/RooderTec\"]}]}<\/script>\n<!-- \/ Yoast SEO plugin. -->","yoast_head_json":{"title":"harley electric scooter with big wheel fat tire - Electric Scooters Bikes Citycoco Manufacturer","robots":{"index":"index","follow":"follow","max-snippet":"max-snippet:-1","max-image-preview":"max-image-preview:large","max-video-preview":"max-video-preview:-1"},"canonical":"https:\/\/www.rooderchina.com\/es\/producto\/harley-electric-scooter-with-big-wheel-fat-tire\/","og_locale":"es_ES","og_type":"article","og_title":"harley electric scooter with big wheel fat tire - Electric Scooters Bikes Citycoco Manufacturer","og_description":"Short Description: new desgin, graffiti colors, eec coc, vin, serial number, 60v1500w motor, OEM, Rooder    Brand: OEM\/ODM\/ROODER   Min.Order Quantity: 10 Piece\/Pieces   Supply Ability: 10000 Piece\/Pieces per Month   Port: Shenzhen   Payment Terms: T\/T, L\/C, D\/A, D\/P","og_url":"https:\/\/www.rooderchina.com\/es\/producto\/harley-electric-scooter-with-big-wheel-fat-tire\/","og_site_name":"Electric Scooters Bikes Citycoco Manufacturer","article_publisher":"https:\/\/www.facebook.com\/rooder.tec","article_modified_time":"2023-11-11T10:44:26+00:00","og_image":[{"width":750,"height":750,"url":"https:\/\/www.rooderchina.com\/wp-content\/uploads\/2023\/11\/588dacd0.jpg","type":"image\/jpeg"}],"twitter_card":"summary_large_image","twitter_site":"@RooderTec","schema":{"@context":"https:\/\/schema.org","@graph":[{"@type":"WebPage","@id":"https:\/\/www.rooderchina.com\/product\/harley-electric-scooter-with-big-wheel-fat-tire\/","url":"https:\/\/www.rooderchina.com\/product\/harley-electric-scooter-with-big-wheel-fat-tire\/","name":"harley electric scooter with big wheel fat tire - Electric Scooters Bikes Citycoco Manufacturer","isPartOf":{"@id":"https:\/\/www.rooderchina.com\/#website"},"datePublished":"2023-11-11T10:43:02+00:00","dateModified":"2023-11-11T10:44:26+00:00","breadcrumb":{"@id":"https:\/\/www.rooderchina.com\/product\/harley-electric-scooter-with-big-wheel-fat-tire\/#breadcrumb"},"inLanguage":"es-AR","potentialAction":[{"@type":"ReadAction","target":["https:\/\/www.rooderchina.com\/product\/harley-electric-scooter-with-big-wheel-fat-tire\/"]}]},{"@type":"BreadcrumbList","@id":"https:\/\/www.rooderchina.com\/product\/harley-electric-scooter-with-big-wheel-fat-tire\/#breadcrumb","itemListElement":[{"@type":"ListItem","position":1,"name":"HOME","item":"https:\/\/www.rooderchina.com\/"},{"@type":"ListItem","position":2,"name":"Shop","item":"https:\/\/www.rooderchina.com\/shop\/"},{"@type":"ListItem","position":3,"name":"harley electric scooter with big wheel fat tire"}]},{"@type":"WebSite","@id":"https:\/\/www.rooderchina.com\/#website","url":"https:\/\/www.rooderchina.com\/","name":"Electric Scooters Bikes Citycoco Manufacturer","description":"Rooder Technology Limited","publisher":{"@id":"https:\/\/www.rooderchina.com\/#organization"},"potentialAction":[{"@type":"SearchAction","target":{"@type":"EntryPoint","urlTemplate":"https:\/\/www.rooderchina.com\/?s={search_term_string}"},"query-input":"required name=search_term_string"}],"inLanguage":"es-AR"},{"@type":"Organization","@id":"https:\/\/www.rooderchina.com\/#organization","name":"Electric Scooters Bikes Citycoco Manufacturer","url":"https:\/\/www.rooderchina.com\/","logo":{"@type":"ImageObject","inLanguage":"es-AR","@id":"https:\/\/www.rooderchina.com\/#\/schema\/logo\/image\/","url":"https:\/\/www.rooderchina.com\/wp-content\/uploads\/2023\/12\/rooder2.jpg","contentUrl":"https:\/\/www.rooderchina.com\/wp-content\/uploads\/2023\/12\/rooder2.jpg","width":1723,"height":1037,"caption":"Electric Scooters Bikes Citycoco Manufacturer"},"image":{"@id":"https:\/\/www.rooderchina.com\/#\/schema\/logo\/image\/"},"sameAs":["https:\/\/www.facebook.com\/rooder.tec","https:\/\/twitter.com\/RooderTec"]}]}},"_links":{"self":[{"href":"https:\/\/www.rooderchina.com\/es\/wp-json\/wp\/v2\/product\/9669","targetHints":{"allow":["GET"]}}],"collection":[{"href":"https:\/\/www.rooderchina.com\/es\/wp-json\/wp\/v2\/product"}],"about":[{"href":"https:\/\/www.rooderchina.com\/es\/wp-json\/wp\/v2\/types\/product"}],"replies":[{"embeddable":true,"href":"https:\/\/www.rooderchina.com\/es\/wp-json\/wp\/v2\/comments?post=9669"}],"version-history":[{"count":1,"href":"https:\/\/www.rooderchina.com\/es\/wp-json\/wp\/v2\/product\/9669\/revisions"}],"predecessor-version":[{"id":9670,"href":"https:\/\/www.rooderchina.com\/es\/wp-json\/wp\/v2\/product\/9669\/revisions\/9670"}],"wp:featuredmedia":[{"embeddable":true,"href":"https:\/\/www.rooderchina.com\/es\/wp-json\/wp\/v2\/media\/9671"}],"wp:attachment":[{"href":"https:\/\/www.rooderchina.com\/es\/wp-json\/wp\/v2\/media?parent=9669"}],"wp:term":[{"taxonomy":"product_brand","embeddable":true,"href":"https:\/\/www.rooderchina.com\/es\/wp-json\/wp\/v2\/product_brand?post=9669"},{"taxonomy":"product_cat","embeddable":true,"href":"https:\/\/www.rooderchina.com\/es\/wp-json\/wp\/v2\/product_cat?post=9669"},{"taxonomy":"product_tag","embeddable":true,"href":"https:\/\/www.rooderchina.com\/es\/wp-json\/wp\/v2\/product_tag?post=9669"}],"curies":[{"name":"wp","href":"https:\/\/api.w.org\/{rel}","templated":true}]}}