{"id":9545,"date":"2023-11-11T18:40:50","date_gmt":"2023-11-11T10:40:50","guid":{"rendered":"http:\/\/www.rooderchina.com\/index.php\/product\/elektroroller-harley-scooter-citycoco-elektroscooter-coc-eec-rooder\/"},"modified":"2023-11-11T18:40:50","modified_gmt":"2023-11-11T10:40:50","slug":"elektroroller-harley-scooter-citycoco-elektroscooter-coc-eec-rooder","status":"publish","type":"product","link":"https:\/\/www.rooderchina.com\/es\/producto\/elektroroller-harley-scooter-citycoco-elektroscooter-coc-eec-rooder\/","title":{"rendered":"Elektroroller Harley Scooter Citycoco Elektroscooter COC EEC ROODER"},"content":{"rendered":"<p><a href=\"https:\/\/www.rooderchina.com\/es\/tag\/elektroroller\/\" title=\"Ver todas las entradas en Elektroroller\" target=\"_blank\" rel=\"noopener\">Elektroroller<\/a> Scooter Harley <a href=\"https:\/\/www.rooderchina.com\/es\/tag\/citycoco\/\" title=\"Ver todas las entradas en Citycoco\" target=\"_blank\" rel=\"noopener\">Citycoco<\/a> Elektroscooter COC EEC ROODER<\/p>\n<p><span style=\"color: #ff0000;\"><strong>1.we son proveedor del revendedor del almac\u00e9n de la UE.<\/strong><\/span><\/p>\n<p>Direcci\u00f3n holandesa:<\/p>\n<p>Almacenamiento MFR<br \/>\nEssebaan 43\/45, 2908 LJ<br \/>\nCapelle Aan Den Ijssel<\/p>\n<p>Rotterdam Pa\u00edses Bajos<\/p>\n<p>Nombre de contacto: Gavin Lee<\/p>\n<p>N\u00famero de contacto: 0031***<\/p>\n<p>Whatsapp: 008613632905138<\/p>\n<p>&nbsp;<\/p>\n<p><strong><span style=\"color: #ff0000;\">2.Nuestro canal de Youtube (unboxing, pruebas, dise\u00f1o, f\u00e1brica, material, servicio posventa, garant\u00eda...)<\/span><\/strong><\/p>\n<p><a title=\"citycoco youtube\" href=\"https:\/\/www.youtube.com\/user\/rooder2010\" target=\"_blank\" rel=\"noopener\">https:\/\/www.youtube.com\/user\/rooder2010<\/a><\/p>\n<p>Por favor, suscr\u00edbase y como nosotros. Rooder horario del show en vivo.<\/p>\n<p>&nbsp;<\/p>\n<p>El siguiente producto Rooder mangost\u00e1n r804-m8 est\u00e1 certificado COC (Certificado de Conformidad),2000W CEE rodillo el\u00e9ctrico, es el \u00faltimo y m\u00e1s de moda el dise\u00f1o de este a\u00f1o, el rodillo el\u00e9ctrico, que tenemos faros LED y linternas, dise\u00f1o de la pantalla LED de moda, dise\u00f1o CNC de aluminio, horquilla de aluminio, llanta delantera de aleaci\u00f3n de aluminio de 12 pulgadas, freno de disco hidr\u00e1ulico delantero y trasero, dise\u00f1o colorido para la elecci\u00f3n del cliente. El rodillo Rooder est\u00e1 aprobado por la CEE, cada rodillo Citycoco tiene un certificado COC. Y puede conducir el tr\u00e1fico por carretera en Europa, 2000W rueda de aluminio potente motor sin escobillas, c\u00f3modo asiento grande. 60V 20A o 30ah bater\u00eda de litio intercambiador extra\u00edble, de larga duraci\u00f3n de energ\u00eda para la unidad, caja de la bater\u00eda con la cubierta m\u00e1s fuerte, m\u00e1s seguridad y longevidad. 4A cargador r\u00e1pido, 4-5 horas se puede cargar completamente.<\/p>\n<p>Si necesita un rodillo el\u00e9ctrico para ir al trabajo, de compras, a la playa o de viaje, \u00a1este rodillo el\u00e9ctrico de dos ruedas es su mejor elecci\u00f3n!<\/p>\n<p>Tenemos almac\u00e9n en Holanda y Alemania, Min orden 1 pieza, env\u00edo r\u00e1pido a los pa\u00edses de la Uni\u00f3n Europea como Holanda, B\u00e9lgica, Alemania, Francia, Reino Unido, M\u00f3naco, Italia, Espa\u00f1a, Irlanda, Dinamarca, Suecia, Finlandia, Grecia, Lituania, Letonia, Portugal, Estonia, Croacia, Rumania, Hungr\u00eda y as\u00ed sucesivamente.<\/p>\n<p>&nbsp;<\/p>\n<p>Descripci\u00f3n<\/p>\n<p>Modelo: r804-m8<br \/>\nTama\u00f1o del neum\u00e1tico : 18inch<br \/>\nmodo de frenado : Freno de disco<br \/>\nAscenso m\u00e1ximo : 30 grados<br \/>\nPar m\u00e1ximo : 95N\/M<br \/>\nKilometraje m\u00e1ximo : 50KM<br \/>\nVelocidad m\u00e1xima:45 km\/h<br \/>\nCarga m\u00e1xima : 200KG<br \/>\nBater\u00eda extra\u00edble: bater\u00eda de litio 60V20AH<br \/>\nTiempo de carga: 5 horas<br \/>\nPotencia del motor : 2000W<br \/>\nS\u00ed.<br \/>\nSuspensi\u00f3n delantera: s\u00ed<br \/>\nSuspensi\u00f3n amortiguada trasera: s\u00ed<br \/>\nS\u00ed.<br \/>\nLuz led frontal: s\u00ed<br \/>\nLuces de giro delanteras: s\u00ed<br \/>\nLuces de giro traseras: s\u00ed<br \/>\nLuz de freno: s\u00ed<br \/>\nVisualizaci\u00f3n en pantalla LCD: s\u00ed<br \/>\nNW: 72KG GW: 82KG<br \/>\nTama\u00f1o del paquete: 180*38*77cm<\/p>\n<p>Opci\u00f3n: 3000w.<\/p>\n<p>m\u00e1s detalles, consulte nuestro canal de youtube:<\/p>\n<p data-spm-anchor-id=\"a2700.wholesale.pronpeci14.i0.1d2775e8mQVU4q\"><a title=\"Rooder citycoco\" href=\"https:\/\/www.youtube.com\/watch?v=q041U4dO3yo \" target=\"_blank\" rel=\"noopener\">https:\/\/www.youtube.com\/watch?v=q041U4dO3yo\u00a0<\/a><\/p>\n<p data-spm-anchor-id=\"a2700.wholesale.pronpeci14.i0.1d2775e8mQVU4q\">\n<p><iframe loading=\"lazy\" src=\"https:\/\/www.youtube.com\/embed\/q041U4dO3yo?rel=0&amp;autoplay=0\" height=\"318\" width=\"385\" allowfullscreen=\"\" frameborder=\"0\"><\/iframe><\/p>","protected":false},"excerpt":{"rendered":"<h3>Breve descripci\u00f3n:<\/h3>\n<p><p>El grupo Rooder tiene su propia patente citycoco, y pas\u00f3 la aprobaci\u00f3n de la CEE al mismo tiempo.<\/p>\n<p>Rooder citycoco scooter el\u00e9ctrico R804-m8 es un nuevo dise\u00f1o basado en la primera generaci\u00f3n citycoco r804, viene con un solo asiento, motor m\u00e1s fuerte y la bater\u00eda extra\u00edble, 12ah y 20ah bater\u00eda opcional. Se pas\u00f3 la norma CEE 168\/2013 categor\u00eda Le1B, as\u00ed como VIN y COC de papel para el registro de la calle legal utilizando en Europa. Tenemos almac\u00e9n en Holanda y Alemania, Min orden de 1 pieza, el env\u00edo r\u00e1pido a los pa\u00edses de la Uni\u00f3n Europea como los Pa\u00edses Bajos, B\u00e9lgica, Alemania, Francia, Reino Unido,<br \/>\nM\u00f3naco, Italia, Espa\u00f1a, Irlanda, Dinamarca, Suecia, Finlandia, Grecia, Lituania, Letonia, Portugal, Estonia, Croacia, Ruman\u00eda, Hungr\u00eda, etc.<\/p>\n<\/p>\n<p><\/p>\n<li><em>Marca: <\/em> OEM\/ODM\/RODER<\/li>\n<li><em>Cantidad m\u00ednima de pedido: <\/em> 10 piezas\/piezas<\/li>\n<li><em>Capacidad de suministro: <\/em> 10000 piezas por mes<\/li>\n<li><em>Puerto: <\/em> Shenzhen<\/li>\n<li><em>Condiciones de pago: <\/em> T\/T, L\/C, D\/A, D\/P<\/li>","protected":false},"featured_media":9547,"comment_status":"closed","ping_status":"open","template":"","meta":[],"product_brand":[],"product_cat":[464],"product_tag":[468,765,766,767,768,769,508,770],"class_list":{"0":"post-9545","1":"product","2":"type-product","3":"status-publish","4":"has-post-thumbnail","6":"product_cat-citycoco-choppers","7":"product_tag-citycoco","8":"product_tag-citycoco-coc","9":"product_tag-citycoco-coc-eec","10":"product_tag-citycoco-eec","11":"product_tag-elektroroller","12":"product_tag-elektroscooter","13":"product_tag-harley","14":"product_tag-harley-scooter","16":"first","17":"instock","18":"product-type-simple"},"yoast_head":"<!-- This site is optimized with the Yoast SEO plugin v21.7 - https:\/\/yoast.com\/wordpress\/plugins\/seo\/ -->\n<title>Elektroroller Harley Scooter Citycoco Elektroscooter COC EEC ROODER - Electric Scooters Bikes Citycoco Manufacturer<\/title>\n<meta name=\"robots\" content=\"index, follow, max-snippet:-1, max-image-preview:large, max-video-preview:-1\" \/>\n<link rel=\"canonical\" href=\"https:\/\/www.rooderchina.com\/es\/producto\/elektroroller-harley-scooter-citycoco-elektroscooter-coc-eec-rooder\/\" \/>\n<meta property=\"og:locale\" content=\"es_ES\" \/>\n<meta property=\"og:type\" content=\"article\" \/>\n<meta property=\"og:title\" content=\"Elektroroller Harley Scooter Citycoco Elektroscooter COC EEC ROODER - Electric Scooters Bikes Citycoco Manufacturer\" \/>\n<meta property=\"og:description\" content=\"Short Description: Rooder group has our own patent citycoco,\u00a0 and passed EEC approval at the same time. Rooder citycoco electric scooter R804-m8 is new design based on first generation citycoco r804, it comes with\u00a0single\u00a0seat, stronger motor and removable battery, 12ah and 20ah battery optional. It passed EEC standard 168\/2013 category Le1B as well as VIN and COC paper for register for street legal using in Europe. We have warehouse in Holland and Germany, Min order 1 piece, fast shipping to Europe Union Countries such as\u00a0Netherlands, Belgium, Germany, France, United Kingdom, Monaco, Italy, Spain, Ireland, Denmark, Sweden, Finland, Greece, Lithuania, Latvia, Portugal, Estonia, Croatia, Romania, Hungary and so on.    Brand: OEM\/ODM\/ROODER   Min.Order Quantity: 10 Piece\/Pieces   Supply Ability: 10000 Piece\/Pieces per Month   Port: Shenzhen   Payment Terms: T\/T, L\/C, D\/A, D\/P\" \/>\n<meta property=\"og:url\" content=\"https:\/\/www.rooderchina.com\/es\/producto\/elektroroller-harley-scooter-citycoco-elektroscooter-coc-eec-rooder\/\" \/>\n<meta property=\"og:site_name\" content=\"Electric Scooters Bikes Citycoco Manufacturer\" \/>\n<meta property=\"article:publisher\" content=\"https:\/\/www.facebook.com\/rooder.tec\" \/>\n<meta property=\"og:image\" content=\"https:\/\/www.rooderchina.com\/wp-content\/uploads\/2023\/11\/9d3e868c.jpg\" \/>\n\t<meta property=\"og:image:width\" content=\"750\" \/>\n\t<meta property=\"og:image:height\" content=\"750\" \/>\n\t<meta property=\"og:image:type\" content=\"image\/jpeg\" \/>\n<meta name=\"twitter:card\" content=\"summary_large_image\" \/>\n<meta name=\"twitter:site\" content=\"@RooderTec\" \/>\n<meta name=\"twitter:label1\" content=\"Tiempo de lectura\" \/>\n\t<meta name=\"twitter:data1\" content=\"2 minutos\" \/>\n<script type=\"application\/ld+json\" class=\"yoast-schema-graph\">{\"@context\":\"https:\/\/schema.org\",\"@graph\":[{\"@type\":\"WebPage\",\"@id\":\"https:\/\/www.rooderchina.com\/product\/elektroroller-harley-scooter-citycoco-elektroscooter-coc-eec-rooder\/\",\"url\":\"https:\/\/www.rooderchina.com\/product\/elektroroller-harley-scooter-citycoco-elektroscooter-coc-eec-rooder\/\",\"name\":\"Elektroroller Harley Scooter Citycoco Elektroscooter COC EEC ROODER - Electric Scooters Bikes Citycoco Manufacturer\",\"isPartOf\":{\"@id\":\"https:\/\/www.rooderchina.com\/#website\"},\"datePublished\":\"2023-11-11T10:40:50+00:00\",\"dateModified\":\"2023-11-11T10:40:50+00:00\",\"breadcrumb\":{\"@id\":\"https:\/\/www.rooderchina.com\/product\/elektroroller-harley-scooter-citycoco-elektroscooter-coc-eec-rooder\/#breadcrumb\"},\"inLanguage\":\"es-AR\",\"potentialAction\":[{\"@type\":\"ReadAction\",\"target\":[\"https:\/\/www.rooderchina.com\/product\/elektroroller-harley-scooter-citycoco-elektroscooter-coc-eec-rooder\/\"]}]},{\"@type\":\"BreadcrumbList\",\"@id\":\"https:\/\/www.rooderchina.com\/product\/elektroroller-harley-scooter-citycoco-elektroscooter-coc-eec-rooder\/#breadcrumb\",\"itemListElement\":[{\"@type\":\"ListItem\",\"position\":1,\"name\":\"HOME\",\"item\":\"https:\/\/www.rooderchina.com\/\"},{\"@type\":\"ListItem\",\"position\":2,\"name\":\"Shop\",\"item\":\"https:\/\/www.rooderchina.com\/shop\/\"},{\"@type\":\"ListItem\",\"position\":3,\"name\":\"Elektroroller Harley Scooter Citycoco Elektroscooter COC EEC ROODER\"}]},{\"@type\":\"WebSite\",\"@id\":\"https:\/\/www.rooderchina.com\/#website\",\"url\":\"https:\/\/www.rooderchina.com\/\",\"name\":\"Electric Scooters Bikes Citycoco Manufacturer\",\"description\":\"Rooder Technology Limited\",\"publisher\":{\"@id\":\"https:\/\/www.rooderchina.com\/#organization\"},\"potentialAction\":[{\"@type\":\"SearchAction\",\"target\":{\"@type\":\"EntryPoint\",\"urlTemplate\":\"https:\/\/www.rooderchina.com\/?s={search_term_string}\"},\"query-input\":\"required name=search_term_string\"}],\"inLanguage\":\"es-AR\"},{\"@type\":\"Organization\",\"@id\":\"https:\/\/www.rooderchina.com\/#organization\",\"name\":\"Electric Scooters Bikes Citycoco Manufacturer\",\"url\":\"https:\/\/www.rooderchina.com\/\",\"logo\":{\"@type\":\"ImageObject\",\"inLanguage\":\"es-AR\",\"@id\":\"https:\/\/www.rooderchina.com\/#\/schema\/logo\/image\/\",\"url\":\"https:\/\/www.rooderchina.com\/wp-content\/uploads\/2023\/12\/rooder2.jpg\",\"contentUrl\":\"https:\/\/www.rooderchina.com\/wp-content\/uploads\/2023\/12\/rooder2.jpg\",\"width\":1723,\"height\":1037,\"caption\":\"Electric Scooters Bikes Citycoco Manufacturer\"},\"image\":{\"@id\":\"https:\/\/www.rooderchina.com\/#\/schema\/logo\/image\/\"},\"sameAs\":[\"https:\/\/www.facebook.com\/rooder.tec\",\"https:\/\/twitter.com\/RooderTec\"]}]}<\/script>\n<!-- \/ Yoast SEO plugin. -->","yoast_head_json":{"title":"Elektroroller Harley Scooter Citycoco Elektroscooter COC EEC ROODER - Electric Scooters Bikes Citycoco Manufacturer","robots":{"index":"index","follow":"follow","max-snippet":"max-snippet:-1","max-image-preview":"max-image-preview:large","max-video-preview":"max-video-preview:-1"},"canonical":"https:\/\/www.rooderchina.com\/es\/producto\/elektroroller-harley-scooter-citycoco-elektroscooter-coc-eec-rooder\/","og_locale":"es_ES","og_type":"article","og_title":"Elektroroller Harley Scooter Citycoco Elektroscooter COC EEC ROODER - Electric Scooters Bikes Citycoco Manufacturer","og_description":"Short Description: Rooder group has our own patent citycoco,\u00a0 and passed EEC approval at the same time. Rooder citycoco electric scooter R804-m8 is new design based on first generation citycoco r804, it comes with\u00a0single\u00a0seat, stronger motor and removable battery, 12ah and 20ah battery optional. It passed EEC standard 168\/2013 category Le1B as well as VIN and COC paper for register for street legal using in Europe. We have warehouse in Holland and Germany, Min order 1 piece, fast shipping to Europe Union Countries such as\u00a0Netherlands, Belgium, Germany, France, United Kingdom, Monaco, Italy, Spain, Ireland, Denmark, Sweden, Finland, Greece, Lithuania, Latvia, Portugal, Estonia, Croatia, Romania, Hungary and so on.    Brand: OEM\/ODM\/ROODER   Min.Order Quantity: 10 Piece\/Pieces   Supply Ability: 10000 Piece\/Pieces per Month   Port: Shenzhen   Payment Terms: T\/T, L\/C, D\/A, D\/P","og_url":"https:\/\/www.rooderchina.com\/es\/producto\/elektroroller-harley-scooter-citycoco-elektroscooter-coc-eec-rooder\/","og_site_name":"Electric Scooters Bikes Citycoco Manufacturer","article_publisher":"https:\/\/www.facebook.com\/rooder.tec","og_image":[{"width":750,"height":750,"url":"https:\/\/www.rooderchina.com\/wp-content\/uploads\/2023\/11\/9d3e868c.jpg","type":"image\/jpeg"}],"twitter_card":"summary_large_image","twitter_site":"@RooderTec","twitter_misc":{"Tiempo de lectura":"2 minutos"},"schema":{"@context":"https:\/\/schema.org","@graph":[{"@type":"WebPage","@id":"https:\/\/www.rooderchina.com\/product\/elektroroller-harley-scooter-citycoco-elektroscooter-coc-eec-rooder\/","url":"https:\/\/www.rooderchina.com\/product\/elektroroller-harley-scooter-citycoco-elektroscooter-coc-eec-rooder\/","name":"Elektroroller Harley Scooter Citycoco Elektroscooter COC EEC ROODER - Electric Scooters Bikes Citycoco Manufacturer","isPartOf":{"@id":"https:\/\/www.rooderchina.com\/#website"},"datePublished":"2023-11-11T10:40:50+00:00","dateModified":"2023-11-11T10:40:50+00:00","breadcrumb":{"@id":"https:\/\/www.rooderchina.com\/product\/elektroroller-harley-scooter-citycoco-elektroscooter-coc-eec-rooder\/#breadcrumb"},"inLanguage":"es-AR","potentialAction":[{"@type":"ReadAction","target":["https:\/\/www.rooderchina.com\/product\/elektroroller-harley-scooter-citycoco-elektroscooter-coc-eec-rooder\/"]}]},{"@type":"BreadcrumbList","@id":"https:\/\/www.rooderchina.com\/product\/elektroroller-harley-scooter-citycoco-elektroscooter-coc-eec-rooder\/#breadcrumb","itemListElement":[{"@type":"ListItem","position":1,"name":"HOME","item":"https:\/\/www.rooderchina.com\/"},{"@type":"ListItem","position":2,"name":"Shop","item":"https:\/\/www.rooderchina.com\/shop\/"},{"@type":"ListItem","position":3,"name":"Elektroroller Harley Scooter Citycoco Elektroscooter COC EEC ROODER"}]},{"@type":"WebSite","@id":"https:\/\/www.rooderchina.com\/#website","url":"https:\/\/www.rooderchina.com\/","name":"Electric Scooters Bikes Citycoco Manufacturer","description":"Rooder Technology Limited","publisher":{"@id":"https:\/\/www.rooderchina.com\/#organization"},"potentialAction":[{"@type":"SearchAction","target":{"@type":"EntryPoint","urlTemplate":"https:\/\/www.rooderchina.com\/?s={search_term_string}"},"query-input":"required name=search_term_string"}],"inLanguage":"es-AR"},{"@type":"Organization","@id":"https:\/\/www.rooderchina.com\/#organization","name":"Electric Scooters Bikes Citycoco Manufacturer","url":"https:\/\/www.rooderchina.com\/","logo":{"@type":"ImageObject","inLanguage":"es-AR","@id":"https:\/\/www.rooderchina.com\/#\/schema\/logo\/image\/","url":"https:\/\/www.rooderchina.com\/wp-content\/uploads\/2023\/12\/rooder2.jpg","contentUrl":"https:\/\/www.rooderchina.com\/wp-content\/uploads\/2023\/12\/rooder2.jpg","width":1723,"height":1037,"caption":"Electric Scooters Bikes Citycoco Manufacturer"},"image":{"@id":"https:\/\/www.rooderchina.com\/#\/schema\/logo\/image\/"},"sameAs":["https:\/\/www.facebook.com\/rooder.tec","https:\/\/twitter.com\/RooderTec"]}]}},"_links":{"self":[{"href":"https:\/\/www.rooderchina.com\/es\/wp-json\/wp\/v2\/product\/9545","targetHints":{"allow":["GET"]}}],"collection":[{"href":"https:\/\/www.rooderchina.com\/es\/wp-json\/wp\/v2\/product"}],"about":[{"href":"https:\/\/www.rooderchina.com\/es\/wp-json\/wp\/v2\/types\/product"}],"replies":[{"embeddable":true,"href":"https:\/\/www.rooderchina.com\/es\/wp-json\/wp\/v2\/comments?post=9545"}],"version-history":[{"count":1,"href":"https:\/\/www.rooderchina.com\/es\/wp-json\/wp\/v2\/product\/9545\/revisions"}],"predecessor-version":[{"id":9546,"href":"https:\/\/www.rooderchina.com\/es\/wp-json\/wp\/v2\/product\/9545\/revisions\/9546"}],"wp:featuredmedia":[{"embeddable":true,"href":"https:\/\/www.rooderchina.com\/es\/wp-json\/wp\/v2\/media\/9547"}],"wp:attachment":[{"href":"https:\/\/www.rooderchina.com\/es\/wp-json\/wp\/v2\/media?parent=9545"}],"wp:term":[{"taxonomy":"product_brand","embeddable":true,"href":"https:\/\/www.rooderchina.com\/es\/wp-json\/wp\/v2\/product_brand?post=9545"},{"taxonomy":"product_cat","embeddable":true,"href":"https:\/\/www.rooderchina.com\/es\/wp-json\/wp\/v2\/product_cat?post=9545"},{"taxonomy":"product_tag","embeddable":true,"href":"https:\/\/www.rooderchina.com\/es\/wp-json\/wp\/v2\/product_tag?post=9545"}],"curies":[{"name":"wp","href":"https:\/\/api.w.org\/{rel}","templated":true}]}}