{"id":9450,"date":"2023-11-11T18:35:38","date_gmt":"2023-11-11T10:35:38","guid":{"rendered":"http:\/\/www.rooderchina.com\/index.php\/product\/mangosteen-m1p-citycoco-chopper-electric-scooter\/"},"modified":"2023-11-11T18:36:37","modified_gmt":"2023-11-11T10:36:37","slug":"mangosteen-m1p-citycoco-chopper-electric-scooter","status":"publish","type":"product","link":"https:\/\/www.rooderchina.com\/es\/producto\/mangosteen-m1p-citycoco-chopper-electric-scooter\/","title":{"rendered":"scooter el\u00e9ctrico citycoco chopper mangosteen m1p"},"content":{"rendered":"<p>First of all, Rooder <a href=\"https:\/\/www.rooderchina.com\/es\/tag\/mangosteen-m1p\/\" title=\"View all posts in mangosteen m1p\" target=\"_blank\" rel=\"noopener\">mangost\u00e1n m1p<\/a> with amazing Harley chopper style design, it\u2019s popular in Europe and USA.<\/p>\n<p>\nIn other respects, the driving experience of the Rooder arrow m1p is comfortable and the support is insufficient when turning.<\/p>\n<p>\nThe disadvantage is that the power should limit in European countries. It has many functions,<\/p>\n<p>but the disadvantage is that the higher price than normal electric bicycle.<\/p>\n<\/p>\n<p>Every citycoco choppers have pros and cons, the key is how you choose.<\/p>\n<p>the riding experience, the renovations, power and intelligence.<\/p>\n<\/p>\n<p>&nbsp;<\/p>\n<p>Rooder Mangosteen brands are the top brand of the citycoco choppers,<\/p>\n<p>and they have exceeded the traditional electric bike by a lot in all aspects.<\/p>\n<\/p>\n<p>&nbsp;<\/p>\n<p>In fact, it does not matter what you choose, what matters is whether we like it.<\/p>\n<\/p>\n<p>&nbsp;<\/p>\n<p><strong>Especificaci\u00f3n:<\/strong><\/p>\n<p>Model: Rooder Arrow, r804-m1p-EEC<br \/>\nTama\u00f1o del neum\u00e1tico : 18inch<br \/>\nmodo de frenado : Freno de disco<br \/>\nAscenso m\u00e1ximo : 30 grados<br \/>\nPar m\u00e1ximo : 95N\/M<br \/>\nKilometraje m\u00e1ximo : 50KM<br \/>\nVelocidad m\u00e1xima:45 km\/h<br \/>\nCarga m\u00e1xima : 200KG<br \/>\nBater\u00eda extra\u00edble: bater\u00eda de litio 60V20AH<br \/>\nTiempo de carga: 5 horas<br \/>\nPotencia del motor : 2000W<br \/>\nS\u00ed.<br \/>\nSuspensi\u00f3n delantera: s\u00ed<br \/>\nSuspensi\u00f3n amortiguada trasera: s\u00ed<br \/>\nS\u00ed.<br \/>\nLuz led frontal: s\u00ed<br \/>\nLuces de giro delanteras: s\u00ed<br \/>\nLuces de giro traseras: s\u00ed<br \/>\nLuz de freno: s\u00ed<br \/>\nVisualizaci\u00f3n en pantalla LCD: s\u00ed<\/p>\n<p><strong>Paquete:<\/strong><\/p>\n<p>1 unidad\/cart\u00f3n<br \/>\nTama\u00f1o de la caja:182*38*77cm<br \/>\nNW:76kg, GW:86kg<br \/>\n0,56CBM\/unidad<\/p>\n<p>Pedido de contenedores:<br \/>\n50 piezas en 20GP<br \/>\n98 piezas en 40GP<br \/>\n114 piezas en 40HQ<br \/>\n<strong>Rooder m1p\u00a0 unboxing:<\/strong><\/p>\n<p>&nbsp;<\/p>\n<p><iframe loading=\"lazy\" src=\"https:\/\/www.youtube.com\/embed\/cD2Zc7-0niw?rel=0&amp;autoplay=0\" height=\"318\" width=\"385\" allowfullscreen=\"\" frameborder=\"0\"><\/iframe><\/p>\n<p>&nbsp;<\/p>\n<p>Marcas de tiempo:<\/p>\n<p><a dir=\"auto\" spellcheck=\"false\" href=\"https:\/\/www.youtube.com\/watch?v=cD2Zc7-0niw&amp;t=0s\">00:00<\/a>\u00a0citycoco m1p Rooder Arrow electric scooter unboxing<\/p>\n<p><a dir=\"auto\" spellcheck=\"false\" href=\"https:\/\/www.youtube.com\/watch?v=cD2Zc7-0niw&amp;t=178s\">02:58<\/a>\u00a0what&#8217;s inside the Rooder Mangosteen scooter package?<\/p>\n<p><a dir=\"auto\" spellcheck=\"false\" href=\"https:\/\/www.youtube.com\/watch?v=cD2Zc7-0niw&amp;t=201s\">03:21<\/a>\u00a0how to install the escooter handlebar?<\/p>\n<p><a dir=\"auto\" spellcheck=\"false\" href=\"https:\/\/www.youtube.com\/watch?v=cD2Zc7-0niw&amp;t=361s\">06:01<\/a>\u00a0how to remove the axis of the Rooder scooter?<\/p>\n<p><a dir=\"auto\" spellcheck=\"false\" href=\"https:\/\/www.youtube.com\/watch?v=cD2Zc7-0niw&amp;t=383s\">06:23<\/a>\u00a0Remove the protective foam from the e-<a href=\"https:\/\/www.rooderchina.com\/es\/tag\/mangosteen-m1p\/\" title=\"View all posts in mangosteen m1p\" target=\"_blank\" rel=\"noopener\">mangost\u00e1n m1p<\/a>.<\/p>\n<p><a dir=\"auto\" spellcheck=\"false\" href=\"https:\/\/www.youtube.com\/watch?v=cD2Zc7-0niw&amp;t=418s\">06:58<\/a>\u00a0how to install the front wheel of the Rooder ElektroRoller chopper?<\/p>\n<p><a dir=\"auto\" spellcheck=\"false\" href=\"https:\/\/www.youtube.com\/watch?v=cD2Zc7-0niw&amp;t=532s\">08:52<\/a>\u00a0how to install the front fender of the Rooder citycoco?<\/p>\n<p><a dir=\"auto\" spellcheck=\"false\" href=\"https:\/\/www.youtube.com\/watch?v=cD2Zc7-0niw&amp;t=726s\">12:06<\/a>\u00a0how to install the e<a href=\"https:\/\/www.rooderchina.com\/es\/tag\/mangosteen\/\" title=\"View all posts in mangosteen\" target=\"_blank\" rel=\"noopener\">mangost\u00e1n<\/a> mirrors?<\/p>\n<p><a dir=\"auto\" spellcheck=\"false\" href=\"https:\/\/www.youtube.com\/watch?v=cD2Zc7-0niw&amp;t=898s\">14:58<\/a>\u00a0connect the MGSD chopper battery, the remove battery can be charged at home.<\/p>\n<p><a dir=\"auto\" spellcheck=\"false\" href=\"https:\/\/www.youtube.com\/watch?v=cD2Zc7-0niw&amp;t=985s\">16:25<\/a>\u00a0visi\u00f3n general<\/p>\n<p>&nbsp;<\/p>\n<p><strong>Mangosteen m1p review:<\/strong><\/p>\n<p>&nbsp;<\/p>\n<p><iframe loading=\"lazy\" src=\"https:\/\/www.youtube.com\/embed\/83m4F73GHVg?rel=0&amp;autoplay=0\" height=\"318\" width=\"385\" allowfullscreen=\"\" frameborder=\"0\"><\/iframe><\/p>\n<p>&nbsp;<\/p>\n<p><a dir=\"auto\" spellcheck=\"false\" href=\"https:\/\/www.youtube.com\/watch?v=83m4F73GHVg&amp;t=0s\">00:00<\/a>\u00a0Rooder Arrow m1p overview<\/p>\n<p><a dir=\"auto\" spellcheck=\"false\" href=\"https:\/\/www.youtube.com\/watch?v=83m4F73GHVg&amp;t=155s\">02:35<\/a>\u00a0driving on mountain road<\/p>\n<p><a dir=\"auto\" spellcheck=\"false\" href=\"https:\/\/www.youtube.com\/watch?v=83m4F73GHVg&amp;t=190s\">03:10<\/a>\u00a0climbing the 20 degree mountain road<\/p>\n<p><a dir=\"auto\" spellcheck=\"false\" href=\"https:\/\/www.youtube.com\/watch?v=83m4F73GHVg&amp;t=218s\">03:38<\/a>\u00a0testing on the mountain road<\/p>\n<p><a dir=\"auto\" spellcheck=\"false\" href=\"https:\/\/www.youtube.com\/watch?v=83m4F73GHVg&amp;t=360s\">06:00<\/a>\u00a0testing the front and rear suspension<\/p>\n<p><a dir=\"auto\" spellcheck=\"false\" href=\"https:\/\/www.youtube.com\/watch?v=83m4F73GHVg&amp;t=400s\">06:40<\/a>\u00a0driving on city road<\/p>\n<p><a dir=\"auto\" spellcheck=\"false\" href=\"https:\/\/www.youtube.com\/watch?v=83m4F73GHVg&amp;t=480s\">08:00<\/a>\u00a0driving on the grass<\/p>\n<p><a dir=\"auto\" spellcheck=\"false\" href=\"https:\/\/www.youtube.com\/watch?v=83m4F73GHVg&amp;t=493s\">08:13<\/a>\u00a0testing the brake<\/p>\n<p><a dir=\"auto\" spellcheck=\"false\" href=\"https:\/\/www.youtube.com\/watch?v=83m4F73GHVg&amp;t=506s\">08:26<\/a>\u00a0tesing the speed on the speedometer and GPS<\/p>\n<p><a dir=\"auto\" spellcheck=\"false\" href=\"https:\/\/www.youtube.com\/watch?v=83m4F73GHVg&amp;t=662s\">11:02<\/a>\u00a0contacto whatsapp +8613632905138<\/p>\n<p>&nbsp;<\/p>","protected":false},"excerpt":{"rendered":"<h3>Breve descripci\u00f3n:<\/h3>\n<p><p>scooter el\u00e9ctrico citycoco chopper mangosteen m1p<\/p>\n<p>mangosteen technology co., limited CEE COC DOT<\/p>\n<p>2000w 3000w potente motor 65kmph 37mph<\/p>\n<p>Bater\u00eda de litio 20ah 28ah extra\u00edble<\/p>\n<p>12 meses de garant\u00eda, <a title=\"mangost\u00e1n m1p\" href=\"https:\/\/api.whatsapp.com\/send?phone=8613632905138\" target=\"_blank\" rel=\"noopener\">whatsapp +8613632905138<\/a><\/p>\n<\/p>\n<p><\/p>\n<li><em>Marca: <\/em> OEM\/ODM\/RODER<\/li>\n<li><em>Cantidad m\u00ednima de pedido: <\/em> 10 piezas\/piezas<\/li>\n<li><em>Capacidad de suministro: <\/em> 10000 piezas por mes<\/li>\n<li><em>Puerto: <\/em> Shenzhen<\/li>\n<li><em>Condiciones de pago: <\/em> T\/T, L\/C, D\/A, D\/P<\/li>","protected":false},"featured_media":9452,"comment_status":"closed","ping_status":"open","template":"","meta":[],"product_brand":[],"product_cat":[464],"product_tag":[734,735,736,737,738,739,740],"class_list":{"0":"post-9450","1":"product","2":"type-product","3":"status-publish","4":"has-post-thumbnail","6":"product_cat-citycoco-choppers","7":"product_tag-mangosteen","8":"product_tag-mangosteen-chopper","9":"product_tag-mangosteen-citycoco-chopper","10":"product_tag-mangosteen-electric-scooter","11":"product_tag-mangosteen-m1p","12":"product_tag-mangosteen-m1p-citycoco","13":"product_tag-mangosteen-scooter","15":"first","16":"instock","17":"product-type-simple"},"yoast_head":"<!-- This site is optimized with the Yoast SEO plugin v21.7 - https:\/\/yoast.com\/wordpress\/plugins\/seo\/ -->\n<title>mangosteen m1p citycoco chopper electric scooter - Electric Scooters Bikes Citycoco Manufacturer<\/title>\n<meta name=\"robots\" content=\"index, follow, max-snippet:-1, max-image-preview:large, max-video-preview:-1\" \/>\n<link rel=\"canonical\" href=\"https:\/\/www.rooderchina.com\/es\/producto\/mangosteen-m1p-citycoco-chopper-electric-scooter\/\" \/>\n<meta property=\"og:locale\" content=\"es_ES\" \/>\n<meta property=\"og:type\" content=\"article\" \/>\n<meta property=\"og:title\" content=\"mangosteen m1p citycoco chopper electric scooter - Electric Scooters Bikes Citycoco Manufacturer\" \/>\n<meta property=\"og:description\" content=\"Short Description: mangosteen m1p citycoco chopper electric scooter mangosteen technology co., limited EEC COC DOT 2000w 3000w powerful engine 65kmph 37mph 20ah 28ah lithium battery removable 12 months warranty, whatsapp +8613632905138    Brand: OEM\/ODM\/ROODER   Min.Order Quantity: 10 Piece\/Pieces   Supply Ability: 10000 Piece\/Pieces per Month   Port: Shenzhen   Payment Terms: T\/T, L\/C, D\/A, D\/P\" \/>\n<meta property=\"og:url\" content=\"https:\/\/www.rooderchina.com\/es\/producto\/mangosteen-m1p-citycoco-chopper-electric-scooter\/\" \/>\n<meta property=\"og:site_name\" content=\"Electric Scooters Bikes Citycoco Manufacturer\" \/>\n<meta property=\"article:publisher\" content=\"https:\/\/www.facebook.com\/rooder.tec\" \/>\n<meta property=\"article:modified_time\" content=\"2023-11-11T10:36:37+00:00\" \/>\n<meta property=\"og:image\" content=\"https:\/\/www.rooderchina.com\/wp-content\/uploads\/2023\/11\/mangosteen-m1p-1.jpg\" \/>\n\t<meta property=\"og:image:width\" content=\"800\" \/>\n\t<meta property=\"og:image:height\" content=\"800\" \/>\n\t<meta property=\"og:image:type\" content=\"image\/jpeg\" \/>\n<meta name=\"twitter:card\" content=\"summary_large_image\" \/>\n<meta name=\"twitter:site\" content=\"@RooderTec\" \/>\n<meta name=\"twitter:label1\" content=\"Tiempo de lectura\" \/>\n\t<meta name=\"twitter:data1\" content=\"2 minutos\" \/>\n<script type=\"application\/ld+json\" class=\"yoast-schema-graph\">{\"@context\":\"https:\/\/schema.org\",\"@graph\":[{\"@type\":\"WebPage\",\"@id\":\"https:\/\/www.rooderchina.com\/product\/mangosteen-m1p-citycoco-chopper-electric-scooter\/\",\"url\":\"https:\/\/www.rooderchina.com\/product\/mangosteen-m1p-citycoco-chopper-electric-scooter\/\",\"name\":\"mangosteen m1p citycoco chopper electric scooter - Electric Scooters Bikes Citycoco Manufacturer\",\"isPartOf\":{\"@id\":\"https:\/\/www.rooderchina.com\/#website\"},\"datePublished\":\"2023-11-11T10:35:38+00:00\",\"dateModified\":\"2023-11-11T10:36:37+00:00\",\"breadcrumb\":{\"@id\":\"https:\/\/www.rooderchina.com\/product\/mangosteen-m1p-citycoco-chopper-electric-scooter\/#breadcrumb\"},\"inLanguage\":\"es-AR\",\"potentialAction\":[{\"@type\":\"ReadAction\",\"target\":[\"https:\/\/www.rooderchina.com\/product\/mangosteen-m1p-citycoco-chopper-electric-scooter\/\"]}]},{\"@type\":\"BreadcrumbList\",\"@id\":\"https:\/\/www.rooderchina.com\/product\/mangosteen-m1p-citycoco-chopper-electric-scooter\/#breadcrumb\",\"itemListElement\":[{\"@type\":\"ListItem\",\"position\":1,\"name\":\"HOME\",\"item\":\"https:\/\/www.rooderchina.com\/\"},{\"@type\":\"ListItem\",\"position\":2,\"name\":\"Shop\",\"item\":\"https:\/\/www.rooderchina.com\/shop\/\"},{\"@type\":\"ListItem\",\"position\":3,\"name\":\"mangosteen m1p citycoco chopper electric scooter\"}]},{\"@type\":\"WebSite\",\"@id\":\"https:\/\/www.rooderchina.com\/#website\",\"url\":\"https:\/\/www.rooderchina.com\/\",\"name\":\"Electric Scooters Bikes Citycoco Manufacturer\",\"description\":\"Rooder Technology Limited\",\"publisher\":{\"@id\":\"https:\/\/www.rooderchina.com\/#organization\"},\"potentialAction\":[{\"@type\":\"SearchAction\",\"target\":{\"@type\":\"EntryPoint\",\"urlTemplate\":\"https:\/\/www.rooderchina.com\/?s={search_term_string}\"},\"query-input\":\"required name=search_term_string\"}],\"inLanguage\":\"es-AR\"},{\"@type\":\"Organization\",\"@id\":\"https:\/\/www.rooderchina.com\/#organization\",\"name\":\"Electric Scooters Bikes Citycoco Manufacturer\",\"url\":\"https:\/\/www.rooderchina.com\/\",\"logo\":{\"@type\":\"ImageObject\",\"inLanguage\":\"es-AR\",\"@id\":\"https:\/\/www.rooderchina.com\/#\/schema\/logo\/image\/\",\"url\":\"https:\/\/www.rooderchina.com\/wp-content\/uploads\/2023\/12\/rooder2.jpg\",\"contentUrl\":\"https:\/\/www.rooderchina.com\/wp-content\/uploads\/2023\/12\/rooder2.jpg\",\"width\":1723,\"height\":1037,\"caption\":\"Electric Scooters Bikes Citycoco Manufacturer\"},\"image\":{\"@id\":\"https:\/\/www.rooderchina.com\/#\/schema\/logo\/image\/\"},\"sameAs\":[\"https:\/\/www.facebook.com\/rooder.tec\",\"https:\/\/twitter.com\/RooderTec\"]}]}<\/script>\n<!-- \/ Yoast SEO plugin. -->","yoast_head_json":{"title":"mangosteen m1p citycoco chopper electric scooter - Electric Scooters Bikes Citycoco Manufacturer","robots":{"index":"index","follow":"follow","max-snippet":"max-snippet:-1","max-image-preview":"max-image-preview:large","max-video-preview":"max-video-preview:-1"},"canonical":"https:\/\/www.rooderchina.com\/es\/producto\/mangosteen-m1p-citycoco-chopper-electric-scooter\/","og_locale":"es_ES","og_type":"article","og_title":"mangosteen m1p citycoco chopper electric scooter - Electric Scooters Bikes Citycoco Manufacturer","og_description":"Short Description: mangosteen m1p citycoco chopper electric scooter mangosteen technology co., limited EEC COC DOT 2000w 3000w powerful engine 65kmph 37mph 20ah 28ah lithium battery removable 12 months warranty, whatsapp +8613632905138    Brand: OEM\/ODM\/ROODER   Min.Order Quantity: 10 Piece\/Pieces   Supply Ability: 10000 Piece\/Pieces per Month   Port: Shenzhen   Payment Terms: T\/T, L\/C, D\/A, D\/P","og_url":"https:\/\/www.rooderchina.com\/es\/producto\/mangosteen-m1p-citycoco-chopper-electric-scooter\/","og_site_name":"Electric Scooters Bikes Citycoco Manufacturer","article_publisher":"https:\/\/www.facebook.com\/rooder.tec","article_modified_time":"2023-11-11T10:36:37+00:00","og_image":[{"width":800,"height":800,"url":"https:\/\/www.rooderchina.com\/wp-content\/uploads\/2023\/11\/mangosteen-m1p-1.jpg","type":"image\/jpeg"}],"twitter_card":"summary_large_image","twitter_site":"@RooderTec","twitter_misc":{"Tiempo de lectura":"2 minutos"},"schema":{"@context":"https:\/\/schema.org","@graph":[{"@type":"WebPage","@id":"https:\/\/www.rooderchina.com\/product\/mangosteen-m1p-citycoco-chopper-electric-scooter\/","url":"https:\/\/www.rooderchina.com\/product\/mangosteen-m1p-citycoco-chopper-electric-scooter\/","name":"mangosteen m1p citycoco chopper electric scooter - Electric Scooters Bikes Citycoco Manufacturer","isPartOf":{"@id":"https:\/\/www.rooderchina.com\/#website"},"datePublished":"2023-11-11T10:35:38+00:00","dateModified":"2023-11-11T10:36:37+00:00","breadcrumb":{"@id":"https:\/\/www.rooderchina.com\/product\/mangosteen-m1p-citycoco-chopper-electric-scooter\/#breadcrumb"},"inLanguage":"es-AR","potentialAction":[{"@type":"ReadAction","target":["https:\/\/www.rooderchina.com\/product\/mangosteen-m1p-citycoco-chopper-electric-scooter\/"]}]},{"@type":"BreadcrumbList","@id":"https:\/\/www.rooderchina.com\/product\/mangosteen-m1p-citycoco-chopper-electric-scooter\/#breadcrumb","itemListElement":[{"@type":"ListItem","position":1,"name":"HOME","item":"https:\/\/www.rooderchina.com\/"},{"@type":"ListItem","position":2,"name":"Shop","item":"https:\/\/www.rooderchina.com\/shop\/"},{"@type":"ListItem","position":3,"name":"mangosteen m1p citycoco chopper electric scooter"}]},{"@type":"WebSite","@id":"https:\/\/www.rooderchina.com\/#website","url":"https:\/\/www.rooderchina.com\/","name":"Electric Scooters Bikes Citycoco Manufacturer","description":"Rooder Technology Limited","publisher":{"@id":"https:\/\/www.rooderchina.com\/#organization"},"potentialAction":[{"@type":"SearchAction","target":{"@type":"EntryPoint","urlTemplate":"https:\/\/www.rooderchina.com\/?s={search_term_string}"},"query-input":"required name=search_term_string"}],"inLanguage":"es-AR"},{"@type":"Organization","@id":"https:\/\/www.rooderchina.com\/#organization","name":"Electric Scooters Bikes Citycoco Manufacturer","url":"https:\/\/www.rooderchina.com\/","logo":{"@type":"ImageObject","inLanguage":"es-AR","@id":"https:\/\/www.rooderchina.com\/#\/schema\/logo\/image\/","url":"https:\/\/www.rooderchina.com\/wp-content\/uploads\/2023\/12\/rooder2.jpg","contentUrl":"https:\/\/www.rooderchina.com\/wp-content\/uploads\/2023\/12\/rooder2.jpg","width":1723,"height":1037,"caption":"Electric Scooters Bikes Citycoco Manufacturer"},"image":{"@id":"https:\/\/www.rooderchina.com\/#\/schema\/logo\/image\/"},"sameAs":["https:\/\/www.facebook.com\/rooder.tec","https:\/\/twitter.com\/RooderTec"]}]}},"_links":{"self":[{"href":"https:\/\/www.rooderchina.com\/es\/wp-json\/wp\/v2\/product\/9450","targetHints":{"allow":["GET"]}}],"collection":[{"href":"https:\/\/www.rooderchina.com\/es\/wp-json\/wp\/v2\/product"}],"about":[{"href":"https:\/\/www.rooderchina.com\/es\/wp-json\/wp\/v2\/types\/product"}],"replies":[{"embeddable":true,"href":"https:\/\/www.rooderchina.com\/es\/wp-json\/wp\/v2\/comments?post=9450"}],"version-history":[{"count":1,"href":"https:\/\/www.rooderchina.com\/es\/wp-json\/wp\/v2\/product\/9450\/revisions"}],"predecessor-version":[{"id":9451,"href":"https:\/\/www.rooderchina.com\/es\/wp-json\/wp\/v2\/product\/9450\/revisions\/9451"}],"wp:featuredmedia":[{"embeddable":true,"href":"https:\/\/www.rooderchina.com\/es\/wp-json\/wp\/v2\/media\/9452"}],"wp:attachment":[{"href":"https:\/\/www.rooderchina.com\/es\/wp-json\/wp\/v2\/media?parent=9450"}],"wp:term":[{"taxonomy":"product_brand","embeddable":true,"href":"https:\/\/www.rooderchina.com\/es\/wp-json\/wp\/v2\/product_brand?post=9450"},{"taxonomy":"product_cat","embeddable":true,"href":"https:\/\/www.rooderchina.com\/es\/wp-json\/wp\/v2\/product_cat?post=9450"},{"taxonomy":"product_tag","embeddable":true,"href":"https:\/\/www.rooderchina.com\/es\/wp-json\/wp\/v2\/product_tag?post=9450"}],"curies":[{"name":"wp","href":"https:\/\/api.w.org\/{rel}","templated":true}]}}