{"id":9436,"date":"2023-11-11T18:35:38","date_gmt":"2023-11-11T10:35:38","guid":{"rendered":"http:\/\/www.rooderchina.com\/index.php\/product\/city-coco-m1p-electric-scooter-2000w-30ah\/"},"modified":"2023-11-11T18:36:16","modified_gmt":"2023-11-11T10:36:16","slug":"city-coco-m1p-electric-scooter-2000w-30ah","status":"publish","type":"product","link":"https:\/\/www.rooderchina.com\/es\/producto\/city-coco-m1p-electric-scooter-2000w-30ah\/","title":{"rendered":"scooter el\u00e9ctrico city coco m1p 2000w 30ah"},"content":{"rendered":"<p><a href=\"https:\/\/www.rooderchina.com\/es\/tag\/city-coco-m1p\/\" title=\"View all posts in city coco m1p\" target=\"_blank\" rel=\"noopener\">city coco m1p<\/a> electric scooter 2000w 30ah, Rooder Technology Co., Ltd, established in 2014, is a professional manufacturer engaged in the research, development, production, sale and service of Electric bicycles, Electric mountain bikes, fat tire bicycles, electric scooters, and mountain bikes.<\/p>\n<\/p>\n<p>We export to USA, Canada, Italy, UK, and other markets. We have 9 production lines, 10 QC, and more than 200 employees. Factory covers 5000 square meters in Shenzhen. Rooder continues to focus on developing innovative products that customers love. We are ISO9001- 2015 certificated factory, All of our products got CE, EN 15194 , EMC2014\/30\/EU, EEC and DOT . In addition to relevant certification and testing, we are registering brands Rooder and apply for various patents.<\/p>\n<\/p>\n<p>We also offer customization service and ODM orders. Whether selecting a current product from our catalog or seeking engineering assistance for your application, you can talk to our customer service center about your sourcing requirements. We are looking forward to your joining and be our oversea agents and partners!<\/p>\n<\/p>\n<p>Especificaci\u00f3n:<\/p>\n<table style=\"width: 100%;\">\n<tbody>\n<tr>\n<td><strong>Modelo<\/strong><\/td>\n<td><strong>Rooder Mangosteen m1p\u00a0<\/strong><\/td>\n<\/tr>\n<tr>\n<td>Marca<\/td>\n<td>Mangost\u00e1n \/ Rooder seg\u00fan existencias<\/td>\n<\/tr>\n<tr>\n<td>Material del marco<\/td>\n<td>Armaz\u00f3n de aleaci\u00f3n de hierro sin costuras<\/td>\n<\/tr>\n<tr>\n<td>Tama\u00f1o del neum\u00e1tico delantero<\/td>\n<td>130\/70-12<\/td>\n<\/tr>\n<tr>\n<td>Tama\u00f1o del neum\u00e1tico trasero<\/td>\n<td>215\/40-12<\/td>\n<\/tr>\n<tr>\n<td>Presi\u00f3n de los neum\u00e1ticos<\/td>\n<td>delantero 225kpa, trasero 151kpa<\/td>\n<\/tr>\n<tr>\n<td>Horquilla delantera<\/td>\n<td>ronzlla tenedor mec\u00e1nico<\/td>\n<\/tr>\n<tr>\n<td>Sistema de cambio<\/td>\n<td>NO<\/td>\n<\/tr>\n<tr>\n<td>Tipo de freno<\/td>\n<td>Freno de disco delantero y trasero<\/td>\n<\/tr>\n<tr>\n<td>Potencia del motor<\/td>\n<td>Motor sin escobillas de 60 V y 2000 W<\/td>\n<\/tr>\n<tr>\n<td>Velocidad m\u00e1xima<\/td>\n<td>45km\/h\u00a0for Europe, 65km\/h for USA<\/td>\n<\/tr>\n<tr>\n<td>Grade-ability<\/td>\n<td>30 grados<\/td>\n<\/tr>\n<tr>\n<td>Carga m\u00e1xima<\/td>\n<td>200 kg<\/td>\n<\/tr>\n<tr>\n<td>Bater\u00eda<\/td>\n<td>60V, 28Ah Lithium-ion removable battery<\/td>\n<\/tr>\n<tr>\n<td>Gama<\/td>\n<td>55-75 km<\/td>\n<\/tr>\n<tr>\n<td>Cargador<\/td>\n<td>MGSD 67.2V, 5A<\/td>\n<\/tr>\n<tr>\n<td>Tiempo de carga<\/td>\n<td>5-6 hours<\/td>\n<\/tr>\n<tr>\n<td>Temperatura de trabajo<\/td>\n<td>-20~40\u2103<\/td>\n<\/tr>\n<tr>\n<td>Norma de estanqueidad<\/td>\n<td>IP54<\/td>\n<\/tr>\n<tr>\n<td>Mostrar<\/td>\n<td>Pantalla LCD<\/td>\n<\/tr>\n<tr>\n<td>Amortiguador delantero<\/td>\n<td>Amortiguador hidr\u00e1ulico Horquilla<\/td>\n<\/tr>\n<tr>\n<td>Amortiguador trasero<\/td>\n<td>Amortiguador de muelle de aleaci\u00f3n de aluminio<\/td>\n<\/tr>\n<tr>\n<td>Sistema de iluminaci\u00f3n<\/td>\n<td>Faro LED, luz de freno, intermitentes, reflector lateral,<\/td>\n<\/tr>\n<tr>\n<td>Altura del sill\u00edn<\/td>\n<td>63,5 cm<\/td>\n<\/tr>\n<tr>\n<td>Altura adecuada<\/td>\n<td>160-210 cm<\/td>\n<\/tr>\n<tr>\n<td>Alarma<\/td>\n<td>alarma con mando a distancia de 2 piezas<\/td>\n<\/tr>\n<tr>\n<td>Peso neto del producto<\/td>\n<td>81 kg<\/td>\n<\/tr>\n<tr>\n<td>Peso bruto<\/td>\n<td>92 kg<\/td>\n<\/tr>\n<tr>\n<td>Certificados<\/td>\n<td>CE, FCC, ROHS, EEC, COC, CNIT, UTAC, DOT, MSDS, UN38.3<\/td>\n<\/tr>\n<tr>\n<td>Tama\u00f1o del producto<\/td>\n<td>210*91*130 cm \uff08L*W*H)<\/td>\n<\/tr>\n<tr>\n<td>Tama\u00f1o del envase<\/td>\n<td>188*37,5*77 cm\uff08L*W*H)<\/td>\n<\/tr>\n<tr>\n<td>Lista de paquetes<\/td>\n<td>citycoco echopper m1p, mirrors,\u00a0charger, tools, user manual<\/td>\n<\/tr>\n<\/tbody>\n<\/table>\n<p>&nbsp;<\/p>\n<p><strong>Mangosteen M1P 2000W 28AH Electronics:<\/strong><\/p>\n<table style=\"width: 100%;\">\n<tbody>\n<tr>\n<td><strong>Bater\u00eda<\/strong><\/td>\n<td>60V\/28AH removable lithium battery, 1680WH (60v*28a=1680wh), 55-75km range depends on the road condition, driver\u2019s weight, speed and so on.<\/td>\n<\/tr>\n<tr>\n<td><strong>Cargador<\/strong><\/td>\n<td>67.2V~5A MGSD quick charger, fully charged with 5-6 hours. (28ah\/5a=5.6h)<\/td>\n<\/tr>\n<tr>\n<td><strong>Controlador<\/strong><\/td>\n<td>60V\/55A Integrated controller which supports 65kmph+ speed<\/td>\n<\/tr>\n<tr>\n<td><strong>Mostrar<\/strong><\/td>\n<td>LCD tipo motor<br \/>\ncon indicador de carga, veloc\u00edmetro,<br \/>\ncuentakil\u00f3metros, cuentakil\u00f3metros parcial, nivel de marcha del acelerador, etc.<\/td>\n<\/tr>\n<tr>\n<td><strong>Motor<\/strong><\/td>\n<td>2000W Brushless DC Geared Motor with 124 NM max torque, up to 65km\/h (max speed). Motor brand: QS motor or YUMA motor.<\/td>\n<\/tr>\n<tr>\n<td><strong>Luces<\/strong><\/td>\n<td>Frontal: Faro delantero sobredimensionado con luz de giro<br \/>\nTraseros: Piloto trasero integrado en el guardabarros con luz de freno e intermitente.<\/td>\n<\/tr>\n<tr>\n<td><strong>Acelerador<\/strong><\/td>\n<td>Three levels of gear throttle in the default. 45kmph max for European market and 40mph(65kmph) for US market. Speed can switch betwen 45\/65kmph by changing the speed limit setting.<\/td>\n<\/tr>\n<tr>\n<td><strong>Caballete<\/strong><\/td>\n<td>Corte el\u00e9ctrico al subir al caballete<\/td>\n<\/tr>\n<\/tbody>\n<\/table>\n<p>&nbsp;<\/p>\n<p><strong>Citycoco M1P Components:<\/strong><\/p>\n<table style=\"width: 100%;\">\n<tbody>\n<tr>\n<td><strong>Neum\u00e1ticos<\/strong><\/td>\n<td>Neum\u00e1ticos sin c\u00e1mara de vac\u00edo de 12\u2033 de grano recto<\/td>\n<\/tr>\n<tr>\n<td><strong>Guardabarros<\/strong><\/td>\n<td>Fabricado en material ABS por MGSD.<\/td>\n<\/tr>\n<tr>\n<td><strong>Frenos<\/strong><\/td>\n<td>Frenos de disco hidr\u00e1ulicos delanteros y traseros<\/td>\n<\/tr>\n<tr>\n<td><strong>Marco<\/strong><\/td>\n<td>Armaz\u00f3n de aleaci\u00f3n de hierro sin costuras<\/td>\n<\/tr>\n<tr>\n<td><strong>Suspensi\u00f3n delantera<\/strong><\/td>\n<td>Amortiguador hidr\u00e1ulico Horquilla<\/td>\n<\/tr>\n<tr>\n<td><strong>Suspensi\u00f3n trasera<\/strong><\/td>\n<td>Amortiguador de muelle de acero<\/td>\n<\/tr>\n<tr>\n<td><strong>Asiento<\/strong><\/td>\n<td>asiento doble de cuero<\/td>\n<\/tr>\n<tr>\n<td><strong>Reposapi\u00e9s<\/strong><\/td>\n<td>\u00a0Plegable<\/td>\n<\/tr>\n<\/tbody>\n<\/table>\n<p>&nbsp;<\/p>\n<\/p>\n<p><strong>Mangosteen e chopper m1p Geometry:<\/strong><\/p>\n<table style=\"width: 100%;\">\n<tbody>\n<tr>\n<td><strong>Altura del asiento<\/strong><\/td>\n<td>63,5 cm<\/td>\n<\/tr>\n<tr>\n<td><strong>Altura del manillar<\/strong><\/td>\n<td>77 cm<\/td>\n<\/tr>\n<tr>\n<td><strong>Longitud total<\/strong><\/td>\n<td>212 cm<\/td>\n<\/tr>\n<tr>\n<td><strong>Anchura del manillar<\/strong><\/td>\n<td>85 cm<\/td>\n<\/tr>\n<tr>\n<td><strong>Longitud de la suspensi\u00f3n trasera<\/strong><\/td>\n<td>24,38 cm<\/td>\n<\/tr>\n<tr>\n<td><strong>Tama\u00f1o del reposapi\u00e9s<\/strong><\/td>\n<td>12,44 cm * 14,47 cm<\/td>\n<\/tr>\n<tr>\n<td><strong>Longitud de la pata de cabra<\/strong><\/td>\n<td>17 cm<\/td>\n<\/tr>\n<tr>\n<td><strong>Tama\u00f1o del controlador<\/strong><\/td>\n<td>17,2 cm* 9,4 cm<\/td>\n<\/tr>\n<tr>\n<td><strong>Latiguillo de freno delantero<\/strong><\/td>\n<td>1100 mm<\/td>\n<\/tr>\n<tr>\n<td><strong>Latiguillo de freno trasero<\/strong><\/td>\n<td>2250 mm<\/td>\n<\/tr>\n<tr>\n<td><strong>Tama\u00f1o de la placa de matr\u00edcula trasera<\/strong><\/td>\n<td>14,45 cm * 12,5 cm<\/td>\n<\/tr>\n<tr>\n<td><strong>Dep\u00f3sito hidr\u00e1ulico<\/strong><\/td>\n<td>24 ml<\/td>\n<\/tr>\n<tr>\n<td><strong>Gradeabilidad<\/strong><\/td>\n<td>30\u00b0<\/td>\n<\/tr>\n<tr>\n<td><strong>Presi\u00f3n de los neum\u00e1ticos<\/strong><\/td>\n<td>Delantero: 225 kPa, trasero: 151 kPa<\/td>\n<\/tr>\n<tr>\n<td>\u00a0<strong>Peso neto<\/strong><\/td>\n<td>76 kg<\/td>\n<\/tr>\n<tr>\n<td><strong>Peso bruto<\/strong><\/td>\n<td>100 kg<\/td>\n<\/tr>\n<tr>\n<td><strong>Carga m\u00e1xima<\/strong><\/td>\n<td>200 kg<\/td>\n<\/tr>\n<tr>\n<td><strong>Altura recomendada del piloto<\/strong><\/td>\n<td>M\u00e1s de 140 cm<\/td>\n<\/tr>\n<\/tbody>\n<\/table>\n<p><iframe loading=\"lazy\" title=\"city coco m1p\" src=\"https:\/\/www.youtube.com\/embed\/heOtfHlisXg?rel=0&amp;autoplay=0\" height=\"318\" width=\"385\" allowfullscreen=\"\" frameborder=\"0\"><\/iframe><\/p>","protected":false},"excerpt":{"rendered":"<h3>Breve descripci\u00f3n:<\/h3>\n<p><p>Rooder Technology Co., Ltd es uno de los fabricantes m\u00e1s profesionales y proveedor l\u00edder en el campo del deporte al aire libre, los principales productos incluyen scooter el\u00e9ctrico, accesorios scooter, piezas de repuesto. etc. Con el apoyo directo de Rooder manufactruing, I + D Innovaci\u00f3n, cadena de suministro, log\u00edstica, servicio post-venta, junto con un grupo de grandes miembros del equipo de ventas con experiencia desde 2005.<\/p>\n<p>&nbsp;<\/p>\n<p>Nos destacamos por ser Rooder offical empresa en Alibaba para convertirse en el mejor proveedor de soluciones de servicio de ventanilla \u00fanica y expertos para los modelos incluyendo Rooderm1, m1p, m1ps, m2, m6, m6g, m8, m11 de los cuales, \u00a1los modelos anteriores Tenemos todas las acciones en nuestro almac\u00e9n de Europa actualmente para hacer dropshipping y Reino Unido \/ EE.UU. a venir pronto para los clientes en todo el mundo, no importa si usted es distribuidores, vendedores enteros, minoristas, vendedores en l\u00ednea o aficionados Rooder indivisual con el fin de garantizar el precio m\u00e1s de primera mano y entrega r\u00e1pida, sino tambi\u00e9n despu\u00e9s de servicio de venta en el mercado local!<\/p>\n<p>&nbsp;<\/p>\n<p>Gracias a nuestros constantes esfuerzos en innovaci\u00f3n de productos, experiencia del cliente y servicio, abracemos el futuro en busca de una vida mejor y hagamos del mundo un lugar mejor para vivir con la contribuci\u00f3n de nuestros socios comerciales, clientes y usuarios finales a largo plazo.<\/p>\n<\/p>\n<p><\/p>\n<li><em>Marca: <\/em> OEM\/ODM\/RODER<\/li>\n<li><em>Cantidad m\u00ednima de pedido: <\/em> 10 piezas\/piezas<\/li>\n<li><em>Capacidad de suministro: <\/em> 10000 piezas por mes<\/li>\n<li><em>Puerto: <\/em> Shenzhen<\/li>\n<li><em>Condiciones de pago: <\/em> T\/T, L\/C, D\/A, D\/P<\/li>","protected":false},"featured_media":9438,"comment_status":"closed","ping_status":"open","template":"","meta":[],"product_brand":[],"product_cat":[464],"product_tag":[526,731,732,733,530],"class_list":{"0":"post-9436","1":"product","2":"type-product","3":"status-publish","4":"has-post-thumbnail","6":"product_cat-citycoco-choppers","7":"product_tag-city-coco","8":"product_tag-city-coco-2000w","9":"product_tag-city-coco-m1p","10":"product_tag-city-coco-scooter","11":"product_tag-electric-scooter","13":"first","14":"instock","15":"product-type-simple"},"yoast_head":"<!-- This site is optimized with the Yoast SEO plugin v21.7 - https:\/\/yoast.com\/wordpress\/plugins\/seo\/ -->\n<title>city coco m1p electric scooter 2000w 30ah - Electric Scooters Bikes Citycoco Manufacturer<\/title>\n<meta name=\"robots\" content=\"index, follow, max-snippet:-1, max-image-preview:large, max-video-preview:-1\" \/>\n<link rel=\"canonical\" href=\"https:\/\/www.rooderchina.com\/es\/producto\/city-coco-m1p-electric-scooter-2000w-30ah\/\" \/>\n<meta property=\"og:locale\" content=\"es_ES\" \/>\n<meta property=\"og:type\" content=\"article\" \/>\n<meta property=\"og:title\" content=\"city coco m1p electric scooter 2000w 30ah - Electric Scooters Bikes Citycoco Manufacturer\" \/>\n<meta property=\"og:description\" content=\"Short Description: Rooder Technology Co.,Ltd is one of the most professional manufacturer and leading supplier in outdoor sport field, main products including electric scooter, scooter accessories, spare parts. etc. With the direct support from Rooder manufactruing, R&amp;D Innovation, supply chain, logistic ,after sale service, together with a group of great experienced sales team members since 2005. &nbsp; We stand out as being Rooder offical company in Alibaba to become the top one-stop service solution provider and experts for the Models including Rooderm1, m1p, m1ps, m2, m6, m6g, m8, m11 of which, those above models We have all stock in our Europe warehouse currently to do dropshipping and UK\/USA to be coming soon for worldwide customers no matter if you are distributors, whole salers, retailers, on line sellers or indivisual Rooder fans in order to guarantee the most first hand price and fast delivery but also after sale service in local market! &nbsp; Through unremitting efforts in product innovation, customer-oritened experience and service, Let&#8217;s embrace the future to persuit for better Life and make the world a better place to live with the contribution from our long term business partners and customers and end users!    Brand: OEM\/ODM\/ROODER   Min.Order Quantity: 10 Piece\/Pieces   Supply Ability: 10000 Piece\/Pieces per Month   Port: Shenzhen   Payment Terms: T\/T, L\/C, D\/A, D\/P\" \/>\n<meta property=\"og:url\" content=\"https:\/\/www.rooderchina.com\/es\/producto\/city-coco-m1p-electric-scooter-2000w-30ah\/\" \/>\n<meta property=\"og:site_name\" content=\"Electric Scooters Bikes Citycoco Manufacturer\" \/>\n<meta property=\"article:publisher\" content=\"https:\/\/www.facebook.com\/rooder.tec\" \/>\n<meta property=\"article:modified_time\" content=\"2023-11-11T10:36:16+00:00\" \/>\n<meta property=\"og:image\" content=\"https:\/\/www.rooderchina.com\/wp-content\/uploads\/2023\/11\/city-coco-m1p-electric-scooter-2000w-30ah-1.jpg\" \/>\n\t<meta property=\"og:image:width\" content=\"1024\" \/>\n\t<meta property=\"og:image:height\" content=\"768\" \/>\n\t<meta property=\"og:image:type\" content=\"image\/jpeg\" \/>\n<meta name=\"twitter:card\" content=\"summary_large_image\" \/>\n<meta name=\"twitter:site\" content=\"@RooderTec\" \/>\n<meta name=\"twitter:label1\" content=\"Tiempo de lectura\" \/>\n\t<meta name=\"twitter:data1\" content=\"3 minutos\" \/>\n<script type=\"application\/ld+json\" class=\"yoast-schema-graph\">{\"@context\":\"https:\/\/schema.org\",\"@graph\":[{\"@type\":\"WebPage\",\"@id\":\"https:\/\/www.rooderchina.com\/product\/city-coco-m1p-electric-scooter-2000w-30ah\/\",\"url\":\"https:\/\/www.rooderchina.com\/product\/city-coco-m1p-electric-scooter-2000w-30ah\/\",\"name\":\"city coco m1p electric scooter 2000w 30ah - Electric Scooters Bikes Citycoco Manufacturer\",\"isPartOf\":{\"@id\":\"https:\/\/www.rooderchina.com\/#website\"},\"datePublished\":\"2023-11-11T10:35:38+00:00\",\"dateModified\":\"2023-11-11T10:36:16+00:00\",\"breadcrumb\":{\"@id\":\"https:\/\/www.rooderchina.com\/product\/city-coco-m1p-electric-scooter-2000w-30ah\/#breadcrumb\"},\"inLanguage\":\"es-AR\",\"potentialAction\":[{\"@type\":\"ReadAction\",\"target\":[\"https:\/\/www.rooderchina.com\/product\/city-coco-m1p-electric-scooter-2000w-30ah\/\"]}]},{\"@type\":\"BreadcrumbList\",\"@id\":\"https:\/\/www.rooderchina.com\/product\/city-coco-m1p-electric-scooter-2000w-30ah\/#breadcrumb\",\"itemListElement\":[{\"@type\":\"ListItem\",\"position\":1,\"name\":\"HOME\",\"item\":\"https:\/\/www.rooderchina.com\/\"},{\"@type\":\"ListItem\",\"position\":2,\"name\":\"Shop\",\"item\":\"https:\/\/www.rooderchina.com\/shop\/\"},{\"@type\":\"ListItem\",\"position\":3,\"name\":\"city coco m1p electric scooter 2000w 30ah\"}]},{\"@type\":\"WebSite\",\"@id\":\"https:\/\/www.rooderchina.com\/#website\",\"url\":\"https:\/\/www.rooderchina.com\/\",\"name\":\"Electric Scooters Bikes Citycoco Manufacturer\",\"description\":\"Rooder Technology Limited\",\"publisher\":{\"@id\":\"https:\/\/www.rooderchina.com\/#organization\"},\"potentialAction\":[{\"@type\":\"SearchAction\",\"target\":{\"@type\":\"EntryPoint\",\"urlTemplate\":\"https:\/\/www.rooderchina.com\/?s={search_term_string}\"},\"query-input\":\"required name=search_term_string\"}],\"inLanguage\":\"es-AR\"},{\"@type\":\"Organization\",\"@id\":\"https:\/\/www.rooderchina.com\/#organization\",\"name\":\"Electric Scooters Bikes Citycoco Manufacturer\",\"url\":\"https:\/\/www.rooderchina.com\/\",\"logo\":{\"@type\":\"ImageObject\",\"inLanguage\":\"es-AR\",\"@id\":\"https:\/\/www.rooderchina.com\/#\/schema\/logo\/image\/\",\"url\":\"https:\/\/www.rooderchina.com\/wp-content\/uploads\/2023\/12\/rooder2.jpg\",\"contentUrl\":\"https:\/\/www.rooderchina.com\/wp-content\/uploads\/2023\/12\/rooder2.jpg\",\"width\":1723,\"height\":1037,\"caption\":\"Electric Scooters Bikes Citycoco Manufacturer\"},\"image\":{\"@id\":\"https:\/\/www.rooderchina.com\/#\/schema\/logo\/image\/\"},\"sameAs\":[\"https:\/\/www.facebook.com\/rooder.tec\",\"https:\/\/twitter.com\/RooderTec\"]}]}<\/script>\n<!-- \/ Yoast SEO plugin. -->","yoast_head_json":{"title":"city coco m1p electric scooter 2000w 30ah - Electric Scooters Bikes Citycoco Manufacturer","robots":{"index":"index","follow":"follow","max-snippet":"max-snippet:-1","max-image-preview":"max-image-preview:large","max-video-preview":"max-video-preview:-1"},"canonical":"https:\/\/www.rooderchina.com\/es\/producto\/city-coco-m1p-electric-scooter-2000w-30ah\/","og_locale":"es_ES","og_type":"article","og_title":"city coco m1p electric scooter 2000w 30ah - Electric Scooters Bikes Citycoco Manufacturer","og_description":"Short Description: Rooder Technology Co.,Ltd is one of the most professional manufacturer and leading supplier in outdoor sport field, main products including electric scooter, scooter accessories, spare parts. etc. With the direct support from Rooder manufactruing, R&amp;D Innovation, supply chain, logistic ,after sale service, together with a group of great experienced sales team members since 2005. &nbsp; We stand out as being Rooder offical company in Alibaba to become the top one-stop service solution provider and experts for the Models including Rooderm1, m1p, m1ps, m2, m6, m6g, m8, m11 of which, those above models We have all stock in our Europe warehouse currently to do dropshipping and UK\/USA to be coming soon for worldwide customers no matter if you are distributors, whole salers, retailers, on line sellers or indivisual Rooder fans in order to guarantee the most first hand price and fast delivery but also after sale service in local market! &nbsp; Through unremitting efforts in product innovation, customer-oritened experience and service, Let&#8217;s embrace the future to persuit for better Life and make the world a better place to live with the contribution from our long term business partners and customers and end users!    Brand: OEM\/ODM\/ROODER   Min.Order Quantity: 10 Piece\/Pieces   Supply Ability: 10000 Piece\/Pieces per Month   Port: Shenzhen   Payment Terms: T\/T, L\/C, D\/A, D\/P","og_url":"https:\/\/www.rooderchina.com\/es\/producto\/city-coco-m1p-electric-scooter-2000w-30ah\/","og_site_name":"Electric Scooters Bikes Citycoco Manufacturer","article_publisher":"https:\/\/www.facebook.com\/rooder.tec","article_modified_time":"2023-11-11T10:36:16+00:00","og_image":[{"width":1024,"height":768,"url":"https:\/\/www.rooderchina.com\/wp-content\/uploads\/2023\/11\/city-coco-m1p-electric-scooter-2000w-30ah-1.jpg","type":"image\/jpeg"}],"twitter_card":"summary_large_image","twitter_site":"@RooderTec","twitter_misc":{"Tiempo de lectura":"3 minutos"},"schema":{"@context":"https:\/\/schema.org","@graph":[{"@type":"WebPage","@id":"https:\/\/www.rooderchina.com\/product\/city-coco-m1p-electric-scooter-2000w-30ah\/","url":"https:\/\/www.rooderchina.com\/product\/city-coco-m1p-electric-scooter-2000w-30ah\/","name":"city coco m1p electric scooter 2000w 30ah - Electric Scooters Bikes Citycoco Manufacturer","isPartOf":{"@id":"https:\/\/www.rooderchina.com\/#website"},"datePublished":"2023-11-11T10:35:38+00:00","dateModified":"2023-11-11T10:36:16+00:00","breadcrumb":{"@id":"https:\/\/www.rooderchina.com\/product\/city-coco-m1p-electric-scooter-2000w-30ah\/#breadcrumb"},"inLanguage":"es-AR","potentialAction":[{"@type":"ReadAction","target":["https:\/\/www.rooderchina.com\/product\/city-coco-m1p-electric-scooter-2000w-30ah\/"]}]},{"@type":"BreadcrumbList","@id":"https:\/\/www.rooderchina.com\/product\/city-coco-m1p-electric-scooter-2000w-30ah\/#breadcrumb","itemListElement":[{"@type":"ListItem","position":1,"name":"HOME","item":"https:\/\/www.rooderchina.com\/"},{"@type":"ListItem","position":2,"name":"Shop","item":"https:\/\/www.rooderchina.com\/shop\/"},{"@type":"ListItem","position":3,"name":"city coco m1p electric scooter 2000w 30ah"}]},{"@type":"WebSite","@id":"https:\/\/www.rooderchina.com\/#website","url":"https:\/\/www.rooderchina.com\/","name":"Electric Scooters Bikes Citycoco Manufacturer","description":"Rooder Technology Limited","publisher":{"@id":"https:\/\/www.rooderchina.com\/#organization"},"potentialAction":[{"@type":"SearchAction","target":{"@type":"EntryPoint","urlTemplate":"https:\/\/www.rooderchina.com\/?s={search_term_string}"},"query-input":"required name=search_term_string"}],"inLanguage":"es-AR"},{"@type":"Organization","@id":"https:\/\/www.rooderchina.com\/#organization","name":"Electric Scooters Bikes Citycoco Manufacturer","url":"https:\/\/www.rooderchina.com\/","logo":{"@type":"ImageObject","inLanguage":"es-AR","@id":"https:\/\/www.rooderchina.com\/#\/schema\/logo\/image\/","url":"https:\/\/www.rooderchina.com\/wp-content\/uploads\/2023\/12\/rooder2.jpg","contentUrl":"https:\/\/www.rooderchina.com\/wp-content\/uploads\/2023\/12\/rooder2.jpg","width":1723,"height":1037,"caption":"Electric Scooters Bikes Citycoco Manufacturer"},"image":{"@id":"https:\/\/www.rooderchina.com\/#\/schema\/logo\/image\/"},"sameAs":["https:\/\/www.facebook.com\/rooder.tec","https:\/\/twitter.com\/RooderTec"]}]}},"_links":{"self":[{"href":"https:\/\/www.rooderchina.com\/es\/wp-json\/wp\/v2\/product\/9436","targetHints":{"allow":["GET"]}}],"collection":[{"href":"https:\/\/www.rooderchina.com\/es\/wp-json\/wp\/v2\/product"}],"about":[{"href":"https:\/\/www.rooderchina.com\/es\/wp-json\/wp\/v2\/types\/product"}],"replies":[{"embeddable":true,"href":"https:\/\/www.rooderchina.com\/es\/wp-json\/wp\/v2\/comments?post=9436"}],"version-history":[{"count":1,"href":"https:\/\/www.rooderchina.com\/es\/wp-json\/wp\/v2\/product\/9436\/revisions"}],"predecessor-version":[{"id":9437,"href":"https:\/\/www.rooderchina.com\/es\/wp-json\/wp\/v2\/product\/9436\/revisions\/9437"}],"wp:featuredmedia":[{"embeddable":true,"href":"https:\/\/www.rooderchina.com\/es\/wp-json\/wp\/v2\/media\/9438"}],"wp:attachment":[{"href":"https:\/\/www.rooderchina.com\/es\/wp-json\/wp\/v2\/media?parent=9436"}],"wp:term":[{"taxonomy":"product_brand","embeddable":true,"href":"https:\/\/www.rooderchina.com\/es\/wp-json\/wp\/v2\/product_brand?post=9436"},{"taxonomy":"product_cat","embeddable":true,"href":"https:\/\/www.rooderchina.com\/es\/wp-json\/wp\/v2\/product_cat?post=9436"},{"taxonomy":"product_tag","embeddable":true,"href":"https:\/\/www.rooderchina.com\/es\/wp-json\/wp\/v2\/product_tag?post=9436"}],"curies":[{"name":"wp","href":"https:\/\/api.w.org\/{rel}","templated":true}]}}