{"id":9400,"date":"2023-11-11T18:35:38","date_gmt":"2023-11-11T10:35:38","guid":{"rendered":"http:\/\/www.rooderchina.com\/index.php\/product\/self-balancing-electric-scooter-a8-a8-10-with-10-inch-tires-li-ion-battery-msds-un38-3-ce-fcc-rohs-certificatoins\/"},"modified":"2023-11-20T01:49:05","modified_gmt":"2023-11-19T17:49:05","slug":"self-balancing-electric-scooter-a8-a8-10-with-10-inch-tires-li-ion-battery-msds-un38-3-ce-fcc-rohs-certificatoins","status":"publish","type":"product","link":"https:\/\/www.rooderchina.com\/es\/producto\/self-balancing-electric-scooter-a8-a8-10-with-10-inch-tires-li-ion-battery-msds-un38-3-ce-fcc-rohs-certificatoins\/","title":{"rendered":"auto-equilibrio scooter el\u00e9ctrico a8 a8-10 con neum\u00e1ticos de 10 pulgadas li-ion bater\u00eda MSDS UN38.3 CE FCC RoHS certificatoins"},"content":{"rendered":"<p>We are a famous brand in local market with certificates of CE, EN15194, RoHS and EEC for different markets including Europe, America, Brazil, Argentina, Japan, South Africa and so on.<\/p>\n<p>We welcomes you to join us to develop the industry, and we sincerely promise to supply good quality products with good price and good service. We hope to cooperate with you and move on and build a great life-garden together.<\/p>\n<p><strong><a href=\"https:\/\/www.rooderchina.com\/es\/tag\/self-balancing-electric-scooter\/\" title=\"View all posts in self balancing electric scooter\" target=\"_blank\" rel=\"noopener\">scooter el\u00e9ctrico autoequilibrado<\/a> a8 a8-10 with 10 inch tires li-ion battery MSDS UN38.3 CE FCC RoHS certificatoins<\/strong><\/p>\n<\/p>\n<p>model: a8-10<br \/>\npeso neto:14kgs<br \/>\ntire size:10\u2033<br \/>\ncarga m\u00e1xima:120kgs<br \/>\nl\u00edmite de velocidad m\u00e1xima:10km\/h<br \/>\nalcance:15-20km<br \/>\nradio de giro m\u00ednimo:0<br \/>\nmax climbing limit:20<br \/>\nbater\u00eda:lithium-ion 36v 4.4ah samsung<br \/>\nTemperatura de carga:0\u2103~40\u2103<br \/>\nTemperatura de funcionamiento:-15\u2103~50\u2103<br \/>\nmotor: 350w*2<br \/>\npower requirements:ac100-240v\/50-60hz<br \/>\ntiempo de carga:2-3h<br \/>\npacking carton: 68*35*38cm<br \/>\ngross weight: 17kg<br \/>\navailable color: black, white, red, blue etc.<\/p>\n<p>1 pieza\/cart\u00f3n<br \/>\npeso neto:14kg<br \/>\ngw:17kg<br \/>\ncarton size: 68*35*38cm<br \/>\n0.09cbm\/piece<\/p>\n<p>orden de los contenedores:<br \/>\n321pcs in 20gp<br \/>\n686pcs in 40gp<br \/>\n774pcs in 40hc<\/p>","protected":false},"excerpt":{"rendered":"<h3>Breve descripci\u00f3n:<\/h3>\n<p><p>encontrar alta calidad auto equilibrio scooter el\u00e9ctrico, venta al por mayor bajo precio auto equilibrio scooter el\u00e9ctrico de Rooder auto equilibrio scooter el\u00e9ctrico f\u00e1brica proveedor fabricante exportador empresa<\/p>\n<p>10 pulgadas,<br \/>\nbater\u00eda de litio,<br \/>\n350w*2 motores,<br \/>\ncertificado ce fcc rohs,<br \/>\nmsds, un38.3<\/p>\n<\/p>\n<p><\/p>\n<li><em>Marca: <\/em> OEM\/ODM\/RODER<\/li>\n<li><em>Cantidad m\u00ednima de pedido: <\/em> 10 piezas\/piezas<\/li>\n<li><em>Capacidad de suministro: <\/em> 10000 piezas por mes<\/li>\n<li><em>Puerto: <\/em> Shenzhen<\/li>\n<li><em>Condiciones de pago: <\/em> T\/T, L\/C, D\/A, D\/P<\/li>","protected":false},"featured_media":9402,"comment_status":"closed","ping_status":"closed","template":"","meta":[],"product_brand":[],"product_cat":[556],"product_tag":[708,709,710,711,712,698,690,560,706,713],"class_list":{"0":"post-9400","1":"product","2":"type-product","3":"status-publish","4":"has-post-thumbnail","6":"product_cat-others","7":"product_tag-2-wheels-hoverboard-for-sale","8":"product_tag-balancing-scooter","9":"product_tag-electrical-scooter","10":"product_tag-new-design-electric-scooter","11":"product_tag-personal-scooter-hoverboard","12":"product_tag-scooter","13":"product_tag-self-balancing-electric-scooter","14":"product_tag-self-balancing-scooter","15":"product_tag-two-wheel-scooter","16":"product_tag-x3-hoverboard","18":"first","19":"instock","20":"product-type-simple"},"yoast_head":"<!-- This site is optimized with the Yoast SEO plugin v21.7 - https:\/\/yoast.com\/wordpress\/plugins\/seo\/ -->\n<title>self balancing electric scooter a8 a8-10 with 10 inch tires li-ion battery MSDS UN38.3 CE FCC RoHS certificatoins - Electric Scooters Bikes Citycoco Manufacturer<\/title>\n<meta name=\"robots\" content=\"index, follow, max-snippet:-1, max-image-preview:large, max-video-preview:-1\" \/>\n<link rel=\"canonical\" href=\"https:\/\/www.rooderchina.com\/es\/producto\/self-balancing-electric-scooter-a8-a8-10-with-10-inch-tires-li-ion-battery-msds-un38-3-ce-fcc-rohs-certificatoins\/\" \/>\n<meta property=\"og:locale\" content=\"es_ES\" \/>\n<meta property=\"og:type\" content=\"article\" \/>\n<meta property=\"og:title\" content=\"self balancing electric scooter a8 a8-10 with 10 inch tires li-ion battery MSDS UN38.3 CE FCC RoHS certificatoins - Electric Scooters Bikes Citycoco Manufacturer\" \/>\n<meta property=\"og:description\" content=\"Short Description: find high quality self balancing electric scooter, wholesale low price\u00a0self balancing electric scooter from Rooder\u00a0self balancing electric scooter factory supplier manufacturer exporter company 10inch, lithium battery, 350w*2 motors, ce fcc rohs certified, msds, un38.3    Brand: OEM\/ODM\/ROODER   Min.Order Quantity: 10 Piece\/Pieces   Supply Ability: 10000 Piece\/Pieces per Month   Port: Shenzhen   Payment Terms: T\/T, L\/C, D\/A, D\/P\" \/>\n<meta property=\"og:url\" content=\"https:\/\/www.rooderchina.com\/es\/producto\/self-balancing-electric-scooter-a8-a8-10-with-10-inch-tires-li-ion-battery-msds-un38-3-ce-fcc-rohs-certificatoins\/\" \/>\n<meta property=\"og:site_name\" content=\"Electric Scooters Bikes Citycoco Manufacturer\" \/>\n<meta property=\"article:publisher\" content=\"https:\/\/www.facebook.com\/rooder.tec\" \/>\n<meta property=\"article:modified_time\" content=\"2023-11-19T17:49:05+00:00\" \/>\n<meta property=\"og:image\" content=\"https:\/\/www.rooderchina.com\/wp-content\/uploads\/2023\/11\/ab21622f.jpg\" \/>\n\t<meta property=\"og:image:width\" content=\"750\" \/>\n\t<meta property=\"og:image:height\" content=\"750\" \/>\n\t<meta property=\"og:image:type\" content=\"image\/jpeg\" \/>\n<meta name=\"twitter:card\" content=\"summary_large_image\" \/>\n<meta name=\"twitter:site\" content=\"@RooderTec\" \/>\n<meta name=\"twitter:label1\" content=\"Tiempo de lectura\" \/>\n\t<meta name=\"twitter:data1\" content=\"1 minuto\" \/>\n<script type=\"application\/ld+json\" class=\"yoast-schema-graph\">{\"@context\":\"https:\/\/schema.org\",\"@graph\":[{\"@type\":\"WebPage\",\"@id\":\"https:\/\/www.rooderchina.com\/product\/self-balancing-electric-scooter-a8-a8-10-with-10-inch-tires-li-ion-battery-msds-un38-3-ce-fcc-rohs-certificatoins\/\",\"url\":\"https:\/\/www.rooderchina.com\/product\/self-balancing-electric-scooter-a8-a8-10-with-10-inch-tires-li-ion-battery-msds-un38-3-ce-fcc-rohs-certificatoins\/\",\"name\":\"self balancing electric scooter a8 a8-10 with 10 inch tires li-ion battery MSDS UN38.3 CE FCC RoHS certificatoins - Electric Scooters Bikes Citycoco Manufacturer\",\"isPartOf\":{\"@id\":\"https:\/\/www.rooderchina.com\/#website\"},\"datePublished\":\"2023-11-11T10:35:38+00:00\",\"dateModified\":\"2023-11-19T17:49:05+00:00\",\"breadcrumb\":{\"@id\":\"https:\/\/www.rooderchina.com\/product\/self-balancing-electric-scooter-a8-a8-10-with-10-inch-tires-li-ion-battery-msds-un38-3-ce-fcc-rohs-certificatoins\/#breadcrumb\"},\"inLanguage\":\"es-AR\",\"potentialAction\":[{\"@type\":\"ReadAction\",\"target\":[\"https:\/\/www.rooderchina.com\/product\/self-balancing-electric-scooter-a8-a8-10-with-10-inch-tires-li-ion-battery-msds-un38-3-ce-fcc-rohs-certificatoins\/\"]}]},{\"@type\":\"BreadcrumbList\",\"@id\":\"https:\/\/www.rooderchina.com\/product\/self-balancing-electric-scooter-a8-a8-10-with-10-inch-tires-li-ion-battery-msds-un38-3-ce-fcc-rohs-certificatoins\/#breadcrumb\",\"itemListElement\":[{\"@type\":\"ListItem\",\"position\":1,\"name\":\"HOME\",\"item\":\"https:\/\/www.rooderchina.com\/\"},{\"@type\":\"ListItem\",\"position\":2,\"name\":\"Shop\",\"item\":\"https:\/\/www.rooderchina.com\/shop\/\"},{\"@type\":\"ListItem\",\"position\":3,\"name\":\"self balancing electric scooter a8 a8-10 with 10 inch tires li-ion battery MSDS UN38.3 CE FCC RoHS certificatoins\"}]},{\"@type\":\"WebSite\",\"@id\":\"https:\/\/www.rooderchina.com\/#website\",\"url\":\"https:\/\/www.rooderchina.com\/\",\"name\":\"Electric Scooters Bikes Citycoco Manufacturer\",\"description\":\"Rooder Technology Limited\",\"publisher\":{\"@id\":\"https:\/\/www.rooderchina.com\/#organization\"},\"potentialAction\":[{\"@type\":\"SearchAction\",\"target\":{\"@type\":\"EntryPoint\",\"urlTemplate\":\"https:\/\/www.rooderchina.com\/?s={search_term_string}\"},\"query-input\":\"required name=search_term_string\"}],\"inLanguage\":\"es-AR\"},{\"@type\":\"Organization\",\"@id\":\"https:\/\/www.rooderchina.com\/#organization\",\"name\":\"Electric Scooters Bikes Citycoco Manufacturer\",\"url\":\"https:\/\/www.rooderchina.com\/\",\"logo\":{\"@type\":\"ImageObject\",\"inLanguage\":\"es-AR\",\"@id\":\"https:\/\/www.rooderchina.com\/#\/schema\/logo\/image\/\",\"url\":\"https:\/\/www.rooderchina.com\/wp-content\/uploads\/2023\/12\/rooder2.jpg\",\"contentUrl\":\"https:\/\/www.rooderchina.com\/wp-content\/uploads\/2023\/12\/rooder2.jpg\",\"width\":1723,\"height\":1037,\"caption\":\"Electric Scooters Bikes Citycoco Manufacturer\"},\"image\":{\"@id\":\"https:\/\/www.rooderchina.com\/#\/schema\/logo\/image\/\"},\"sameAs\":[\"https:\/\/www.facebook.com\/rooder.tec\",\"https:\/\/twitter.com\/RooderTec\"]}]}<\/script>\n<!-- \/ Yoast SEO plugin. -->","yoast_head_json":{"title":"self balancing electric scooter a8 a8-10 with 10 inch tires li-ion battery MSDS UN38.3 CE FCC RoHS certificatoins - Electric Scooters Bikes Citycoco Manufacturer","robots":{"index":"index","follow":"follow","max-snippet":"max-snippet:-1","max-image-preview":"max-image-preview:large","max-video-preview":"max-video-preview:-1"},"canonical":"https:\/\/www.rooderchina.com\/es\/producto\/self-balancing-electric-scooter-a8-a8-10-with-10-inch-tires-li-ion-battery-msds-un38-3-ce-fcc-rohs-certificatoins\/","og_locale":"es_ES","og_type":"article","og_title":"self balancing electric scooter a8 a8-10 with 10 inch tires li-ion battery MSDS UN38.3 CE FCC RoHS certificatoins - Electric Scooters Bikes Citycoco Manufacturer","og_description":"Short Description: find high quality self balancing electric scooter, wholesale low price\u00a0self balancing electric scooter from Rooder\u00a0self balancing electric scooter factory supplier manufacturer exporter company 10inch, lithium battery, 350w*2 motors, ce fcc rohs certified, msds, un38.3    Brand: OEM\/ODM\/ROODER   Min.Order Quantity: 10 Piece\/Pieces   Supply Ability: 10000 Piece\/Pieces per Month   Port: Shenzhen   Payment Terms: T\/T, L\/C, D\/A, D\/P","og_url":"https:\/\/www.rooderchina.com\/es\/producto\/self-balancing-electric-scooter-a8-a8-10-with-10-inch-tires-li-ion-battery-msds-un38-3-ce-fcc-rohs-certificatoins\/","og_site_name":"Electric Scooters Bikes Citycoco Manufacturer","article_publisher":"https:\/\/www.facebook.com\/rooder.tec","article_modified_time":"2023-11-19T17:49:05+00:00","og_image":[{"width":750,"height":750,"url":"https:\/\/www.rooderchina.com\/wp-content\/uploads\/2023\/11\/ab21622f.jpg","type":"image\/jpeg"}],"twitter_card":"summary_large_image","twitter_site":"@RooderTec","twitter_misc":{"Tiempo de lectura":"1 minuto"},"schema":{"@context":"https:\/\/schema.org","@graph":[{"@type":"WebPage","@id":"https:\/\/www.rooderchina.com\/product\/self-balancing-electric-scooter-a8-a8-10-with-10-inch-tires-li-ion-battery-msds-un38-3-ce-fcc-rohs-certificatoins\/","url":"https:\/\/www.rooderchina.com\/product\/self-balancing-electric-scooter-a8-a8-10-with-10-inch-tires-li-ion-battery-msds-un38-3-ce-fcc-rohs-certificatoins\/","name":"self balancing electric scooter a8 a8-10 with 10 inch tires li-ion battery MSDS UN38.3 CE FCC RoHS certificatoins - Electric Scooters Bikes Citycoco Manufacturer","isPartOf":{"@id":"https:\/\/www.rooderchina.com\/#website"},"datePublished":"2023-11-11T10:35:38+00:00","dateModified":"2023-11-19T17:49:05+00:00","breadcrumb":{"@id":"https:\/\/www.rooderchina.com\/product\/self-balancing-electric-scooter-a8-a8-10-with-10-inch-tires-li-ion-battery-msds-un38-3-ce-fcc-rohs-certificatoins\/#breadcrumb"},"inLanguage":"es-AR","potentialAction":[{"@type":"ReadAction","target":["https:\/\/www.rooderchina.com\/product\/self-balancing-electric-scooter-a8-a8-10-with-10-inch-tires-li-ion-battery-msds-un38-3-ce-fcc-rohs-certificatoins\/"]}]},{"@type":"BreadcrumbList","@id":"https:\/\/www.rooderchina.com\/product\/self-balancing-electric-scooter-a8-a8-10-with-10-inch-tires-li-ion-battery-msds-un38-3-ce-fcc-rohs-certificatoins\/#breadcrumb","itemListElement":[{"@type":"ListItem","position":1,"name":"HOME","item":"https:\/\/www.rooderchina.com\/"},{"@type":"ListItem","position":2,"name":"Shop","item":"https:\/\/www.rooderchina.com\/shop\/"},{"@type":"ListItem","position":3,"name":"self balancing electric scooter a8 a8-10 with 10 inch tires li-ion battery MSDS UN38.3 CE FCC RoHS certificatoins"}]},{"@type":"WebSite","@id":"https:\/\/www.rooderchina.com\/#website","url":"https:\/\/www.rooderchina.com\/","name":"Electric Scooters Bikes Citycoco Manufacturer","description":"Rooder Technology Limited","publisher":{"@id":"https:\/\/www.rooderchina.com\/#organization"},"potentialAction":[{"@type":"SearchAction","target":{"@type":"EntryPoint","urlTemplate":"https:\/\/www.rooderchina.com\/?s={search_term_string}"},"query-input":"required name=search_term_string"}],"inLanguage":"es-AR"},{"@type":"Organization","@id":"https:\/\/www.rooderchina.com\/#organization","name":"Electric Scooters Bikes Citycoco Manufacturer","url":"https:\/\/www.rooderchina.com\/","logo":{"@type":"ImageObject","inLanguage":"es-AR","@id":"https:\/\/www.rooderchina.com\/#\/schema\/logo\/image\/","url":"https:\/\/www.rooderchina.com\/wp-content\/uploads\/2023\/12\/rooder2.jpg","contentUrl":"https:\/\/www.rooderchina.com\/wp-content\/uploads\/2023\/12\/rooder2.jpg","width":1723,"height":1037,"caption":"Electric Scooters Bikes Citycoco Manufacturer"},"image":{"@id":"https:\/\/www.rooderchina.com\/#\/schema\/logo\/image\/"},"sameAs":["https:\/\/www.facebook.com\/rooder.tec","https:\/\/twitter.com\/RooderTec"]}]}},"_links":{"self":[{"href":"https:\/\/www.rooderchina.com\/es\/wp-json\/wp\/v2\/product\/9400","targetHints":{"allow":["GET"]}}],"collection":[{"href":"https:\/\/www.rooderchina.com\/es\/wp-json\/wp\/v2\/product"}],"about":[{"href":"https:\/\/www.rooderchina.com\/es\/wp-json\/wp\/v2\/types\/product"}],"replies":[{"embeddable":true,"href":"https:\/\/www.rooderchina.com\/es\/wp-json\/wp\/v2\/comments?post=9400"}],"version-history":[{"count":1,"href":"https:\/\/www.rooderchina.com\/es\/wp-json\/wp\/v2\/product\/9400\/revisions"}],"predecessor-version":[{"id":9401,"href":"https:\/\/www.rooderchina.com\/es\/wp-json\/wp\/v2\/product\/9400\/revisions\/9401"}],"wp:featuredmedia":[{"embeddable":true,"href":"https:\/\/www.rooderchina.com\/es\/wp-json\/wp\/v2\/media\/9402"}],"wp:attachment":[{"href":"https:\/\/www.rooderchina.com\/es\/wp-json\/wp\/v2\/media?parent=9400"}],"wp:term":[{"taxonomy":"product_brand","embeddable":true,"href":"https:\/\/www.rooderchina.com\/es\/wp-json\/wp\/v2\/product_brand?post=9400"},{"taxonomy":"product_cat","embeddable":true,"href":"https:\/\/www.rooderchina.com\/es\/wp-json\/wp\/v2\/product_cat?post=9400"},{"taxonomy":"product_tag","embeddable":true,"href":"https:\/\/www.rooderchina.com\/es\/wp-json\/wp\/v2\/product_tag?post=9400"}],"curies":[{"name":"wp","href":"https:\/\/api.w.org\/{rel}","templated":true}]}}