{"id":9371,"date":"2023-11-11T18:35:38","date_gmt":"2023-11-11T10:35:38","guid":{"rendered":"http:\/\/www.rooderchina.com\/index.php\/product\/2-wheel-electric-scooter-w7-with-72v-removable-lithium-battery-2000w-brush-motor-off-road-tires\/"},"modified":"2023-11-20T01:47:11","modified_gmt":"2023-11-19T17:47:11","slug":"2-wheel-electric-scooter-w7-with-72v-removable-lithium-battery-2000w-brush-motor-off-road-tires","status":"publish","type":"product","link":"https:\/\/www.rooderchina.com\/es\/producto\/2-wheel-electric-scooter-w7-with-72v-removable-lithium-battery-2000w-brush-motor-off-road-tires\/","title":{"rendered":"scooter el\u00e9ctrico de 2 ruedas w7 con bater\u00eda de litio extra\u00edble 72v motor con escobillas 2000w neum\u00e1ticos off road"},"content":{"rendered":"<p>Como una marca bien conocida en nacional y en ultramar, Rooder tiene gran corporaci\u00f3n con algunos de la famosa empresa, tales como JD, TECENT, Alibaba y as\u00ed sucesivamente. Nuestros productos son populares entre los clientes de todo el mundo y caliente-venta en Francia, Inglaterra, Espa\u00f1a, Alemania, EE.UU., Singapur, Corea del Sur y as\u00ed sucesivamente.<\/p>\n<p>Gracias por su comprensi\u00f3n y continuo inter\u00e9s en los productos y servicios de Dream Industry.<\/p>\n<p><strong><a href=\"https:\/\/www.rooderchina.com\/es\/tag\/2-wheel-electric-scooter\/\" title=\"Ver todas las entradas en Scooter el\u00e9ctrico de 2 ruedas\" target=\"_blank\" rel=\"noopener\">Scooter el\u00e9ctrico de 2 ruedas<\/a> w7 con 72v bater\u00eda de litio extra\u00edble 2000w motor de cepillo fuera de neum\u00e1ticos de carretera de segway 2 ruedas el\u00e9ctricas <a href=\"https:\/\/www.rooderchina.com\/es\/tag\/scooter\/\" title=\"Ver todas las entradas en scooter\" target=\"_blank\" rel=\"noopener\">scooter<\/a> proveedor f\u00e1brica empresa<\/strong><\/p>\n<\/p>\n<p>&nbsp;<\/p>\n<p>modelo: w7<br \/>\npeso neto 46 kg<br \/>\ndimensiones 85 (l)x 45 (w) x 122 (h)cm<br \/>\nvelocidad m\u00e1xima 20 km\/h<br \/>\ncarga m\u00e1xima 200 kg<br \/>\nAlcance m\u00e1ximo: 35-40 km<br \/>\ncapacidad m\u00e1xima de ascenso 30 grados<br \/>\nradio de giro m\u00ednimo 0<br \/>\ntiempo de carga completa: 3h<br \/>\nbater\u00eda de litio recargable y extra\u00edble: 84v,8.8ah panisonic<br \/>\nmotor cepillo el\u00e9ctrico<br \/>\ntensi\u00f3n 100 v-240 v, 50\/60hz<br \/>\npotencia m\u00e1xima: 4000 vatios (2*2000w\/pc)<br \/>\nvida \u00fatil de la bater\u00eda superior a 5 a\u00f1os<br \/>\nneum\u00e1tico 19in vacuum<br \/>\nrueda 7in (llanta de aluminio)<br \/>\naltura del mango 80-130cm ajustable<br \/>\npresi\u00f3n est\u00e1ndar 150 kpa<br \/>\nindicador de bater\u00eda\/voltaje\/velocidad\/hora\/kilometraje<br \/>\nluces led<\/p>\n<p>1 pieza\/cart\u00f3n<br \/>\ntama\u00f1o de la caja: 92 cm x 52 cm x 63 cm<br \/>\nnw:47kg, gw:60kg.<\/p>\n<p>Detalles del embalaje:<br \/>\n88pcs en 20\u2032 gp,<br \/>\n191pcs en 40\u2032 gp.<br \/>\n241pcs en 40\u2032 hc<\/p>\n<p>&nbsp;<\/p>\n<p>M\u00c1S PRODUCTOS:<\/p><\/p>","protected":false},"excerpt":{"rendered":"<h3>Breve descripci\u00f3n:<\/h3>\n<p><p>encontrar alta calidad 2 ruedas equilibrado scooter, venta al por mayor 2 ruedas equilibrado scooter de Rooder 2 ruedas equilibrado scooter fabricante proveedor f\u00e1brica exportador empresa<\/p>\n<p>Bater\u00eda de litio extra\u00edble de 72v,<br \/>\nMotor de 2000w*2,<br \/>\npotente motor de cepillos,<br \/>\nneum\u00e1ticos todoterreno,<br \/>\ndirectamente de f\u00e1brica<\/p>\n<\/p>\n<p><\/p>\n<li><em>Marca: <\/em> OEM\/ODM\/RODER<\/li>\n<li><em>Cantidad m\u00ednima de pedido: <\/em> 10 piezas\/piezas<\/li>\n<li><em>Capacidad de suministro: <\/em> 10000 piezas por mes<\/li>\n<li><em>Puerto: <\/em> Shenzhen<\/li>\n<li><em>Condiciones de pago: <\/em> T\/T, L\/C, D\/A, D\/P<\/li>","protected":false},"featured_media":9373,"comment_status":"closed","ping_status":"closed","template":"","meta":[],"product_brand":[],"product_cat":[556],"product_tag":[692,551,693,694,695,696,697,698,699],"class_list":{"0":"post-9371","1":"product","2":"type-product","3":"status-publish","4":"has-post-thumbnail","6":"product_cat-others","7":"product_tag-2-wheel-balancing-scooter","8":"product_tag-2-wheel-electric-scooter","9":"product_tag-balance-scooter-10-inch","10":"product_tag-electric-scooters","11":"product_tag-hoverboard","12":"product_tag-hoverboard-10-inch","13":"product_tag-mini-bluetooth-hoverboard","14":"product_tag-scooter","15":"product_tag-self-balancing-hoverboard","17":"first","18":"instock","19":"product-type-simple"},"yoast_head":"<!-- This site is optimized with the Yoast SEO plugin v21.7 - https:\/\/yoast.com\/wordpress\/plugins\/seo\/ -->\n<title>2 wheel electric scooter w7 with 72v removable lithium battery 2000w brush motor off road tires - Electric Scooters Bikes Citycoco Manufacturer<\/title>\n<meta name=\"robots\" content=\"index, follow, max-snippet:-1, max-image-preview:large, max-video-preview:-1\" \/>\n<link rel=\"canonical\" href=\"https:\/\/www.rooderchina.com\/es\/producto\/2-wheel-electric-scooter-w7-with-72v-removable-lithium-battery-2000w-brush-motor-off-road-tires\/\" \/>\n<meta property=\"og:locale\" content=\"es_ES\" \/>\n<meta property=\"og:type\" content=\"article\" \/>\n<meta property=\"og:title\" content=\"2 wheel electric scooter w7 with 72v removable lithium battery 2000w brush motor off road tires - Electric Scooters Bikes Citycoco Manufacturer\" \/>\n<meta property=\"og:description\" content=\"Short Description: find high quality\u00a02 wheel balancing scooter, wholesale\u00a02 wheel balancing scooter from Rooder\u00a02 wheel balancing scooter manufacturer supplier factory exporter company 72v removable lithium battery, 2000w*2 motor, powerful brush motor, off road tires, factory directly    Brand: OEM\/ODM\/ROODER   Min.Order Quantity: 10 Piece\/Pieces   Supply Ability: 10000 Piece\/Pieces per Month   Port: Shenzhen   Payment Terms: T\/T, L\/C, D\/A, D\/P\" \/>\n<meta property=\"og:url\" content=\"https:\/\/www.rooderchina.com\/es\/producto\/2-wheel-electric-scooter-w7-with-72v-removable-lithium-battery-2000w-brush-motor-off-road-tires\/\" \/>\n<meta property=\"og:site_name\" content=\"Electric Scooters Bikes Citycoco Manufacturer\" \/>\n<meta property=\"article:publisher\" content=\"https:\/\/www.facebook.com\/rooder.tec\" \/>\n<meta property=\"article:modified_time\" content=\"2023-11-19T17:47:11+00:00\" \/>\n<meta property=\"og:image\" content=\"https:\/\/www.rooderchina.com\/wp-content\/uploads\/2023\/11\/1df1f49a.jpg\" \/>\n\t<meta property=\"og:image:width\" content=\"750\" \/>\n\t<meta property=\"og:image:height\" content=\"750\" \/>\n\t<meta property=\"og:image:type\" content=\"image\/jpeg\" \/>\n<meta name=\"twitter:card\" content=\"summary_large_image\" \/>\n<meta name=\"twitter:site\" content=\"@RooderTec\" \/>\n<meta name=\"twitter:label1\" content=\"Tiempo de lectura\" \/>\n\t<meta name=\"twitter:data1\" content=\"1 minuto\" \/>\n<script type=\"application\/ld+json\" class=\"yoast-schema-graph\">{\"@context\":\"https:\/\/schema.org\",\"@graph\":[{\"@type\":\"WebPage\",\"@id\":\"https:\/\/www.rooderchina.com\/product\/2-wheel-electric-scooter-w7-with-72v-removable-lithium-battery-2000w-brush-motor-off-road-tires\/\",\"url\":\"https:\/\/www.rooderchina.com\/product\/2-wheel-electric-scooter-w7-with-72v-removable-lithium-battery-2000w-brush-motor-off-road-tires\/\",\"name\":\"2 wheel electric scooter w7 with 72v removable lithium battery 2000w brush motor off road tires - Electric Scooters Bikes Citycoco Manufacturer\",\"isPartOf\":{\"@id\":\"https:\/\/www.rooderchina.com\/#website\"},\"datePublished\":\"2023-11-11T10:35:38+00:00\",\"dateModified\":\"2023-11-19T17:47:11+00:00\",\"breadcrumb\":{\"@id\":\"https:\/\/www.rooderchina.com\/product\/2-wheel-electric-scooter-w7-with-72v-removable-lithium-battery-2000w-brush-motor-off-road-tires\/#breadcrumb\"},\"inLanguage\":\"es-AR\",\"potentialAction\":[{\"@type\":\"ReadAction\",\"target\":[\"https:\/\/www.rooderchina.com\/product\/2-wheel-electric-scooter-w7-with-72v-removable-lithium-battery-2000w-brush-motor-off-road-tires\/\"]}]},{\"@type\":\"BreadcrumbList\",\"@id\":\"https:\/\/www.rooderchina.com\/product\/2-wheel-electric-scooter-w7-with-72v-removable-lithium-battery-2000w-brush-motor-off-road-tires\/#breadcrumb\",\"itemListElement\":[{\"@type\":\"ListItem\",\"position\":1,\"name\":\"HOME\",\"item\":\"https:\/\/www.rooderchina.com\/\"},{\"@type\":\"ListItem\",\"position\":2,\"name\":\"Shop\",\"item\":\"https:\/\/www.rooderchina.com\/shop\/\"},{\"@type\":\"ListItem\",\"position\":3,\"name\":\"2 wheel electric scooter w7 with 72v removable lithium battery 2000w brush motor off road tires\"}]},{\"@type\":\"WebSite\",\"@id\":\"https:\/\/www.rooderchina.com\/#website\",\"url\":\"https:\/\/www.rooderchina.com\/\",\"name\":\"Electric Scooters Bikes Citycoco Manufacturer\",\"description\":\"Rooder Technology Limited\",\"publisher\":{\"@id\":\"https:\/\/www.rooderchina.com\/#organization\"},\"potentialAction\":[{\"@type\":\"SearchAction\",\"target\":{\"@type\":\"EntryPoint\",\"urlTemplate\":\"https:\/\/www.rooderchina.com\/?s={search_term_string}\"},\"query-input\":\"required name=search_term_string\"}],\"inLanguage\":\"es-AR\"},{\"@type\":\"Organization\",\"@id\":\"https:\/\/www.rooderchina.com\/#organization\",\"name\":\"Electric Scooters Bikes Citycoco Manufacturer\",\"url\":\"https:\/\/www.rooderchina.com\/\",\"logo\":{\"@type\":\"ImageObject\",\"inLanguage\":\"es-AR\",\"@id\":\"https:\/\/www.rooderchina.com\/#\/schema\/logo\/image\/\",\"url\":\"https:\/\/www.rooderchina.com\/wp-content\/uploads\/2023\/12\/rooder2.jpg\",\"contentUrl\":\"https:\/\/www.rooderchina.com\/wp-content\/uploads\/2023\/12\/rooder2.jpg\",\"width\":1723,\"height\":1037,\"caption\":\"Electric Scooters Bikes Citycoco Manufacturer\"},\"image\":{\"@id\":\"https:\/\/www.rooderchina.com\/#\/schema\/logo\/image\/\"},\"sameAs\":[\"https:\/\/www.facebook.com\/rooder.tec\",\"https:\/\/twitter.com\/RooderTec\"]}]}<\/script>\n<!-- \/ Yoast SEO plugin. -->","yoast_head_json":{"title":"2 wheel electric scooter w7 with 72v removable lithium battery 2000w brush motor off road tires - Electric Scooters Bikes Citycoco Manufacturer","robots":{"index":"index","follow":"follow","max-snippet":"max-snippet:-1","max-image-preview":"max-image-preview:large","max-video-preview":"max-video-preview:-1"},"canonical":"https:\/\/www.rooderchina.com\/es\/producto\/2-wheel-electric-scooter-w7-with-72v-removable-lithium-battery-2000w-brush-motor-off-road-tires\/","og_locale":"es_ES","og_type":"article","og_title":"2 wheel electric scooter w7 with 72v removable lithium battery 2000w brush motor off road tires - Electric Scooters Bikes Citycoco Manufacturer","og_description":"Short Description: find high quality\u00a02 wheel balancing scooter, wholesale\u00a02 wheel balancing scooter from Rooder\u00a02 wheel balancing scooter manufacturer supplier factory exporter company 72v removable lithium battery, 2000w*2 motor, powerful brush motor, off road tires, factory directly    Brand: OEM\/ODM\/ROODER   Min.Order Quantity: 10 Piece\/Pieces   Supply Ability: 10000 Piece\/Pieces per Month   Port: Shenzhen   Payment Terms: T\/T, L\/C, D\/A, D\/P","og_url":"https:\/\/www.rooderchina.com\/es\/producto\/2-wheel-electric-scooter-w7-with-72v-removable-lithium-battery-2000w-brush-motor-off-road-tires\/","og_site_name":"Electric Scooters Bikes Citycoco Manufacturer","article_publisher":"https:\/\/www.facebook.com\/rooder.tec","article_modified_time":"2023-11-19T17:47:11+00:00","og_image":[{"width":750,"height":750,"url":"https:\/\/www.rooderchina.com\/wp-content\/uploads\/2023\/11\/1df1f49a.jpg","type":"image\/jpeg"}],"twitter_card":"summary_large_image","twitter_site":"@RooderTec","twitter_misc":{"Tiempo de lectura":"1 minuto"},"schema":{"@context":"https:\/\/schema.org","@graph":[{"@type":"WebPage","@id":"https:\/\/www.rooderchina.com\/product\/2-wheel-electric-scooter-w7-with-72v-removable-lithium-battery-2000w-brush-motor-off-road-tires\/","url":"https:\/\/www.rooderchina.com\/product\/2-wheel-electric-scooter-w7-with-72v-removable-lithium-battery-2000w-brush-motor-off-road-tires\/","name":"2 wheel electric scooter w7 with 72v removable lithium battery 2000w brush motor off road tires - Electric Scooters Bikes Citycoco Manufacturer","isPartOf":{"@id":"https:\/\/www.rooderchina.com\/#website"},"datePublished":"2023-11-11T10:35:38+00:00","dateModified":"2023-11-19T17:47:11+00:00","breadcrumb":{"@id":"https:\/\/www.rooderchina.com\/product\/2-wheel-electric-scooter-w7-with-72v-removable-lithium-battery-2000w-brush-motor-off-road-tires\/#breadcrumb"},"inLanguage":"es-AR","potentialAction":[{"@type":"ReadAction","target":["https:\/\/www.rooderchina.com\/product\/2-wheel-electric-scooter-w7-with-72v-removable-lithium-battery-2000w-brush-motor-off-road-tires\/"]}]},{"@type":"BreadcrumbList","@id":"https:\/\/www.rooderchina.com\/product\/2-wheel-electric-scooter-w7-with-72v-removable-lithium-battery-2000w-brush-motor-off-road-tires\/#breadcrumb","itemListElement":[{"@type":"ListItem","position":1,"name":"HOME","item":"https:\/\/www.rooderchina.com\/"},{"@type":"ListItem","position":2,"name":"Shop","item":"https:\/\/www.rooderchina.com\/shop\/"},{"@type":"ListItem","position":3,"name":"2 wheel electric scooter w7 with 72v removable lithium battery 2000w brush motor off road tires"}]},{"@type":"WebSite","@id":"https:\/\/www.rooderchina.com\/#website","url":"https:\/\/www.rooderchina.com\/","name":"Electric Scooters Bikes Citycoco Manufacturer","description":"Rooder Technology Limited","publisher":{"@id":"https:\/\/www.rooderchina.com\/#organization"},"potentialAction":[{"@type":"SearchAction","target":{"@type":"EntryPoint","urlTemplate":"https:\/\/www.rooderchina.com\/?s={search_term_string}"},"query-input":"required name=search_term_string"}],"inLanguage":"es-AR"},{"@type":"Organization","@id":"https:\/\/www.rooderchina.com\/#organization","name":"Electric Scooters Bikes Citycoco Manufacturer","url":"https:\/\/www.rooderchina.com\/","logo":{"@type":"ImageObject","inLanguage":"es-AR","@id":"https:\/\/www.rooderchina.com\/#\/schema\/logo\/image\/","url":"https:\/\/www.rooderchina.com\/wp-content\/uploads\/2023\/12\/rooder2.jpg","contentUrl":"https:\/\/www.rooderchina.com\/wp-content\/uploads\/2023\/12\/rooder2.jpg","width":1723,"height":1037,"caption":"Electric Scooters Bikes Citycoco Manufacturer"},"image":{"@id":"https:\/\/www.rooderchina.com\/#\/schema\/logo\/image\/"},"sameAs":["https:\/\/www.facebook.com\/rooder.tec","https:\/\/twitter.com\/RooderTec"]}]}},"_links":{"self":[{"href":"https:\/\/www.rooderchina.com\/es\/wp-json\/wp\/v2\/product\/9371","targetHints":{"allow":["GET"]}}],"collection":[{"href":"https:\/\/www.rooderchina.com\/es\/wp-json\/wp\/v2\/product"}],"about":[{"href":"https:\/\/www.rooderchina.com\/es\/wp-json\/wp\/v2\/types\/product"}],"replies":[{"embeddable":true,"href":"https:\/\/www.rooderchina.com\/es\/wp-json\/wp\/v2\/comments?post=9371"}],"version-history":[{"count":1,"href":"https:\/\/www.rooderchina.com\/es\/wp-json\/wp\/v2\/product\/9371\/revisions"}],"predecessor-version":[{"id":9372,"href":"https:\/\/www.rooderchina.com\/es\/wp-json\/wp\/v2\/product\/9371\/revisions\/9372"}],"wp:featuredmedia":[{"embeddable":true,"href":"https:\/\/www.rooderchina.com\/es\/wp-json\/wp\/v2\/media\/9373"}],"wp:attachment":[{"href":"https:\/\/www.rooderchina.com\/es\/wp-json\/wp\/v2\/media?parent=9371"}],"wp:term":[{"taxonomy":"product_brand","embeddable":true,"href":"https:\/\/www.rooderchina.com\/es\/wp-json\/wp\/v2\/product_brand?post=9371"},{"taxonomy":"product_cat","embeddable":true,"href":"https:\/\/www.rooderchina.com\/es\/wp-json\/wp\/v2\/product_cat?post=9371"},{"taxonomy":"product_tag","embeddable":true,"href":"https:\/\/www.rooderchina.com\/es\/wp-json\/wp\/v2\/product_tag?post=9371"}],"curies":[{"name":"wp","href":"https:\/\/api.w.org\/{rel}","templated":true}]}}