{"id":9337,"date":"2023-11-11T18:35:38","date_gmt":"2023-11-11T10:35:38","guid":{"rendered":"http:\/\/www.rooderchina.com\/index.php\/product\/electric-scooter-2000w-w7-with-19-inch-off-road-tires-golf-bag-holder-for-golf-cart-golf-course-club\/"},"modified":"2023-11-20T01:47:02","modified_gmt":"2023-11-19T17:47:02","slug":"electric-scooter-2000w-w7-with-19-inch-off-road-tires-golf-bag-holder-for-golf-cart-golf-course-club","status":"publish","type":"product","link":"https:\/\/www.rooderchina.com\/es\/producto\/electric-scooter-2000w-w7-with-19-inch-off-road-tires-golf-bag-holder-for-golf-cart-golf-course-club\/","title":{"rendered":"scooter electrico 2000w w7 con neumaticos de 19 pulgadas off road soporte para bolsa de golf para carrito de golf campo de golf club"},"content":{"rendered":"<p>Nuestra f\u00e1brica de 3000 metros cuadrados garantiza una gran capacidad de producci\u00f3n con productos de alta calidad mediante estrictos controles en el proceso de fabricaci\u00f3n y la inspecci\u00f3n de calidad; Nuestro equipo profesional y experimentado de I + D combina la tecnolog\u00eda actualizada en cada dise\u00f1o de producto, proporciona un fuerte apoyo t\u00e9cnico para las necesidades personalizadas de los clientes. Nuestros productos de calidad fiable y excelente servicio post-venta hacen de Rooder una marca de renombre bien recibida por los clientes de todo el mundo.<\/p>\n<p>Rooder se centra en scooters el\u00e9ctricos, monopatines, bicicletas el\u00e9ctricas, etc.<\/p>\n<p>P\u00f3ngase en contacto con nosotros para obtener m\u00e1s informaci\u00f3n.<\/p>\n<p><strong><a href=\"https:\/\/www.rooderchina.com\/es\/tag\/electric-scooter-2000w\/\" title=\"Ver todas las entradas en scooter el\u00e9ctrico 2000w\" target=\"_blank\" rel=\"noopener\">scooter el\u00e9ctrico 2000w<\/a> w7 con 19 pulgadas fuera de la carretera neum\u00e1ticos de golf titular de la bolsa de golf para carrito de golf club de campo de scooter el\u00e9ctrico exportador empresa proveedor fabricante<\/strong><\/p>\n<\/p>\n<p>modelo: w7-golf<br \/>\npeso neto 46 kg<br \/>\ndimensiones 85 (l)x 45 (w) x 122 (h)cm<br \/>\nvelocidad m\u00e1xima 20 km\/h<br \/>\ncarga m\u00e1xima 200 kg<br \/>\nAlcance m\u00e1ximo: 35-40 km<br \/>\ncapacidad m\u00e1xima de ascenso 30 grados<br \/>\nradio de giro m\u00ednimo 0<br \/>\ntiempo de carga completa: 3h<br \/>\nbater\u00eda de litio recargable y extra\u00edble: 84v,8.8ah panisonic<br \/>\nmotor cepillo el\u00e9ctrico<br \/>\ntensi\u00f3n 100 v-240 v, 50\/60hz<br \/>\npotencia m\u00e1xima: 4000 vatios (2*2000w\/pc)<br \/>\nvida \u00fatil de la bater\u00eda superior a 5 a\u00f1os<br \/>\nneum\u00e1tico 19in vacuum<br \/>\nrueda 7in (llanta de aluminio)<br \/>\naltura del mango 80-130cm ajustable<br \/>\npresi\u00f3n est\u00e1ndar 150 kpa<br \/>\nindicador de bater\u00eda\/voltaje\/velocidad\/hora\/kilometraje<br \/>\nluces led<\/p>\n<p>tama\u00f1o de la caja del scooter: 92cm x 52cm x 63cm<br \/>\ngw:60kg, nw:47kg, 0.281cmb\/pieza<br \/>\ngolf holder tama\u00f1o de la caja: 36*94*11cm, gw: 5.14kg, nw: 4kg, 0.037cbm\/pieza<\/p>\n<p>orden de los contenedores:<br \/>\n86set en 20gp<br \/>\n184set en 40gp<br \/>\n208set en 40hc<\/p>","protected":false},"excerpt":{"rendered":"<h3>Breve descripci\u00f3n:<\/h3>\n<p><p>encontrar alta calidad off road e balance scooter, venta al por mayor baratos precio off road e balance scooter de Rooder off road e balance scooter fabricante proveedor f\u00e1brica exportador empresa<\/p>\n<p>soporte para bolsa de golf,<br \/>\nNeum\u00e1ticos de 19 pulgadas,<br \/>\nfuera de la carretera,<br \/>\nBater\u00eda de litio de 72v,<br \/>\nprecio de f\u00e1brica<\/p>\n<\/p>\n<p><\/p>\n<li><em>Marca: <\/em> OEM\/ODM\/RODER<\/li>\n<li><em>Cantidad m\u00ednima de pedido: <\/em> 10 piezas\/piezas<\/li>\n<li><em>Capacidad de suministro: <\/em> 10000 piezas por mes<\/li>\n<li><em>Puerto: <\/em> Shenzhen<\/li>\n<li><em>Condiciones de pago: <\/em> T\/T, L\/C, D\/A, D\/P<\/li>","protected":false},"featured_media":9339,"comment_status":"closed","ping_status":"closed","template":"","meta":[],"product_brand":[],"product_cat":[556],"product_tag":[662,663,664,665,666,667,668,669,670,671],"class_list":{"0":"post-9337","1":"product","2":"type-product","3":"status-publish","4":"has-post-thumbnail","6":"product_cat-others","7":"product_tag-8-inch-2-wheel-electric-scooter-self-balance-scooter","8":"product_tag-e-balance-scooter","9":"product_tag-ecorider","10":"product_tag-electric-scooter-2000w","11":"product_tag-electric-scooter-hoverboard","12":"product_tag-off-road-e-balance-scooter","13":"product_tag-off-road-electric-scooter","14":"product_tag-one-wheel-off-road-e-balance-scooter","15":"product_tag-scooter-hoverboard-dropshipping","16":"product_tag-self-balance-scooter","18":"first","19":"instock","20":"product-type-simple"},"yoast_head":"<!-- This site is optimized with the Yoast SEO plugin v21.7 - https:\/\/yoast.com\/wordpress\/plugins\/seo\/ -->\n<title>electric scooter 2000w w7 with 19 inch off road tires golf bag holder for golf cart golf course club - Electric Scooters Bikes Citycoco Manufacturer<\/title>\n<meta name=\"robots\" content=\"index, follow, max-snippet:-1, max-image-preview:large, max-video-preview:-1\" \/>\n<link rel=\"canonical\" href=\"https:\/\/www.rooderchina.com\/es\/producto\/electric-scooter-2000w-w7-with-19-inch-off-road-tires-golf-bag-holder-for-golf-cart-golf-course-club\/\" \/>\n<meta property=\"og:locale\" content=\"es_ES\" \/>\n<meta property=\"og:type\" content=\"article\" \/>\n<meta property=\"og:title\" content=\"electric scooter 2000w w7 with 19 inch off road tires golf bag holder for golf cart golf course club - Electric Scooters Bikes Citycoco Manufacturer\" \/>\n<meta property=\"og:description\" content=\"Short Description: find high quality\u00a0off road e balance scooter, wholesale cheap price\u00a0off road e balance scooter from Rooder\u00a0off road e balance scooter manufacturer supplier factory exporter company golf bag holder, 19 inch tires, off road, 72v lithium battery, factory price    Brand: OEM\/ODM\/ROODER   Min.Order Quantity: 10 Piece\/Pieces   Supply Ability: 10000 Piece\/Pieces per Month   Port: Shenzhen   Payment Terms: T\/T, L\/C, D\/A, D\/P\" \/>\n<meta property=\"og:url\" content=\"https:\/\/www.rooderchina.com\/es\/producto\/electric-scooter-2000w-w7-with-19-inch-off-road-tires-golf-bag-holder-for-golf-cart-golf-course-club\/\" \/>\n<meta property=\"og:site_name\" content=\"Electric Scooters Bikes Citycoco Manufacturer\" \/>\n<meta property=\"article:publisher\" content=\"https:\/\/www.facebook.com\/rooder.tec\" \/>\n<meta property=\"article:modified_time\" content=\"2023-11-19T17:47:02+00:00\" \/>\n<meta property=\"og:image\" content=\"https:\/\/www.rooderchina.com\/wp-content\/uploads\/2023\/11\/79c78776.jpg\" \/>\n\t<meta property=\"og:image:width\" content=\"750\" \/>\n\t<meta property=\"og:image:height\" content=\"750\" \/>\n\t<meta property=\"og:image:type\" content=\"image\/jpeg\" \/>\n<meta name=\"twitter:card\" content=\"summary_large_image\" \/>\n<meta name=\"twitter:site\" content=\"@RooderTec\" \/>\n<meta name=\"twitter:label1\" content=\"Tiempo de lectura\" \/>\n\t<meta name=\"twitter:data1\" content=\"1 minuto\" \/>\n<script type=\"application\/ld+json\" class=\"yoast-schema-graph\">{\"@context\":\"https:\/\/schema.org\",\"@graph\":[{\"@type\":\"WebPage\",\"@id\":\"https:\/\/www.rooderchina.com\/product\/electric-scooter-2000w-w7-with-19-inch-off-road-tires-golf-bag-holder-for-golf-cart-golf-course-club\/\",\"url\":\"https:\/\/www.rooderchina.com\/product\/electric-scooter-2000w-w7-with-19-inch-off-road-tires-golf-bag-holder-for-golf-cart-golf-course-club\/\",\"name\":\"electric scooter 2000w w7 with 19 inch off road tires golf bag holder for golf cart golf course club - Electric Scooters Bikes Citycoco Manufacturer\",\"isPartOf\":{\"@id\":\"https:\/\/www.rooderchina.com\/#website\"},\"datePublished\":\"2023-11-11T10:35:38+00:00\",\"dateModified\":\"2023-11-19T17:47:02+00:00\",\"breadcrumb\":{\"@id\":\"https:\/\/www.rooderchina.com\/product\/electric-scooter-2000w-w7-with-19-inch-off-road-tires-golf-bag-holder-for-golf-cart-golf-course-club\/#breadcrumb\"},\"inLanguage\":\"es-AR\",\"potentialAction\":[{\"@type\":\"ReadAction\",\"target\":[\"https:\/\/www.rooderchina.com\/product\/electric-scooter-2000w-w7-with-19-inch-off-road-tires-golf-bag-holder-for-golf-cart-golf-course-club\/\"]}]},{\"@type\":\"BreadcrumbList\",\"@id\":\"https:\/\/www.rooderchina.com\/product\/electric-scooter-2000w-w7-with-19-inch-off-road-tires-golf-bag-holder-for-golf-cart-golf-course-club\/#breadcrumb\",\"itemListElement\":[{\"@type\":\"ListItem\",\"position\":1,\"name\":\"HOME\",\"item\":\"https:\/\/www.rooderchina.com\/\"},{\"@type\":\"ListItem\",\"position\":2,\"name\":\"Shop\",\"item\":\"https:\/\/www.rooderchina.com\/shop\/\"},{\"@type\":\"ListItem\",\"position\":3,\"name\":\"electric scooter 2000w w7 with 19 inch off road tires golf bag holder for golf cart golf course club\"}]},{\"@type\":\"WebSite\",\"@id\":\"https:\/\/www.rooderchina.com\/#website\",\"url\":\"https:\/\/www.rooderchina.com\/\",\"name\":\"Electric Scooters Bikes Citycoco Manufacturer\",\"description\":\"Rooder Technology Limited\",\"publisher\":{\"@id\":\"https:\/\/www.rooderchina.com\/#organization\"},\"potentialAction\":[{\"@type\":\"SearchAction\",\"target\":{\"@type\":\"EntryPoint\",\"urlTemplate\":\"https:\/\/www.rooderchina.com\/?s={search_term_string}\"},\"query-input\":\"required name=search_term_string\"}],\"inLanguage\":\"es-AR\"},{\"@type\":\"Organization\",\"@id\":\"https:\/\/www.rooderchina.com\/#organization\",\"name\":\"Electric Scooters Bikes Citycoco Manufacturer\",\"url\":\"https:\/\/www.rooderchina.com\/\",\"logo\":{\"@type\":\"ImageObject\",\"inLanguage\":\"es-AR\",\"@id\":\"https:\/\/www.rooderchina.com\/#\/schema\/logo\/image\/\",\"url\":\"https:\/\/www.rooderchina.com\/wp-content\/uploads\/2023\/12\/rooder2.jpg\",\"contentUrl\":\"https:\/\/www.rooderchina.com\/wp-content\/uploads\/2023\/12\/rooder2.jpg\",\"width\":1723,\"height\":1037,\"caption\":\"Electric Scooters Bikes Citycoco Manufacturer\"},\"image\":{\"@id\":\"https:\/\/www.rooderchina.com\/#\/schema\/logo\/image\/\"},\"sameAs\":[\"https:\/\/www.facebook.com\/rooder.tec\",\"https:\/\/twitter.com\/RooderTec\"]}]}<\/script>\n<!-- \/ Yoast SEO plugin. -->","yoast_head_json":{"title":"electric scooter 2000w w7 with 19 inch off road tires golf bag holder for golf cart golf course club - Electric Scooters Bikes Citycoco Manufacturer","robots":{"index":"index","follow":"follow","max-snippet":"max-snippet:-1","max-image-preview":"max-image-preview:large","max-video-preview":"max-video-preview:-1"},"canonical":"https:\/\/www.rooderchina.com\/es\/producto\/electric-scooter-2000w-w7-with-19-inch-off-road-tires-golf-bag-holder-for-golf-cart-golf-course-club\/","og_locale":"es_ES","og_type":"article","og_title":"electric scooter 2000w w7 with 19 inch off road tires golf bag holder for golf cart golf course club - Electric Scooters Bikes Citycoco Manufacturer","og_description":"Short Description: find high quality\u00a0off road e balance scooter, wholesale cheap price\u00a0off road e balance scooter from Rooder\u00a0off road e balance scooter manufacturer supplier factory exporter company golf bag holder, 19 inch tires, off road, 72v lithium battery, factory price    Brand: OEM\/ODM\/ROODER   Min.Order Quantity: 10 Piece\/Pieces   Supply Ability: 10000 Piece\/Pieces per Month   Port: Shenzhen   Payment Terms: T\/T, L\/C, D\/A, D\/P","og_url":"https:\/\/www.rooderchina.com\/es\/producto\/electric-scooter-2000w-w7-with-19-inch-off-road-tires-golf-bag-holder-for-golf-cart-golf-course-club\/","og_site_name":"Electric Scooters Bikes Citycoco Manufacturer","article_publisher":"https:\/\/www.facebook.com\/rooder.tec","article_modified_time":"2023-11-19T17:47:02+00:00","og_image":[{"width":750,"height":750,"url":"https:\/\/www.rooderchina.com\/wp-content\/uploads\/2023\/11\/79c78776.jpg","type":"image\/jpeg"}],"twitter_card":"summary_large_image","twitter_site":"@RooderTec","twitter_misc":{"Tiempo de lectura":"1 minuto"},"schema":{"@context":"https:\/\/schema.org","@graph":[{"@type":"WebPage","@id":"https:\/\/www.rooderchina.com\/product\/electric-scooter-2000w-w7-with-19-inch-off-road-tires-golf-bag-holder-for-golf-cart-golf-course-club\/","url":"https:\/\/www.rooderchina.com\/product\/electric-scooter-2000w-w7-with-19-inch-off-road-tires-golf-bag-holder-for-golf-cart-golf-course-club\/","name":"electric scooter 2000w w7 with 19 inch off road tires golf bag holder for golf cart golf course club - Electric Scooters Bikes Citycoco Manufacturer","isPartOf":{"@id":"https:\/\/www.rooderchina.com\/#website"},"datePublished":"2023-11-11T10:35:38+00:00","dateModified":"2023-11-19T17:47:02+00:00","breadcrumb":{"@id":"https:\/\/www.rooderchina.com\/product\/electric-scooter-2000w-w7-with-19-inch-off-road-tires-golf-bag-holder-for-golf-cart-golf-course-club\/#breadcrumb"},"inLanguage":"es-AR","potentialAction":[{"@type":"ReadAction","target":["https:\/\/www.rooderchina.com\/product\/electric-scooter-2000w-w7-with-19-inch-off-road-tires-golf-bag-holder-for-golf-cart-golf-course-club\/"]}]},{"@type":"BreadcrumbList","@id":"https:\/\/www.rooderchina.com\/product\/electric-scooter-2000w-w7-with-19-inch-off-road-tires-golf-bag-holder-for-golf-cart-golf-course-club\/#breadcrumb","itemListElement":[{"@type":"ListItem","position":1,"name":"HOME","item":"https:\/\/www.rooderchina.com\/"},{"@type":"ListItem","position":2,"name":"Shop","item":"https:\/\/www.rooderchina.com\/shop\/"},{"@type":"ListItem","position":3,"name":"electric scooter 2000w w7 with 19 inch off road tires golf bag holder for golf cart golf course club"}]},{"@type":"WebSite","@id":"https:\/\/www.rooderchina.com\/#website","url":"https:\/\/www.rooderchina.com\/","name":"Electric Scooters Bikes Citycoco Manufacturer","description":"Rooder Technology Limited","publisher":{"@id":"https:\/\/www.rooderchina.com\/#organization"},"potentialAction":[{"@type":"SearchAction","target":{"@type":"EntryPoint","urlTemplate":"https:\/\/www.rooderchina.com\/?s={search_term_string}"},"query-input":"required name=search_term_string"}],"inLanguage":"es-AR"},{"@type":"Organization","@id":"https:\/\/www.rooderchina.com\/#organization","name":"Electric Scooters Bikes Citycoco Manufacturer","url":"https:\/\/www.rooderchina.com\/","logo":{"@type":"ImageObject","inLanguage":"es-AR","@id":"https:\/\/www.rooderchina.com\/#\/schema\/logo\/image\/","url":"https:\/\/www.rooderchina.com\/wp-content\/uploads\/2023\/12\/rooder2.jpg","contentUrl":"https:\/\/www.rooderchina.com\/wp-content\/uploads\/2023\/12\/rooder2.jpg","width":1723,"height":1037,"caption":"Electric Scooters Bikes Citycoco Manufacturer"},"image":{"@id":"https:\/\/www.rooderchina.com\/#\/schema\/logo\/image\/"},"sameAs":["https:\/\/www.facebook.com\/rooder.tec","https:\/\/twitter.com\/RooderTec"]}]}},"_links":{"self":[{"href":"https:\/\/www.rooderchina.com\/es\/wp-json\/wp\/v2\/product\/9337","targetHints":{"allow":["GET"]}}],"collection":[{"href":"https:\/\/www.rooderchina.com\/es\/wp-json\/wp\/v2\/product"}],"about":[{"href":"https:\/\/www.rooderchina.com\/es\/wp-json\/wp\/v2\/types\/product"}],"replies":[{"embeddable":true,"href":"https:\/\/www.rooderchina.com\/es\/wp-json\/wp\/v2\/comments?post=9337"}],"version-history":[{"count":1,"href":"https:\/\/www.rooderchina.com\/es\/wp-json\/wp\/v2\/product\/9337\/revisions"}],"predecessor-version":[{"id":9338,"href":"https:\/\/www.rooderchina.com\/es\/wp-json\/wp\/v2\/product\/9337\/revisions\/9338"}],"wp:featuredmedia":[{"embeddable":true,"href":"https:\/\/www.rooderchina.com\/es\/wp-json\/wp\/v2\/media\/9339"}],"wp:attachment":[{"href":"https:\/\/www.rooderchina.com\/es\/wp-json\/wp\/v2\/media?parent=9337"}],"wp:term":[{"taxonomy":"product_brand","embeddable":true,"href":"https:\/\/www.rooderchina.com\/es\/wp-json\/wp\/v2\/product_brand?post=9337"},{"taxonomy":"product_cat","embeddable":true,"href":"https:\/\/www.rooderchina.com\/es\/wp-json\/wp\/v2\/product_cat?post=9337"},{"taxonomy":"product_tag","embeddable":true,"href":"https:\/\/www.rooderchina.com\/es\/wp-json\/wp\/v2\/product_tag?post=9337"}],"curies":[{"name":"wp","href":"https:\/\/api.w.org\/{rel}","templated":true}]}}