{"id":9327,"date":"2023-11-11T18:35:38","date_gmt":"2023-11-11T10:35:38","guid":{"rendered":"http:\/\/www.rooderchina.com\/index.php\/product\/two-wheel-self-balancing-scooter-patrollers-with-19-inch-tires-side-boxes-lithium-battery-for-security\/"},"modified":"2023-11-20T01:48:40","modified_gmt":"2023-11-19T17:48:40","slug":"two-wheel-self-balancing-scooter-patrollers-with-19-inch-tires-side-boxes-lithium-battery-for-security","status":"publish","type":"product","link":"https:\/\/www.rooderchina.com\/es\/producto\/two-wheel-self-balancing-scooter-patrollers-with-19-inch-tires-side-boxes-lithium-battery-for-security\/","title":{"rendered":"patinete de dos ruedas autoequilibrante con neum\u00e1ticos de 19 pulgadas cajas laterales bater\u00eda de litio para seguridad"},"content":{"rendered":"<p>Our development team consists of more than 10 engineers with extensive knowledge of scooters, electronics, mechanics, thermal behavior and optics. Two of them have more than 10 years&#8217; experience.<\/p>\n<p>We have achieved ISO9001:2008 certificate. We embedded strict regulations for product design, processing and tooling design, material inspection, on-site inspection, manufacturing, spot check and so on in our daily behavior.<\/p>\n<p>Welcome to Rooder, Rooder will be your right partner. Let us cooperate.<\/p>\n<p><strong><a href=\"https:\/\/www.rooderchina.com\/es\/tag\/two-wheel-self-balancing\/\" title=\"View all posts in two wheel self balancing\" target=\"_blank\" rel=\"noopener\">two wheel self balancing<\/a> <a href=\"https:\/\/www.rooderchina.com\/es\/tag\/scooter-patrollers\/\" title=\"View all posts in scooter patrollers\" target=\"_blank\" rel=\"noopener\">scooter patrollers<\/a> with 19 inch tires side boxes lithium battery for security from scooter patrollers China factory exporter company<\/strong><\/p>\n<\/p>\n<p>model: w7-patroller<br \/>\npeso neto 46 kg<br \/>\ndimensiones 85 (l)x 45 (w) x 122 (h)cm<br \/>\nvelocidad m\u00e1xima 20 km\/h<br \/>\ncarga m\u00e1xima 200 kg<br \/>\nAlcance m\u00e1ximo: 35-40 km<br \/>\ncapacidad m\u00e1xima de ascenso 30 grados<br \/>\nradio de giro m\u00ednimo 0<br \/>\ntiempo de carga completa: 3h<br \/>\nrechargeable &amp; removable lithium battery<br \/>\nbattery 72v8.7ah panisonic, full charger: 84v<br \/>\nmotor cepillo el\u00e9ctrico<br \/>\ntensi\u00f3n 100 v-240 v, 50\/60hz<br \/>\npotencia m\u00e1xima: 4000 vatios (2*2000w\/pc)<br \/>\nvida \u00fatil de la bater\u00eda superior a 5 a\u00f1os<br \/>\nneum\u00e1tico 19in vacuum<br \/>\nrueda 7in (llanta de aluminio)<br \/>\naltura del mango 80-130cm ajustable<br \/>\npresi\u00f3n est\u00e1ndar 150 kpa<br \/>\nindicador de bater\u00eda\/voltaje\/velocidad\/hora\/kilometraje<br \/>\nluces led<\/p>","protected":false},"excerpt":{"rendered":"<h3>Breve descripci\u00f3n:<\/h3>\n<p><p>encontrar alta calidad scooter patrulleros, venta al por mayor bajo precio scooter patrulleros de Rooder scooter patrulleros f\u00e1brica proveedor exportador empresa fabricante<\/p>\n<p>Neum\u00e1ticos de 19 pulgadas,<br \/>\nruedas todoterreno,<br \/>\nbater\u00eda de litio,<br \/>\ncajas laterales,<br \/>\nprecio de f\u00e1brica,<br \/>\npor seguridad<\/p>\n<\/p>\n<p><\/p>\n<li><em>Marca: <\/em> OEM\/ODM\/RODER<\/li>\n<li><em>Cantidad m\u00ednima de pedido: <\/em> 10 piezas\/piezas<\/li>\n<li><em>Capacidad de suministro: <\/em> 10000 piezas por mes<\/li>\n<li><em>Puerto: <\/em> Shenzhen<\/li>\n<li><em>Condiciones de pago: <\/em> T\/T, L\/C, D\/A, D\/P<\/li>","protected":false},"featured_media":9329,"comment_status":"closed","ping_status":"closed","template":"","meta":[],"product_brand":[],"product_cat":[556],"product_tag":[645,646,647,648,649,650,651,652,653,654,655,656,657,658,659,660],"class_list":{"0":"post-9327","1":"product","2":"type-product","3":"status-publish","4":"has-post-thumbnail","6":"product_cat-others","7":"product_tag-10-inch-self-balancing-scooter","8":"product_tag-2-wheel-self-balancing-electric-mobility-scooter-in-dubai","9":"product_tag-6-5-inch-hover-board","10":"product_tag-cheap-2-wheel-hoverboard","11":"product_tag-electric-hover-board","12":"product_tag-electric-skateboard","13":"product_tag-electric-skateboard-two-wheels","14":"product_tag-scooter-electric-2-wheel","15":"product_tag-scooter-hoverboard","16":"product_tag-scooter-patrollers","17":"product_tag-self-balancing-electric-skateboard","18":"product_tag-self-balancing-scooter-2-get-1-free","19":"product_tag-self-balancing-scooter-hover-board","20":"product_tag-smart-two-wheels-self-balancing-electric-skateboard","21":"product_tag-two-wheel-self-balancing","22":"product_tag-two-wheels-self-balancing-scooter-hover-board","24":"first","25":"instock","26":"product-type-simple"},"yoast_head":"<!-- This site is optimized with the Yoast SEO plugin v21.7 - https:\/\/yoast.com\/wordpress\/plugins\/seo\/ -->\n<title>two wheel self balancing scooter patrollers with 19 inch tires side boxes lithium battery for security - Electric Scooters Bikes Citycoco Manufacturer<\/title>\n<meta name=\"robots\" content=\"index, follow, max-snippet:-1, max-image-preview:large, max-video-preview:-1\" \/>\n<link rel=\"canonical\" href=\"https:\/\/www.rooderchina.com\/es\/producto\/two-wheel-self-balancing-scooter-patrollers-with-19-inch-tires-side-boxes-lithium-battery-for-security\/\" \/>\n<meta property=\"og:locale\" content=\"es_ES\" \/>\n<meta property=\"og:type\" content=\"article\" \/>\n<meta property=\"og:title\" content=\"two wheel self balancing scooter patrollers with 19 inch tires side boxes lithium battery for security - Electric Scooters Bikes Citycoco Manufacturer\" \/>\n<meta property=\"og:description\" content=\"Short Description: find high quality\u00a0scooter patrollers, wholesale low price\u00a0scooter patrollers from Rooder\u00a0scooter patrollers factory supplier exporter company manufacturer 19 inch tires, off road wheels, lithium battery, side boxes, factory price, for security    Brand: OEM\/ODM\/ROODER   Min.Order Quantity: 10 Piece\/Pieces   Supply Ability: 10000 Piece\/Pieces per Month   Port: Shenzhen   Payment Terms: T\/T, L\/C, D\/A, D\/P\" \/>\n<meta property=\"og:url\" content=\"https:\/\/www.rooderchina.com\/es\/producto\/two-wheel-self-balancing-scooter-patrollers-with-19-inch-tires-side-boxes-lithium-battery-for-security\/\" \/>\n<meta property=\"og:site_name\" content=\"Electric Scooters Bikes Citycoco Manufacturer\" \/>\n<meta property=\"article:publisher\" content=\"https:\/\/www.facebook.com\/rooder.tec\" \/>\n<meta property=\"article:modified_time\" content=\"2023-11-19T17:48:40+00:00\" \/>\n<meta property=\"og:image\" content=\"https:\/\/www.rooderchina.com\/wp-content\/uploads\/2023\/11\/ba1b6806.jpg\" \/>\n\t<meta property=\"og:image:width\" content=\"750\" \/>\n\t<meta property=\"og:image:height\" content=\"750\" \/>\n\t<meta property=\"og:image:type\" content=\"image\/jpeg\" \/>\n<meta name=\"twitter:card\" content=\"summary_large_image\" \/>\n<meta name=\"twitter:site\" content=\"@RooderTec\" \/>\n<meta name=\"twitter:label1\" content=\"Tiempo de lectura\" \/>\n\t<meta name=\"twitter:data1\" content=\"1 minuto\" \/>\n<script type=\"application\/ld+json\" class=\"yoast-schema-graph\">{\"@context\":\"https:\/\/schema.org\",\"@graph\":[{\"@type\":\"WebPage\",\"@id\":\"https:\/\/www.rooderchina.com\/product\/two-wheel-self-balancing-scooter-patrollers-with-19-inch-tires-side-boxes-lithium-battery-for-security\/\",\"url\":\"https:\/\/www.rooderchina.com\/product\/two-wheel-self-balancing-scooter-patrollers-with-19-inch-tires-side-boxes-lithium-battery-for-security\/\",\"name\":\"two wheel self balancing scooter patrollers with 19 inch tires side boxes lithium battery for security - Electric Scooters Bikes Citycoco Manufacturer\",\"isPartOf\":{\"@id\":\"https:\/\/www.rooderchina.com\/#website\"},\"datePublished\":\"2023-11-11T10:35:38+00:00\",\"dateModified\":\"2023-11-19T17:48:40+00:00\",\"breadcrumb\":{\"@id\":\"https:\/\/www.rooderchina.com\/product\/two-wheel-self-balancing-scooter-patrollers-with-19-inch-tires-side-boxes-lithium-battery-for-security\/#breadcrumb\"},\"inLanguage\":\"es-AR\",\"potentialAction\":[{\"@type\":\"ReadAction\",\"target\":[\"https:\/\/www.rooderchina.com\/product\/two-wheel-self-balancing-scooter-patrollers-with-19-inch-tires-side-boxes-lithium-battery-for-security\/\"]}]},{\"@type\":\"BreadcrumbList\",\"@id\":\"https:\/\/www.rooderchina.com\/product\/two-wheel-self-balancing-scooter-patrollers-with-19-inch-tires-side-boxes-lithium-battery-for-security\/#breadcrumb\",\"itemListElement\":[{\"@type\":\"ListItem\",\"position\":1,\"name\":\"HOME\",\"item\":\"https:\/\/www.rooderchina.com\/\"},{\"@type\":\"ListItem\",\"position\":2,\"name\":\"Shop\",\"item\":\"https:\/\/www.rooderchina.com\/shop\/\"},{\"@type\":\"ListItem\",\"position\":3,\"name\":\"two wheel self balancing scooter patrollers with 19 inch tires side boxes lithium battery for security\"}]},{\"@type\":\"WebSite\",\"@id\":\"https:\/\/www.rooderchina.com\/#website\",\"url\":\"https:\/\/www.rooderchina.com\/\",\"name\":\"Electric Scooters Bikes Citycoco Manufacturer\",\"description\":\"Rooder Technology Limited\",\"publisher\":{\"@id\":\"https:\/\/www.rooderchina.com\/#organization\"},\"potentialAction\":[{\"@type\":\"SearchAction\",\"target\":{\"@type\":\"EntryPoint\",\"urlTemplate\":\"https:\/\/www.rooderchina.com\/?s={search_term_string}\"},\"query-input\":\"required name=search_term_string\"}],\"inLanguage\":\"es-AR\"},{\"@type\":\"Organization\",\"@id\":\"https:\/\/www.rooderchina.com\/#organization\",\"name\":\"Electric Scooters Bikes Citycoco Manufacturer\",\"url\":\"https:\/\/www.rooderchina.com\/\",\"logo\":{\"@type\":\"ImageObject\",\"inLanguage\":\"es-AR\",\"@id\":\"https:\/\/www.rooderchina.com\/#\/schema\/logo\/image\/\",\"url\":\"https:\/\/www.rooderchina.com\/wp-content\/uploads\/2023\/12\/rooder2.jpg\",\"contentUrl\":\"https:\/\/www.rooderchina.com\/wp-content\/uploads\/2023\/12\/rooder2.jpg\",\"width\":1723,\"height\":1037,\"caption\":\"Electric Scooters Bikes Citycoco Manufacturer\"},\"image\":{\"@id\":\"https:\/\/www.rooderchina.com\/#\/schema\/logo\/image\/\"},\"sameAs\":[\"https:\/\/www.facebook.com\/rooder.tec\",\"https:\/\/twitter.com\/RooderTec\"]}]}<\/script>\n<!-- \/ Yoast SEO plugin. -->","yoast_head_json":{"title":"two wheel self balancing scooter patrollers with 19 inch tires side boxes lithium battery for security - Electric Scooters Bikes Citycoco Manufacturer","robots":{"index":"index","follow":"follow","max-snippet":"max-snippet:-1","max-image-preview":"max-image-preview:large","max-video-preview":"max-video-preview:-1"},"canonical":"https:\/\/www.rooderchina.com\/es\/producto\/two-wheel-self-balancing-scooter-patrollers-with-19-inch-tires-side-boxes-lithium-battery-for-security\/","og_locale":"es_ES","og_type":"article","og_title":"two wheel self balancing scooter patrollers with 19 inch tires side boxes lithium battery for security - Electric Scooters Bikes Citycoco Manufacturer","og_description":"Short Description: find high quality\u00a0scooter patrollers, wholesale low price\u00a0scooter patrollers from Rooder\u00a0scooter patrollers factory supplier exporter company manufacturer 19 inch tires, off road wheels, lithium battery, side boxes, factory price, for security    Brand: OEM\/ODM\/ROODER   Min.Order Quantity: 10 Piece\/Pieces   Supply Ability: 10000 Piece\/Pieces per Month   Port: Shenzhen   Payment Terms: T\/T, L\/C, D\/A, D\/P","og_url":"https:\/\/www.rooderchina.com\/es\/producto\/two-wheel-self-balancing-scooter-patrollers-with-19-inch-tires-side-boxes-lithium-battery-for-security\/","og_site_name":"Electric Scooters Bikes Citycoco Manufacturer","article_publisher":"https:\/\/www.facebook.com\/rooder.tec","article_modified_time":"2023-11-19T17:48:40+00:00","og_image":[{"width":750,"height":750,"url":"https:\/\/www.rooderchina.com\/wp-content\/uploads\/2023\/11\/ba1b6806.jpg","type":"image\/jpeg"}],"twitter_card":"summary_large_image","twitter_site":"@RooderTec","twitter_misc":{"Tiempo de lectura":"1 minuto"},"schema":{"@context":"https:\/\/schema.org","@graph":[{"@type":"WebPage","@id":"https:\/\/www.rooderchina.com\/product\/two-wheel-self-balancing-scooter-patrollers-with-19-inch-tires-side-boxes-lithium-battery-for-security\/","url":"https:\/\/www.rooderchina.com\/product\/two-wheel-self-balancing-scooter-patrollers-with-19-inch-tires-side-boxes-lithium-battery-for-security\/","name":"two wheel self balancing scooter patrollers with 19 inch tires side boxes lithium battery for security - Electric Scooters Bikes Citycoco Manufacturer","isPartOf":{"@id":"https:\/\/www.rooderchina.com\/#website"},"datePublished":"2023-11-11T10:35:38+00:00","dateModified":"2023-11-19T17:48:40+00:00","breadcrumb":{"@id":"https:\/\/www.rooderchina.com\/product\/two-wheel-self-balancing-scooter-patrollers-with-19-inch-tires-side-boxes-lithium-battery-for-security\/#breadcrumb"},"inLanguage":"es-AR","potentialAction":[{"@type":"ReadAction","target":["https:\/\/www.rooderchina.com\/product\/two-wheel-self-balancing-scooter-patrollers-with-19-inch-tires-side-boxes-lithium-battery-for-security\/"]}]},{"@type":"BreadcrumbList","@id":"https:\/\/www.rooderchina.com\/product\/two-wheel-self-balancing-scooter-patrollers-with-19-inch-tires-side-boxes-lithium-battery-for-security\/#breadcrumb","itemListElement":[{"@type":"ListItem","position":1,"name":"HOME","item":"https:\/\/www.rooderchina.com\/"},{"@type":"ListItem","position":2,"name":"Shop","item":"https:\/\/www.rooderchina.com\/shop\/"},{"@type":"ListItem","position":3,"name":"two wheel self balancing scooter patrollers with 19 inch tires side boxes lithium battery for security"}]},{"@type":"WebSite","@id":"https:\/\/www.rooderchina.com\/#website","url":"https:\/\/www.rooderchina.com\/","name":"Electric Scooters Bikes Citycoco Manufacturer","description":"Rooder Technology Limited","publisher":{"@id":"https:\/\/www.rooderchina.com\/#organization"},"potentialAction":[{"@type":"SearchAction","target":{"@type":"EntryPoint","urlTemplate":"https:\/\/www.rooderchina.com\/?s={search_term_string}"},"query-input":"required name=search_term_string"}],"inLanguage":"es-AR"},{"@type":"Organization","@id":"https:\/\/www.rooderchina.com\/#organization","name":"Electric Scooters Bikes Citycoco Manufacturer","url":"https:\/\/www.rooderchina.com\/","logo":{"@type":"ImageObject","inLanguage":"es-AR","@id":"https:\/\/www.rooderchina.com\/#\/schema\/logo\/image\/","url":"https:\/\/www.rooderchina.com\/wp-content\/uploads\/2023\/12\/rooder2.jpg","contentUrl":"https:\/\/www.rooderchina.com\/wp-content\/uploads\/2023\/12\/rooder2.jpg","width":1723,"height":1037,"caption":"Electric Scooters Bikes Citycoco Manufacturer"},"image":{"@id":"https:\/\/www.rooderchina.com\/#\/schema\/logo\/image\/"},"sameAs":["https:\/\/www.facebook.com\/rooder.tec","https:\/\/twitter.com\/RooderTec"]}]}},"_links":{"self":[{"href":"https:\/\/www.rooderchina.com\/es\/wp-json\/wp\/v2\/product\/9327","targetHints":{"allow":["GET"]}}],"collection":[{"href":"https:\/\/www.rooderchina.com\/es\/wp-json\/wp\/v2\/product"}],"about":[{"href":"https:\/\/www.rooderchina.com\/es\/wp-json\/wp\/v2\/types\/product"}],"replies":[{"embeddable":true,"href":"https:\/\/www.rooderchina.com\/es\/wp-json\/wp\/v2\/comments?post=9327"}],"version-history":[{"count":1,"href":"https:\/\/www.rooderchina.com\/es\/wp-json\/wp\/v2\/product\/9327\/revisions"}],"predecessor-version":[{"id":9328,"href":"https:\/\/www.rooderchina.com\/es\/wp-json\/wp\/v2\/product\/9327\/revisions\/9328"}],"wp:featuredmedia":[{"embeddable":true,"href":"https:\/\/www.rooderchina.com\/es\/wp-json\/wp\/v2\/media\/9329"}],"wp:attachment":[{"href":"https:\/\/www.rooderchina.com\/es\/wp-json\/wp\/v2\/media?parent=9327"}],"wp:term":[{"taxonomy":"product_brand","embeddable":true,"href":"https:\/\/www.rooderchina.com\/es\/wp-json\/wp\/v2\/product_brand?post=9327"},{"taxonomy":"product_cat","embeddable":true,"href":"https:\/\/www.rooderchina.com\/es\/wp-json\/wp\/v2\/product_cat?post=9327"},{"taxonomy":"product_tag","embeddable":true,"href":"https:\/\/www.rooderchina.com\/es\/wp-json\/wp\/v2\/product_tag?post=9327"}],"curies":[{"name":"wp","href":"https:\/\/api.w.org\/{rel}","templated":true}]}}