{"id":9180,"date":"2023-11-11T18:33:51","date_gmt":"2023-11-11T10:33:51","guid":{"rendered":"http:\/\/www.rooderchina.com\/index.php\/product\/1200w-electric-battery-powered-motorcycle-citycoco-harley-r804e-with-eec-front-lamp-rear-turn-brake-light-license-plate-lamp-rearview-mirrors-kickstand-and-dashboard\/"},"modified":"2023-11-11T18:34:36","modified_gmt":"2023-11-11T10:34:36","slug":"1200w-electric-battery-powered-motorcycle-citycoco-harley-r804e-with-eec-front-lamp-rear-turn-brake-light-license-plate-lamp-rearview-mirrors-kickstand-and-dashboard","status":"publish","type":"product","link":"https:\/\/www.rooderchina.com\/es\/producto\/1200w-electric-battery-powered-motorcycle-citycoco-harley-r804e-with-eec-front-lamp-rear-turn-brake-light-license-plate-lamp-rearview-mirrors-kickstand-and-dashboard\/","title":{"rendered":"1200w el\u00e9ctrico con bater\u00eda de la motocicleta citycoco harley r804e con eec luz delantera luz trasera de giro luz de freno luz de matr\u00edcula espejos retrovisores pata de cabra y el salpicadero"},"content":{"rendered":"<p>Shenzhen Rooder Technology Co., Ltd. is specialized in designing and producing Electric Scooter Balance Citycoco, 2 Wheel Motorcycle, Electric Motorcycle and electric Bike etc.<\/p>\n<p>We have professional R&amp;D department and quality-control department. We operate under the strict ISO9001: 2000 Quality Management System. Our factory has obtained several unique patents and most of our products have passed FCC, RoHS and CE certifications. Our major markets are the Sweden, Hungary, Romania, German, France, Italy, Poland, the Netherlands, Spain, Finland, Turkey, Russia, Norway, Israel, Australia, Meanwhile we also sell our products to America, Korea, Japan, Hong Kong, Taiwan, India and the Middle east, etc&#8230;<\/p>\n<\/p>\n<p>&nbsp;<\/p>\n<p>&nbsp;<\/p>\n<p>max speed: 40km\/hr<br \/>\nrange (per charge): 35-70km<br \/>\nmax angle scope: 20\u00b0<br \/>\nnet weight: 65kg<br \/>\ngross weight: 71kg<br \/>\nmax load: 150kg<br \/>\nmotor power: 1200w brushless motor<br \/>\nbattery capacity: 60v 12-20ah<br \/>\nbattery: removable lithium battery<br \/>\ncharging time: 4-6 hours<br \/>\ntyre size: 12 inch aluminum tires<br \/>\ndamper: front shock absorber<br \/>\nsize of whole car: 175*78.4*70cm<br \/>\ncarton size :167*36*80cm<br \/>\nframe color: black\/white<br \/>\nfender color: black\/white\/orange\/purple\/red\/blue<br \/>\nadditional: front lamp,rear lamp,brake lamp,license plate lamp,turn lamp,rearview mirror,kickstand,dashboard<\/p>\n<\/p>\n<p>&nbsp;<\/p>\n<p>1200w electric battery powered motorcycle citycoco harley r804e with eec\u00a0 front lamp rear turn brake light license plate lamp rearview mirrors kickstand and dashboard<\/p><\/p>","protected":false},"excerpt":{"rendered":"<h3>Breve descripci\u00f3n:<\/h3>\n<p><p>encontrar barato y de alta calidad 1200w bater\u00eda el\u00e9ctrica de la motocicleta, citycoco harley scooter el\u00e9ctrico con eec, venta al por mayor de bajo precio para adultos motocicleta el\u00e9ctrica de la bicicleta el\u00e9ctrica proveedor Rooder Technology Limited<\/p>\n<p>eec: s\u00ed,<br \/>\ncoc: no,<br \/>\nluz delantera: s\u00ed,<br \/>\nluz trasera: s\u00ed,<br \/>\nluz de freno: s\u00ed,<br \/>\nluz de giro: s\u00ed,<br \/>\nluz de matr\u00edcula: s\u00ed<br \/>\nespejos retrovisores: s\u00ed<br \/>\npata de cabra: s\u00ed<br \/>\nsalpicadero: s\u00ed<\/p>\n<\/p>\n<p><\/p>\n<li><em>Marca: <\/em> OEM\/ODM\/RODER<\/li>\n<li><em>Cantidad m\u00ednima de pedido: <\/em> 10 piezas\/piezas<\/li>\n<li><em>Capacidad de suministro: <\/em> 10000 piezas por mes<\/li>\n<li><em>Puerto: <\/em> Shenzhen<\/li>\n<li><em>Condiciones de pago: <\/em> T\/T, L\/C, D\/A, D\/P<\/li>","protected":false},"featured_media":9182,"comment_status":"closed","ping_status":"open","template":"","meta":[],"product_brand":[],"product_cat":[464],"product_tag":[532,533,534,535,524,536,537,538,516,539,540,541,542,543,544],"class_list":{"0":"post-9180","1":"product","2":"type-product","3":"status-publish","4":"has-post-thumbnail","6":"product_cat-citycoco-choppers","7":"product_tag-1000w-electric-battery-powered-motorcycle","8":"product_tag-2-wheel-citycoco-electric-scooter","9":"product_tag-2-wheel-motorcycle","10":"product_tag-2-wheel-seev-citycoco-electric-scooter","11":"product_tag-adult-electric-motorcycle","12":"product_tag-adult-electric-scooters","13":"product_tag-citycoco-eec-coc","14":"product_tag-electric-bike","15":"product_tag-electric-motorcycle","16":"product_tag-electric-scooter-1200w","17":"product_tag-electric-scooter-balance-citycoco","18":"product_tag-electric-scooter-for-adults","19":"product_tag-harley-electric-scooter-factory","20":"product_tag-harley-motorbicycle","21":"product_tag-harleying-electric-scooter","23":"first","24":"instock","25":"product-type-simple"},"yoast_head":"<!-- This site is optimized with the Yoast SEO plugin v21.7 - https:\/\/yoast.com\/wordpress\/plugins\/seo\/ -->\n<title>1200w electric battery powered motorcycle citycoco harley r804e with eec front lamp rear turn brake light license plate lamp rearview mirrors kickstand and dashboard - Electric Scooters Bikes Citycoco Manufacturer<\/title>\n<meta name=\"robots\" content=\"index, follow, max-snippet:-1, max-image-preview:large, max-video-preview:-1\" \/>\n<link rel=\"canonical\" href=\"https:\/\/www.rooderchina.com\/es\/producto\/1200w-electric-battery-powered-motorcycle-citycoco-harley-r804e-with-eec-front-lamp-rear-turn-brake-light-license-plate-lamp-rearview-mirrors-kickstand-and-dashboard\/\" \/>\n<meta property=\"og:locale\" content=\"es_ES\" \/>\n<meta property=\"og:type\" content=\"article\" \/>\n<meta property=\"og:title\" content=\"1200w electric battery powered motorcycle citycoco harley r804e with eec front lamp rear turn brake light license plate lamp rearview mirrors kickstand and dashboard - Electric Scooters Bikes Citycoco Manufacturer\" \/>\n<meta property=\"og:description\" content=\"Short Description: find cheap and high quality\u00a01200w electric battery powered motorcycle, citycoco harley electric scooter with eec, wholesale low price\u00a0adult electric motorcycle from electrical bike supplier Rooder Technology Limited eec: yes, coc: no, front lamp: yes, rear lamp: yes, brake lamp: yes, turn lamp: yes, license plate light: yes rearview mirrors: yes kickstand: yes dashboard: yes    Brand: OEM\/ODM\/ROODER   Min.Order Quantity: 10 Piece\/Pieces   Supply Ability: 10000 Piece\/Pieces per Month   Port: Shenzhen   Payment Terms: T\/T, L\/C, D\/A, D\/P\" \/>\n<meta property=\"og:url\" content=\"https:\/\/www.rooderchina.com\/es\/producto\/1200w-electric-battery-powered-motorcycle-citycoco-harley-r804e-with-eec-front-lamp-rear-turn-brake-light-license-plate-lamp-rearview-mirrors-kickstand-and-dashboard\/\" \/>\n<meta property=\"og:site_name\" content=\"Electric Scooters Bikes Citycoco Manufacturer\" \/>\n<meta property=\"article:publisher\" content=\"https:\/\/www.facebook.com\/rooder.tec\" \/>\n<meta property=\"article:modified_time\" content=\"2023-11-11T10:34:36+00:00\" \/>\n<meta property=\"og:image\" content=\"https:\/\/www.rooderchina.com\/wp-content\/uploads\/2023\/11\/13ec7395.jpg\" \/>\n\t<meta property=\"og:image:width\" content=\"750\" \/>\n\t<meta property=\"og:image:height\" content=\"750\" \/>\n\t<meta property=\"og:image:type\" content=\"image\/jpeg\" \/>\n<meta name=\"twitter:card\" content=\"summary_large_image\" \/>\n<meta name=\"twitter:site\" content=\"@RooderTec\" \/>\n<meta name=\"twitter:label1\" content=\"Tiempo de lectura\" \/>\n\t<meta name=\"twitter:data1\" content=\"1 minuto\" \/>\n<script type=\"application\/ld+json\" class=\"yoast-schema-graph\">{\"@context\":\"https:\/\/schema.org\",\"@graph\":[{\"@type\":\"WebPage\",\"@id\":\"https:\/\/www.rooderchina.com\/product\/1200w-electric-battery-powered-motorcycle-citycoco-harley-r804e-with-eec-front-lamp-rear-turn-brake-light-license-plate-lamp-rearview-mirrors-kickstand-and-dashboard\/\",\"url\":\"https:\/\/www.rooderchina.com\/product\/1200w-electric-battery-powered-motorcycle-citycoco-harley-r804e-with-eec-front-lamp-rear-turn-brake-light-license-plate-lamp-rearview-mirrors-kickstand-and-dashboard\/\",\"name\":\"1200w electric battery powered motorcycle citycoco harley r804e with eec front lamp rear turn brake light license plate lamp rearview mirrors kickstand and dashboard - Electric Scooters Bikes Citycoco Manufacturer\",\"isPartOf\":{\"@id\":\"https:\/\/www.rooderchina.com\/#website\"},\"datePublished\":\"2023-11-11T10:33:51+00:00\",\"dateModified\":\"2023-11-11T10:34:36+00:00\",\"breadcrumb\":{\"@id\":\"https:\/\/www.rooderchina.com\/product\/1200w-electric-battery-powered-motorcycle-citycoco-harley-r804e-with-eec-front-lamp-rear-turn-brake-light-license-plate-lamp-rearview-mirrors-kickstand-and-dashboard\/#breadcrumb\"},\"inLanguage\":\"es-AR\",\"potentialAction\":[{\"@type\":\"ReadAction\",\"target\":[\"https:\/\/www.rooderchina.com\/product\/1200w-electric-battery-powered-motorcycle-citycoco-harley-r804e-with-eec-front-lamp-rear-turn-brake-light-license-plate-lamp-rearview-mirrors-kickstand-and-dashboard\/\"]}]},{\"@type\":\"BreadcrumbList\",\"@id\":\"https:\/\/www.rooderchina.com\/product\/1200w-electric-battery-powered-motorcycle-citycoco-harley-r804e-with-eec-front-lamp-rear-turn-brake-light-license-plate-lamp-rearview-mirrors-kickstand-and-dashboard\/#breadcrumb\",\"itemListElement\":[{\"@type\":\"ListItem\",\"position\":1,\"name\":\"HOME\",\"item\":\"https:\/\/www.rooderchina.com\/\"},{\"@type\":\"ListItem\",\"position\":2,\"name\":\"Shop\",\"item\":\"https:\/\/www.rooderchina.com\/shop\/\"},{\"@type\":\"ListItem\",\"position\":3,\"name\":\"1200w electric battery powered motorcycle citycoco harley r804e with eec front lamp rear turn brake light license plate lamp rearview mirrors kickstand and dashboard\"}]},{\"@type\":\"WebSite\",\"@id\":\"https:\/\/www.rooderchina.com\/#website\",\"url\":\"https:\/\/www.rooderchina.com\/\",\"name\":\"Electric Scooters Bikes Citycoco Manufacturer\",\"description\":\"Rooder Technology Limited\",\"publisher\":{\"@id\":\"https:\/\/www.rooderchina.com\/#organization\"},\"potentialAction\":[{\"@type\":\"SearchAction\",\"target\":{\"@type\":\"EntryPoint\",\"urlTemplate\":\"https:\/\/www.rooderchina.com\/?s={search_term_string}\"},\"query-input\":\"required name=search_term_string\"}],\"inLanguage\":\"es-AR\"},{\"@type\":\"Organization\",\"@id\":\"https:\/\/www.rooderchina.com\/#organization\",\"name\":\"Electric Scooters Bikes Citycoco Manufacturer\",\"url\":\"https:\/\/www.rooderchina.com\/\",\"logo\":{\"@type\":\"ImageObject\",\"inLanguage\":\"es-AR\",\"@id\":\"https:\/\/www.rooderchina.com\/#\/schema\/logo\/image\/\",\"url\":\"https:\/\/www.rooderchina.com\/wp-content\/uploads\/2023\/12\/rooder2.jpg\",\"contentUrl\":\"https:\/\/www.rooderchina.com\/wp-content\/uploads\/2023\/12\/rooder2.jpg\",\"width\":1723,\"height\":1037,\"caption\":\"Electric Scooters Bikes Citycoco Manufacturer\"},\"image\":{\"@id\":\"https:\/\/www.rooderchina.com\/#\/schema\/logo\/image\/\"},\"sameAs\":[\"https:\/\/www.facebook.com\/rooder.tec\",\"https:\/\/twitter.com\/RooderTec\"]}]}<\/script>\n<!-- \/ Yoast SEO plugin. -->","yoast_head_json":{"title":"1200w electric battery powered motorcycle citycoco harley r804e with eec front lamp rear turn brake light license plate lamp rearview mirrors kickstand and dashboard - Electric Scooters Bikes Citycoco Manufacturer","robots":{"index":"index","follow":"follow","max-snippet":"max-snippet:-1","max-image-preview":"max-image-preview:large","max-video-preview":"max-video-preview:-1"},"canonical":"https:\/\/www.rooderchina.com\/es\/producto\/1200w-electric-battery-powered-motorcycle-citycoco-harley-r804e-with-eec-front-lamp-rear-turn-brake-light-license-plate-lamp-rearview-mirrors-kickstand-and-dashboard\/","og_locale":"es_ES","og_type":"article","og_title":"1200w electric battery powered motorcycle citycoco harley r804e with eec front lamp rear turn brake light license plate lamp rearview mirrors kickstand and dashboard - Electric Scooters Bikes Citycoco Manufacturer","og_description":"Short Description: find cheap and high quality\u00a01200w electric battery powered motorcycle, citycoco harley electric scooter with eec, wholesale low price\u00a0adult electric motorcycle from electrical bike supplier Rooder Technology Limited eec: yes, coc: no, front lamp: yes, rear lamp: yes, brake lamp: yes, turn lamp: yes, license plate light: yes rearview mirrors: yes kickstand: yes dashboard: yes    Brand: OEM\/ODM\/ROODER   Min.Order Quantity: 10 Piece\/Pieces   Supply Ability: 10000 Piece\/Pieces per Month   Port: Shenzhen   Payment Terms: T\/T, L\/C, D\/A, D\/P","og_url":"https:\/\/www.rooderchina.com\/es\/producto\/1200w-electric-battery-powered-motorcycle-citycoco-harley-r804e-with-eec-front-lamp-rear-turn-brake-light-license-plate-lamp-rearview-mirrors-kickstand-and-dashboard\/","og_site_name":"Electric Scooters Bikes Citycoco Manufacturer","article_publisher":"https:\/\/www.facebook.com\/rooder.tec","article_modified_time":"2023-11-11T10:34:36+00:00","og_image":[{"width":750,"height":750,"url":"https:\/\/www.rooderchina.com\/wp-content\/uploads\/2023\/11\/13ec7395.jpg","type":"image\/jpeg"}],"twitter_card":"summary_large_image","twitter_site":"@RooderTec","twitter_misc":{"Tiempo de lectura":"1 minuto"},"schema":{"@context":"https:\/\/schema.org","@graph":[{"@type":"WebPage","@id":"https:\/\/www.rooderchina.com\/product\/1200w-electric-battery-powered-motorcycle-citycoco-harley-r804e-with-eec-front-lamp-rear-turn-brake-light-license-plate-lamp-rearview-mirrors-kickstand-and-dashboard\/","url":"https:\/\/www.rooderchina.com\/product\/1200w-electric-battery-powered-motorcycle-citycoco-harley-r804e-with-eec-front-lamp-rear-turn-brake-light-license-plate-lamp-rearview-mirrors-kickstand-and-dashboard\/","name":"1200w electric battery powered motorcycle citycoco harley r804e with eec front lamp rear turn brake light license plate lamp rearview mirrors kickstand and dashboard - Electric Scooters Bikes Citycoco Manufacturer","isPartOf":{"@id":"https:\/\/www.rooderchina.com\/#website"},"datePublished":"2023-11-11T10:33:51+00:00","dateModified":"2023-11-11T10:34:36+00:00","breadcrumb":{"@id":"https:\/\/www.rooderchina.com\/product\/1200w-electric-battery-powered-motorcycle-citycoco-harley-r804e-with-eec-front-lamp-rear-turn-brake-light-license-plate-lamp-rearview-mirrors-kickstand-and-dashboard\/#breadcrumb"},"inLanguage":"es-AR","potentialAction":[{"@type":"ReadAction","target":["https:\/\/www.rooderchina.com\/product\/1200w-electric-battery-powered-motorcycle-citycoco-harley-r804e-with-eec-front-lamp-rear-turn-brake-light-license-plate-lamp-rearview-mirrors-kickstand-and-dashboard\/"]}]},{"@type":"BreadcrumbList","@id":"https:\/\/www.rooderchina.com\/product\/1200w-electric-battery-powered-motorcycle-citycoco-harley-r804e-with-eec-front-lamp-rear-turn-brake-light-license-plate-lamp-rearview-mirrors-kickstand-and-dashboard\/#breadcrumb","itemListElement":[{"@type":"ListItem","position":1,"name":"HOME","item":"https:\/\/www.rooderchina.com\/"},{"@type":"ListItem","position":2,"name":"Shop","item":"https:\/\/www.rooderchina.com\/shop\/"},{"@type":"ListItem","position":3,"name":"1200w electric battery powered motorcycle citycoco harley r804e with eec front lamp rear turn brake light license plate lamp rearview mirrors kickstand and dashboard"}]},{"@type":"WebSite","@id":"https:\/\/www.rooderchina.com\/#website","url":"https:\/\/www.rooderchina.com\/","name":"Electric Scooters Bikes Citycoco Manufacturer","description":"Rooder Technology Limited","publisher":{"@id":"https:\/\/www.rooderchina.com\/#organization"},"potentialAction":[{"@type":"SearchAction","target":{"@type":"EntryPoint","urlTemplate":"https:\/\/www.rooderchina.com\/?s={search_term_string}"},"query-input":"required name=search_term_string"}],"inLanguage":"es-AR"},{"@type":"Organization","@id":"https:\/\/www.rooderchina.com\/#organization","name":"Electric Scooters Bikes Citycoco Manufacturer","url":"https:\/\/www.rooderchina.com\/","logo":{"@type":"ImageObject","inLanguage":"es-AR","@id":"https:\/\/www.rooderchina.com\/#\/schema\/logo\/image\/","url":"https:\/\/www.rooderchina.com\/wp-content\/uploads\/2023\/12\/rooder2.jpg","contentUrl":"https:\/\/www.rooderchina.com\/wp-content\/uploads\/2023\/12\/rooder2.jpg","width":1723,"height":1037,"caption":"Electric Scooters Bikes Citycoco Manufacturer"},"image":{"@id":"https:\/\/www.rooderchina.com\/#\/schema\/logo\/image\/"},"sameAs":["https:\/\/www.facebook.com\/rooder.tec","https:\/\/twitter.com\/RooderTec"]}]}},"_links":{"self":[{"href":"https:\/\/www.rooderchina.com\/es\/wp-json\/wp\/v2\/product\/9180","targetHints":{"allow":["GET"]}}],"collection":[{"href":"https:\/\/www.rooderchina.com\/es\/wp-json\/wp\/v2\/product"}],"about":[{"href":"https:\/\/www.rooderchina.com\/es\/wp-json\/wp\/v2\/types\/product"}],"replies":[{"embeddable":true,"href":"https:\/\/www.rooderchina.com\/es\/wp-json\/wp\/v2\/comments?post=9180"}],"version-history":[{"count":1,"href":"https:\/\/www.rooderchina.com\/es\/wp-json\/wp\/v2\/product\/9180\/revisions"}],"predecessor-version":[{"id":9181,"href":"https:\/\/www.rooderchina.com\/es\/wp-json\/wp\/v2\/product\/9180\/revisions\/9181"}],"wp:featuredmedia":[{"embeddable":true,"href":"https:\/\/www.rooderchina.com\/es\/wp-json\/wp\/v2\/media\/9182"}],"wp:attachment":[{"href":"https:\/\/www.rooderchina.com\/es\/wp-json\/wp\/v2\/media?parent=9180"}],"wp:term":[{"taxonomy":"product_brand","embeddable":true,"href":"https:\/\/www.rooderchina.com\/es\/wp-json\/wp\/v2\/product_brand?post=9180"},{"taxonomy":"product_cat","embeddable":true,"href":"https:\/\/www.rooderchina.com\/es\/wp-json\/wp\/v2\/product_cat?post=9180"},{"taxonomy":"product_tag","embeddable":true,"href":"https:\/\/www.rooderchina.com\/es\/wp-json\/wp\/v2\/product_tag?post=9180"}],"curies":[{"name":"wp","href":"https:\/\/api.w.org\/{rel}","templated":true}]}}