{"id":9153,"date":"2023-11-11T18:33:51","date_gmt":"2023-11-11T10:33:51","guid":{"rendered":"http:\/\/www.rooderchina.com\/index.php\/product\/citycoco-harley-electric-scooter-r804-with-ce-1000w-60v-lithium-battery-and-2-big-wheel-fat-tire-for-adult-from-china-cheap-city-coco-harley-electric-motorcycle-bike-rooder-factory\/"},"modified":"2023-11-11T18:34:28","modified_gmt":"2023-11-11T10:34:28","slug":"citycoco-harley-electric-scooter-r804-with-ce-1000w-60v-lithium-battery-and-2-big-wheel-fat-tire-for-adult-from-china-cheap-city-coco-harley-electric-motorcycle-bike-rooder-factory","status":"publish","type":"product","link":"https:\/\/www.rooderchina.com\/es\/producto\/citycoco-harley-electric-scooter-r804-with-ce-1000w-60v-lithium-battery-and-2-big-wheel-fat-tire-for-adult-from-china-cheap-city-coco-harley-electric-motorcycle-bike-rooder-factory\/","title":{"rendered":"citycoco harley scooter el\u00e9ctrico r804 con CE 1000w 60v bater\u00eda de litio y 2 grandes ruedas de neum\u00e1ticos de grasa para adultos de China barato ciudad coco harley moto el\u00e9ctrica bicicleta Rooder f\u00e1brica"},"content":{"rendered":"<p>Shenzhen Rooder Technology Co., Ltd. se especializa en producir <a href=\"https:\/\/www.rooderchina.com\/es\/tag\/60v-electric-scooter\/\" title=\"Ver todas las entradas en Scooter el\u00e9ctrico 60v\" target=\"_blank\" rel=\"noopener\">Scooter el\u00e9ctrico 60v<\/a>, <a href=\"https:\/\/www.rooderchina.com\/es\/tag\/adult-electric-motorcycle\/\" title=\"Ver todas las entradas en Moto el\u00e9ctrica para adultos\" target=\"_blank\" rel=\"noopener\">Moto el\u00e9ctrica para adultos<\/a>, <a href=\"https:\/\/www.rooderchina.com\/es\/tag\/city-coco\/\" title=\"Ver todas las entradas en City coco\" target=\"_blank\" rel=\"noopener\">Ciudad coco<\/a> y e-scooter citycoco con amortiguaci\u00f3n delantera, se encuentra en shenzhen Guangdong. Disfrutamos de transporte conveniente de aire, tierra y mar.<\/p>\n<p>Nuestra empresa ha superado la certificaci\u00f3n del sistema de calidad ISO9001, y nuestros productos han obtenido las certificaciones CE, FCC y Rohs. Contamos con un sistema de gesti\u00f3n moderno y perfecto, equipos de prueba de primera clase, un grupo de ciencia y tecnolog\u00eda de alta calidad y un s\u00f3lido sistema de servicio de seguimiento. Nuestros productos se comercializan ampliamente en el mercado nacional, y tambi\u00e9n se exportan al mercado mundial.<\/p>\n<p>&nbsp;<\/p>\n<p><strong>citycoco harley scooter el\u00e9ctrico r804 con CE 1000w 60v bater\u00eda de litio y 2 grandes ruedas de neum\u00e1ticos de grasa para adultos de China barato ciudad coco harley moto el\u00e9ctrica bicicleta Rooder f\u00e1brica\u00a0<\/strong><\/p>\n<\/p>\n<p>El scooter el\u00e9ctrico citycoco harley est\u00e1 dise\u00f1ado con el \u00faltimo estilo. Ofrecemos m\u00e1s de sesenta colores para que usted elija. Tambi\u00e9n puede contactar con nosotros en <a title=\"citycoco harley scooter el\u00e9ctrico r804 con CE 1000w 60v bater\u00eda de litio y 2 grandes ruedas de neum\u00e1ticos de grasa para adultos de China barato ciudad coco harley moto el\u00e9ctrica bicicleta Rooder f\u00e1brica \" href=\"https:\/\/www.RooderChina.com\" target=\"_blank\" rel=\"noopener\">www.RooderChina.com<\/a> para dise\u00f1ar tu propio estilo de color.<\/p>\n<p>Esta ciudad coco harley scooter el\u00e9ctrico \/ moto \/ bicicleta \/ bicicleta tiene un coraz\u00f3n de gran alcance en el chasis, la bater\u00eda de iones de litio de 60 voltios, para apoyar a 35-40 kil\u00f3metros de conducci\u00f3n. viene con 18\u00d79,5 pulgadas de neum\u00e1ticos super ancho hacer el scooter equilibrado y estable. Adem\u00e1s, la dureza y la resistencia al desgaste de los neum\u00e1ticos permiten que sea un veh\u00edculo todo terreno. la velocidad m\u00e1s alta puede llegar a 35 km \/ h, y le llevar\u00e1 a su destino a tiempo.<\/p>\n<\/p>\n<p>Modelo:r804<br \/>\nLongitud : 1756mm<br \/>\nAnchura : 750mm<br \/>\nPeso : 50kg<br \/>\nTama\u00f1o del neum\u00e1tico : 18\u00d79.5inch<br \/>\nmodo de frenado : Freno de disco<br \/>\nAscenso m\u00e1ximo : 18 grados<br \/>\nPar m\u00e1ximo : 95N\/M<br \/>\nKilometraje m\u00e1ximo : 35-40KM<br \/>\nCarga m\u00e1xima : 200KG<br \/>\nEspecificaciones de la bater\u00eda : Bater\u00eda de litio 60V8,8AH<br \/>\nTiempo de carga: 4 horas<br \/>\nPotencia del motor : 800W<\/p>\n<p>1 unidad\/cart\u00f3n<br \/>\ntama\u00f1o de la caja:1850*420*870mm<br \/>\nGW:60kg, NW:51kg<br \/>\n0,676CBM\/unidad<\/p>\n<p>Pedido de contenedores:<br \/>\n43 piezas en 20GP<br \/>\n92 piezas en 40GP<br \/>\n104 unidades en 40HC<\/p>\n<\/p>\n<p>&nbsp;<\/p>\n<p>encontrar alta calidad barato citycoco, 60v scooter el\u00e9ctrico, harley scooter el\u00e9ctrico y el neum\u00e1tico de grasa scooter el\u00e9ctrico de Rooder e-scooter citycoco con amortiguaci\u00f3n delantera, moto el\u00e9ctrica barata, scooter el\u00e9ctrico fabricante citycoco<\/p>\n<p>&nbsp;<\/p>\n<p>&nbsp;<\/p>\n<p>&nbsp;<\/p>\n<\/p>\n<p>&nbsp;<\/p>","protected":false},"excerpt":{"rendered":"<h3>Breve descripci\u00f3n:<\/h3>\n<p><p>El scooter el\u00e9ctrico citycoco harley est\u00e1 dise\u00f1ado con el \u00faltimo estilo. Ofrecemos m\u00e1s de sesenta colores para que usted elija. Tambi\u00e9n puede contactar con nosotros en\u00a0<a title=\"citycoco harley scooter el\u00e9ctrico r804 con CE 1000w 60v bater\u00eda de litio y 2 grandes ruedas de neum\u00e1ticos de grasa para adultos de China barato ciudad coco harley moto el\u00e9ctrica bicicleta Rooder f\u00e1brica \" href=\"http:\/\/www.RooderChina.com\" target=\"_blank\" rel=\"noopener\">www.RooderChina.com<\/a>\u00a0para dise\u00f1ar tu propio estilo de color.<\/p>\n<p>Esta ciudad coco harley scooter el\u00e9ctrico \/ moto \/ bicicleta \/ bicicleta tiene un coraz\u00f3n de gran alcance en el chasis, la bater\u00eda de iones de litio de 60 voltios, para apoyar a 35-40 kil\u00f3metros de conducci\u00f3n. viene con 18\u00d79,5 pulgadas de neum\u00e1ticos super ancho hacer el scooter equilibrado y estable. Adem\u00e1s, la dureza y la resistencia al desgaste de los neum\u00e1ticos permiten que sea un veh\u00edculo todo terreno. la velocidad m\u00e1s alta puede llegar a 35 km \/ h, y le llevar\u00e1 a su destino a tiempo.<\/p>\n<\/p>\n<p><\/p>\n<li><em>Marca: <\/em> OEM\/ODM\/RODER<\/li>\n<li><em>Cantidad m\u00ednima de pedido: <\/em> 10 piezas\/piezas<\/li>\n<li><em>Capacidad de suministro: <\/em> 10000 piezas por mes<\/li>\n<li><em>Puerto: <\/em> Shenzhen<\/li>\n<li><em>Condiciones de pago: <\/em> T\/T, L\/C, D\/A, D\/P<\/li>","protected":false},"featured_media":9155,"comment_status":"closed","ping_status":"open","template":"","meta":[],"product_brand":[],"product_cat":[464],"product_tag":[523,524,525,526,468,513,527,469,528,489,529,530,531,496,510],"class_list":{"0":"post-9153","1":"product","2":"type-product","3":"status-publish","4":"has-post-thumbnail","6":"product_cat-citycoco-choppers","7":"product_tag-60v-electric-scooter","8":"product_tag-adult-electric-motorcycle","9":"product_tag-cheap-electric-motorcycle","10":"product_tag-city-coco","11":"product_tag-citycoco","12":"product_tag-citycoco-electric-scooter","13":"product_tag-citycoco-factory","14":"product_tag-citycoco-harley-scooter","15":"product_tag-citycoco-manufacturer","16":"product_tag-citycoco-seev-woqu","17":"product_tag-e-scooter-citycoco-with-front-shock-absorption","18":"product_tag-electric-scooter","19":"product_tag-electric-scooter-citycoco","20":"product_tag-fat-tire-electric-scooter","21":"product_tag-harley-electric-scooter","23":"first","24":"instock","25":"product-type-simple"},"yoast_head":"<!-- This site is optimized with the Yoast SEO plugin v21.7 - https:\/\/yoast.com\/wordpress\/plugins\/seo\/ -->\n<title>citycoco harley electric scooter r804 with CE 1000w 60v lithium battery and 2 big wheel fat tire for adult from China cheap city coco harley electric motorcycle bike Rooder factory - Electric Scooters Bikes Citycoco Manufacturer<\/title>\n<meta name=\"robots\" content=\"index, follow, max-snippet:-1, max-image-preview:large, max-video-preview:-1\" \/>\n<link rel=\"canonical\" href=\"https:\/\/www.rooderchina.com\/es\/produit\/citycoco-harley-electric-scooter-r804-with-ce-1000w-60v-lithium-battery-and-2-big-wheel-fat-tire-for-adult-from-china-cheap-city-coco-harley-electric-motorcycle-bike-rooder-factory\/\" \/>\n<meta property=\"og:locale\" content=\"es_ES\" \/>\n<meta property=\"og:type\" content=\"article\" \/>\n<meta property=\"og:title\" content=\"citycoco harley electric scooter r804 with CE 1000w 60v lithium battery and 2 big wheel fat tire for adult from China cheap city coco harley electric motorcycle bike Rooder factory - Electric Scooters Bikes Citycoco Manufacturer\" \/>\n<meta property=\"og:description\" content=\"Short Description: The citycoco harley electric scooter is designed with the latest style. We provide more than sixty colors for you to choose. You can also contact with us on\u00a0www.RooderChina.com\u00a0to design your own color style. This city coco harley electric scooter \/ motorcycle \/ bike \/ bicycle\u00a0 has a powerful heart at the chassis, 60 Voltage lithium-ion battery, to support 35-40 kilometers riding. it comes with 18\u00d79.5 inch super wide tires make the scooter balanced and stable. Also, the toughness and wear resistance of the tire enable it an all terrain vehicle.The highest speed can arrive 35 km\/h, and take you to your destination on time.    Brand: OEM\/ODM\/ROODER   Min.Order Quantity: 10 Piece\/Pieces   Supply Ability: 10000 Piece\/Pieces per Month   Port: Shenzhen   Payment Terms: T\/T, L\/C, D\/A, D\/P\" \/>\n<meta property=\"og:url\" content=\"https:\/\/www.rooderchina.com\/es\/produit\/citycoco-harley-electric-scooter-r804-with-ce-1000w-60v-lithium-battery-and-2-big-wheel-fat-tire-for-adult-from-china-cheap-city-coco-harley-electric-motorcycle-bike-rooder-factory\/\" \/>\n<meta property=\"og:site_name\" content=\"Electric Scooters Bikes Citycoco Manufacturer\" \/>\n<meta property=\"article:publisher\" content=\"https:\/\/www.facebook.com\/rooder.tec\" \/>\n<meta property=\"article:modified_time\" content=\"2023-11-11T10:34:28+00:00\" \/>\n<meta property=\"og:image\" content=\"https:\/\/www.rooderchina.com\/wp-content\/uploads\/2023\/11\/def45d85.jpg\" \/>\n\t<meta property=\"og:image:width\" content=\"750\" \/>\n\t<meta property=\"og:image:height\" content=\"750\" \/>\n\t<meta property=\"og:image:type\" content=\"image\/jpeg\" \/>\n<meta name=\"twitter:card\" content=\"summary_large_image\" \/>\n<meta name=\"twitter:site\" content=\"@RooderTec\" \/>\n<meta name=\"twitter:label1\" content=\"Tiempo de lectura\" \/>\n\t<meta name=\"twitter:data1\" content=\"2 minutos\" \/>\n<script type=\"application\/ld+json\" class=\"yoast-schema-graph\">{\"@context\":\"https:\/\/schema.org\",\"@graph\":[{\"@type\":\"WebPage\",\"@id\":\"https:\/\/www.rooderchina.com\/fr\/produit\/citycoco-harley-electric-scooter-r804-with-ce-1000w-60v-lithium-battery-and-2-big-wheel-fat-tire-for-adult-from-china-cheap-city-coco-harley-electric-motorcycle-bike-rooder-factory\/\",\"url\":\"https:\/\/www.rooderchina.com\/fr\/produit\/citycoco-harley-electric-scooter-r804-with-ce-1000w-60v-lithium-battery-and-2-big-wheel-fat-tire-for-adult-from-china-cheap-city-coco-harley-electric-motorcycle-bike-rooder-factory\/\",\"name\":\"citycoco harley electric scooter r804 with CE 1000w 60v lithium battery and 2 big wheel fat tire for adult from China cheap city coco harley electric motorcycle bike Rooder factory - Electric Scooters Bikes Citycoco Manufacturer\",\"isPartOf\":{\"@id\":\"https:\/\/www.rooderchina.com\/#website\"},\"datePublished\":\"2023-11-11T10:33:51+00:00\",\"dateModified\":\"2023-11-11T10:34:28+00:00\",\"breadcrumb\":{\"@id\":\"https:\/\/www.rooderchina.com\/fr\/produit\/citycoco-harley-electric-scooter-r804-with-ce-1000w-60v-lithium-battery-and-2-big-wheel-fat-tire-for-adult-from-china-cheap-city-coco-harley-electric-motorcycle-bike-rooder-factory\/#breadcrumb\"},\"inLanguage\":\"es-AR\",\"potentialAction\":[{\"@type\":\"ReadAction\",\"target\":[\"https:\/\/www.rooderchina.com\/fr\/produit\/citycoco-harley-electric-scooter-r804-with-ce-1000w-60v-lithium-battery-and-2-big-wheel-fat-tire-for-adult-from-china-cheap-city-coco-harley-electric-motorcycle-bike-rooder-factory\/\"]}]},{\"@type\":\"BreadcrumbList\",\"@id\":\"https:\/\/www.rooderchina.com\/fr\/produit\/citycoco-harley-electric-scooter-r804-with-ce-1000w-60v-lithium-battery-and-2-big-wheel-fat-tire-for-adult-from-china-cheap-city-coco-harley-electric-motorcycle-bike-rooder-factory\/#breadcrumb\",\"itemListElement\":[{\"@type\":\"ListItem\",\"position\":1,\"name\":\"HOME\",\"item\":\"https:\/\/www.rooderchina.com\/\"},{\"@type\":\"ListItem\",\"position\":2,\"name\":\"Shop\",\"item\":\"https:\/\/www.rooderchina.com\/shop\/\"},{\"@type\":\"ListItem\",\"position\":3,\"name\":\"citycoco harley electric scooter r804 with CE 1000w 60v lithium battery and 2 big wheel fat tire for adult from China cheap city coco harley electric motorcycle bike Rooder factory\"}]},{\"@type\":\"WebSite\",\"@id\":\"https:\/\/www.rooderchina.com\/#website\",\"url\":\"https:\/\/www.rooderchina.com\/\",\"name\":\"Electric Scooters Bikes Citycoco Manufacturer\",\"description\":\"Rooder Technology Limited\",\"publisher\":{\"@id\":\"https:\/\/www.rooderchina.com\/#organization\"},\"potentialAction\":[{\"@type\":\"SearchAction\",\"target\":{\"@type\":\"EntryPoint\",\"urlTemplate\":\"https:\/\/www.rooderchina.com\/?s={search_term_string}\"},\"query-input\":\"required name=search_term_string\"}],\"inLanguage\":\"es-AR\"},{\"@type\":\"Organization\",\"@id\":\"https:\/\/www.rooderchina.com\/#organization\",\"name\":\"Electric Scooters Bikes Citycoco Manufacturer\",\"url\":\"https:\/\/www.rooderchina.com\/\",\"logo\":{\"@type\":\"ImageObject\",\"inLanguage\":\"es-AR\",\"@id\":\"https:\/\/www.rooderchina.com\/#\/schema\/logo\/image\/\",\"url\":\"https:\/\/www.rooderchina.com\/wp-content\/uploads\/2023\/12\/rooder2.jpg\",\"contentUrl\":\"https:\/\/www.rooderchina.com\/wp-content\/uploads\/2023\/12\/rooder2.jpg\",\"width\":1723,\"height\":1037,\"caption\":\"Electric Scooters Bikes Citycoco Manufacturer\"},\"image\":{\"@id\":\"https:\/\/www.rooderchina.com\/#\/schema\/logo\/image\/\"},\"sameAs\":[\"https:\/\/www.facebook.com\/rooder.tec\",\"https:\/\/twitter.com\/RooderTec\"]}]}<\/script>\n<!-- \/ Yoast SEO plugin. -->","yoast_head_json":{"title":"citycoco harley electric scooter r804 with CE 1000w 60v lithium battery and 2 big wheel fat tire for adult from China cheap city coco harley electric motorcycle bike Rooder factory - Electric Scooters Bikes Citycoco Manufacturer","robots":{"index":"index","follow":"follow","max-snippet":"max-snippet:-1","max-image-preview":"max-image-preview:large","max-video-preview":"max-video-preview:-1"},"canonical":"https:\/\/www.rooderchina.com\/es\/produit\/citycoco-harley-electric-scooter-r804-with-ce-1000w-60v-lithium-battery-and-2-big-wheel-fat-tire-for-adult-from-china-cheap-city-coco-harley-electric-motorcycle-bike-rooder-factory\/","og_locale":"es_ES","og_type":"article","og_title":"citycoco harley electric scooter r804 with CE 1000w 60v lithium battery and 2 big wheel fat tire for adult from China cheap city coco harley electric motorcycle bike Rooder factory - Electric Scooters Bikes Citycoco Manufacturer","og_description":"Short Description: The citycoco harley electric scooter is designed with the latest style. We provide more than sixty colors for you to choose. You can also contact with us on\u00a0www.RooderChina.com\u00a0to design your own color style. This city coco harley electric scooter \/ motorcycle \/ bike \/ bicycle\u00a0 has a powerful heart at the chassis, 60 Voltage lithium-ion battery, to support 35-40 kilometers riding. it comes with 18\u00d79.5 inch super wide tires make the scooter balanced and stable. Also, the toughness and wear resistance of the tire enable it an all terrain vehicle.The highest speed can arrive 35 km\/h, and take you to your destination on time.    Brand: OEM\/ODM\/ROODER   Min.Order Quantity: 10 Piece\/Pieces   Supply Ability: 10000 Piece\/Pieces per Month   Port: Shenzhen   Payment Terms: T\/T, L\/C, D\/A, D\/P","og_url":"https:\/\/www.rooderchina.com\/es\/produit\/citycoco-harley-electric-scooter-r804-with-ce-1000w-60v-lithium-battery-and-2-big-wheel-fat-tire-for-adult-from-china-cheap-city-coco-harley-electric-motorcycle-bike-rooder-factory\/","og_site_name":"Electric Scooters Bikes Citycoco Manufacturer","article_publisher":"https:\/\/www.facebook.com\/rooder.tec","article_modified_time":"2023-11-11T10:34:28+00:00","og_image":[{"width":750,"height":750,"url":"https:\/\/www.rooderchina.com\/wp-content\/uploads\/2023\/11\/def45d85.jpg","type":"image\/jpeg"}],"twitter_card":"summary_large_image","twitter_site":"@RooderTec","twitter_misc":{"Tiempo de lectura":"2 minutos"},"schema":{"@context":"https:\/\/schema.org","@graph":[{"@type":"WebPage","@id":"https:\/\/www.rooderchina.com\/fr\/produit\/citycoco-harley-electric-scooter-r804-with-ce-1000w-60v-lithium-battery-and-2-big-wheel-fat-tire-for-adult-from-china-cheap-city-coco-harley-electric-motorcycle-bike-rooder-factory\/","url":"https:\/\/www.rooderchina.com\/fr\/produit\/citycoco-harley-electric-scooter-r804-with-ce-1000w-60v-lithium-battery-and-2-big-wheel-fat-tire-for-adult-from-china-cheap-city-coco-harley-electric-motorcycle-bike-rooder-factory\/","name":"citycoco harley electric scooter r804 with CE 1000w 60v lithium battery and 2 big wheel fat tire for adult from China cheap city coco harley electric motorcycle bike Rooder factory - Electric Scooters Bikes Citycoco Manufacturer","isPartOf":{"@id":"https:\/\/www.rooderchina.com\/#website"},"datePublished":"2023-11-11T10:33:51+00:00","dateModified":"2023-11-11T10:34:28+00:00","breadcrumb":{"@id":"https:\/\/www.rooderchina.com\/fr\/produit\/citycoco-harley-electric-scooter-r804-with-ce-1000w-60v-lithium-battery-and-2-big-wheel-fat-tire-for-adult-from-china-cheap-city-coco-harley-electric-motorcycle-bike-rooder-factory\/#breadcrumb"},"inLanguage":"es-AR","potentialAction":[{"@type":"ReadAction","target":["https:\/\/www.rooderchina.com\/fr\/produit\/citycoco-harley-electric-scooter-r804-with-ce-1000w-60v-lithium-battery-and-2-big-wheel-fat-tire-for-adult-from-china-cheap-city-coco-harley-electric-motorcycle-bike-rooder-factory\/"]}]},{"@type":"BreadcrumbList","@id":"https:\/\/www.rooderchina.com\/fr\/produit\/citycoco-harley-electric-scooter-r804-with-ce-1000w-60v-lithium-battery-and-2-big-wheel-fat-tire-for-adult-from-china-cheap-city-coco-harley-electric-motorcycle-bike-rooder-factory\/#breadcrumb","itemListElement":[{"@type":"ListItem","position":1,"name":"HOME","item":"https:\/\/www.rooderchina.com\/"},{"@type":"ListItem","position":2,"name":"Shop","item":"https:\/\/www.rooderchina.com\/shop\/"},{"@type":"ListItem","position":3,"name":"citycoco harley electric scooter r804 with CE 1000w 60v lithium battery and 2 big wheel fat tire for adult from China cheap city coco harley electric motorcycle bike Rooder factory"}]},{"@type":"WebSite","@id":"https:\/\/www.rooderchina.com\/#website","url":"https:\/\/www.rooderchina.com\/","name":"Electric Scooters Bikes Citycoco Manufacturer","description":"Rooder Technology Limited","publisher":{"@id":"https:\/\/www.rooderchina.com\/#organization"},"potentialAction":[{"@type":"SearchAction","target":{"@type":"EntryPoint","urlTemplate":"https:\/\/www.rooderchina.com\/?s={search_term_string}"},"query-input":"required name=search_term_string"}],"inLanguage":"es-AR"},{"@type":"Organization","@id":"https:\/\/www.rooderchina.com\/#organization","name":"Electric Scooters Bikes Citycoco Manufacturer","url":"https:\/\/www.rooderchina.com\/","logo":{"@type":"ImageObject","inLanguage":"es-AR","@id":"https:\/\/www.rooderchina.com\/#\/schema\/logo\/image\/","url":"https:\/\/www.rooderchina.com\/wp-content\/uploads\/2023\/12\/rooder2.jpg","contentUrl":"https:\/\/www.rooderchina.com\/wp-content\/uploads\/2023\/12\/rooder2.jpg","width":1723,"height":1037,"caption":"Electric Scooters Bikes Citycoco Manufacturer"},"image":{"@id":"https:\/\/www.rooderchina.com\/#\/schema\/logo\/image\/"},"sameAs":["https:\/\/www.facebook.com\/rooder.tec","https:\/\/twitter.com\/RooderTec"]}]}},"_links":{"self":[{"href":"https:\/\/www.rooderchina.com\/es\/wp-json\/wp\/v2\/product\/9153","targetHints":{"allow":["GET"]}}],"collection":[{"href":"https:\/\/www.rooderchina.com\/es\/wp-json\/wp\/v2\/product"}],"about":[{"href":"https:\/\/www.rooderchina.com\/es\/wp-json\/wp\/v2\/types\/product"}],"replies":[{"embeddable":true,"href":"https:\/\/www.rooderchina.com\/es\/wp-json\/wp\/v2\/comments?post=9153"}],"version-history":[{"count":1,"href":"https:\/\/www.rooderchina.com\/es\/wp-json\/wp\/v2\/product\/9153\/revisions"}],"predecessor-version":[{"id":9154,"href":"https:\/\/www.rooderchina.com\/es\/wp-json\/wp\/v2\/product\/9153\/revisions\/9154"}],"wp:featuredmedia":[{"embeddable":true,"href":"https:\/\/www.rooderchina.com\/es\/wp-json\/wp\/v2\/media\/9155"}],"wp:attachment":[{"href":"https:\/\/www.rooderchina.com\/es\/wp-json\/wp\/v2\/media?parent=9153"}],"wp:term":[{"taxonomy":"product_brand","embeddable":true,"href":"https:\/\/www.rooderchina.com\/es\/wp-json\/wp\/v2\/product_brand?post=9153"},{"taxonomy":"product_cat","embeddable":true,"href":"https:\/\/www.rooderchina.com\/es\/wp-json\/wp\/v2\/product_cat?post=9153"},{"taxonomy":"product_tag","embeddable":true,"href":"https:\/\/www.rooderchina.com\/es\/wp-json\/wp\/v2\/product_tag?post=9153"}],"curies":[{"name":"wp","href":"https:\/\/api.w.org\/{rel}","templated":true}]}}