{"id":20858,"date":"2023-12-18T08:18:37","date_gmt":"2023-12-18T00:18:37","guid":{"rendered":"https:\/\/www.rooderchina.com\/?post_type=product&#038;p=20858"},"modified":"2023-12-18T08:22:44","modified_gmt":"2023-12-18T00:22:44","slug":"electric-cycle-latte-48v-500w-13ah-factory-price","status":"publish","type":"product","link":"https:\/\/www.rooderchina.com\/es\/producto\/electric-cycle-latte-48v-500w-13ah-factory-price\/","title":{"rendered":"Ciclo El\u00e9ctrico Latte 48v 500w 13ah Precio de F\u00e1brica"},"content":{"rendered":"<h4>Ciclo El\u00e9ctrico Latte 48v 500w 13ah Precio de F\u00e1brica<\/h4>\n<p>Modelo: <a href=\"https:\/\/www.rooderchina.com\/es\/\">Rooder<\/a> Latte<br \/>\nFrame: Steel frame Q235<br \/>\nFront Fork: 20\u2033 Single-shouldered snow front fork, Spring shock absorption dull black<br \/>\nStandard disc brake, Fender installation site<br \/>\nBrake: Front and rear standard mounting with adapter seat 160mm diameter steel disc brake disc<br \/>\nChainwheel&amp;Crank: 3\/32*42T*160L\uff0cGear BED\uff0cAluminium Leg\uff0cHandle baking sand black+No<br \/>\nlabel\uff0cDual cover BK , dust cap<br \/>\nStem\/Handlebar: Aluminium Spray black with knurling Aluminium Spray black No label<br \/>\nDerailleur: SHIMANO 7-Speed transmission<br \/>\nTires: 20\u00d74.0 Snow tire Black<br \/>\nPedal: 9\/16\u2018 AL6061 ED black<br \/>\nSaddle: High elastic foaming<br \/>\nBattery case: Detachable External Battery<br \/>\nBattery: 48V13Ah battery (624Wh) Large capacity, 18650 cells<br \/>\nMotor: Motor 48V500W High speed motor Peak torque 60NM<br \/>\nDisplay: 2.0\u2033LCD LCD instrument<br \/>\nController: 48V20A reinforced 6 tube<br \/>\nSensor: Dual Hall 12-signal speed sensor<br \/>\nCharger: Lithium AC 110V-240V2A (US standard plug) 54.6V2A UL62368 waterproof cable meets UL certification<br \/>\nCable : integrated connector waterproof cable<br \/>\nLight: Front light<br \/>\nTail lamp: Tail Light Tail Counter Integrated, 3 A Power Suppl<br \/>\nDrive Mode: 1. Electric Mode ; 2. Assistant mode;<br \/>\nSpeed: 1. Electric Mode \uff1a32km\/h; 2. Assistant mode \uff1a40km\/h;<br \/>\nFront hub: M10 Lock female type3\/8\u203313GX36HX135WX180L Disc brake 6 pin lock with unmarked aluminum anodized black with bright black cap nut and gasket<br \/>\nStep pulley: 7-SPEED, 14-16-18-20-22-24-28T, brown, black<br \/>\nRims: Front rim Double 20\u2033X13GX36H A\/V disc brake Rear rim double 20\u2033X12GX36H A\/V disc brake AL6061 Painted black<br \/>\nInner tube: Butyl rubber 20X4.0 AV nozzle 48mm<br \/>\nKickstand: 20 inches 200mm long, rear side ladder AL6061 sand black<br \/>\nSpokes: Front black stainless steel 13G spoke with 13mm copper cap Back black stainless steel 12G spoke with 13mm copper cap<br \/>\nChain: 7 speed chain 3\/32 136 knots duckrust<br \/>\nPacking: SKD 85%<\/p>\n<p>Please subscribe our channel to know new models, price list and news of Rooder at the first time, thanks. <a href=\"https:\/\/www.youtube.com\/@rooder2010?sub_confirmation=1\">https:\/\/www.youtube.com\/@rooder2010?sub_confirmation=1<\/a><\/p>","protected":false},"excerpt":{"rendered":"<p>&#8220;Investing in the Electric Cycle Latte 500W 13A has been one of the best decisions I&#8217;ve made. The bike offers excellent value for money with its top-notch performance and long-lasting battery life. I no longer have to worry about traffic congestion or parking hassles, and the money I save on fuel and parking fees is a huge bonus. The Electric Cycle Latte has proven to be a cost-effective and reliable mode of transportation that I can&#8217;t recommend enough.&#8221;<\/p>\n<p>The testimonial from satisfied customer highlight the exceptional performance, convenience, and value that the Electric Cycle Latte 500W 13A offers. Whether you&#8217;re looking for a more efficient way to commute or simply want to enjoy the thrill of cycling with an extra boost, the Electric Cycle Latte is the perfect choice. Experience the joy of effortless riding and join the growing community of electric bike enthusiasts today!<\/p>","protected":false},"featured_media":20865,"comment_status":"open","ping_status":"closed","template":"","meta":[],"product_brand":[],"product_cat":[574],"product_tag":[1200,1199,1201,1202],"class_list":{"0":"post-20858","1":"product","2":"type-product","3":"status-publish","4":"has-post-thumbnail","6":"product_cat-electric-bicycles","7":"product_tag-electric-cycle","8":"product_tag-electric-cycle-latte","9":"product_tag-latte-bike","10":"product_tag-latte-cycle","12":"first","13":"instock","14":"shipping-taxable","15":"product-type-simple"},"yoast_head":"<!-- This site is optimized with the Yoast SEO plugin v21.7 - https:\/\/yoast.com\/wordpress\/plugins\/seo\/ -->\n<title>Electric Cycle Latte 48v 500w 13ah Factory Price Rooder China<\/title>\n<meta name=\"description\" content=\"Investing in the Electric Cycle Latte 500W 13A has been one of the best decisions I&#039;ve made. The bike offers excellent value for money with its performance.\" \/>\n<meta name=\"robots\" content=\"index, follow, max-snippet:-1, max-image-preview:large, max-video-preview:-1\" \/>\n<link rel=\"canonical\" href=\"https:\/\/www.rooderchina.com\/es\/producto\/electric-cycle-latte-48v-500w-13ah-factory-price\/\" \/>\n<meta property=\"og:locale\" content=\"es_ES\" \/>\n<meta property=\"og:type\" content=\"article\" \/>\n<meta property=\"og:title\" content=\"Electric Cycle Latte 48v 500w 13ah Factory Price Rooder China\" \/>\n<meta property=\"og:description\" content=\"Investing in the Electric Cycle Latte 500W 13A has been one of the best decisions I&#039;ve made. The bike offers excellent value for money with its performance.\" \/>\n<meta property=\"og:url\" content=\"https:\/\/www.rooderchina.com\/es\/producto\/electric-cycle-latte-48v-500w-13ah-factory-price\/\" \/>\n<meta property=\"og:site_name\" content=\"Electric Scooters Bikes Citycoco Manufacturer\" \/>\n<meta property=\"article:publisher\" content=\"https:\/\/www.facebook.com\/rooder.tec\" \/>\n<meta property=\"article:modified_time\" content=\"2023-12-18T00:22:44+00:00\" \/>\n<meta property=\"og:image\" content=\"https:\/\/www.rooderchina.com\/wp-content\/uploads\/2023\/12\/Electric-Cycle-Latte-48v-500w-13ah-Factory-Price-7.jpg\" \/>\n\t<meta property=\"og:image:width\" content=\"1200\" \/>\n\t<meta property=\"og:image:height\" content=\"1200\" \/>\n\t<meta property=\"og:image:type\" content=\"image\/jpeg\" \/>\n<meta name=\"twitter:card\" content=\"summary_large_image\" \/>\n<meta name=\"twitter:site\" content=\"@RooderTec\" \/>\n<meta name=\"twitter:label1\" content=\"Tiempo de lectura\" \/>\n\t<meta name=\"twitter:data1\" content=\"2 minutos\" \/>\n<script type=\"application\/ld+json\" class=\"yoast-schema-graph\">{\"@context\":\"https:\/\/schema.org\",\"@graph\":[{\"@type\":\"WebPage\",\"@id\":\"https:\/\/www.rooderchina.com\/product\/electric-cycle-latte-48v-500w-13ah-factory-price\/\",\"url\":\"https:\/\/www.rooderchina.com\/product\/electric-cycle-latte-48v-500w-13ah-factory-price\/\",\"name\":\"Electric Cycle Latte 48v 500w 13ah Factory Price Rooder China\",\"isPartOf\":{\"@id\":\"https:\/\/www.rooderchina.com\/#website\"},\"datePublished\":\"2023-12-18T00:18:37+00:00\",\"dateModified\":\"2023-12-18T00:22:44+00:00\",\"description\":\"Investing in the Electric Cycle Latte 500W 13A has been one of the best decisions I've made. The bike offers excellent value for money with its performance.\",\"breadcrumb\":{\"@id\":\"https:\/\/www.rooderchina.com\/product\/electric-cycle-latte-48v-500w-13ah-factory-price\/#breadcrumb\"},\"inLanguage\":\"es-AR\",\"potentialAction\":[{\"@type\":\"ReadAction\",\"target\":[\"https:\/\/www.rooderchina.com\/product\/electric-cycle-latte-48v-500w-13ah-factory-price\/\"]}]},{\"@type\":\"BreadcrumbList\",\"@id\":\"https:\/\/www.rooderchina.com\/product\/electric-cycle-latte-48v-500w-13ah-factory-price\/#breadcrumb\",\"itemListElement\":[{\"@type\":\"ListItem\",\"position\":1,\"name\":\"HOME\",\"item\":\"https:\/\/www.rooderchina.com\/\"},{\"@type\":\"ListItem\",\"position\":2,\"name\":\"Shop\",\"item\":\"https:\/\/www.rooderchina.com\/shop\/\"},{\"@type\":\"ListItem\",\"position\":3,\"name\":\"Electric Cycle Latte 48v 500w 13ah Factory Price\"}]},{\"@type\":\"WebSite\",\"@id\":\"https:\/\/www.rooderchina.com\/#website\",\"url\":\"https:\/\/www.rooderchina.com\/\",\"name\":\"Electric Scooters Bikes Citycoco Manufacturer\",\"description\":\"Rooder Technology Limited\",\"publisher\":{\"@id\":\"https:\/\/www.rooderchina.com\/#organization\"},\"potentialAction\":[{\"@type\":\"SearchAction\",\"target\":{\"@type\":\"EntryPoint\",\"urlTemplate\":\"https:\/\/www.rooderchina.com\/?s={search_term_string}\"},\"query-input\":\"required name=search_term_string\"}],\"inLanguage\":\"es-AR\"},{\"@type\":\"Organization\",\"@id\":\"https:\/\/www.rooderchina.com\/#organization\",\"name\":\"Electric Scooters Bikes Citycoco Manufacturer\",\"url\":\"https:\/\/www.rooderchina.com\/\",\"logo\":{\"@type\":\"ImageObject\",\"inLanguage\":\"es-AR\",\"@id\":\"https:\/\/www.rooderchina.com\/#\/schema\/logo\/image\/\",\"url\":\"https:\/\/www.rooderchina.com\/wp-content\/uploads\/2023\/12\/rooder2.jpg\",\"contentUrl\":\"https:\/\/www.rooderchina.com\/wp-content\/uploads\/2023\/12\/rooder2.jpg\",\"width\":1723,\"height\":1037,\"caption\":\"Electric Scooters Bikes Citycoco Manufacturer\"},\"image\":{\"@id\":\"https:\/\/www.rooderchina.com\/#\/schema\/logo\/image\/\"},\"sameAs\":[\"https:\/\/www.facebook.com\/rooder.tec\",\"https:\/\/twitter.com\/RooderTec\"]}]}<\/script>\n<!-- \/ Yoast SEO plugin. -->","yoast_head_json":{"title":"Electric Cycle Latte 48v 500w 13ah Factory Price Rooder China","description":"Investing in the Electric Cycle Latte 500W 13A has been one of the best decisions I've made. The bike offers excellent value for money with its performance.","robots":{"index":"index","follow":"follow","max-snippet":"max-snippet:-1","max-image-preview":"max-image-preview:large","max-video-preview":"max-video-preview:-1"},"canonical":"https:\/\/www.rooderchina.com\/es\/producto\/electric-cycle-latte-48v-500w-13ah-factory-price\/","og_locale":"es_ES","og_type":"article","og_title":"Electric Cycle Latte 48v 500w 13ah Factory Price Rooder China","og_description":"Investing in the Electric Cycle Latte 500W 13A has been one of the best decisions I've made. The bike offers excellent value for money with its performance.","og_url":"https:\/\/www.rooderchina.com\/es\/producto\/electric-cycle-latte-48v-500w-13ah-factory-price\/","og_site_name":"Electric Scooters Bikes Citycoco Manufacturer","article_publisher":"https:\/\/www.facebook.com\/rooder.tec","article_modified_time":"2023-12-18T00:22:44+00:00","og_image":[{"width":1200,"height":1200,"url":"https:\/\/www.rooderchina.com\/wp-content\/uploads\/2023\/12\/Electric-Cycle-Latte-48v-500w-13ah-Factory-Price-7.jpg","type":"image\/jpeg"}],"twitter_card":"summary_large_image","twitter_site":"@RooderTec","twitter_misc":{"Tiempo de lectura":"2 minutos"},"schema":{"@context":"https:\/\/schema.org","@graph":[{"@type":"WebPage","@id":"https:\/\/www.rooderchina.com\/product\/electric-cycle-latte-48v-500w-13ah-factory-price\/","url":"https:\/\/www.rooderchina.com\/product\/electric-cycle-latte-48v-500w-13ah-factory-price\/","name":"Electric Cycle Latte 48v 500w 13ah Factory Price Rooder China","isPartOf":{"@id":"https:\/\/www.rooderchina.com\/#website"},"datePublished":"2023-12-18T00:18:37+00:00","dateModified":"2023-12-18T00:22:44+00:00","description":"Investing in the Electric Cycle Latte 500W 13A has been one of the best decisions I've made. The bike offers excellent value for money with its performance.","breadcrumb":{"@id":"https:\/\/www.rooderchina.com\/product\/electric-cycle-latte-48v-500w-13ah-factory-price\/#breadcrumb"},"inLanguage":"es-AR","potentialAction":[{"@type":"ReadAction","target":["https:\/\/www.rooderchina.com\/product\/electric-cycle-latte-48v-500w-13ah-factory-price\/"]}]},{"@type":"BreadcrumbList","@id":"https:\/\/www.rooderchina.com\/product\/electric-cycle-latte-48v-500w-13ah-factory-price\/#breadcrumb","itemListElement":[{"@type":"ListItem","position":1,"name":"HOME","item":"https:\/\/www.rooderchina.com\/"},{"@type":"ListItem","position":2,"name":"Shop","item":"https:\/\/www.rooderchina.com\/shop\/"},{"@type":"ListItem","position":3,"name":"Electric Cycle Latte 48v 500w 13ah Factory Price"}]},{"@type":"WebSite","@id":"https:\/\/www.rooderchina.com\/#website","url":"https:\/\/www.rooderchina.com\/","name":"Electric Scooters Bikes Citycoco Manufacturer","description":"Rooder Technology Limited","publisher":{"@id":"https:\/\/www.rooderchina.com\/#organization"},"potentialAction":[{"@type":"SearchAction","target":{"@type":"EntryPoint","urlTemplate":"https:\/\/www.rooderchina.com\/?s={search_term_string}"},"query-input":"required name=search_term_string"}],"inLanguage":"es-AR"},{"@type":"Organization","@id":"https:\/\/www.rooderchina.com\/#organization","name":"Electric Scooters Bikes Citycoco Manufacturer","url":"https:\/\/www.rooderchina.com\/","logo":{"@type":"ImageObject","inLanguage":"es-AR","@id":"https:\/\/www.rooderchina.com\/#\/schema\/logo\/image\/","url":"https:\/\/www.rooderchina.com\/wp-content\/uploads\/2023\/12\/rooder2.jpg","contentUrl":"https:\/\/www.rooderchina.com\/wp-content\/uploads\/2023\/12\/rooder2.jpg","width":1723,"height":1037,"caption":"Electric Scooters Bikes Citycoco Manufacturer"},"image":{"@id":"https:\/\/www.rooderchina.com\/#\/schema\/logo\/image\/"},"sameAs":["https:\/\/www.facebook.com\/rooder.tec","https:\/\/twitter.com\/RooderTec"]}]}},"_links":{"self":[{"href":"https:\/\/www.rooderchina.com\/es\/wp-json\/wp\/v2\/product\/20858","targetHints":{"allow":["GET"]}}],"collection":[{"href":"https:\/\/www.rooderchina.com\/es\/wp-json\/wp\/v2\/product"}],"about":[{"href":"https:\/\/www.rooderchina.com\/es\/wp-json\/wp\/v2\/types\/product"}],"replies":[{"embeddable":true,"href":"https:\/\/www.rooderchina.com\/es\/wp-json\/wp\/v2\/comments?post=20858"}],"version-history":[{"count":4,"href":"https:\/\/www.rooderchina.com\/es\/wp-json\/wp\/v2\/product\/20858\/revisions"}],"predecessor-version":[{"id":20871,"href":"https:\/\/www.rooderchina.com\/es\/wp-json\/wp\/v2\/product\/20858\/revisions\/20871"}],"wp:featuredmedia":[{"embeddable":true,"href":"https:\/\/www.rooderchina.com\/es\/wp-json\/wp\/v2\/media\/20865"}],"wp:attachment":[{"href":"https:\/\/www.rooderchina.com\/es\/wp-json\/wp\/v2\/media?parent=20858"}],"wp:term":[{"taxonomy":"product_brand","embeddable":true,"href":"https:\/\/www.rooderchina.com\/es\/wp-json\/wp\/v2\/product_brand?post=20858"},{"taxonomy":"product_cat","embeddable":true,"href":"https:\/\/www.rooderchina.com\/es\/wp-json\/wp\/v2\/product_cat?post=20858"},{"taxonomy":"product_tag","embeddable":true,"href":"https:\/\/www.rooderchina.com\/es\/wp-json\/wp\/v2\/product_tag?post=20858"}],"curies":[{"name":"wp","href":"https:\/\/api.w.org\/{rel}","templated":true}]}}