{"id":10430,"date":"2023-11-11T19:11:53","date_gmt":"2023-11-11T11:11:53","guid":{"rendered":"http:\/\/www.rooderchina.com\/index.php\/product\/6-5-inch-hoverboard-balance-scooter-r8n-with-lamborghini-design-bluetooth-led-light-lg-battery-ce-fcc-rohs-msds-un38-3-certification-from-rooder-technology-limited\/"},"modified":"2023-11-11T19:11:53","modified_gmt":"2023-11-11T11:11:53","slug":"6-5-inch-hoverboard-balance-scooter-r8n-with-lamborghini-design-bluetooth-led-light-lg-battery-ce-fcc-rohs-msds-un38-3-certification-from-rooder-technology-limited","status":"publish","type":"product","link":"https:\/\/www.rooderchina.com\/es\/producto\/6-5-inch-hoverboard-balance-scooter-r8n-with-lamborghini-design-bluetooth-led-light-lg-battery-ce-fcc-rohs-msds-un38-3-certification-from-rooder-technology-limited\/","title":{"rendered":"6.5 pulgadas hoverboard equilibrio scooter r8n con dise\u00f1o lamborghini bluetooth led luz lg bater\u00eda CE FCC ROHS MSDS UN38.3 certificaci\u00f3n de Rooder Technology Limited"},"content":{"rendered":"<p>Somos un fabricante grande y profesional y exportador de todo tipo de <a href=\"https:\/\/www.rooderchina.com\/es\/tag\/2-wheel-balance-board\/\" title=\"Ver todos los comentarios en 2 wheel balance board\" target=\"_blank\" rel=\"noopener\">Tablero de equilibrio de 2 ruedas<\/a>, <a href=\"https:\/\/www.rooderchina.com\/es\/tag\/hoverboard-self-balance-scooter\/\" title=\"Ver todas las entradas en hoverboard auto equilibrio scooter\" target=\"_blank\" rel=\"noopener\">hoverboard auto equilibrio scooter<\/a> y <a href=\"https:\/\/www.rooderchina.com\/es\/tag\/hoverboard-electric-skateboard\/\" title=\"Ver todas las entradas en hoverboard monopat\u00edn el\u00e9ctrico\" target=\"_blank\" rel=\"noopener\">hoverboard monopat\u00edn el\u00e9ctrico<\/a> en China, con instalaciones de prueba y producci\u00f3n bien equipadas y una gran fuerza t\u00e9cnica.<\/p>\n<p>Estamos orgullosos de nuestros trabajadores cualificados y nuestro personal entusiasta. Siempre garantizamos precios razonables, buena calidad y entrega puntual. Por lo tanto, a trav\u00e9s de todos estos a\u00f1os de esfuerzos, nos hemos desarrollado muy r\u00e1pidamente y nuestros productos son ampliamente reconocidos y de confianza por los usuarios y pueden satisfacer las necesidades econ\u00f3micas y sociales en continuo desarrollo.<\/p>\n<p>Siempre ponemos \u00e9nfasis en la ciencia y la innovaci\u00f3n tecnol\u00f3gica, y constantemente introducir tecnolog\u00eda avanzada, dise\u00f1os de productos est\u00e1n orientados a las personas, y constantemente se esfuerzan por la perfecci\u00f3n. Vamos a seguir avanzando, perfeccionar elementos interesantes, mientras tanto, desarrollar nuevos productos para satisfacer el mercado y la demanda del cliente, sinceramente esperando su contacto para la cooperaci\u00f3n para nuestro beneficio mutuo.<\/p>\n<p><strong>6,5 pulgadas <a href=\"https:\/\/www.rooderchina.com\/es\/tag\/hoverboard-balance-scooter\/\" title=\"Ver todas las entradas en hoverboard scooter de equilibrio\" target=\"_blank\" rel=\"noopener\">hoverboard scooter de equilibrio<\/a> con lamborghini dise\u00f1o bluetooth led luz lg bater\u00eda CE FCC ROHS MSDS UN38.3 certificaci\u00f3n de Rooder Technology Limited<\/strong><\/p>\n<p>&nbsp;<\/p>\n<\/p>\n<p>modelo: r8n<br \/>\ndim:584*186*178mm<br \/>\npeso neto:10kgs<br \/>\ndistancia al suelo :30mm<br \/>\naltura de la plataforma:110mm<br \/>\ntama\u00f1o del neum\u00e1tico:6.5\u2033 170mm<br \/>\ncarga m\u00e1xima:100kgs<br \/>\nl\u00edmite de velocidad m\u00e1xima:10km\/h<br \/>\nalcance:15-20km<br \/>\nradio de giro m\u00ednimo:0<br \/>\nl\u00edmite m\u00e1ximo de ascenso:15<br \/>\nbater\u00eda:lithium-ion 36v 4.4ah samsung<br \/>\nTemperatura de carga:0\u2103~40\u2103<br \/>\nTemperatura de funcionamiento:-15\u2103~50\u2103<br \/>\nmotor: 350w*2<br \/>\npower requirements:ac100-240v\/50-60hz<br \/>\ntiempo de carga:2-3h<br \/>\nembalaje cart\u00f3n: 65*25*25cm<br \/>\npeso bruto: 12 kg<br \/>\ncolor disponible: negro, blanco, rojo, azul, verde y dorado, etc.<br \/>\nopci\u00f3n: bluetooth \/ mando a distancia<\/p>\n<p>1 pieza\/cart\u00f3n<br \/>\npeso neto:10kg<br \/>\ngw:12kg<br \/>\ntama\u00f1o del producto:584*186*178mm<br \/>\ntama\u00f1o de la caja:65*25*25cm<br \/>\n0,046cbm\/pieza<\/p>\n<p>orden de los contenedores:<br \/>\n628pcs en 20gp<br \/>\n1342pcs en 40gp<br \/>\n1515pcs en 40hc<br \/>\nc\u00f3digo hs: 8711600010<\/p>\n<p>&nbsp;<\/p><\/p>","protected":false},"excerpt":{"rendered":"<h3>Breve descripci\u00f3n:<\/h3>\n<p><p>encontrar alta calidad precio barato hoverboard equilibrio scooter, venta al por mayor hoverboard equilibrio scooter de Rooder hoverboard equilibrio scooter proveedor fabricante f\u00e1brica exportador empresa el <a href=\"http:\/\/www.RooderChina.com\" target=\"_blank\" rel=\"noopener\">www.RooderChina.com<\/a><\/p>\n<p>15 cm<br \/>\ndise\u00f1o lamborghini<br \/>\nCE<br \/>\nFCC<br \/>\nRohs<br \/>\nFDS<br \/>\nUN38.3<\/p>\n<\/p>\n<p><\/p>\n<li><em>Marca: <\/em> OEM\/ODM\/RODER<\/li>\n<li><em>Cantidad m\u00ednima de pedido: <\/em> 10 piezas\/piezas<\/li>\n<li><em>Capacidad de suministro: <\/em> 10000 piezas por mes<\/li>\n<li><em>Puerto: <\/em> Shenzhen<\/li>\n<li><em>Condiciones de pago: <\/em> T\/T, L\/C, D\/A, D\/P<\/li>","protected":false},"featured_media":10432,"comment_status":"closed","ping_status":"open","template":"","meta":[],"product_brand":[],"product_cat":[556],"product_tag":[1122,910,1123,1124,1125,1007,1126,1127,1128,1129,1130,1131,1132,1133,1134],"class_list":{"0":"post-10430","1":"product","2":"type-product","3":"status-publish","4":"has-post-thumbnail","6":"product_cat-others","7":"product_tag-2-wheel-balance-board","8":"product_tag-2-wheel-hoverboard","9":"product_tag-bluetooth-hoverboard","10":"product_tag-cheap-self-balancing-board","11":"product_tag-hoverboard-balance-scooter","12":"product_tag-hoverboard-electric-skateboard","13":"product_tag-hoverboard-self-balance-scooter","14":"product_tag-lowest-price-for-a-hoverboard","15":"product_tag-new-hoverboard","16":"product_tag-pink-hoverboard","17":"product_tag-safe-hoverboards-for-sale","18":"product_tag-segway-board","19":"product_tag-segway-hoverboard","20":"product_tag-swagway","21":"product_tag-the-safest-hoverboards","23":"first","24":"instock","25":"product-type-simple"},"yoast_head":"<!-- This site is optimized with the Yoast SEO plugin v21.7 - https:\/\/yoast.com\/wordpress\/plugins\/seo\/ -->\n<title>6.5 inch hoverboard balance scooter r8n with lamborghini design bluetooth led light lg battery CE FCC ROHS MSDS UN38.3 certification from Rooder Technology Limited - Electric Scooters Bikes Citycoco Manufacturer<\/title>\n<meta name=\"robots\" content=\"index, follow, max-snippet:-1, max-image-preview:large, max-video-preview:-1\" \/>\n<link rel=\"canonical\" href=\"https:\/\/www.rooderchina.com\/es\/producto\/6-5-inch-hoverboard-balance-scooter-r8n-with-lamborghini-design-bluetooth-led-light-lg-battery-ce-fcc-rohs-msds-un38-3-certification-from-rooder-technology-limited\/\" \/>\n<meta property=\"og:locale\" content=\"es_ES\" \/>\n<meta property=\"og:type\" content=\"article\" \/>\n<meta property=\"og:title\" content=\"6.5 inch hoverboard balance scooter r8n with lamborghini design bluetooth led light lg battery CE FCC ROHS MSDS UN38.3 certification from Rooder Technology Limited - Electric Scooters Bikes Citycoco Manufacturer\" \/>\n<meta property=\"og:description\" content=\"Short Description: find high quality cheap price hoverboard balance scooter,\u00a0 wholesale\u00a0hoverboard balance scooter from Rooder\u00a0hoverboard balance scooter supplier manufacturer factory exporter company on www.RooderChina.com 6.5inch lamborghini design CE FCC Rohs MSDS UN38.3    Brand: OEM\/ODM\/ROODER   Min.Order Quantity: 10 Piece\/Pieces   Supply Ability: 10000 Piece\/Pieces per Month   Port: Shenzhen   Payment Terms: T\/T, L\/C, D\/A, D\/P\" \/>\n<meta property=\"og:url\" content=\"https:\/\/www.rooderchina.com\/es\/producto\/6-5-inch-hoverboard-balance-scooter-r8n-with-lamborghini-design-bluetooth-led-light-lg-battery-ce-fcc-rohs-msds-un38-3-certification-from-rooder-technology-limited\/\" \/>\n<meta property=\"og:site_name\" content=\"Electric Scooters Bikes Citycoco Manufacturer\" \/>\n<meta property=\"article:publisher\" content=\"https:\/\/www.facebook.com\/rooder.tec\" \/>\n<meta property=\"og:image\" content=\"https:\/\/www.rooderchina.com\/wp-content\/uploads\/2023\/11\/082dd5c2.jpg\" \/>\n\t<meta property=\"og:image:width\" content=\"750\" \/>\n\t<meta property=\"og:image:height\" content=\"750\" \/>\n\t<meta property=\"og:image:type\" content=\"image\/jpeg\" \/>\n<meta name=\"twitter:card\" content=\"summary_large_image\" \/>\n<meta name=\"twitter:site\" content=\"@RooderTec\" \/>\n<meta name=\"twitter:label1\" content=\"Tiempo de lectura\" \/>\n\t<meta name=\"twitter:data1\" content=\"1 minuto\" \/>\n<script type=\"application\/ld+json\" class=\"yoast-schema-graph\">{\"@context\":\"https:\/\/schema.org\",\"@graph\":[{\"@type\":\"WebPage\",\"@id\":\"https:\/\/www.rooderchina.com\/product\/6-5-inch-hoverboard-balance-scooter-r8n-with-lamborghini-design-bluetooth-led-light-lg-battery-ce-fcc-rohs-msds-un38-3-certification-from-rooder-technology-limited\/\",\"url\":\"https:\/\/www.rooderchina.com\/product\/6-5-inch-hoverboard-balance-scooter-r8n-with-lamborghini-design-bluetooth-led-light-lg-battery-ce-fcc-rohs-msds-un38-3-certification-from-rooder-technology-limited\/\",\"name\":\"6.5 inch hoverboard balance scooter r8n with lamborghini design bluetooth led light lg battery CE FCC ROHS MSDS UN38.3 certification from Rooder Technology Limited - Electric Scooters Bikes Citycoco Manufacturer\",\"isPartOf\":{\"@id\":\"https:\/\/www.rooderchina.com\/#website\"},\"datePublished\":\"2023-11-11T11:11:53+00:00\",\"dateModified\":\"2023-11-11T11:11:53+00:00\",\"breadcrumb\":{\"@id\":\"https:\/\/www.rooderchina.com\/product\/6-5-inch-hoverboard-balance-scooter-r8n-with-lamborghini-design-bluetooth-led-light-lg-battery-ce-fcc-rohs-msds-un38-3-certification-from-rooder-technology-limited\/#breadcrumb\"},\"inLanguage\":\"es-AR\",\"potentialAction\":[{\"@type\":\"ReadAction\",\"target\":[\"https:\/\/www.rooderchina.com\/product\/6-5-inch-hoverboard-balance-scooter-r8n-with-lamborghini-design-bluetooth-led-light-lg-battery-ce-fcc-rohs-msds-un38-3-certification-from-rooder-technology-limited\/\"]}]},{\"@type\":\"BreadcrumbList\",\"@id\":\"https:\/\/www.rooderchina.com\/product\/6-5-inch-hoverboard-balance-scooter-r8n-with-lamborghini-design-bluetooth-led-light-lg-battery-ce-fcc-rohs-msds-un38-3-certification-from-rooder-technology-limited\/#breadcrumb\",\"itemListElement\":[{\"@type\":\"ListItem\",\"position\":1,\"name\":\"HOME\",\"item\":\"https:\/\/www.rooderchina.com\/\"},{\"@type\":\"ListItem\",\"position\":2,\"name\":\"Shop\",\"item\":\"https:\/\/www.rooderchina.com\/shop\/\"},{\"@type\":\"ListItem\",\"position\":3,\"name\":\"6.5 inch hoverboard balance scooter r8n with lamborghini design bluetooth led light lg battery CE FCC ROHS MSDS UN38.3 certification from Rooder Technology Limited\"}]},{\"@type\":\"WebSite\",\"@id\":\"https:\/\/www.rooderchina.com\/#website\",\"url\":\"https:\/\/www.rooderchina.com\/\",\"name\":\"Electric Scooters Bikes Citycoco Manufacturer\",\"description\":\"Rooder Technology Limited\",\"publisher\":{\"@id\":\"https:\/\/www.rooderchina.com\/#organization\"},\"potentialAction\":[{\"@type\":\"SearchAction\",\"target\":{\"@type\":\"EntryPoint\",\"urlTemplate\":\"https:\/\/www.rooderchina.com\/?s={search_term_string}\"},\"query-input\":\"required name=search_term_string\"}],\"inLanguage\":\"es-AR\"},{\"@type\":\"Organization\",\"@id\":\"https:\/\/www.rooderchina.com\/#organization\",\"name\":\"Electric Scooters Bikes Citycoco Manufacturer\",\"url\":\"https:\/\/www.rooderchina.com\/\",\"logo\":{\"@type\":\"ImageObject\",\"inLanguage\":\"es-AR\",\"@id\":\"https:\/\/www.rooderchina.com\/#\/schema\/logo\/image\/\",\"url\":\"https:\/\/www.rooderchina.com\/wp-content\/uploads\/2023\/12\/rooder2.jpg\",\"contentUrl\":\"https:\/\/www.rooderchina.com\/wp-content\/uploads\/2023\/12\/rooder2.jpg\",\"width\":1723,\"height\":1037,\"caption\":\"Electric Scooters Bikes Citycoco Manufacturer\"},\"image\":{\"@id\":\"https:\/\/www.rooderchina.com\/#\/schema\/logo\/image\/\"},\"sameAs\":[\"https:\/\/www.facebook.com\/rooder.tec\",\"https:\/\/twitter.com\/RooderTec\"]}]}<\/script>\n<!-- \/ Yoast SEO plugin. -->","yoast_head_json":{"title":"6.5 inch hoverboard balance scooter r8n with lamborghini design bluetooth led light lg battery CE FCC ROHS MSDS UN38.3 certification from Rooder Technology Limited - Electric Scooters Bikes Citycoco Manufacturer","robots":{"index":"index","follow":"follow","max-snippet":"max-snippet:-1","max-image-preview":"max-image-preview:large","max-video-preview":"max-video-preview:-1"},"canonical":"https:\/\/www.rooderchina.com\/es\/producto\/6-5-inch-hoverboard-balance-scooter-r8n-with-lamborghini-design-bluetooth-led-light-lg-battery-ce-fcc-rohs-msds-un38-3-certification-from-rooder-technology-limited\/","og_locale":"es_ES","og_type":"article","og_title":"6.5 inch hoverboard balance scooter r8n with lamborghini design bluetooth led light lg battery CE FCC ROHS MSDS UN38.3 certification from Rooder Technology Limited - Electric Scooters Bikes Citycoco Manufacturer","og_description":"Short Description: find high quality cheap price hoverboard balance scooter,\u00a0 wholesale\u00a0hoverboard balance scooter from Rooder\u00a0hoverboard balance scooter supplier manufacturer factory exporter company on www.RooderChina.com 6.5inch lamborghini design CE FCC Rohs MSDS UN38.3    Brand: OEM\/ODM\/ROODER   Min.Order Quantity: 10 Piece\/Pieces   Supply Ability: 10000 Piece\/Pieces per Month   Port: Shenzhen   Payment Terms: T\/T, L\/C, D\/A, D\/P","og_url":"https:\/\/www.rooderchina.com\/es\/producto\/6-5-inch-hoverboard-balance-scooter-r8n-with-lamborghini-design-bluetooth-led-light-lg-battery-ce-fcc-rohs-msds-un38-3-certification-from-rooder-technology-limited\/","og_site_name":"Electric Scooters Bikes Citycoco Manufacturer","article_publisher":"https:\/\/www.facebook.com\/rooder.tec","og_image":[{"width":750,"height":750,"url":"https:\/\/www.rooderchina.com\/wp-content\/uploads\/2023\/11\/082dd5c2.jpg","type":"image\/jpeg"}],"twitter_card":"summary_large_image","twitter_site":"@RooderTec","twitter_misc":{"Tiempo de lectura":"1 minuto"},"schema":{"@context":"https:\/\/schema.org","@graph":[{"@type":"WebPage","@id":"https:\/\/www.rooderchina.com\/product\/6-5-inch-hoverboard-balance-scooter-r8n-with-lamborghini-design-bluetooth-led-light-lg-battery-ce-fcc-rohs-msds-un38-3-certification-from-rooder-technology-limited\/","url":"https:\/\/www.rooderchina.com\/product\/6-5-inch-hoverboard-balance-scooter-r8n-with-lamborghini-design-bluetooth-led-light-lg-battery-ce-fcc-rohs-msds-un38-3-certification-from-rooder-technology-limited\/","name":"6.5 inch hoverboard balance scooter r8n with lamborghini design bluetooth led light lg battery CE FCC ROHS MSDS UN38.3 certification from Rooder Technology Limited - Electric Scooters Bikes Citycoco Manufacturer","isPartOf":{"@id":"https:\/\/www.rooderchina.com\/#website"},"datePublished":"2023-11-11T11:11:53+00:00","dateModified":"2023-11-11T11:11:53+00:00","breadcrumb":{"@id":"https:\/\/www.rooderchina.com\/product\/6-5-inch-hoverboard-balance-scooter-r8n-with-lamborghini-design-bluetooth-led-light-lg-battery-ce-fcc-rohs-msds-un38-3-certification-from-rooder-technology-limited\/#breadcrumb"},"inLanguage":"es-AR","potentialAction":[{"@type":"ReadAction","target":["https:\/\/www.rooderchina.com\/product\/6-5-inch-hoverboard-balance-scooter-r8n-with-lamborghini-design-bluetooth-led-light-lg-battery-ce-fcc-rohs-msds-un38-3-certification-from-rooder-technology-limited\/"]}]},{"@type":"BreadcrumbList","@id":"https:\/\/www.rooderchina.com\/product\/6-5-inch-hoverboard-balance-scooter-r8n-with-lamborghini-design-bluetooth-led-light-lg-battery-ce-fcc-rohs-msds-un38-3-certification-from-rooder-technology-limited\/#breadcrumb","itemListElement":[{"@type":"ListItem","position":1,"name":"HOME","item":"https:\/\/www.rooderchina.com\/"},{"@type":"ListItem","position":2,"name":"Shop","item":"https:\/\/www.rooderchina.com\/shop\/"},{"@type":"ListItem","position":3,"name":"6.5 inch hoverboard balance scooter r8n with lamborghini design bluetooth led light lg battery CE FCC ROHS MSDS UN38.3 certification from Rooder Technology Limited"}]},{"@type":"WebSite","@id":"https:\/\/www.rooderchina.com\/#website","url":"https:\/\/www.rooderchina.com\/","name":"Electric Scooters Bikes Citycoco Manufacturer","description":"Rooder Technology Limited","publisher":{"@id":"https:\/\/www.rooderchina.com\/#organization"},"potentialAction":[{"@type":"SearchAction","target":{"@type":"EntryPoint","urlTemplate":"https:\/\/www.rooderchina.com\/?s={search_term_string}"},"query-input":"required name=search_term_string"}],"inLanguage":"es-AR"},{"@type":"Organization","@id":"https:\/\/www.rooderchina.com\/#organization","name":"Electric Scooters Bikes Citycoco Manufacturer","url":"https:\/\/www.rooderchina.com\/","logo":{"@type":"ImageObject","inLanguage":"es-AR","@id":"https:\/\/www.rooderchina.com\/#\/schema\/logo\/image\/","url":"https:\/\/www.rooderchina.com\/wp-content\/uploads\/2023\/12\/rooder2.jpg","contentUrl":"https:\/\/www.rooderchina.com\/wp-content\/uploads\/2023\/12\/rooder2.jpg","width":1723,"height":1037,"caption":"Electric Scooters Bikes Citycoco Manufacturer"},"image":{"@id":"https:\/\/www.rooderchina.com\/#\/schema\/logo\/image\/"},"sameAs":["https:\/\/www.facebook.com\/rooder.tec","https:\/\/twitter.com\/RooderTec"]}]}},"_links":{"self":[{"href":"https:\/\/www.rooderchina.com\/es\/wp-json\/wp\/v2\/product\/10430","targetHints":{"allow":["GET"]}}],"collection":[{"href":"https:\/\/www.rooderchina.com\/es\/wp-json\/wp\/v2\/product"}],"about":[{"href":"https:\/\/www.rooderchina.com\/es\/wp-json\/wp\/v2\/types\/product"}],"replies":[{"embeddable":true,"href":"https:\/\/www.rooderchina.com\/es\/wp-json\/wp\/v2\/comments?post=10430"}],"version-history":[{"count":1,"href":"https:\/\/www.rooderchina.com\/es\/wp-json\/wp\/v2\/product\/10430\/revisions"}],"predecessor-version":[{"id":10431,"href":"https:\/\/www.rooderchina.com\/es\/wp-json\/wp\/v2\/product\/10430\/revisions\/10431"}],"wp:featuredmedia":[{"embeddable":true,"href":"https:\/\/www.rooderchina.com\/es\/wp-json\/wp\/v2\/media\/10432"}],"wp:attachment":[{"href":"https:\/\/www.rooderchina.com\/es\/wp-json\/wp\/v2\/media?parent=10430"}],"wp:term":[{"taxonomy":"product_brand","embeddable":true,"href":"https:\/\/www.rooderchina.com\/es\/wp-json\/wp\/v2\/product_brand?post=10430"},{"taxonomy":"product_cat","embeddable":true,"href":"https:\/\/www.rooderchina.com\/es\/wp-json\/wp\/v2\/product_cat?post=10430"},{"taxonomy":"product_tag","embeddable":true,"href":"https:\/\/www.rooderchina.com\/es\/wp-json\/wp\/v2\/product_tag?post=10430"}],"curies":[{"name":"wp","href":"https:\/\/api.w.org\/{rel}","templated":true}]}}