{"id":10264,"date":"2023-11-11T19:08:29","date_gmt":"2023-11-11T11:08:29","guid":{"rendered":"http:\/\/www.rooderchina.com\/index.php\/product\/best-electric-hoverboard-r806-with-lamborghini-design-two-8-inch-smart-balance-wheels-led-lights-bluetooth-safe-lg-samsung-battery-pink-yellow-orange-graffiti\/"},"modified":"2023-11-11T19:09:07","modified_gmt":"2023-11-11T11:09:07","slug":"best-electric-hoverboard-r806-with-lamborghini-design-two-8-inch-smart-balance-wheels-led-lights-bluetooth-safe-lg-samsung-battery-pink-yellow-orange-graffiti","status":"publish","type":"product","link":"https:\/\/www.rooderchina.com\/es\/producto\/best-electric-hoverboard-r806-with-lamborghini-design-two-8-inch-smart-balance-wheels-led-lights-bluetooth-safe-lg-samsung-battery-pink-yellow-orange-graffiti\/","title":{"rendered":"mejor hoverboard el\u00e9ctrico r806 con dise\u00f1o lamborghini dos ruedas de equilibrio inteligente de 8 pulgadas luces led bluetooth seguro lg samsung bater\u00eda rosa amarillo naranja graffiti"},"content":{"rendered":"<p>Rooder es el principal fabricante chino de <a href=\"https:\/\/www.rooderchina.com\/es\/tag\/scooter-electric-self-balancing\/\" title=\"Ver todas las entradas en scooter el\u00e9ctrico autoequilibrado\" target=\"_blank\" rel=\"noopener\">scooter el\u00e9ctrico autoequilibrado<\/a> productos.<\/p>\n<p>Basado en la demanda de los clientes, hemos estado innovando y produciendo durante 7 a\u00f1os en el campo de scooter, ocupando el primer lugar en la tecnolog\u00eda de n\u00facleo de scooter, programas de scooter y OEM de marca en Shenzhen China.<\/p>\n<p>Nuestro objetivo es establecer relaciones comerciales a largo plazo con clientes de todo el mundo e invitamos a las partes interesadas a ponerse en contacto con nosotros con sus consultas.<\/p>\n<p><strong><a href=\"https:\/\/www.rooderchina.com\/es\/tag\/best-electric-hoverboard\/\" title=\"Ver todas las entradas en mejor hoverboard el\u00e9ctrico\" target=\"_blank\" rel=\"noopener\">mejor hoverboard el\u00e9ctrico<\/a> r806 con lamborghini dise\u00f1o dos 8 pulgadas smart balance ruedas led luces bluetooth seguro lg samsung bater\u00eda rosa amarillo naranja graffiti<\/strong><\/p>\n<\/p>\n<p>&nbsp;<\/p>\n<p>modelo:r806<br \/>\nDimensiones: 604*225*185mm<br \/>\nbater\u00eda: bater\u00eda li-ion integrada (36v, 4,4 ah) samsung<br \/>\nkilometraje m\u00e1ximo: 20 km<br \/>\npotencia del motor:350w*2<br \/>\ncharging requirements:ac100-240v\/50-60hz<br \/>\nautonom\u00eda por cargador:15-20km<br \/>\nVelocidad m\u00e1xima: 10 km\/h<br \/>\nCarga m\u00e1xima: 120kg<br \/>\nascenso m\u00e1ximo:\u226415 grados<br \/>\npeso neto: 11,25 kg<br \/>\ntama\u00f1o del neum\u00e1tico: 8 pulgadas<br \/>\naltura del padel: 48mm<br \/>\npower show: luces led de colores<br \/>\nopci\u00f3n de color: negro, blanco, azul, verde, rojo<br \/>\ntama\u00f1o de la caja: 68 cm x 31 cm x 29 cm<br \/>\npeso 14kgs<br \/>\nopci\u00f3n: bluetooth \/ mando a distancia<\/p>\n<p>1 pieza\/cart\u00f3n<br \/>\npeso neto: 11,25 kg<br \/>\ngw:14kg<br \/>\ntama\u00f1o del producto:604*225*185mm<br \/>\nTama\u00f1o de la caja:68cm x 31cm x 29cm<br \/>\n0,061cbm\/pieza<\/p>\n<p>orden de los contenedores:<br \/>\n474pcs en 20gp<br \/>\n1014pcs en 40gp<br \/>\n1145pcs en 40hc<br \/>\nc\u00f3digo hs: 8711600010<\/p><\/p>","protected":false},"excerpt":{"rendered":"<h3>Breve descripci\u00f3n:<\/h3>\n<p><p>encontrar alta calidad bajo precio mejor hoverboard el\u00e9ctrico, venta al por mayor China mejor hoverboard el\u00e9ctrico de Rooder mejor hoverboard el\u00e9ctrico fabricante proveedor de la f\u00e1brica y exportador en www.RooderChina.com<\/p>\n<p>dise\u00f1o lamborghini<br \/>\nRuedas de 8 pulgadas<br \/>\nluces led<br \/>\nbluetooth<br \/>\nbater\u00eda samsung<br \/>\ncolor graffiti<br \/>\ncolor cromo<br \/>\ncolores de camuflaje<\/p>\n<\/p>\n<p><\/p>\n<li><em>Marca: <\/em> OEM\/ODM\/RODER<\/li>\n<li><em>Cantidad m\u00ednima de pedido: <\/em> 10 piezas\/piezas<\/li>\n<li><em>Capacidad de suministro: <\/em> 10000 piezas por mes<\/li>\n<li><em>Puerto: <\/em> Shenzhen<\/li>\n<li><em>Condiciones de pago: <\/em> T\/T, L\/C, D\/A, D\/P<\/li>","protected":false},"featured_media":10266,"comment_status":"closed","ping_status":"open","template":"","meta":[],"product_brand":[],"product_cat":[556],"product_tag":[1051,1052,1053,1054,1055,1056,1057,1058,1059,1060,1061,1062,1063,1064,1065],"class_list":{"0":"post-10264","1":"product","2":"type-product","3":"status-publish","4":"has-post-thumbnail","6":"product_cat-others","7":"product_tag-best-electric-hoverboard","8":"product_tag-best-hoverboard","9":"product_tag-cheap-safe-hoverboards","10":"product_tag-cool-hoverboard","11":"product_tag-cool-hoverboards-for-sale","12":"product_tag-hoverboard-best","13":"product_tag-hoverboard-safe","14":"product_tag-hoverboard-store","15":"product_tag-hoverboard-wholesale","16":"product_tag-hoverboarder","17":"product_tag-safe-hoverboards","18":"product_tag-safest-hoverboard","19":"product_tag-scooter-electric-self-balancing","20":"product_tag-smart-self-balance-board","21":"product_tag-the-best-hoverboard","23":"first","24":"instock","25":"product-type-simple"},"yoast_head":"<!-- This site is optimized with the Yoast SEO plugin v21.7 - https:\/\/yoast.com\/wordpress\/plugins\/seo\/ -->\n<title>best electric hoverboard r806 with lamborghini design two 8 inch smart balance wheels led lights bluetooth safe lg samsung battery pink yellow orange graffiti - Electric Scooters Bikes Citycoco Manufacturer<\/title>\n<meta name=\"robots\" content=\"index, follow, max-snippet:-1, max-image-preview:large, max-video-preview:-1\" \/>\n<link rel=\"canonical\" href=\"https:\/\/www.rooderchina.com\/es\/producto\/best-electric-hoverboard-r806-with-lamborghini-design-two-8-inch-smart-balance-wheels-led-lights-bluetooth-safe-lg-samsung-battery-pink-yellow-orange-graffiti\/\" \/>\n<meta property=\"og:locale\" content=\"es_ES\" \/>\n<meta property=\"og:type\" content=\"article\" \/>\n<meta property=\"og:title\" content=\"best electric hoverboard r806 with lamborghini design two 8 inch smart balance wheels led lights bluetooth safe lg samsung battery pink yellow orange graffiti - Electric Scooters Bikes Citycoco Manufacturer\" \/>\n<meta property=\"og:description\" content=\"Short Description: find high quality low price\u00a0best electric hoverboard, wholesale China\u00a0best electric hoverboard from Rooder\u00a0best electric hoverboard manufacturer factory supplier and exporter company on www.RooderChina.com lamborghini design 8 inch wheels led lights bluetooth samsung battery graffiti color chrome color camouflage colours    Brand: OEM\/ODM\/ROODER   Min.Order Quantity: 10 Piece\/Pieces   Supply Ability: 10000 Piece\/Pieces per Month   Port: Shenzhen   Payment Terms: T\/T, L\/C, D\/A, D\/P\" \/>\n<meta property=\"og:url\" content=\"https:\/\/www.rooderchina.com\/es\/producto\/best-electric-hoverboard-r806-with-lamborghini-design-two-8-inch-smart-balance-wheels-led-lights-bluetooth-safe-lg-samsung-battery-pink-yellow-orange-graffiti\/\" \/>\n<meta property=\"og:site_name\" content=\"Electric Scooters Bikes Citycoco Manufacturer\" \/>\n<meta property=\"article:publisher\" content=\"https:\/\/www.facebook.com\/rooder.tec\" \/>\n<meta property=\"article:modified_time\" content=\"2023-11-11T11:09:07+00:00\" \/>\n<meta property=\"og:image\" content=\"https:\/\/www.rooderchina.com\/wp-content\/uploads\/2023\/11\/1f42c4d6.jpg\" \/>\n\t<meta property=\"og:image:width\" content=\"750\" \/>\n\t<meta property=\"og:image:height\" content=\"750\" \/>\n\t<meta property=\"og:image:type\" content=\"image\/jpeg\" \/>\n<meta name=\"twitter:card\" content=\"summary_large_image\" \/>\n<meta name=\"twitter:site\" content=\"@RooderTec\" \/>\n<meta name=\"twitter:label1\" content=\"Tiempo de lectura\" \/>\n\t<meta name=\"twitter:data1\" content=\"1 minuto\" \/>\n<script type=\"application\/ld+json\" class=\"yoast-schema-graph\">{\"@context\":\"https:\/\/schema.org\",\"@graph\":[{\"@type\":\"WebPage\",\"@id\":\"https:\/\/www.rooderchina.com\/product\/best-electric-hoverboard-r806-with-lamborghini-design-two-8-inch-smart-balance-wheels-led-lights-bluetooth-safe-lg-samsung-battery-pink-yellow-orange-graffiti\/\",\"url\":\"https:\/\/www.rooderchina.com\/product\/best-electric-hoverboard-r806-with-lamborghini-design-two-8-inch-smart-balance-wheels-led-lights-bluetooth-safe-lg-samsung-battery-pink-yellow-orange-graffiti\/\",\"name\":\"best electric hoverboard r806 with lamborghini design two 8 inch smart balance wheels led lights bluetooth safe lg samsung battery pink yellow orange graffiti - Electric Scooters Bikes Citycoco Manufacturer\",\"isPartOf\":{\"@id\":\"https:\/\/www.rooderchina.com\/#website\"},\"datePublished\":\"2023-11-11T11:08:29+00:00\",\"dateModified\":\"2023-11-11T11:09:07+00:00\",\"breadcrumb\":{\"@id\":\"https:\/\/www.rooderchina.com\/product\/best-electric-hoverboard-r806-with-lamborghini-design-two-8-inch-smart-balance-wheels-led-lights-bluetooth-safe-lg-samsung-battery-pink-yellow-orange-graffiti\/#breadcrumb\"},\"inLanguage\":\"es-AR\",\"potentialAction\":[{\"@type\":\"ReadAction\",\"target\":[\"https:\/\/www.rooderchina.com\/product\/best-electric-hoverboard-r806-with-lamborghini-design-two-8-inch-smart-balance-wheels-led-lights-bluetooth-safe-lg-samsung-battery-pink-yellow-orange-graffiti\/\"]}]},{\"@type\":\"BreadcrumbList\",\"@id\":\"https:\/\/www.rooderchina.com\/product\/best-electric-hoverboard-r806-with-lamborghini-design-two-8-inch-smart-balance-wheels-led-lights-bluetooth-safe-lg-samsung-battery-pink-yellow-orange-graffiti\/#breadcrumb\",\"itemListElement\":[{\"@type\":\"ListItem\",\"position\":1,\"name\":\"HOME\",\"item\":\"https:\/\/www.rooderchina.com\/\"},{\"@type\":\"ListItem\",\"position\":2,\"name\":\"Shop\",\"item\":\"https:\/\/www.rooderchina.com\/shop\/\"},{\"@type\":\"ListItem\",\"position\":3,\"name\":\"best electric hoverboard r806 with lamborghini design two 8 inch smart balance wheels led lights bluetooth safe lg samsung battery pink yellow orange graffiti\"}]},{\"@type\":\"WebSite\",\"@id\":\"https:\/\/www.rooderchina.com\/#website\",\"url\":\"https:\/\/www.rooderchina.com\/\",\"name\":\"Electric Scooters Bikes Citycoco Manufacturer\",\"description\":\"Rooder Technology Limited\",\"publisher\":{\"@id\":\"https:\/\/www.rooderchina.com\/#organization\"},\"potentialAction\":[{\"@type\":\"SearchAction\",\"target\":{\"@type\":\"EntryPoint\",\"urlTemplate\":\"https:\/\/www.rooderchina.com\/?s={search_term_string}\"},\"query-input\":\"required name=search_term_string\"}],\"inLanguage\":\"es-AR\"},{\"@type\":\"Organization\",\"@id\":\"https:\/\/www.rooderchina.com\/#organization\",\"name\":\"Electric Scooters Bikes Citycoco Manufacturer\",\"url\":\"https:\/\/www.rooderchina.com\/\",\"logo\":{\"@type\":\"ImageObject\",\"inLanguage\":\"es-AR\",\"@id\":\"https:\/\/www.rooderchina.com\/#\/schema\/logo\/image\/\",\"url\":\"https:\/\/www.rooderchina.com\/wp-content\/uploads\/2023\/12\/rooder2.jpg\",\"contentUrl\":\"https:\/\/www.rooderchina.com\/wp-content\/uploads\/2023\/12\/rooder2.jpg\",\"width\":1723,\"height\":1037,\"caption\":\"Electric Scooters Bikes Citycoco Manufacturer\"},\"image\":{\"@id\":\"https:\/\/www.rooderchina.com\/#\/schema\/logo\/image\/\"},\"sameAs\":[\"https:\/\/www.facebook.com\/rooder.tec\",\"https:\/\/twitter.com\/RooderTec\"]}]}<\/script>\n<!-- \/ Yoast SEO plugin. -->","yoast_head_json":{"title":"best electric hoverboard r806 with lamborghini design two 8 inch smart balance wheels led lights bluetooth safe lg samsung battery pink yellow orange graffiti - Electric Scooters Bikes Citycoco Manufacturer","robots":{"index":"index","follow":"follow","max-snippet":"max-snippet:-1","max-image-preview":"max-image-preview:large","max-video-preview":"max-video-preview:-1"},"canonical":"https:\/\/www.rooderchina.com\/es\/producto\/best-electric-hoverboard-r806-with-lamborghini-design-two-8-inch-smart-balance-wheels-led-lights-bluetooth-safe-lg-samsung-battery-pink-yellow-orange-graffiti\/","og_locale":"es_ES","og_type":"article","og_title":"best electric hoverboard r806 with lamborghini design two 8 inch smart balance wheels led lights bluetooth safe lg samsung battery pink yellow orange graffiti - Electric Scooters Bikes Citycoco Manufacturer","og_description":"Short Description: find high quality low price\u00a0best electric hoverboard, wholesale China\u00a0best electric hoverboard from Rooder\u00a0best electric hoverboard manufacturer factory supplier and exporter company on www.RooderChina.com lamborghini design 8 inch wheels led lights bluetooth samsung battery graffiti color chrome color camouflage colours    Brand: OEM\/ODM\/ROODER   Min.Order Quantity: 10 Piece\/Pieces   Supply Ability: 10000 Piece\/Pieces per Month   Port: Shenzhen   Payment Terms: T\/T, L\/C, D\/A, D\/P","og_url":"https:\/\/www.rooderchina.com\/es\/producto\/best-electric-hoverboard-r806-with-lamborghini-design-two-8-inch-smart-balance-wheels-led-lights-bluetooth-safe-lg-samsung-battery-pink-yellow-orange-graffiti\/","og_site_name":"Electric Scooters Bikes Citycoco Manufacturer","article_publisher":"https:\/\/www.facebook.com\/rooder.tec","article_modified_time":"2023-11-11T11:09:07+00:00","og_image":[{"width":750,"height":750,"url":"https:\/\/www.rooderchina.com\/wp-content\/uploads\/2023\/11\/1f42c4d6.jpg","type":"image\/jpeg"}],"twitter_card":"summary_large_image","twitter_site":"@RooderTec","twitter_misc":{"Tiempo de lectura":"1 minuto"},"schema":{"@context":"https:\/\/schema.org","@graph":[{"@type":"WebPage","@id":"https:\/\/www.rooderchina.com\/product\/best-electric-hoverboard-r806-with-lamborghini-design-two-8-inch-smart-balance-wheels-led-lights-bluetooth-safe-lg-samsung-battery-pink-yellow-orange-graffiti\/","url":"https:\/\/www.rooderchina.com\/product\/best-electric-hoverboard-r806-with-lamborghini-design-two-8-inch-smart-balance-wheels-led-lights-bluetooth-safe-lg-samsung-battery-pink-yellow-orange-graffiti\/","name":"best electric hoverboard r806 with lamborghini design two 8 inch smart balance wheels led lights bluetooth safe lg samsung battery pink yellow orange graffiti - Electric Scooters Bikes Citycoco Manufacturer","isPartOf":{"@id":"https:\/\/www.rooderchina.com\/#website"},"datePublished":"2023-11-11T11:08:29+00:00","dateModified":"2023-11-11T11:09:07+00:00","breadcrumb":{"@id":"https:\/\/www.rooderchina.com\/product\/best-electric-hoverboard-r806-with-lamborghini-design-two-8-inch-smart-balance-wheels-led-lights-bluetooth-safe-lg-samsung-battery-pink-yellow-orange-graffiti\/#breadcrumb"},"inLanguage":"es-AR","potentialAction":[{"@type":"ReadAction","target":["https:\/\/www.rooderchina.com\/product\/best-electric-hoverboard-r806-with-lamborghini-design-two-8-inch-smart-balance-wheels-led-lights-bluetooth-safe-lg-samsung-battery-pink-yellow-orange-graffiti\/"]}]},{"@type":"BreadcrumbList","@id":"https:\/\/www.rooderchina.com\/product\/best-electric-hoverboard-r806-with-lamborghini-design-two-8-inch-smart-balance-wheels-led-lights-bluetooth-safe-lg-samsung-battery-pink-yellow-orange-graffiti\/#breadcrumb","itemListElement":[{"@type":"ListItem","position":1,"name":"HOME","item":"https:\/\/www.rooderchina.com\/"},{"@type":"ListItem","position":2,"name":"Shop","item":"https:\/\/www.rooderchina.com\/shop\/"},{"@type":"ListItem","position":3,"name":"best electric hoverboard r806 with lamborghini design two 8 inch smart balance wheels led lights bluetooth safe lg samsung battery pink yellow orange graffiti"}]},{"@type":"WebSite","@id":"https:\/\/www.rooderchina.com\/#website","url":"https:\/\/www.rooderchina.com\/","name":"Electric Scooters Bikes Citycoco Manufacturer","description":"Rooder Technology Limited","publisher":{"@id":"https:\/\/www.rooderchina.com\/#organization"},"potentialAction":[{"@type":"SearchAction","target":{"@type":"EntryPoint","urlTemplate":"https:\/\/www.rooderchina.com\/?s={search_term_string}"},"query-input":"required name=search_term_string"}],"inLanguage":"es-AR"},{"@type":"Organization","@id":"https:\/\/www.rooderchina.com\/#organization","name":"Electric Scooters Bikes Citycoco Manufacturer","url":"https:\/\/www.rooderchina.com\/","logo":{"@type":"ImageObject","inLanguage":"es-AR","@id":"https:\/\/www.rooderchina.com\/#\/schema\/logo\/image\/","url":"https:\/\/www.rooderchina.com\/wp-content\/uploads\/2023\/12\/rooder2.jpg","contentUrl":"https:\/\/www.rooderchina.com\/wp-content\/uploads\/2023\/12\/rooder2.jpg","width":1723,"height":1037,"caption":"Electric Scooters Bikes Citycoco Manufacturer"},"image":{"@id":"https:\/\/www.rooderchina.com\/#\/schema\/logo\/image\/"},"sameAs":["https:\/\/www.facebook.com\/rooder.tec","https:\/\/twitter.com\/RooderTec"]}]}},"_links":{"self":[{"href":"https:\/\/www.rooderchina.com\/es\/wp-json\/wp\/v2\/product\/10264","targetHints":{"allow":["GET"]}}],"collection":[{"href":"https:\/\/www.rooderchina.com\/es\/wp-json\/wp\/v2\/product"}],"about":[{"href":"https:\/\/www.rooderchina.com\/es\/wp-json\/wp\/v2\/types\/product"}],"replies":[{"embeddable":true,"href":"https:\/\/www.rooderchina.com\/es\/wp-json\/wp\/v2\/comments?post=10264"}],"version-history":[{"count":1,"href":"https:\/\/www.rooderchina.com\/es\/wp-json\/wp\/v2\/product\/10264\/revisions"}],"predecessor-version":[{"id":10265,"href":"https:\/\/www.rooderchina.com\/es\/wp-json\/wp\/v2\/product\/10264\/revisions\/10265"}],"wp:featuredmedia":[{"embeddable":true,"href":"https:\/\/www.rooderchina.com\/es\/wp-json\/wp\/v2\/media\/10266"}],"wp:attachment":[{"href":"https:\/\/www.rooderchina.com\/es\/wp-json\/wp\/v2\/media?parent=10264"}],"wp:term":[{"taxonomy":"product_brand","embeddable":true,"href":"https:\/\/www.rooderchina.com\/es\/wp-json\/wp\/v2\/product_brand?post=10264"},{"taxonomy":"product_cat","embeddable":true,"href":"https:\/\/www.rooderchina.com\/es\/wp-json\/wp\/v2\/product_cat?post=10264"},{"taxonomy":"product_tag","embeddable":true,"href":"https:\/\/www.rooderchina.com\/es\/wp-json\/wp\/v2\/product_tag?post=10264"}],"curies":[{"name":"wp","href":"https:\/\/api.w.org\/{rel}","templated":true}]}}