{"id":10182,"date":"2023-11-11T19:06:39","date_gmt":"2023-11-11T11:06:39","guid":{"rendered":"http:\/\/www.rooderchina.com\/index.php\/product\/skateboard-electric-hoverboard-r800c-with-4-wheel-400w-motor-remote-control-for-adult\/"},"modified":"2023-11-20T01:44:42","modified_gmt":"2023-11-19T17:44:42","slug":"skateboard-electric-hoverboard-r800c-with-4-wheel-400w-motor-remote-control-for-adult","status":"publish","type":"product","link":"https:\/\/www.rooderchina.com\/es\/producto\/skateboard-electric-hoverboard-r800c-with-4-wheel-400w-motor-remote-control-for-adult\/","title":{"rendered":"monopat\u00edn el\u00e9ctrico hoverboard r800c con 4 ruedas 400w motor de control remoto para adultos"},"content":{"rendered":"<p>We are a production, product development, design, sales set in one-scale enterprises. Products include electric bicycles, <a href=\"https:\/\/www.rooderchina.com\/es\/tag\/electric-skateboard-remote-control\/\" title=\"View all posts in electric skateboard remote control\" target=\"_blank\" rel=\"noopener\">electric skateboard remote control<\/a>, electric scooters and so on. Products are exported to overseas markets: United States, Europe Italy, Germany, France, Swiss, Sweden, Portugal, South Korea, Australia, Malaysia and Japan and other countries and regions.<\/p>\n<p>The company since its establishment has been focused on lithium battery product development and management, has always been adhering to the &#8220;leading lithium times, succeed in quality&#8221; of the enterprise mission, and strive for professional excellence. The international advanced equipment, excellent R &amp; D personnel, within a short period of time, we develop rapidly, become the leading technical level of lithium vehicle professional production enterprises. Product applications have also made remarkable achievements in the electric vehicle industry.<\/p>\n<p><strong><a href=\"https:\/\/www.rooderchina.com\/es\/tag\/skateboard-electric-hoverboard\/\" title=\"View all posts in skateboard electric hoverboard\" target=\"_blank\" rel=\"noopener\">skateboard electric hoverboard<\/a> r800c with 4 wheel 400w motor remote control for adult<\/strong><\/p>\n<\/p>\n<p>&nbsp;<\/p>\n<p>model:r800c<br \/>\nmileage: 15 km<br \/>\ntop speed: 25km\/h<br \/>\nclimbing ability: 18 degrees<br \/>\nmaximum load: 150kg<br \/>\nworking temperature: -40 degrees to 70 degrees<br \/>\nwheel motor power: 400w*2<br \/>\nbattery : 24v 4.4ah lithium battery.<br \/>\ncharging time: 2 hours<br \/>\ncharging temperature: 0-45 degrees<br \/>\novercharge protection: yes<br \/>\ncharger: 90-240v 50-60hz<br \/>\nvehicle dimensions: 90*21*11cm<br \/>\ntire type: pu solid tires<br \/>\ntire size: 72*51mm<br \/>\npacking size: 92cm*25cm*17cm<br \/>\nnw: 6kg, gw: 8.5kg<br \/>\npackage list: skateboard, charger, remote control<\/p>\n<p>1 pieza\/cart\u00f3n<br \/>\ncarton size: 74*27*16cm<br \/>\ngw:3.8kg, nw:5.5kg<br \/>\n0.032cbm\/piece<\/p>\n<p>orden de los contenedores:<br \/>\n907pcs in 20gp<br \/>\n1939pcs in 40gp<br \/>\n2190pcs in 40hc<\/p>","protected":false},"excerpt":{"rendered":"<h3>Breve descripci\u00f3n:<\/h3>\n<p><p>encontrar alta calidad monopat\u00edn el\u00e9ctrico hoverboard, venta al por mayor bajo precio monopat\u00edn el\u00e9ctrico hoverboard de Rooder China monopat\u00edn el\u00e9ctrico hoverboard proveedor exportador empresa fabricante f\u00e1brica en www.RooderChina.com<\/p>\n<p>Velocidad m\u00e1xima de 25 km\/h,<br \/>\nCarga m\u00e1xima 150 kg,<br \/>\nmotores dobles,<br \/>\nbater\u00eda de litio,<br \/>\nmando a distancia<\/p>\n<\/p>\n<p><\/p>\n<li><em>Marca: <\/em> OEM\/ODM\/RODER<\/li>\n<li><em>Cantidad m\u00ednima de pedido: <\/em> 10 piezas\/piezas<\/li>\n<li><em>Capacidad de suministro: <\/em> 10000 piezas por mes<\/li>\n<li><em>Puerto: <\/em> Shenzhen<\/li>\n<li><em>Condiciones de pago: <\/em> T\/T, L\/C, D\/A, D\/P<\/li>","protected":false},"featured_media":10184,"comment_status":"closed","ping_status":"closed","template":"","meta":[],"product_brand":[],"product_cat":[556],"product_tag":[1010,1011,1012,1013,1014,1015,1016,1017,1018],"class_list":{"0":"post-10182","1":"product","2":"type-product","3":"status-publish","4":"has-post-thumbnail","6":"product_cat-others","7":"product_tag-e-skateboard-wheels-motor","8":"product_tag-e-skateboard-with-remote-control","9":"product_tag-electric-skateboard-remote-control","10":"product_tag-electric-skateboard-wholesale","11":"product_tag-four-wheel-electric-skateboard","12":"product_tag-long-electric-skateboard","13":"product_tag-samsung-electric-skateboard","14":"product_tag-skateboard-electric-hoverboard","15":"product_tag-skateboard-with-remote-control","17":"first","18":"instock","19":"product-type-simple"},"yoast_head":"<!-- This site is optimized with the Yoast SEO plugin v21.7 - https:\/\/yoast.com\/wordpress\/plugins\/seo\/ -->\n<title>skateboard electric hoverboard r800c with 4 wheel 400w motor remote control for adult - Electric Scooters Bikes Citycoco Manufacturer<\/title>\n<meta name=\"robots\" content=\"index, follow, max-snippet:-1, max-image-preview:large, max-video-preview:-1\" \/>\n<link rel=\"canonical\" href=\"https:\/\/www.rooderchina.com\/es\/producto\/skateboard-electric-hoverboard-r800c-with-4-wheel-400w-motor-remote-control-for-adult\/\" \/>\n<meta property=\"og:locale\" content=\"es_ES\" \/>\n<meta property=\"og:type\" content=\"article\" \/>\n<meta property=\"og:title\" content=\"skateboard electric hoverboard r800c with 4 wheel 400w motor remote control for adult - Electric Scooters Bikes Citycoco Manufacturer\" \/>\n<meta property=\"og:description\" content=\"Short Description: find high quality\u00a0skateboard electric hoverboard, wholesale low price\u00a0skateboard electric hoverboard from Rooder China\u00a0skateboard electric hoverboard supplier exporter company manufacturer factory on www.RooderChina.com 25kmh max speed, max load 150kg, dual motors, lithium battery, remote control    Brand: OEM\/ODM\/ROODER   Min.Order Quantity: 10 Piece\/Pieces   Supply Ability: 10000 Piece\/Pieces per Month   Port: Shenzhen   Payment Terms: T\/T, L\/C, D\/A, D\/P\" \/>\n<meta property=\"og:url\" content=\"https:\/\/www.rooderchina.com\/es\/producto\/skateboard-electric-hoverboard-r800c-with-4-wheel-400w-motor-remote-control-for-adult\/\" \/>\n<meta property=\"og:site_name\" content=\"Electric Scooters Bikes Citycoco Manufacturer\" \/>\n<meta property=\"article:publisher\" content=\"https:\/\/www.facebook.com\/rooder.tec\" \/>\n<meta property=\"article:modified_time\" content=\"2023-11-19T17:44:42+00:00\" \/>\n<meta property=\"og:image\" content=\"https:\/\/www.rooderchina.com\/wp-content\/uploads\/2023\/11\/672716bc.jpg\" \/>\n\t<meta property=\"og:image:width\" content=\"750\" \/>\n\t<meta property=\"og:image:height\" content=\"750\" \/>\n\t<meta property=\"og:image:type\" content=\"image\/jpeg\" \/>\n<meta name=\"twitter:card\" content=\"summary_large_image\" \/>\n<meta name=\"twitter:site\" content=\"@RooderTec\" \/>\n<meta name=\"twitter:label1\" content=\"Tiempo de lectura\" \/>\n\t<meta name=\"twitter:data1\" content=\"1 minuto\" \/>\n<script type=\"application\/ld+json\" class=\"yoast-schema-graph\">{\"@context\":\"https:\/\/schema.org\",\"@graph\":[{\"@type\":\"WebPage\",\"@id\":\"https:\/\/www.rooderchina.com\/product\/skateboard-electric-hoverboard-r800c-with-4-wheel-400w-motor-remote-control-for-adult\/\",\"url\":\"https:\/\/www.rooderchina.com\/product\/skateboard-electric-hoverboard-r800c-with-4-wheel-400w-motor-remote-control-for-adult\/\",\"name\":\"skateboard electric hoverboard r800c with 4 wheel 400w motor remote control for adult - Electric Scooters Bikes Citycoco Manufacturer\",\"isPartOf\":{\"@id\":\"https:\/\/www.rooderchina.com\/#website\"},\"datePublished\":\"2023-11-11T11:06:39+00:00\",\"dateModified\":\"2023-11-19T17:44:42+00:00\",\"breadcrumb\":{\"@id\":\"https:\/\/www.rooderchina.com\/product\/skateboard-electric-hoverboard-r800c-with-4-wheel-400w-motor-remote-control-for-adult\/#breadcrumb\"},\"inLanguage\":\"es-AR\",\"potentialAction\":[{\"@type\":\"ReadAction\",\"target\":[\"https:\/\/www.rooderchina.com\/product\/skateboard-electric-hoverboard-r800c-with-4-wheel-400w-motor-remote-control-for-adult\/\"]}]},{\"@type\":\"BreadcrumbList\",\"@id\":\"https:\/\/www.rooderchina.com\/product\/skateboard-electric-hoverboard-r800c-with-4-wheel-400w-motor-remote-control-for-adult\/#breadcrumb\",\"itemListElement\":[{\"@type\":\"ListItem\",\"position\":1,\"name\":\"HOME\",\"item\":\"https:\/\/www.rooderchina.com\/\"},{\"@type\":\"ListItem\",\"position\":2,\"name\":\"Shop\",\"item\":\"https:\/\/www.rooderchina.com\/shop\/\"},{\"@type\":\"ListItem\",\"position\":3,\"name\":\"skateboard electric hoverboard r800c with 4 wheel 400w motor remote control for adult\"}]},{\"@type\":\"WebSite\",\"@id\":\"https:\/\/www.rooderchina.com\/#website\",\"url\":\"https:\/\/www.rooderchina.com\/\",\"name\":\"Electric Scooters Bikes Citycoco Manufacturer\",\"description\":\"Rooder Technology Limited\",\"publisher\":{\"@id\":\"https:\/\/www.rooderchina.com\/#organization\"},\"potentialAction\":[{\"@type\":\"SearchAction\",\"target\":{\"@type\":\"EntryPoint\",\"urlTemplate\":\"https:\/\/www.rooderchina.com\/?s={search_term_string}\"},\"query-input\":\"required name=search_term_string\"}],\"inLanguage\":\"es-AR\"},{\"@type\":\"Organization\",\"@id\":\"https:\/\/www.rooderchina.com\/#organization\",\"name\":\"Electric Scooters Bikes Citycoco Manufacturer\",\"url\":\"https:\/\/www.rooderchina.com\/\",\"logo\":{\"@type\":\"ImageObject\",\"inLanguage\":\"es-AR\",\"@id\":\"https:\/\/www.rooderchina.com\/#\/schema\/logo\/image\/\",\"url\":\"https:\/\/www.rooderchina.com\/wp-content\/uploads\/2023\/12\/rooder2.jpg\",\"contentUrl\":\"https:\/\/www.rooderchina.com\/wp-content\/uploads\/2023\/12\/rooder2.jpg\",\"width\":1723,\"height\":1037,\"caption\":\"Electric Scooters Bikes Citycoco Manufacturer\"},\"image\":{\"@id\":\"https:\/\/www.rooderchina.com\/#\/schema\/logo\/image\/\"},\"sameAs\":[\"https:\/\/www.facebook.com\/rooder.tec\",\"https:\/\/twitter.com\/RooderTec\"]}]}<\/script>\n<!-- \/ Yoast SEO plugin. -->","yoast_head_json":{"title":"skateboard electric hoverboard r800c with 4 wheel 400w motor remote control for adult - Electric Scooters Bikes Citycoco Manufacturer","robots":{"index":"index","follow":"follow","max-snippet":"max-snippet:-1","max-image-preview":"max-image-preview:large","max-video-preview":"max-video-preview:-1"},"canonical":"https:\/\/www.rooderchina.com\/es\/producto\/skateboard-electric-hoverboard-r800c-with-4-wheel-400w-motor-remote-control-for-adult\/","og_locale":"es_ES","og_type":"article","og_title":"skateboard electric hoverboard r800c with 4 wheel 400w motor remote control for adult - Electric Scooters Bikes Citycoco Manufacturer","og_description":"Short Description: find high quality\u00a0skateboard electric hoverboard, wholesale low price\u00a0skateboard electric hoverboard from Rooder China\u00a0skateboard electric hoverboard supplier exporter company manufacturer factory on www.RooderChina.com 25kmh max speed, max load 150kg, dual motors, lithium battery, remote control    Brand: OEM\/ODM\/ROODER   Min.Order Quantity: 10 Piece\/Pieces   Supply Ability: 10000 Piece\/Pieces per Month   Port: Shenzhen   Payment Terms: T\/T, L\/C, D\/A, D\/P","og_url":"https:\/\/www.rooderchina.com\/es\/producto\/skateboard-electric-hoverboard-r800c-with-4-wheel-400w-motor-remote-control-for-adult\/","og_site_name":"Electric Scooters Bikes Citycoco Manufacturer","article_publisher":"https:\/\/www.facebook.com\/rooder.tec","article_modified_time":"2023-11-19T17:44:42+00:00","og_image":[{"width":750,"height":750,"url":"https:\/\/www.rooderchina.com\/wp-content\/uploads\/2023\/11\/672716bc.jpg","type":"image\/jpeg"}],"twitter_card":"summary_large_image","twitter_site":"@RooderTec","twitter_misc":{"Tiempo de lectura":"1 minuto"},"schema":{"@context":"https:\/\/schema.org","@graph":[{"@type":"WebPage","@id":"https:\/\/www.rooderchina.com\/product\/skateboard-electric-hoverboard-r800c-with-4-wheel-400w-motor-remote-control-for-adult\/","url":"https:\/\/www.rooderchina.com\/product\/skateboard-electric-hoverboard-r800c-with-4-wheel-400w-motor-remote-control-for-adult\/","name":"skateboard electric hoverboard r800c with 4 wheel 400w motor remote control for adult - Electric Scooters Bikes Citycoco Manufacturer","isPartOf":{"@id":"https:\/\/www.rooderchina.com\/#website"},"datePublished":"2023-11-11T11:06:39+00:00","dateModified":"2023-11-19T17:44:42+00:00","breadcrumb":{"@id":"https:\/\/www.rooderchina.com\/product\/skateboard-electric-hoverboard-r800c-with-4-wheel-400w-motor-remote-control-for-adult\/#breadcrumb"},"inLanguage":"es-AR","potentialAction":[{"@type":"ReadAction","target":["https:\/\/www.rooderchina.com\/product\/skateboard-electric-hoverboard-r800c-with-4-wheel-400w-motor-remote-control-for-adult\/"]}]},{"@type":"BreadcrumbList","@id":"https:\/\/www.rooderchina.com\/product\/skateboard-electric-hoverboard-r800c-with-4-wheel-400w-motor-remote-control-for-adult\/#breadcrumb","itemListElement":[{"@type":"ListItem","position":1,"name":"HOME","item":"https:\/\/www.rooderchina.com\/"},{"@type":"ListItem","position":2,"name":"Shop","item":"https:\/\/www.rooderchina.com\/shop\/"},{"@type":"ListItem","position":3,"name":"skateboard electric hoverboard r800c with 4 wheel 400w motor remote control for adult"}]},{"@type":"WebSite","@id":"https:\/\/www.rooderchina.com\/#website","url":"https:\/\/www.rooderchina.com\/","name":"Electric Scooters Bikes Citycoco Manufacturer","description":"Rooder Technology Limited","publisher":{"@id":"https:\/\/www.rooderchina.com\/#organization"},"potentialAction":[{"@type":"SearchAction","target":{"@type":"EntryPoint","urlTemplate":"https:\/\/www.rooderchina.com\/?s={search_term_string}"},"query-input":"required name=search_term_string"}],"inLanguage":"es-AR"},{"@type":"Organization","@id":"https:\/\/www.rooderchina.com\/#organization","name":"Electric Scooters Bikes Citycoco Manufacturer","url":"https:\/\/www.rooderchina.com\/","logo":{"@type":"ImageObject","inLanguage":"es-AR","@id":"https:\/\/www.rooderchina.com\/#\/schema\/logo\/image\/","url":"https:\/\/www.rooderchina.com\/wp-content\/uploads\/2023\/12\/rooder2.jpg","contentUrl":"https:\/\/www.rooderchina.com\/wp-content\/uploads\/2023\/12\/rooder2.jpg","width":1723,"height":1037,"caption":"Electric Scooters Bikes Citycoco Manufacturer"},"image":{"@id":"https:\/\/www.rooderchina.com\/#\/schema\/logo\/image\/"},"sameAs":["https:\/\/www.facebook.com\/rooder.tec","https:\/\/twitter.com\/RooderTec"]}]}},"_links":{"self":[{"href":"https:\/\/www.rooderchina.com\/es\/wp-json\/wp\/v2\/product\/10182","targetHints":{"allow":["GET"]}}],"collection":[{"href":"https:\/\/www.rooderchina.com\/es\/wp-json\/wp\/v2\/product"}],"about":[{"href":"https:\/\/www.rooderchina.com\/es\/wp-json\/wp\/v2\/types\/product"}],"replies":[{"embeddable":true,"href":"https:\/\/www.rooderchina.com\/es\/wp-json\/wp\/v2\/comments?post=10182"}],"version-history":[{"count":1,"href":"https:\/\/www.rooderchina.com\/es\/wp-json\/wp\/v2\/product\/10182\/revisions"}],"predecessor-version":[{"id":10183,"href":"https:\/\/www.rooderchina.com\/es\/wp-json\/wp\/v2\/product\/10182\/revisions\/10183"}],"wp:featuredmedia":[{"embeddable":true,"href":"https:\/\/www.rooderchina.com\/es\/wp-json\/wp\/v2\/media\/10184"}],"wp:attachment":[{"href":"https:\/\/www.rooderchina.com\/es\/wp-json\/wp\/v2\/media?parent=10182"}],"wp:term":[{"taxonomy":"product_brand","embeddable":true,"href":"https:\/\/www.rooderchina.com\/es\/wp-json\/wp\/v2\/product_brand?post=10182"},{"taxonomy":"product_cat","embeddable":true,"href":"https:\/\/www.rooderchina.com\/es\/wp-json\/wp\/v2\/product_cat?post=10182"},{"taxonomy":"product_tag","embeddable":true,"href":"https:\/\/www.rooderchina.com\/es\/wp-json\/wp\/v2\/product_tag?post=10182"}],"curies":[{"name":"wp","href":"https:\/\/api.w.org\/{rel}","templated":true}]}}