{"id":10119,"date":"2023-11-11T19:05:43","date_gmt":"2023-11-11T11:05:43","guid":{"rendered":"http:\/\/www.rooderchina.com\/index.php\/product\/folding-carbon-scooter-r803-with-two-wheel-5-5-inch-motor-led-light-lithium-battery\/"},"modified":"2023-11-11T19:05:51","modified_gmt":"2023-11-11T11:05:51","slug":"folding-carbon-scooter-r803-with-two-wheel-5-5-inch-motor-led-light-lithium-battery","status":"publish","type":"product","link":"https:\/\/www.rooderchina.com\/es\/producto\/folding-carbon-scooter-r803-with-two-wheel-5-5-inch-motor-led-light-lithium-battery\/","title":{"rendered":"scooter de carbono plegable r803 con dos ruedas 5,5 pulgadas motor luz led bater\u00eda de litio"},"content":{"rendered":"<p>Rooder technology limited is one of the <a href=\"https:\/\/www.rooderchina.com\/es\/tag\/electric-kick-scooter\/\" title=\"View all posts in electric kick scooter\" target=\"_blank\" rel=\"noopener\">patinete el\u00e9ctrico<\/a> product enterprises in Guangdong. Our company specializes in the manufacture and export of folding electric <a href=\"https:\/\/www.rooderchina.com\/es\/tag\/scooter\/\" title=\"Ver todas las entradas en scooter\" target=\"_blank\" rel=\"noopener\">scooter<\/a>, motorcycles, go karts etc. The key of our success is good quality and the best services.<\/p>\n<p>We have a highly efficient team to deal with inquiries from customers. We are experienced in selling goods to Europe, the USA, etc. and enjoy a good reputation among clients. With 3 factories, we can provide a wide range of products. In fact, our main series now include dirt bikes, electric scooters, etc. Moreover, besides standard products, we also provide an extensive range of customization services in order to cater for your special orders. We are seeking sincere cooperation with all interested companies.<\/p>\n<p><strong><a href=\"https:\/\/www.rooderchina.com\/es\/tag\/folding-carbon-scooter\/\" title=\"View all posts in folding carbon scooter\" target=\"_blank\" rel=\"noopener\">folding carbon scooter<\/a> r803 with two wheel 5.5 inch motor led light lithium battery<\/strong><\/p>\n<\/p>\n<p>model: r803<br \/>\nproduct name: carbon fiber folding electric scooter<br \/>\nmaterial:3k carbon fibre<br \/>\nweight: 6.3 kgs, the world\u2019s lightest electric scooter<br \/>\ngross weight: 8.6 kgs<br \/>\nrange: 20 \u2013 25km<br \/>\nbattery: 24v 8.8ah 18650 lithium ion cells<br \/>\nmotor: 24v 250w brushless motor<br \/>\nbrakes: ebs microelectronic brakes with rear fender brake<br \/>\ntop speed: 25 km\/h<br \/>\ncustomisable speed settings: 8 km\/h, 16 km\/h, 23 km\/h<br \/>\ntypical climbing angle: 25 degree<br \/>\ncharger: ac100~240v input<br \/>\ncharging time: 4 hours<br \/>\nmax. weight limit: 100 kgs<br \/>\navailable colors: matt black, matt white, matt pink<br \/>\nfolding size:100*40*23 cm<br \/>\noverall size: 92*40*100 cm<br \/>\npackage size:105*16*24 cm<\/p>","protected":false},"excerpt":{"rendered":"<h3>Breve descripci\u00f3n:<\/h3>\n<p><p>encontrar alta calidad bajo precio 2 ruedas de fibra de carbono scooter el\u00e9ctrico, venta al por mayor 2 ruedas de fibra de carbono scooter el\u00e9ctrico de rooder tecnolog\u00eda 2 ruedas de fibra de carbono scooter el\u00e9ctrico f\u00e1brica exportador empresa proveedor fabricante<\/p>\n<p>plegable,<br \/>\nfibra de carbono,<br \/>\n5,5 pulgadas,<br \/>\nbater\u00eda de litio,<br \/>\nel scooter m\u00e1s ligero<\/p>\n<\/p>\n<p><\/p>\n<li><em>Marca: <\/em> OEM\/ODM\/RODER<\/li>\n<li><em>Cantidad m\u00ednima de pedido: <\/em> 10 piezas\/piezas<\/li>\n<li><em>Capacidad de suministro: <\/em> 10000 piezas por mes<\/li>\n<li><em>Puerto: <\/em> Shenzhen<\/li>\n<li><em>Condiciones de pago: <\/em> T\/T, L\/C, D\/A, D\/P<\/li>","protected":false},"featured_media":10121,"comment_status":"closed","ping_status":"open","template":"","meta":[],"product_brand":[],"product_cat":[829],"product_tag":[551,864,946,530,541,973,974,555,908,711,698,690,560],"class_list":{"0":"post-10119","1":"product","2":"type-product","3":"status-publish","4":"has-post-thumbnail","6":"product_cat-electric-scooters","7":"product_tag-2-wheel-electric-scooter","8":"product_tag-cheap-electric-scooter","9":"product_tag-electric-kick-scooter","10":"product_tag-electric-scooter","11":"product_tag-electric-scooter-for-adults","12":"product_tag-folding-carbon-scooter","13":"product_tag-folding-electronic-scooter","14":"product_tag-folding-scooter","15":"product_tag-mobility-scooter","16":"product_tag-new-design-electric-scooter","17":"product_tag-scooter","18":"product_tag-self-balancing-electric-scooter","19":"product_tag-self-balancing-scooter","21":"first","22":"instock","23":"product-type-simple"},"yoast_head":"<!-- This site is optimized with the Yoast SEO plugin v21.7 - https:\/\/yoast.com\/wordpress\/plugins\/seo\/ -->\n<title>folding carbon scooter r803 with two wheel 5.5 inch motor led light lithium battery - Electric Scooters Bikes Citycoco Manufacturer<\/title>\n<meta name=\"robots\" content=\"index, follow, max-snippet:-1, max-image-preview:large, max-video-preview:-1\" \/>\n<link rel=\"canonical\" href=\"https:\/\/www.rooderchina.com\/es\/producto\/folding-carbon-scooter-r803-with-two-wheel-5-5-inch-motor-led-light-lithium-battery\/\" \/>\n<meta property=\"og:locale\" content=\"es_ES\" \/>\n<meta property=\"og:type\" content=\"article\" \/>\n<meta property=\"og:title\" content=\"folding carbon scooter r803 with two wheel 5.5 inch motor led light lithium battery - Electric Scooters Bikes Citycoco Manufacturer\" \/>\n<meta property=\"og:description\" content=\"Short Description: find high quality low price 2 wheel carbon fiber electric scooter, wholesale\u00a02 wheel carbon fiber electric scooter from rooder technology\u00a02 wheel carbon fiber electric scooter factory exporter company supplier manufacturer folding, carbon fiber, 5.5 inch, lithium battery, lightest scooter    Brand: OEM\/ODM\/ROODER   Min.Order Quantity: 10 Piece\/Pieces   Supply Ability: 10000 Piece\/Pieces per Month   Port: Shenzhen   Payment Terms: T\/T, L\/C, D\/A, D\/P\" \/>\n<meta property=\"og:url\" content=\"https:\/\/www.rooderchina.com\/es\/producto\/folding-carbon-scooter-r803-with-two-wheel-5-5-inch-motor-led-light-lithium-battery\/\" \/>\n<meta property=\"og:site_name\" content=\"Electric Scooters Bikes Citycoco Manufacturer\" \/>\n<meta property=\"article:publisher\" content=\"https:\/\/www.facebook.com\/rooder.tec\" \/>\n<meta property=\"article:modified_time\" content=\"2023-11-11T11:05:51+00:00\" \/>\n<meta property=\"og:image\" content=\"https:\/\/www.rooderchina.com\/wp-content\/uploads\/2023\/11\/38b31e40.jpg\" \/>\n\t<meta property=\"og:image:width\" content=\"750\" \/>\n\t<meta property=\"og:image:height\" content=\"750\" \/>\n\t<meta property=\"og:image:type\" content=\"image\/jpeg\" \/>\n<meta name=\"twitter:card\" content=\"summary_large_image\" \/>\n<meta name=\"twitter:site\" content=\"@RooderTec\" \/>\n<meta name=\"twitter:label1\" content=\"Tiempo de lectura\" \/>\n\t<meta name=\"twitter:data1\" content=\"1 minuto\" \/>\n<script type=\"application\/ld+json\" class=\"yoast-schema-graph\">{\"@context\":\"https:\/\/schema.org\",\"@graph\":[{\"@type\":\"WebPage\",\"@id\":\"https:\/\/www.rooderchina.com\/product\/folding-carbon-scooter-r803-with-two-wheel-5-5-inch-motor-led-light-lithium-battery\/\",\"url\":\"https:\/\/www.rooderchina.com\/product\/folding-carbon-scooter-r803-with-two-wheel-5-5-inch-motor-led-light-lithium-battery\/\",\"name\":\"folding carbon scooter r803 with two wheel 5.5 inch motor led light lithium battery - Electric Scooters Bikes Citycoco Manufacturer\",\"isPartOf\":{\"@id\":\"https:\/\/www.rooderchina.com\/#website\"},\"datePublished\":\"2023-11-11T11:05:43+00:00\",\"dateModified\":\"2023-11-11T11:05:51+00:00\",\"breadcrumb\":{\"@id\":\"https:\/\/www.rooderchina.com\/product\/folding-carbon-scooter-r803-with-two-wheel-5-5-inch-motor-led-light-lithium-battery\/#breadcrumb\"},\"inLanguage\":\"es-AR\",\"potentialAction\":[{\"@type\":\"ReadAction\",\"target\":[\"https:\/\/www.rooderchina.com\/product\/folding-carbon-scooter-r803-with-two-wheel-5-5-inch-motor-led-light-lithium-battery\/\"]}]},{\"@type\":\"BreadcrumbList\",\"@id\":\"https:\/\/www.rooderchina.com\/product\/folding-carbon-scooter-r803-with-two-wheel-5-5-inch-motor-led-light-lithium-battery\/#breadcrumb\",\"itemListElement\":[{\"@type\":\"ListItem\",\"position\":1,\"name\":\"HOME\",\"item\":\"https:\/\/www.rooderchina.com\/\"},{\"@type\":\"ListItem\",\"position\":2,\"name\":\"Shop\",\"item\":\"https:\/\/www.rooderchina.com\/shop\/\"},{\"@type\":\"ListItem\",\"position\":3,\"name\":\"folding carbon scooter r803 with two wheel 5.5 inch motor led light lithium battery\"}]},{\"@type\":\"WebSite\",\"@id\":\"https:\/\/www.rooderchina.com\/#website\",\"url\":\"https:\/\/www.rooderchina.com\/\",\"name\":\"Electric Scooters Bikes Citycoco Manufacturer\",\"description\":\"Rooder Technology Limited\",\"publisher\":{\"@id\":\"https:\/\/www.rooderchina.com\/#organization\"},\"potentialAction\":[{\"@type\":\"SearchAction\",\"target\":{\"@type\":\"EntryPoint\",\"urlTemplate\":\"https:\/\/www.rooderchina.com\/?s={search_term_string}\"},\"query-input\":\"required name=search_term_string\"}],\"inLanguage\":\"es-AR\"},{\"@type\":\"Organization\",\"@id\":\"https:\/\/www.rooderchina.com\/#organization\",\"name\":\"Electric Scooters Bikes Citycoco Manufacturer\",\"url\":\"https:\/\/www.rooderchina.com\/\",\"logo\":{\"@type\":\"ImageObject\",\"inLanguage\":\"es-AR\",\"@id\":\"https:\/\/www.rooderchina.com\/#\/schema\/logo\/image\/\",\"url\":\"https:\/\/www.rooderchina.com\/wp-content\/uploads\/2023\/12\/rooder2.jpg\",\"contentUrl\":\"https:\/\/www.rooderchina.com\/wp-content\/uploads\/2023\/12\/rooder2.jpg\",\"width\":1723,\"height\":1037,\"caption\":\"Electric Scooters Bikes Citycoco Manufacturer\"},\"image\":{\"@id\":\"https:\/\/www.rooderchina.com\/#\/schema\/logo\/image\/\"},\"sameAs\":[\"https:\/\/www.facebook.com\/rooder.tec\",\"https:\/\/twitter.com\/RooderTec\"]}]}<\/script>\n<!-- \/ Yoast SEO plugin. -->","yoast_head_json":{"title":"folding carbon scooter r803 with two wheel 5.5 inch motor led light lithium battery - Electric Scooters Bikes Citycoco Manufacturer","robots":{"index":"index","follow":"follow","max-snippet":"max-snippet:-1","max-image-preview":"max-image-preview:large","max-video-preview":"max-video-preview:-1"},"canonical":"https:\/\/www.rooderchina.com\/es\/producto\/folding-carbon-scooter-r803-with-two-wheel-5-5-inch-motor-led-light-lithium-battery\/","og_locale":"es_ES","og_type":"article","og_title":"folding carbon scooter r803 with two wheel 5.5 inch motor led light lithium battery - Electric Scooters Bikes Citycoco Manufacturer","og_description":"Short Description: find high quality low price 2 wheel carbon fiber electric scooter, wholesale\u00a02 wheel carbon fiber electric scooter from rooder technology\u00a02 wheel carbon fiber electric scooter factory exporter company supplier manufacturer folding, carbon fiber, 5.5 inch, lithium battery, lightest scooter    Brand: OEM\/ODM\/ROODER   Min.Order Quantity: 10 Piece\/Pieces   Supply Ability: 10000 Piece\/Pieces per Month   Port: Shenzhen   Payment Terms: T\/T, L\/C, D\/A, D\/P","og_url":"https:\/\/www.rooderchina.com\/es\/producto\/folding-carbon-scooter-r803-with-two-wheel-5-5-inch-motor-led-light-lithium-battery\/","og_site_name":"Electric Scooters Bikes Citycoco Manufacturer","article_publisher":"https:\/\/www.facebook.com\/rooder.tec","article_modified_time":"2023-11-11T11:05:51+00:00","og_image":[{"width":750,"height":750,"url":"https:\/\/www.rooderchina.com\/wp-content\/uploads\/2023\/11\/38b31e40.jpg","type":"image\/jpeg"}],"twitter_card":"summary_large_image","twitter_site":"@RooderTec","twitter_misc":{"Tiempo de lectura":"1 minuto"},"schema":{"@context":"https:\/\/schema.org","@graph":[{"@type":"WebPage","@id":"https:\/\/www.rooderchina.com\/product\/folding-carbon-scooter-r803-with-two-wheel-5-5-inch-motor-led-light-lithium-battery\/","url":"https:\/\/www.rooderchina.com\/product\/folding-carbon-scooter-r803-with-two-wheel-5-5-inch-motor-led-light-lithium-battery\/","name":"folding carbon scooter r803 with two wheel 5.5 inch motor led light lithium battery - Electric Scooters Bikes Citycoco Manufacturer","isPartOf":{"@id":"https:\/\/www.rooderchina.com\/#website"},"datePublished":"2023-11-11T11:05:43+00:00","dateModified":"2023-11-11T11:05:51+00:00","breadcrumb":{"@id":"https:\/\/www.rooderchina.com\/product\/folding-carbon-scooter-r803-with-two-wheel-5-5-inch-motor-led-light-lithium-battery\/#breadcrumb"},"inLanguage":"es-AR","potentialAction":[{"@type":"ReadAction","target":["https:\/\/www.rooderchina.com\/product\/folding-carbon-scooter-r803-with-two-wheel-5-5-inch-motor-led-light-lithium-battery\/"]}]},{"@type":"BreadcrumbList","@id":"https:\/\/www.rooderchina.com\/product\/folding-carbon-scooter-r803-with-two-wheel-5-5-inch-motor-led-light-lithium-battery\/#breadcrumb","itemListElement":[{"@type":"ListItem","position":1,"name":"HOME","item":"https:\/\/www.rooderchina.com\/"},{"@type":"ListItem","position":2,"name":"Shop","item":"https:\/\/www.rooderchina.com\/shop\/"},{"@type":"ListItem","position":3,"name":"folding carbon scooter r803 with two wheel 5.5 inch motor led light lithium battery"}]},{"@type":"WebSite","@id":"https:\/\/www.rooderchina.com\/#website","url":"https:\/\/www.rooderchina.com\/","name":"Electric Scooters Bikes Citycoco Manufacturer","description":"Rooder Technology Limited","publisher":{"@id":"https:\/\/www.rooderchina.com\/#organization"},"potentialAction":[{"@type":"SearchAction","target":{"@type":"EntryPoint","urlTemplate":"https:\/\/www.rooderchina.com\/?s={search_term_string}"},"query-input":"required name=search_term_string"}],"inLanguage":"es-AR"},{"@type":"Organization","@id":"https:\/\/www.rooderchina.com\/#organization","name":"Electric Scooters Bikes Citycoco Manufacturer","url":"https:\/\/www.rooderchina.com\/","logo":{"@type":"ImageObject","inLanguage":"es-AR","@id":"https:\/\/www.rooderchina.com\/#\/schema\/logo\/image\/","url":"https:\/\/www.rooderchina.com\/wp-content\/uploads\/2023\/12\/rooder2.jpg","contentUrl":"https:\/\/www.rooderchina.com\/wp-content\/uploads\/2023\/12\/rooder2.jpg","width":1723,"height":1037,"caption":"Electric Scooters Bikes Citycoco Manufacturer"},"image":{"@id":"https:\/\/www.rooderchina.com\/#\/schema\/logo\/image\/"},"sameAs":["https:\/\/www.facebook.com\/rooder.tec","https:\/\/twitter.com\/RooderTec"]}]}},"_links":{"self":[{"href":"https:\/\/www.rooderchina.com\/es\/wp-json\/wp\/v2\/product\/10119","targetHints":{"allow":["GET"]}}],"collection":[{"href":"https:\/\/www.rooderchina.com\/es\/wp-json\/wp\/v2\/product"}],"about":[{"href":"https:\/\/www.rooderchina.com\/es\/wp-json\/wp\/v2\/types\/product"}],"replies":[{"embeddable":true,"href":"https:\/\/www.rooderchina.com\/es\/wp-json\/wp\/v2\/comments?post=10119"}],"version-history":[{"count":1,"href":"https:\/\/www.rooderchina.com\/es\/wp-json\/wp\/v2\/product\/10119\/revisions"}],"predecessor-version":[{"id":10120,"href":"https:\/\/www.rooderchina.com\/es\/wp-json\/wp\/v2\/product\/10119\/revisions\/10120"}],"wp:featuredmedia":[{"embeddable":true,"href":"https:\/\/www.rooderchina.com\/es\/wp-json\/wp\/v2\/media\/10121"}],"wp:attachment":[{"href":"https:\/\/www.rooderchina.com\/es\/wp-json\/wp\/v2\/media?parent=10119"}],"wp:term":[{"taxonomy":"product_brand","embeddable":true,"href":"https:\/\/www.rooderchina.com\/es\/wp-json\/wp\/v2\/product_brand?post=10119"},{"taxonomy":"product_cat","embeddable":true,"href":"https:\/\/www.rooderchina.com\/es\/wp-json\/wp\/v2\/product_cat?post=10119"},{"taxonomy":"product_tag","embeddable":true,"href":"https:\/\/www.rooderchina.com\/es\/wp-json\/wp\/v2\/product_tag?post=10119"}],"curies":[{"name":"wp","href":"https:\/\/api.w.org\/{rel}","templated":true}]}}