{"id":9985,"date":"2023-11-11T18:56:08","date_gmt":"2023-11-11T10:56:08","guid":{"rendered":"http:\/\/www.rooderchina.com\/index.php\/product\/2-wheels-scooter-r803a-for-adulsts-with-5-5-inch-tire-folding-aluminum-alloy-24v-lithium-battery-wholesale-price\/"},"modified":"2023-11-11T18:56:08","modified_gmt":"2023-11-11T10:56:08","slug":"2-wheels-scooter-r803a-for-adulsts-with-5-5-inch-tire-folding-aluminum-alloy-24v-lithium-battery-wholesale-price","status":"publish","type":"product","link":"https:\/\/www.rooderchina.com\/de\/produkt\/2-wheels-scooter-r803a-for-adulsts-with-5-5-inch-tire-folding-aluminum-alloy-24v-lithium-battery-wholesale-price\/","title":{"rendered":"2 R\u00e4der Roller r803a f\u00fcr Erwachsene mit 5,5 Zoll Reifen Faltung Aluminiumlegierung 24v Lithium Batterie Gro\u00dfhandelspreis"},"content":{"rendered":"<p>Wir sind auf die Herstellung von Elektrorollern spezialisiert.<\/p>\n<p>Mit einem erfahrenen und professionellen Team haben wir unsere Produkte in viele L\u00e4nder und Regionen der Welt exportiert, insbesondere nach Amerika und Europa. Unser<br \/>\nProdukte genie\u00dfen bei unseren Kunden einen guten Ruf.<\/p>\n<p>Wir hei\u00dfen Kunden, Gesch\u00e4ftsverb\u00e4nde und Freunde aus allen Teilen der Welt willkommen, mit uns Kontakt aufzunehmen und eine Zusammenarbeit zum beiderseitigen Nutzen anzustreben.<\/p>\n<p><strong>2-Rad-Roller f\u00fcr Erwachsene <strong>r803a\u00a0<\/strong>mit 5,5 Zoll Reifen faltbare Aluminiumlegierung 24v Lithium Batterie Gro\u00dfhandelspreis<\/strong><\/p>\n<\/p>\n<p>Modell: r803a<br \/>\nfaltbarer Elektroroller mit Aluminiumlegierung<br \/>\nReichweite: 10-15 km<br \/>\nAkku: 24v 4.4ah 18650 Lithium-Ionen-Zellen<br \/>\nMotor: 24v 250w b\u00fcrstenloser Motor<br \/>\nH\u00f6chstgeschwindigkeit: 25 km\/h<br \/>\ntypischer Steigwinkel: 25 Grad<br \/>\nLadeger\u00e4t: ac100~240v Eingang<br \/>\nLadezeit: 2-3 Stunden<br \/>\nMax. Gewichtsgrenze: 100 kg<br \/>\nVerf\u00fcgbare Farben: schwarz, wei\u00df, gr\u00fcn, rot, blau usw.<br \/>\nFaltma\u00df:100*40*23 cm<br \/>\nGesamtgr\u00f6\u00dfe: 92*40*100 cm<br \/>\nPaketgr\u00f6\u00dfe:105*16*24 cm<\/p>\n<p>1St\u00fcck\/Karton<br \/>\nKartongr\u00f6\u00dfe:105*16*26 cm<br \/>\nnw:8kg, gw:10kg<\/p>\n<p>Container bestellen:<br \/>\n509St\u00fcck in 20gp<br \/>\n1099St\u00fcck in 40gp<br \/>\n1384St\u00fcck in 40hc<\/p>","protected":false},"excerpt":{"rendered":"<h3>Kurze Beschreibung:<\/h3>\n<p><p>finden Sie hochwertige billige Preis elektrische Faltung Roller, Gro\u00dfhandel elektrische Faltung Roller aus Rooder elektrische Faltung Roller Hersteller Exporteur Unternehmen Fabrik Lieferant auf www.rooderchina.com<\/p>\n<p>5,5-Zoll-Reifen,<br \/>\nAluminiumlegierung,<br \/>\nLithium-Batterie,<br \/>\nFabrik direkt,<br \/>\nGro\u00dfhandelspreis<\/p>\n<\/p>\n<p><\/p>\n<li><em>Marke: <\/em> OEM\/ODM\/ROODER<\/li>\n<li><em>Mindestbestellmenge: <\/em> 10 St\u00fcck\/St\u00fcck<\/li>\n<li><em>Lieferf\u00e4higkeit: <\/em> 10000 St\u00fcck\/St\u00fcck pro Monat<\/li>\n<li><em>Hafen: <\/em> Shenzhen<\/li>\n<li><em>Zahlungsbedingungen: <\/em> T\/T, L\/C, D\/A, D\/P<\/li>","protected":false},"featured_media":9987,"comment_status":"closed","ping_status":"open","template":"","meta":[],"product_brand":[],"product_cat":[829],"product_tag":[780,901,902,536,514,903,904,905,906,907,908,909,706],"class_list":{"0":"post-9985","1":"product","2":"type-product","3":"status-publish","4":"has-post-thumbnail","6":"product_cat-electric-scooters","7":"product_tag-1500w-electric-scooter","8":"product_tag-2-wheels-scooter-for-adults","9":"product_tag-3000w-high-power-electric-scooter","10":"product_tag-adult-electric-scooters","11":"product_tag-eec-electric-scooter","12":"product_tag-electric-folding-scooter","13":"product_tag-electric-mobility-scooter","14":"product_tag-electric-scooter-1200w-72v","15":"product_tag-foldable-scooter","16":"product_tag-golf-cart","17":"product_tag-mobility-scooter","18":"product_tag-motor-scooter","19":"product_tag-two-wheel-scooter","21":"first","22":"instock","23":"product-type-simple"},"yoast_head":"<!-- This site is optimized with the Yoast SEO plugin v21.7 - https:\/\/yoast.com\/wordpress\/plugins\/seo\/ -->\n<title>2 wheels scooter r803a for adulsts with 5.5 inch tire folding aluminum alloy 24v lithium battery wholesale price - Electric Scooters Bikes Citycoco Manufacturer<\/title>\n<meta name=\"robots\" content=\"index, follow, max-snippet:-1, max-image-preview:large, max-video-preview:-1\" \/>\n<link rel=\"canonical\" href=\"https:\/\/www.rooderchina.com\/de\/produkt\/2-wheels-scooter-r803a-for-adulsts-with-5-5-inch-tire-folding-aluminum-alloy-24v-lithium-battery-wholesale-price\/\" \/>\n<meta property=\"og:locale\" content=\"de_DE\" \/>\n<meta property=\"og:type\" content=\"article\" \/>\n<meta property=\"og:title\" content=\"2 wheels scooter r803a for adulsts with 5.5 inch tire folding aluminum alloy 24v lithium battery wholesale price - Electric Scooters Bikes Citycoco Manufacturer\" \/>\n<meta property=\"og:description\" content=\"Short Description: find high quality cheap price\u00a0electric folding scooter, wholesale\u00a0electric folding scooter from Rooder\u00a0electric folding scooter manufacturer exporter company factory supplier on www.rooderchina.com 5.5 inch tire, aluminum alloy, lithium battery, factory directly, wholesale price    Brand: OEM\/ODM\/ROODER   Min.Order Quantity: 10 Piece\/Pieces   Supply Ability: 10000 Piece\/Pieces per Month   Port: Shenzhen   Payment Terms: T\/T, L\/C, D\/A, D\/P\" \/>\n<meta property=\"og:url\" content=\"https:\/\/www.rooderchina.com\/de\/produkt\/2-wheels-scooter-r803a-for-adulsts-with-5-5-inch-tire-folding-aluminum-alloy-24v-lithium-battery-wholesale-price\/\" \/>\n<meta property=\"og:site_name\" content=\"Electric Scooters Bikes Citycoco Manufacturer\" \/>\n<meta property=\"article:publisher\" content=\"https:\/\/www.facebook.com\/rooder.tec\" \/>\n<meta property=\"og:image\" content=\"https:\/\/www.rooderchina.com\/wp-content\/uploads\/2023\/11\/ad1fd10b.jpg\" \/>\n\t<meta property=\"og:image:width\" content=\"750\" \/>\n\t<meta property=\"og:image:height\" content=\"750\" \/>\n\t<meta property=\"og:image:type\" content=\"image\/jpeg\" \/>\n<meta name=\"twitter:card\" content=\"summary_large_image\" \/>\n<meta name=\"twitter:site\" content=\"@RooderTec\" \/>\n<meta name=\"twitter:label1\" content=\"Gesch\u00e4tzte Lesezeit\" \/>\n\t<meta name=\"twitter:data1\" content=\"1\u00a0Minute\" \/>\n<script type=\"application\/ld+json\" class=\"yoast-schema-graph\">{\"@context\":\"https:\/\/schema.org\",\"@graph\":[{\"@type\":\"WebPage\",\"@id\":\"https:\/\/www.rooderchina.com\/product\/2-wheels-scooter-r803a-for-adulsts-with-5-5-inch-tire-folding-aluminum-alloy-24v-lithium-battery-wholesale-price\/\",\"url\":\"https:\/\/www.rooderchina.com\/product\/2-wheels-scooter-r803a-for-adulsts-with-5-5-inch-tire-folding-aluminum-alloy-24v-lithium-battery-wholesale-price\/\",\"name\":\"2 wheels scooter r803a for adulsts with 5.5 inch tire folding aluminum alloy 24v lithium battery wholesale price - Electric Scooters Bikes Citycoco Manufacturer\",\"isPartOf\":{\"@id\":\"https:\/\/www.rooderchina.com\/#website\"},\"datePublished\":\"2023-11-11T10:56:08+00:00\",\"dateModified\":\"2023-11-11T10:56:08+00:00\",\"breadcrumb\":{\"@id\":\"https:\/\/www.rooderchina.com\/product\/2-wheels-scooter-r803a-for-adulsts-with-5-5-inch-tire-folding-aluminum-alloy-24v-lithium-battery-wholesale-price\/#breadcrumb\"},\"inLanguage\":\"de\",\"potentialAction\":[{\"@type\":\"ReadAction\",\"target\":[\"https:\/\/www.rooderchina.com\/product\/2-wheels-scooter-r803a-for-adulsts-with-5-5-inch-tire-folding-aluminum-alloy-24v-lithium-battery-wholesale-price\/\"]}]},{\"@type\":\"BreadcrumbList\",\"@id\":\"https:\/\/www.rooderchina.com\/product\/2-wheels-scooter-r803a-for-adulsts-with-5-5-inch-tire-folding-aluminum-alloy-24v-lithium-battery-wholesale-price\/#breadcrumb\",\"itemListElement\":[{\"@type\":\"ListItem\",\"position\":1,\"name\":\"HOME\",\"item\":\"https:\/\/www.rooderchina.com\/\"},{\"@type\":\"ListItem\",\"position\":2,\"name\":\"Shop\",\"item\":\"https:\/\/www.rooderchina.com\/shop\/\"},{\"@type\":\"ListItem\",\"position\":3,\"name\":\"2 wheels scooter r803a for adulsts with 5.5 inch tire folding aluminum alloy 24v lithium battery wholesale price\"}]},{\"@type\":\"WebSite\",\"@id\":\"https:\/\/www.rooderchina.com\/#website\",\"url\":\"https:\/\/www.rooderchina.com\/\",\"name\":\"Electric Scooters Bikes Citycoco Manufacturer\",\"description\":\"Rooder Technology Limited\",\"publisher\":{\"@id\":\"https:\/\/www.rooderchina.com\/#organization\"},\"potentialAction\":[{\"@type\":\"SearchAction\",\"target\":{\"@type\":\"EntryPoint\",\"urlTemplate\":\"https:\/\/www.rooderchina.com\/?s={search_term_string}\"},\"query-input\":\"required name=search_term_string\"}],\"inLanguage\":\"de\"},{\"@type\":\"Organization\",\"@id\":\"https:\/\/www.rooderchina.com\/#organization\",\"name\":\"Electric Scooters Bikes Citycoco Manufacturer\",\"url\":\"https:\/\/www.rooderchina.com\/\",\"logo\":{\"@type\":\"ImageObject\",\"inLanguage\":\"de\",\"@id\":\"https:\/\/www.rooderchina.com\/#\/schema\/logo\/image\/\",\"url\":\"https:\/\/www.rooderchina.com\/wp-content\/uploads\/2023\/12\/rooder2.jpg\",\"contentUrl\":\"https:\/\/www.rooderchina.com\/wp-content\/uploads\/2023\/12\/rooder2.jpg\",\"width\":1723,\"height\":1037,\"caption\":\"Electric Scooters Bikes Citycoco Manufacturer\"},\"image\":{\"@id\":\"https:\/\/www.rooderchina.com\/#\/schema\/logo\/image\/\"},\"sameAs\":[\"https:\/\/www.facebook.com\/rooder.tec\",\"https:\/\/twitter.com\/RooderTec\"]}]}<\/script>\n<!-- \/ Yoast SEO plugin. -->","yoast_head_json":{"title":"2 wheels scooter r803a for adulsts with 5.5 inch tire folding aluminum alloy 24v lithium battery wholesale price - Electric Scooters Bikes Citycoco Manufacturer","robots":{"index":"index","follow":"follow","max-snippet":"max-snippet:-1","max-image-preview":"max-image-preview:large","max-video-preview":"max-video-preview:-1"},"canonical":"https:\/\/www.rooderchina.com\/de\/produkt\/2-wheels-scooter-r803a-for-adulsts-with-5-5-inch-tire-folding-aluminum-alloy-24v-lithium-battery-wholesale-price\/","og_locale":"de_DE","og_type":"article","og_title":"2 wheels scooter r803a for adulsts with 5.5 inch tire folding aluminum alloy 24v lithium battery wholesale price - Electric Scooters Bikes Citycoco Manufacturer","og_description":"Short Description: find high quality cheap price\u00a0electric folding scooter, wholesale\u00a0electric folding scooter from Rooder\u00a0electric folding scooter manufacturer exporter company factory supplier on www.rooderchina.com 5.5 inch tire, aluminum alloy, lithium battery, factory directly, wholesale price    Brand: OEM\/ODM\/ROODER   Min.Order Quantity: 10 Piece\/Pieces   Supply Ability: 10000 Piece\/Pieces per Month   Port: Shenzhen   Payment Terms: T\/T, L\/C, D\/A, D\/P","og_url":"https:\/\/www.rooderchina.com\/de\/produkt\/2-wheels-scooter-r803a-for-adulsts-with-5-5-inch-tire-folding-aluminum-alloy-24v-lithium-battery-wholesale-price\/","og_site_name":"Electric Scooters Bikes Citycoco Manufacturer","article_publisher":"https:\/\/www.facebook.com\/rooder.tec","og_image":[{"width":750,"height":750,"url":"https:\/\/www.rooderchina.com\/wp-content\/uploads\/2023\/11\/ad1fd10b.jpg","type":"image\/jpeg"}],"twitter_card":"summary_large_image","twitter_site":"@RooderTec","twitter_misc":{"Gesch\u00e4tzte Lesezeit":"1\u00a0Minute"},"schema":{"@context":"https:\/\/schema.org","@graph":[{"@type":"WebPage","@id":"https:\/\/www.rooderchina.com\/product\/2-wheels-scooter-r803a-for-adulsts-with-5-5-inch-tire-folding-aluminum-alloy-24v-lithium-battery-wholesale-price\/","url":"https:\/\/www.rooderchina.com\/product\/2-wheels-scooter-r803a-for-adulsts-with-5-5-inch-tire-folding-aluminum-alloy-24v-lithium-battery-wholesale-price\/","name":"2 wheels scooter r803a for adulsts with 5.5 inch tire folding aluminum alloy 24v lithium battery wholesale price - Electric Scooters Bikes Citycoco Manufacturer","isPartOf":{"@id":"https:\/\/www.rooderchina.com\/#website"},"datePublished":"2023-11-11T10:56:08+00:00","dateModified":"2023-11-11T10:56:08+00:00","breadcrumb":{"@id":"https:\/\/www.rooderchina.com\/product\/2-wheels-scooter-r803a-for-adulsts-with-5-5-inch-tire-folding-aluminum-alloy-24v-lithium-battery-wholesale-price\/#breadcrumb"},"inLanguage":"de","potentialAction":[{"@type":"ReadAction","target":["https:\/\/www.rooderchina.com\/product\/2-wheels-scooter-r803a-for-adulsts-with-5-5-inch-tire-folding-aluminum-alloy-24v-lithium-battery-wholesale-price\/"]}]},{"@type":"BreadcrumbList","@id":"https:\/\/www.rooderchina.com\/product\/2-wheels-scooter-r803a-for-adulsts-with-5-5-inch-tire-folding-aluminum-alloy-24v-lithium-battery-wholesale-price\/#breadcrumb","itemListElement":[{"@type":"ListItem","position":1,"name":"HOME","item":"https:\/\/www.rooderchina.com\/"},{"@type":"ListItem","position":2,"name":"Shop","item":"https:\/\/www.rooderchina.com\/shop\/"},{"@type":"ListItem","position":3,"name":"2 wheels scooter r803a for adulsts with 5.5 inch tire folding aluminum alloy 24v lithium battery wholesale price"}]},{"@type":"WebSite","@id":"https:\/\/www.rooderchina.com\/#website","url":"https:\/\/www.rooderchina.com\/","name":"Electric Scooters Bikes Citycoco Manufacturer","description":"Rooder Technology Limited","publisher":{"@id":"https:\/\/www.rooderchina.com\/#organization"},"potentialAction":[{"@type":"SearchAction","target":{"@type":"EntryPoint","urlTemplate":"https:\/\/www.rooderchina.com\/?s={search_term_string}"},"query-input":"required name=search_term_string"}],"inLanguage":"de"},{"@type":"Organization","@id":"https:\/\/www.rooderchina.com\/#organization","name":"Electric Scooters Bikes Citycoco Manufacturer","url":"https:\/\/www.rooderchina.com\/","logo":{"@type":"ImageObject","inLanguage":"de","@id":"https:\/\/www.rooderchina.com\/#\/schema\/logo\/image\/","url":"https:\/\/www.rooderchina.com\/wp-content\/uploads\/2023\/12\/rooder2.jpg","contentUrl":"https:\/\/www.rooderchina.com\/wp-content\/uploads\/2023\/12\/rooder2.jpg","width":1723,"height":1037,"caption":"Electric Scooters Bikes Citycoco Manufacturer"},"image":{"@id":"https:\/\/www.rooderchina.com\/#\/schema\/logo\/image\/"},"sameAs":["https:\/\/www.facebook.com\/rooder.tec","https:\/\/twitter.com\/RooderTec"]}]}},"_links":{"self":[{"href":"https:\/\/www.rooderchina.com\/de\/wp-json\/wp\/v2\/product\/9985","targetHints":{"allow":["GET"]}}],"collection":[{"href":"https:\/\/www.rooderchina.com\/de\/wp-json\/wp\/v2\/product"}],"about":[{"href":"https:\/\/www.rooderchina.com\/de\/wp-json\/wp\/v2\/types\/product"}],"replies":[{"embeddable":true,"href":"https:\/\/www.rooderchina.com\/de\/wp-json\/wp\/v2\/comments?post=9985"}],"version-history":[{"count":1,"href":"https:\/\/www.rooderchina.com\/de\/wp-json\/wp\/v2\/product\/9985\/revisions"}],"predecessor-version":[{"id":9986,"href":"https:\/\/www.rooderchina.com\/de\/wp-json\/wp\/v2\/product\/9985\/revisions\/9986"}],"wp:featuredmedia":[{"embeddable":true,"href":"https:\/\/www.rooderchina.com\/de\/wp-json\/wp\/v2\/media\/9987"}],"wp:attachment":[{"href":"https:\/\/www.rooderchina.com\/de\/wp-json\/wp\/v2\/media?parent=9985"}],"wp:term":[{"taxonomy":"product_brand","embeddable":true,"href":"https:\/\/www.rooderchina.com\/de\/wp-json\/wp\/v2\/product_brand?post=9985"},{"taxonomy":"product_cat","embeddable":true,"href":"https:\/\/www.rooderchina.com\/de\/wp-json\/wp\/v2\/product_cat?post=9985"},{"taxonomy":"product_tag","embeddable":true,"href":"https:\/\/www.rooderchina.com\/de\/wp-json\/wp\/v2\/product_tag?post=9985"}],"curies":[{"name":"wp","href":"https:\/\/api.w.org\/{rel}","templated":true}]}}