{"id":9941,"date":"2023-11-11T18:54:58","date_gmt":"2023-11-11T10:54:58","guid":{"rendered":"http:\/\/www.rooderchina.com\/index.php\/product\/rooder-803o9-electric-scooter-with-10-inch-tires-48v-4000w-motors\/"},"modified":"2023-11-11T18:54:58","modified_gmt":"2023-11-11T10:54:58","slug":"rooder-803o9-electric-scooter-with-10-inch-tires-48v-4000w-motors","status":"publish","type":"product","link":"https:\/\/www.rooderchina.com\/de\/produkt\/rooder-803o9-electric-scooter-with-10-inch-tires-48v-4000w-motors\/","title":{"rendered":"rooder 803o9 elektro-scooter mit 10 zoll reifen 48v 4000w motoren"},"content":{"rendered":"<p><strong>Spezifikationen:<\/strong><\/p>\n<table style=\"width: 429px;\" border=\"0\" cellspacing=\"0\" cellpadding=\"0\">\n<colgroup>\n<col width=\"149\" \/>\n<col width=\"280\" \/> <\/colgroup>\n<tbody>\n<tr>\n<td width=\"149\" height=\"19\">Modell<\/td>\n<td width=\"280\">\u00a0<a href=\"https:\/\/www.rooderchina.com\/de\/tag\/r803o9\/\" title=\"Alle Nachrichten auf r803o9 anzeigen\" target=\"_blank\" rel=\"noopener\">r803o9<\/a><\/td>\n<\/tr>\n<tr>\n<td height=\"19\">NW<\/td>\n<td>\u00a043kgs<\/td>\n<\/tr>\n<tr>\n<td height=\"19\">Bereifung<\/td>\n<td>\u00a010-Zoll-Reifen<\/td>\n<\/tr>\n<tr>\n<td height=\"19\">Maximale Belastung<\/td>\n<td>\u00a0200KG<\/td>\n<\/tr>\n<tr>\n<td height=\"19\">Motor<\/td>\n<td>\u00a048V2000KW*2<\/td>\n<\/tr>\n<tr>\n<td height=\"19\">Maximale Geschwindigkeit<\/td>\n<td>\u00a060-70km\/h<\/td>\n<\/tr>\n<tr>\n<td height=\"19\">Controller<\/td>\n<td>\u00a0Doppelcontroller<\/td>\n<\/tr>\n<tr>\n<td height=\"19\">Bremsen<\/td>\n<td>\u00a0Vordere und hintere Bremsen<\/td>\n<\/tr>\n<tr>\n<td height=\"19\">Sto\u00dfd\u00e4mpfer<\/td>\n<td>\u00a0Federstossd\u00e4mpfer vorne und hinten<\/td>\n<\/tr>\n<tr>\n<td height=\"19\">Lichter<\/td>\n<td>\u00a0Front-, R\u00fcck- und Seitenleuchten + Motorradhupe<\/td>\n<\/tr>\n<tr>\n<td height=\"19\">Anzeige<\/td>\n<td>\u00a0Geschwindigkeit, Batterie und Kilometerstand<\/td>\n<\/tr>\n<tr>\n<td height=\"19\">Ladeger\u00e4t<\/td>\n<td>\u00a02A-Ladeger\u00e4t<\/td>\n<\/tr>\n<tr>\n<td height=\"19\">Steigendes Gef\u00e4lle<\/td>\n<td>\u00a0ca. 30 Grad<\/td>\n<\/tr>\n<tr>\n<td height=\"19\">Wasserdichte Klasse<\/td>\n<td>\u00a0IP54<\/td>\n<\/tr>\n<tr>\n<td height=\"19\">Eingangsspannung des Ladeger\u00e4ts<\/td>\n<td>\u00a0100 - 240V, 50 \/ 60Hz<\/td>\n<\/tr>\n<tr>\n<td height=\"19\">Batterie<\/td>\n<td>\u00a048v21ah Lithium-Batterie<\/td>\n<\/tr>\n<tr>\n<td height=\"19\">Aufladezeit<\/td>\n<td>\u00a08-10 Stunden<\/td>\n<\/tr>\n<tr>\n<td height=\"19\">Gr\u00f6\u00dfe der Entfaltung<\/td>\n<td>\u00a0133*57*130cm<\/td>\n<\/tr>\n<tr>\n<td height=\"19\">Gr\u00f6\u00dfe der Faltung<\/td>\n<td>\u00a0123*23*47cm<\/td>\n<\/tr>\n<tr>\n<td height=\"19\">Packungsgr\u00f6\u00dfe<\/td>\n<td>\u00a0137*36*57cm<\/td>\n<\/tr>\n<tr>\n<td height=\"19\">GW<\/td>\n<td>\u00a048kgs<\/td>\n<\/tr>\n<\/tbody>\n<\/table>\n<p><strong>Fotos:<\/strong><\/p>\n<\/p>\n<p>&nbsp;<br \/>\n<iframe loading=\"lazy\" title=\"Elektroroller\" src=\"https:\/\/www.youtube.com\/embed\/U4wcdIS8cTo?rel=0&amp;autoplay=0\" height=\"318\" width=\"385\" allowfullscreen=\"\" frameborder=\"0\"><\/iframe><\/p>\n<p><iframe loading=\"lazy\" title=\"Elektroroller\" src=\"https:\/\/www.youtube.com\/embed\/7lCgstBPUVQ?rel=0&amp;autoplay=0\" height=\"318\" width=\"385\" allowfullscreen=\"\" frameborder=\"0\"><\/iframe><\/p>","protected":false},"excerpt":{"rendered":"<h3>Kurze Beschreibung:<\/h3>\n<p><p>Rooder ist seit \u00fcber 14 Jahren ein professioneller Anbieter von verschiedenen Elektrorollern, Elektrofahrr\u00e4dern und deren Zubeh\u00f6r.<\/p>\n<p>Unsere E-Bikes wurden in mehr als 68 L\u00e4nder exportiert, darunter Europa, Nordamerika, S\u00fcdamerika, S\u00fcdostasien usw., und die Qualit\u00e4t wurde von den Kunden best\u00e4tigt. Die Lieferung von Qualit\u00e4tsprodukten ist der beste Weg, unsere Kunden zu belohnen. Wir sind entschlossen, unser Bestes zu tun, um den Kunden die neuesten Produkte, wettbewerbsf\u00e4hige Preise, erstklassige Qualit\u00e4t und VIP-Service zu bieten.<\/p>\n<p>Verantwortung: Wir sind ernsthafte Menschen. Verantwortung ist f\u00fcr das \u00dcberleben eines Unternehmens von grundlegender Bedeutung und bildet die Grundlage f\u00fcr die Herausbildung seiner Kernkompetenzen. Die Bed\u00fcrfnisse der Kunden zu erf\u00fcllen, den Wert aller Rooder-Mitarbeiter zu steigern und immer mehr soziale Verantwortung zu \u00fcbernehmen, das ist unser unabl\u00e4ssiges Bestreben. Kreativit\u00e4t: Wir sind leidenschaftlich. Kreativit\u00e4t ist das wichtigste Werkzeug, um sich anzupassen und Schwierigkeiten zu \u00fcberwinden.<\/p>\n<p>Wenn Sie an einem unserer Produkte interessiert sind oder eine kundenspezifische Bestellung besprechen m\u00f6chten, kontaktieren Sie uns einfach und geben Sie uns bitte Ihre Kommentare zur\u00fcck. Wir sind sicher, dass jedes Ihrer Feedbacks unsere sofortige Aufmerksamkeit und Antwort erhalten wird. Wir freuen uns darauf, gute und langfristige Gesch\u00e4ftsbeziehungen mit Kunden aus aller Welt aufzubauen.<\/p>\n<\/p>\n<p><\/p>\n<li><em>Marke: <\/em> OEM\/ODM\/ROODER<\/li>\n<li><em>Mindestbestellmenge: <\/em> 10 St\u00fcck\/St\u00fcck<\/li>\n<li><em>Lieferf\u00e4higkeit: <\/em> 10000 St\u00fcck\/St\u00fcck pro Monat<\/li>\n<li><em>Hafen: <\/em> Shenzhen<\/li>\n<li><em>Zahlungsbedingungen: <\/em> T\/T, L\/C, D\/A, D\/P<\/li>","protected":false},"featured_media":9943,"comment_status":"closed","ping_status":"open","template":"","meta":[],"product_brand":[],"product_cat":[829],"product_tag":[530,889,745,890],"class_list":{"0":"post-9941","1":"product","2":"type-product","3":"status-publish","4":"has-post-thumbnail","6":"product_cat-electric-scooters","7":"product_tag-electric-scooter","8":"product_tag-r803o9","9":"product_tag-rooder","10":"product_tag-rooder-r803o9","12":"first","13":"instock","14":"product-type-simple"},"yoast_head":"<!-- This site is optimized with the Yoast SEO plugin v21.7 - https:\/\/yoast.com\/wordpress\/plugins\/seo\/ -->\n<title>rooder 803o9 electric scooter with 10 inch tires 48v 4000w motors - Electric Scooters Bikes Citycoco Manufacturer<\/title>\n<meta name=\"robots\" content=\"index, follow, max-snippet:-1, max-image-preview:large, max-video-preview:-1\" \/>\n<link rel=\"canonical\" href=\"https:\/\/www.rooderchina.com\/de\/produkt\/rooder-803o9-electric-scooter-with-10-inch-tires-48v-4000w-motors\/\" \/>\n<meta property=\"og:locale\" content=\"de_DE\" \/>\n<meta property=\"og:type\" content=\"article\" \/>\n<meta property=\"og:title\" content=\"rooder 803o9 electric scooter with 10 inch tires 48v 4000w motors - Electric Scooters Bikes Citycoco Manufacturer\" \/>\n<meta property=\"og:description\" content=\"Short Description: Rooder is a professional supplier of various electric scooters , electric bikes and its accessories for over 14 years. Our e-bikes have been exported to more than 68 countries, including Europe, North America, South America, and Southeast Asia etc. and quality has been approved by customers. Supplying quality products is the best way to reward our customers. Quality: it always comes first in long-term business relationship, we are determined, we will do the best to provide the customers with the latest products, competitive price, first-class quality and VIP service. Responsibility: We are serious people. Responsibility is fundamental to the survival of a company and is the basis for the formation of its core competencies. To meet the needs of customers, to enrich the value of all Rooder staff, to shoulder more and more social responsibility, these are our unremitting pursuits. Creativity: We are passionate. Creativity is the number one tool that allows you to adapt and overcome difficulties. If you are interested in any of our products or want to discuss a customized order, just feel free to contact us and kindly get back your comments to us. We are sure any of your feedback will get our prompt attention &amp; reply. We are looking forward to establishing good and long-term business relationships with customers from all over the world.    Brand: OEM\/ODM\/ROODER   Min.Order Quantity: 10 Piece\/Pieces   Supply Ability: 10000 Piece\/Pieces per Month   Port: Shenzhen   Payment Terms: T\/T, L\/C, D\/A, D\/P\" \/>\n<meta property=\"og:url\" content=\"https:\/\/www.rooderchina.com\/de\/produkt\/rooder-803o9-electric-scooter-with-10-inch-tires-48v-4000w-motors\/\" \/>\n<meta property=\"og:site_name\" content=\"Electric Scooters Bikes Citycoco Manufacturer\" \/>\n<meta property=\"article:publisher\" content=\"https:\/\/www.facebook.com\/rooder.tec\" \/>\n<meta property=\"og:image\" content=\"https:\/\/www.rooderchina.com\/wp-content\/uploads\/2023\/11\/rooder-803o9-electric-scooter-with-10-inch-tires-48v-4000w-motors-1.jpg\" \/>\n\t<meta property=\"og:image:width\" content=\"1000\" \/>\n\t<meta property=\"og:image:height\" content=\"1000\" \/>\n\t<meta property=\"og:image:type\" content=\"image\/jpeg\" \/>\n<meta name=\"twitter:card\" content=\"summary_large_image\" \/>\n<meta name=\"twitter:site\" content=\"@RooderTec\" \/>\n<script type=\"application\/ld+json\" class=\"yoast-schema-graph\">{\"@context\":\"https:\/\/schema.org\",\"@graph\":[{\"@type\":\"WebPage\",\"@id\":\"https:\/\/www.rooderchina.com\/product\/rooder-803o9-electric-scooter-with-10-inch-tires-48v-4000w-motors\/\",\"url\":\"https:\/\/www.rooderchina.com\/product\/rooder-803o9-electric-scooter-with-10-inch-tires-48v-4000w-motors\/\",\"name\":\"rooder 803o9 electric scooter with 10 inch tires 48v 4000w motors - Electric Scooters Bikes Citycoco Manufacturer\",\"isPartOf\":{\"@id\":\"https:\/\/www.rooderchina.com\/#website\"},\"datePublished\":\"2023-11-11T10:54:58+00:00\",\"dateModified\":\"2023-11-11T10:54:58+00:00\",\"breadcrumb\":{\"@id\":\"https:\/\/www.rooderchina.com\/product\/rooder-803o9-electric-scooter-with-10-inch-tires-48v-4000w-motors\/#breadcrumb\"},\"inLanguage\":\"de\",\"potentialAction\":[{\"@type\":\"ReadAction\",\"target\":[\"https:\/\/www.rooderchina.com\/product\/rooder-803o9-electric-scooter-with-10-inch-tires-48v-4000w-motors\/\"]}]},{\"@type\":\"BreadcrumbList\",\"@id\":\"https:\/\/www.rooderchina.com\/product\/rooder-803o9-electric-scooter-with-10-inch-tires-48v-4000w-motors\/#breadcrumb\",\"itemListElement\":[{\"@type\":\"ListItem\",\"position\":1,\"name\":\"HOME\",\"item\":\"https:\/\/www.rooderchina.com\/\"},{\"@type\":\"ListItem\",\"position\":2,\"name\":\"Shop\",\"item\":\"https:\/\/www.rooderchina.com\/shop\/\"},{\"@type\":\"ListItem\",\"position\":3,\"name\":\"rooder 803o9 electric scooter with 10 inch tires 48v 4000w motors\"}]},{\"@type\":\"WebSite\",\"@id\":\"https:\/\/www.rooderchina.com\/#website\",\"url\":\"https:\/\/www.rooderchina.com\/\",\"name\":\"Electric Scooters Bikes Citycoco Manufacturer\",\"description\":\"Rooder Technology Limited\",\"publisher\":{\"@id\":\"https:\/\/www.rooderchina.com\/#organization\"},\"potentialAction\":[{\"@type\":\"SearchAction\",\"target\":{\"@type\":\"EntryPoint\",\"urlTemplate\":\"https:\/\/www.rooderchina.com\/?s={search_term_string}\"},\"query-input\":\"required name=search_term_string\"}],\"inLanguage\":\"de\"},{\"@type\":\"Organization\",\"@id\":\"https:\/\/www.rooderchina.com\/#organization\",\"name\":\"Electric Scooters Bikes Citycoco Manufacturer\",\"url\":\"https:\/\/www.rooderchina.com\/\",\"logo\":{\"@type\":\"ImageObject\",\"inLanguage\":\"de\",\"@id\":\"https:\/\/www.rooderchina.com\/#\/schema\/logo\/image\/\",\"url\":\"https:\/\/www.rooderchina.com\/wp-content\/uploads\/2023\/12\/rooder2.jpg\",\"contentUrl\":\"https:\/\/www.rooderchina.com\/wp-content\/uploads\/2023\/12\/rooder2.jpg\",\"width\":1723,\"height\":1037,\"caption\":\"Electric Scooters Bikes Citycoco Manufacturer\"},\"image\":{\"@id\":\"https:\/\/www.rooderchina.com\/#\/schema\/logo\/image\/\"},\"sameAs\":[\"https:\/\/www.facebook.com\/rooder.tec\",\"https:\/\/twitter.com\/RooderTec\"]}]}<\/script>\n<!-- \/ Yoast SEO plugin. -->","yoast_head_json":{"title":"rooder 803o9 electric scooter with 10 inch tires 48v 4000w motors - Electric Scooters Bikes Citycoco Manufacturer","robots":{"index":"index","follow":"follow","max-snippet":"max-snippet:-1","max-image-preview":"max-image-preview:large","max-video-preview":"max-video-preview:-1"},"canonical":"https:\/\/www.rooderchina.com\/de\/produkt\/rooder-803o9-electric-scooter-with-10-inch-tires-48v-4000w-motors\/","og_locale":"de_DE","og_type":"article","og_title":"rooder 803o9 electric scooter with 10 inch tires 48v 4000w motors - Electric Scooters Bikes Citycoco Manufacturer","og_description":"Short Description: Rooder is a professional supplier of various electric scooters , electric bikes and its accessories for over 14 years. Our e-bikes have been exported to more than 68 countries, including Europe, North America, South America, and Southeast Asia etc. and quality has been approved by customers. Supplying quality products is the best way to reward our customers. Quality: it always comes first in long-term business relationship, we are determined, we will do the best to provide the customers with the latest products, competitive price, first-class quality and VIP service. Responsibility: We are serious people. Responsibility is fundamental to the survival of a company and is the basis for the formation of its core competencies. To meet the needs of customers, to enrich the value of all Rooder staff, to shoulder more and more social responsibility, these are our unremitting pursuits. Creativity: We are passionate. Creativity is the number one tool that allows you to adapt and overcome difficulties. If you are interested in any of our products or want to discuss a customized order, just feel free to contact us and kindly get back your comments to us. We are sure any of your feedback will get our prompt attention &amp; reply. We are looking forward to establishing good and long-term business relationships with customers from all over the world.    Brand: OEM\/ODM\/ROODER   Min.Order Quantity: 10 Piece\/Pieces   Supply Ability: 10000 Piece\/Pieces per Month   Port: Shenzhen   Payment Terms: T\/T, L\/C, D\/A, D\/P","og_url":"https:\/\/www.rooderchina.com\/de\/produkt\/rooder-803o9-electric-scooter-with-10-inch-tires-48v-4000w-motors\/","og_site_name":"Electric Scooters Bikes Citycoco Manufacturer","article_publisher":"https:\/\/www.facebook.com\/rooder.tec","og_image":[{"width":1000,"height":1000,"url":"https:\/\/www.rooderchina.com\/wp-content\/uploads\/2023\/11\/rooder-803o9-electric-scooter-with-10-inch-tires-48v-4000w-motors-1.jpg","type":"image\/jpeg"}],"twitter_card":"summary_large_image","twitter_site":"@RooderTec","schema":{"@context":"https:\/\/schema.org","@graph":[{"@type":"WebPage","@id":"https:\/\/www.rooderchina.com\/product\/rooder-803o9-electric-scooter-with-10-inch-tires-48v-4000w-motors\/","url":"https:\/\/www.rooderchina.com\/product\/rooder-803o9-electric-scooter-with-10-inch-tires-48v-4000w-motors\/","name":"rooder 803o9 electric scooter with 10 inch tires 48v 4000w motors - Electric Scooters Bikes Citycoco Manufacturer","isPartOf":{"@id":"https:\/\/www.rooderchina.com\/#website"},"datePublished":"2023-11-11T10:54:58+00:00","dateModified":"2023-11-11T10:54:58+00:00","breadcrumb":{"@id":"https:\/\/www.rooderchina.com\/product\/rooder-803o9-electric-scooter-with-10-inch-tires-48v-4000w-motors\/#breadcrumb"},"inLanguage":"de","potentialAction":[{"@type":"ReadAction","target":["https:\/\/www.rooderchina.com\/product\/rooder-803o9-electric-scooter-with-10-inch-tires-48v-4000w-motors\/"]}]},{"@type":"BreadcrumbList","@id":"https:\/\/www.rooderchina.com\/product\/rooder-803o9-electric-scooter-with-10-inch-tires-48v-4000w-motors\/#breadcrumb","itemListElement":[{"@type":"ListItem","position":1,"name":"HOME","item":"https:\/\/www.rooderchina.com\/"},{"@type":"ListItem","position":2,"name":"Shop","item":"https:\/\/www.rooderchina.com\/shop\/"},{"@type":"ListItem","position":3,"name":"rooder 803o9 electric scooter with 10 inch tires 48v 4000w motors"}]},{"@type":"WebSite","@id":"https:\/\/www.rooderchina.com\/#website","url":"https:\/\/www.rooderchina.com\/","name":"Electric Scooters Bikes Citycoco Manufacturer","description":"Rooder Technology Limited","publisher":{"@id":"https:\/\/www.rooderchina.com\/#organization"},"potentialAction":[{"@type":"SearchAction","target":{"@type":"EntryPoint","urlTemplate":"https:\/\/www.rooderchina.com\/?s={search_term_string}"},"query-input":"required name=search_term_string"}],"inLanguage":"de"},{"@type":"Organization","@id":"https:\/\/www.rooderchina.com\/#organization","name":"Electric Scooters Bikes Citycoco Manufacturer","url":"https:\/\/www.rooderchina.com\/","logo":{"@type":"ImageObject","inLanguage":"de","@id":"https:\/\/www.rooderchina.com\/#\/schema\/logo\/image\/","url":"https:\/\/www.rooderchina.com\/wp-content\/uploads\/2023\/12\/rooder2.jpg","contentUrl":"https:\/\/www.rooderchina.com\/wp-content\/uploads\/2023\/12\/rooder2.jpg","width":1723,"height":1037,"caption":"Electric Scooters Bikes Citycoco Manufacturer"},"image":{"@id":"https:\/\/www.rooderchina.com\/#\/schema\/logo\/image\/"},"sameAs":["https:\/\/www.facebook.com\/rooder.tec","https:\/\/twitter.com\/RooderTec"]}]}},"_links":{"self":[{"href":"https:\/\/www.rooderchina.com\/de\/wp-json\/wp\/v2\/product\/9941","targetHints":{"allow":["GET"]}}],"collection":[{"href":"https:\/\/www.rooderchina.com\/de\/wp-json\/wp\/v2\/product"}],"about":[{"href":"https:\/\/www.rooderchina.com\/de\/wp-json\/wp\/v2\/types\/product"}],"replies":[{"embeddable":true,"href":"https:\/\/www.rooderchina.com\/de\/wp-json\/wp\/v2\/comments?post=9941"}],"version-history":[{"count":1,"href":"https:\/\/www.rooderchina.com\/de\/wp-json\/wp\/v2\/product\/9941\/revisions"}],"predecessor-version":[{"id":9942,"href":"https:\/\/www.rooderchina.com\/de\/wp-json\/wp\/v2\/product\/9941\/revisions\/9942"}],"wp:featuredmedia":[{"embeddable":true,"href":"https:\/\/www.rooderchina.com\/de\/wp-json\/wp\/v2\/media\/9943"}],"wp:attachment":[{"href":"https:\/\/www.rooderchina.com\/de\/wp-json\/wp\/v2\/media?parent=9941"}],"wp:term":[{"taxonomy":"product_brand","embeddable":true,"href":"https:\/\/www.rooderchina.com\/de\/wp-json\/wp\/v2\/product_brand?post=9941"},{"taxonomy":"product_cat","embeddable":true,"href":"https:\/\/www.rooderchina.com\/de\/wp-json\/wp\/v2\/product_cat?post=9941"},{"taxonomy":"product_tag","embeddable":true,"href":"https:\/\/www.rooderchina.com\/de\/wp-json\/wp\/v2\/product_tag?post=9941"}],"curies":[{"name":"wp","href":"https:\/\/api.w.org\/{rel}","templated":true}]}}