{"id":9908,"date":"2023-11-11T18:54:09","date_gmt":"2023-11-11T10:54:09","guid":{"rendered":"http:\/\/www.rooderchina.com\/index.php\/product\/rooder-r803o14-best-chinese-e-scooter-14-inch-tires-60v-38ah\/"},"modified":"2023-11-11T18:54:20","modified_gmt":"2023-11-11T10:54:20","slug":"rooder-r803o14-best-chinese-e-scooter-14-inch-tires-60v-38ah","status":"publish","type":"product","link":"https:\/\/www.rooderchina.com\/de\/produkt\/rooder-r803o14-best-chinese-e-scooter-14-inch-tires-60v-38ah\/","title":{"rendered":"Rooder r803o14 beste chinesische E-Scooter 14 Zoll Reifen 60v 38ah"},"content":{"rendered":"<table style=\"width: 424px;\" border=\"0\" cellspacing=\"0\" cellpadding=\"0\">\n<colgroup>\n<col width=\"149\" \/>\n<col width=\"275\" \/> <\/colgroup>\n<tbody>\n<tr>\n<td width=\"149\" height=\"19\">Modell<\/td>\n<td width=\"275\">\u00a0<a href=\"https:\/\/www.rooderchina.com\/de\/tag\/r803o14\/\" title=\"Alle Nachrichten auf r803o14 anzeigen\" target=\"_blank\" rel=\"noopener\">r803o14<\/a><\/td>\n<\/tr>\n<tr>\n<td height=\"19\">NW<\/td>\n<td>\u00a048kgs<\/td>\n<\/tr>\n<tr>\n<td height=\"19\">Bereifung<\/td>\n<td>\u00a014-Zoll-Reifen, (14*5.0-6.5)<\/td>\n<\/tr>\n<tr>\n<td height=\"19\">Maximale Belastung<\/td>\n<td>\u00a0170KG<\/td>\n<\/tr>\n<tr>\n<td height=\"19\">Motor<\/td>\n<td>\u00a060V2.8KW*2<\/td>\n<\/tr>\n<tr>\n<td height=\"19\">Maximale Geschwindigkeit<\/td>\n<td>\u00a070-80km\/h<\/td>\n<\/tr>\n<tr>\n<td height=\"19\">Controller<\/td>\n<td>\u00a0duale 45A-Steuerger\u00e4te<\/td>\n<\/tr>\n<tr>\n<td height=\"19\">Bremsen<\/td>\n<td>\u00a0Hydraulische \u00d6lbremsen vorne und hinten<\/td>\n<\/tr>\n<tr>\n<td height=\"19\">Sto\u00dfd\u00e4mpfer<\/td>\n<td>\u00a0Federstossd\u00e4mpfer vorne und hinten<\/td>\n<\/tr>\n<tr>\n<td height=\"19\">Lichter<\/td>\n<td>\u00a03*U7 Lichter + Motorradhupen<\/td>\n<\/tr>\n<tr>\n<td height=\"19\">Anzeige<\/td>\n<td>\u00a0LCD Display, Geschwindigkeit, Batterie und Kilometerstand<\/td>\n<\/tr>\n<tr>\n<td height=\"19\">Ladeger\u00e4t<\/td>\n<td>\u00a04A-Ladeger\u00e4t<\/td>\n<\/tr>\n<tr>\n<td height=\"19\">Steigendes Gef\u00e4lle<\/td>\n<td>\u00a0ca. 30 Grad<\/td>\n<\/tr>\n<tr>\n<td height=\"19\">Wasserdichte Klasse<\/td>\n<td>\u00a0IP54<\/td>\n<\/tr>\n<tr>\n<td height=\"19\">Eingangsspannung des Ladeger\u00e4ts<\/td>\n<td>\u00a0100 - 240V, 50 \/ 60Hz<\/td>\n<\/tr>\n<tr>\n<td height=\"19\">Batterie<\/td>\n<td>\u00a060v38ah Lithium-Batterie<\/td>\n<\/tr>\n<tr>\n<td height=\"19\">Aufladezeit<\/td>\n<td>\u00a05-10 Stunden<\/td>\n<\/tr>\n<tr>\n<td height=\"19\">Gr\u00f6\u00dfe der Entfaltung<\/td>\n<td>\u00a0158*31*135cm<\/td>\n<\/tr>\n<tr>\n<td height=\"19\">Gr\u00f6\u00dfe der Faltung<\/td>\n<td>\u00a0144*31*60cm<\/td>\n<\/tr>\n<tr>\n<td height=\"19\">Packungsgr\u00f6\u00dfe<\/td>\n<td>\u00a0153*34*64cm<\/td>\n<\/tr>\n<tr>\n<td height=\"19\">GW<\/td>\n<td>\u00a052kgs<\/td>\n<\/tr>\n<\/tbody>\n<\/table>\n<p>&nbsp;<\/p>\n<p>&nbsp;<\/p>\n<p><iframe loading=\"lazy\" title=\"Elektroroller\" src=\"https:\/\/www.youtube.com\/embed\/mGf0_OLftnk?rel=0&amp;autoplay=0\" height=\"318\" width=\"385\" allowfullscreen=\"\" frameborder=\"0\"><\/iframe><\/p>","protected":false},"excerpt":{"rendered":"<h3>Kurze Beschreibung:<\/h3>\n<p><p>Shenzhen Rooder Technology Co.,ltd ist ein professioneller Lieferant und Vertreiber von Elektrorollern und anderen intelligenten Ger\u00e4ten seit 2010. Dank unserer reichen Erfahrung in der Elektroroller- und Elektronikindustrie sind wir in der Lage, konkurrenzf\u00e4higen Preis Top-Marke Elektroroller und intelligente Ger\u00e4te mit k\u00fcrzester Vorlaufzeit zu liefern. Unsere Produktlinie umfasst folgende Produkte: Elektroroller, Elektromotorrad und Elektrofahrrad.<\/p>\n<p>Wir werden unsere Professionalit\u00e4t st\u00e4ndig verbessern und streben danach, der f\u00fchrende Experte in unserer Branche zu werden. Dies ist die Philosophie, die wir schon immer gesch\u00e4tzt haben, n\u00e4mlich \"Konzentriert sein, professionell sein und ein Experte sein\". Wir freuen uns darauf, eine Win-Win-Gesch\u00e4ftsbeziehung mit Wiederverk\u00e4ufern und Distributoren in der ganzen Welt aufzubauen.<\/p>\n<\/p>\n<p><\/p>\n<li><em>Marke: <\/em> OEM\/ODM\/ROODER<\/li>\n<li><em>Mindestbestellmenge: <\/em> 10 St\u00fcck\/St\u00fcck<\/li>\n<li><em>Lieferf\u00e4higkeit: <\/em> 10000 St\u00fcck\/St\u00fcck pro Monat<\/li>\n<li><em>Hafen: <\/em> Shenzhen<\/li>\n<li><em>Zahlungsbedingungen: <\/em> T\/T, L\/C, D\/A, D\/P<\/li>","protected":false},"featured_media":9910,"comment_status":"closed","ping_status":"open","template":"","meta":[],"product_brand":[],"product_cat":[829],"product_tag":[879,530,880,745,881],"class_list":{"0":"post-9908","1":"product","2":"type-product","3":"status-publish","4":"has-post-thumbnail","6":"product_cat-electric-scooters","7":"product_tag-best-chinese-e-scooter","8":"product_tag-electric-scooter","9":"product_tag-r803o14","10":"product_tag-rooder","11":"product_tag-rooder-r803o14","13":"first","14":"instock","15":"product-type-simple"},"yoast_head":"<!-- This site is optimized with the Yoast SEO plugin v21.7 - https:\/\/yoast.com\/wordpress\/plugins\/seo\/ -->\n<title>Rooder r803o14 best chinese e scooter 14 inch tires 60v 38ah - Electric Scooters Bikes Citycoco Manufacturer<\/title>\n<meta name=\"robots\" content=\"index, follow, max-snippet:-1, max-image-preview:large, max-video-preview:-1\" \/>\n<link rel=\"canonical\" href=\"https:\/\/www.rooderchina.com\/de\/produto\/rooder-r803o14-best-chinese-e-scooter-14-inch-tires-60v-38ah\/\" \/>\n<meta property=\"og:locale\" content=\"de_DE\" \/>\n<meta property=\"og:type\" content=\"article\" \/>\n<meta property=\"og:title\" content=\"Rooder r803o14 best chinese e scooter 14 inch tires 60v 38ah - Electric Scooters Bikes Citycoco Manufacturer\" \/>\n<meta property=\"og:description\" content=\"Short Description: Shenzhen Rooder Technology Co.,ltd is a professional electric scooter and other smart device supplier &amp; distributor since 2010. Thanks to our rich experience in electric scooter and electronic industry, we are able to supply competitive price top brand electric scooter and smart devices with shortest lead time. Our Product Line Covering Below: Electric scooter, electric motorcycle and electric bike. We will continuously improve our professionalism and aim to become the leading expert in our industry. This is the philosophy we have valued all along, that is, &#8220;Being Concentrated, Being Professional and Being an Expert&#8221;. We are looking forwarder to establish a win-win business relationship with resellers and distributors all over the world.    Brand: OEM\/ODM\/ROODER   Min.Order Quantity: 10 Piece\/Pieces   Supply Ability: 10000 Piece\/Pieces per Month   Port: Shenzhen   Payment Terms: T\/T, L\/C, D\/A, D\/P\" \/>\n<meta property=\"og:url\" content=\"https:\/\/www.rooderchina.com\/de\/produto\/rooder-r803o14-best-chinese-e-scooter-14-inch-tires-60v-38ah\/\" \/>\n<meta property=\"og:site_name\" content=\"Electric Scooters Bikes Citycoco Manufacturer\" \/>\n<meta property=\"article:publisher\" content=\"https:\/\/www.facebook.com\/rooder.tec\" \/>\n<meta property=\"article:modified_time\" content=\"2023-11-11T10:54:20+00:00\" \/>\n<meta property=\"og:image\" content=\"https:\/\/www.rooderchina.com\/wp-content\/uploads\/2023\/11\/Rooder-r803o14-best-chinese-e-scooter-14-inch-tires-60v-38ah-1.jpg\" \/>\n\t<meta property=\"og:image:width\" content=\"1000\" \/>\n\t<meta property=\"og:image:height\" content=\"1000\" \/>\n\t<meta property=\"og:image:type\" content=\"image\/jpeg\" \/>\n<meta name=\"twitter:card\" content=\"summary_large_image\" \/>\n<meta name=\"twitter:site\" content=\"@RooderTec\" \/>\n<script type=\"application\/ld+json\" class=\"yoast-schema-graph\">{\"@context\":\"https:\/\/schema.org\",\"@graph\":[{\"@type\":\"WebPage\",\"@id\":\"https:\/\/www.rooderchina.com\/pt\/produto\/rooder-r803o14-best-chinese-e-scooter-14-inch-tires-60v-38ah\/\",\"url\":\"https:\/\/www.rooderchina.com\/pt\/produto\/rooder-r803o14-best-chinese-e-scooter-14-inch-tires-60v-38ah\/\",\"name\":\"Rooder r803o14 best chinese e scooter 14 inch tires 60v 38ah - Electric Scooters Bikes Citycoco Manufacturer\",\"isPartOf\":{\"@id\":\"https:\/\/www.rooderchina.com\/#website\"},\"datePublished\":\"2023-11-11T10:54:09+00:00\",\"dateModified\":\"2023-11-11T10:54:20+00:00\",\"breadcrumb\":{\"@id\":\"https:\/\/www.rooderchina.com\/pt\/produto\/rooder-r803o14-best-chinese-e-scooter-14-inch-tires-60v-38ah\/#breadcrumb\"},\"inLanguage\":\"de\",\"potentialAction\":[{\"@type\":\"ReadAction\",\"target\":[\"https:\/\/www.rooderchina.com\/pt\/produto\/rooder-r803o14-best-chinese-e-scooter-14-inch-tires-60v-38ah\/\"]}]},{\"@type\":\"BreadcrumbList\",\"@id\":\"https:\/\/www.rooderchina.com\/pt\/produto\/rooder-r803o14-best-chinese-e-scooter-14-inch-tires-60v-38ah\/#breadcrumb\",\"itemListElement\":[{\"@type\":\"ListItem\",\"position\":1,\"name\":\"HOME\",\"item\":\"https:\/\/www.rooderchina.com\/\"},{\"@type\":\"ListItem\",\"position\":2,\"name\":\"Shop\",\"item\":\"https:\/\/www.rooderchina.com\/shop\/\"},{\"@type\":\"ListItem\",\"position\":3,\"name\":\"Rooder r803o14 best chinese e scooter 14 inch tires 60v 38ah\"}]},{\"@type\":\"WebSite\",\"@id\":\"https:\/\/www.rooderchina.com\/#website\",\"url\":\"https:\/\/www.rooderchina.com\/\",\"name\":\"Electric Scooters Bikes Citycoco Manufacturer\",\"description\":\"Rooder Technology Limited\",\"publisher\":{\"@id\":\"https:\/\/www.rooderchina.com\/#organization\"},\"potentialAction\":[{\"@type\":\"SearchAction\",\"target\":{\"@type\":\"EntryPoint\",\"urlTemplate\":\"https:\/\/www.rooderchina.com\/?s={search_term_string}\"},\"query-input\":\"required name=search_term_string\"}],\"inLanguage\":\"de\"},{\"@type\":\"Organization\",\"@id\":\"https:\/\/www.rooderchina.com\/#organization\",\"name\":\"Electric Scooters Bikes Citycoco Manufacturer\",\"url\":\"https:\/\/www.rooderchina.com\/\",\"logo\":{\"@type\":\"ImageObject\",\"inLanguage\":\"de\",\"@id\":\"https:\/\/www.rooderchina.com\/#\/schema\/logo\/image\/\",\"url\":\"https:\/\/www.rooderchina.com\/wp-content\/uploads\/2023\/12\/rooder2.jpg\",\"contentUrl\":\"https:\/\/www.rooderchina.com\/wp-content\/uploads\/2023\/12\/rooder2.jpg\",\"width\":1723,\"height\":1037,\"caption\":\"Electric Scooters Bikes Citycoco Manufacturer\"},\"image\":{\"@id\":\"https:\/\/www.rooderchina.com\/#\/schema\/logo\/image\/\"},\"sameAs\":[\"https:\/\/www.facebook.com\/rooder.tec\",\"https:\/\/twitter.com\/RooderTec\"]}]}<\/script>\n<!-- \/ Yoast SEO plugin. -->","yoast_head_json":{"title":"Rooder r803o14 best chinese e scooter 14 inch tires 60v 38ah - Electric Scooters Bikes Citycoco Manufacturer","robots":{"index":"index","follow":"follow","max-snippet":"max-snippet:-1","max-image-preview":"max-image-preview:large","max-video-preview":"max-video-preview:-1"},"canonical":"https:\/\/www.rooderchina.com\/de\/produto\/rooder-r803o14-best-chinese-e-scooter-14-inch-tires-60v-38ah\/","og_locale":"de_DE","og_type":"article","og_title":"Rooder r803o14 best chinese e scooter 14 inch tires 60v 38ah - Electric Scooters Bikes Citycoco Manufacturer","og_description":"Short Description: Shenzhen Rooder Technology Co.,ltd is a professional electric scooter and other smart device supplier &amp; distributor since 2010. Thanks to our rich experience in electric scooter and electronic industry, we are able to supply competitive price top brand electric scooter and smart devices with shortest lead time. Our Product Line Covering Below: Electric scooter, electric motorcycle and electric bike. We will continuously improve our professionalism and aim to become the leading expert in our industry. This is the philosophy we have valued all along, that is, &#8220;Being Concentrated, Being Professional and Being an Expert&#8221;. We are looking forwarder to establish a win-win business relationship with resellers and distributors all over the world.    Brand: OEM\/ODM\/ROODER   Min.Order Quantity: 10 Piece\/Pieces   Supply Ability: 10000 Piece\/Pieces per Month   Port: Shenzhen   Payment Terms: T\/T, L\/C, D\/A, D\/P","og_url":"https:\/\/www.rooderchina.com\/de\/produto\/rooder-r803o14-best-chinese-e-scooter-14-inch-tires-60v-38ah\/","og_site_name":"Electric Scooters Bikes Citycoco Manufacturer","article_publisher":"https:\/\/www.facebook.com\/rooder.tec","article_modified_time":"2023-11-11T10:54:20+00:00","og_image":[{"width":1000,"height":1000,"url":"https:\/\/www.rooderchina.com\/wp-content\/uploads\/2023\/11\/Rooder-r803o14-best-chinese-e-scooter-14-inch-tires-60v-38ah-1.jpg","type":"image\/jpeg"}],"twitter_card":"summary_large_image","twitter_site":"@RooderTec","schema":{"@context":"https:\/\/schema.org","@graph":[{"@type":"WebPage","@id":"https:\/\/www.rooderchina.com\/pt\/produto\/rooder-r803o14-best-chinese-e-scooter-14-inch-tires-60v-38ah\/","url":"https:\/\/www.rooderchina.com\/pt\/produto\/rooder-r803o14-best-chinese-e-scooter-14-inch-tires-60v-38ah\/","name":"Rooder r803o14 best chinese e scooter 14 inch tires 60v 38ah - Electric Scooters Bikes Citycoco Manufacturer","isPartOf":{"@id":"https:\/\/www.rooderchina.com\/#website"},"datePublished":"2023-11-11T10:54:09+00:00","dateModified":"2023-11-11T10:54:20+00:00","breadcrumb":{"@id":"https:\/\/www.rooderchina.com\/pt\/produto\/rooder-r803o14-best-chinese-e-scooter-14-inch-tires-60v-38ah\/#breadcrumb"},"inLanguage":"de","potentialAction":[{"@type":"ReadAction","target":["https:\/\/www.rooderchina.com\/pt\/produto\/rooder-r803o14-best-chinese-e-scooter-14-inch-tires-60v-38ah\/"]}]},{"@type":"BreadcrumbList","@id":"https:\/\/www.rooderchina.com\/pt\/produto\/rooder-r803o14-best-chinese-e-scooter-14-inch-tires-60v-38ah\/#breadcrumb","itemListElement":[{"@type":"ListItem","position":1,"name":"HOME","item":"https:\/\/www.rooderchina.com\/"},{"@type":"ListItem","position":2,"name":"Shop","item":"https:\/\/www.rooderchina.com\/shop\/"},{"@type":"ListItem","position":3,"name":"Rooder r803o14 best chinese e scooter 14 inch tires 60v 38ah"}]},{"@type":"WebSite","@id":"https:\/\/www.rooderchina.com\/#website","url":"https:\/\/www.rooderchina.com\/","name":"Electric Scooters Bikes Citycoco Manufacturer","description":"Rooder Technology Limited","publisher":{"@id":"https:\/\/www.rooderchina.com\/#organization"},"potentialAction":[{"@type":"SearchAction","target":{"@type":"EntryPoint","urlTemplate":"https:\/\/www.rooderchina.com\/?s={search_term_string}"},"query-input":"required name=search_term_string"}],"inLanguage":"de"},{"@type":"Organization","@id":"https:\/\/www.rooderchina.com\/#organization","name":"Electric Scooters Bikes Citycoco Manufacturer","url":"https:\/\/www.rooderchina.com\/","logo":{"@type":"ImageObject","inLanguage":"de","@id":"https:\/\/www.rooderchina.com\/#\/schema\/logo\/image\/","url":"https:\/\/www.rooderchina.com\/wp-content\/uploads\/2023\/12\/rooder2.jpg","contentUrl":"https:\/\/www.rooderchina.com\/wp-content\/uploads\/2023\/12\/rooder2.jpg","width":1723,"height":1037,"caption":"Electric Scooters Bikes Citycoco Manufacturer"},"image":{"@id":"https:\/\/www.rooderchina.com\/#\/schema\/logo\/image\/"},"sameAs":["https:\/\/www.facebook.com\/rooder.tec","https:\/\/twitter.com\/RooderTec"]}]}},"_links":{"self":[{"href":"https:\/\/www.rooderchina.com\/de\/wp-json\/wp\/v2\/product\/9908","targetHints":{"allow":["GET"]}}],"collection":[{"href":"https:\/\/www.rooderchina.com\/de\/wp-json\/wp\/v2\/product"}],"about":[{"href":"https:\/\/www.rooderchina.com\/de\/wp-json\/wp\/v2\/types\/product"}],"replies":[{"embeddable":true,"href":"https:\/\/www.rooderchina.com\/de\/wp-json\/wp\/v2\/comments?post=9908"}],"version-history":[{"count":1,"href":"https:\/\/www.rooderchina.com\/de\/wp-json\/wp\/v2\/product\/9908\/revisions"}],"predecessor-version":[{"id":9909,"href":"https:\/\/www.rooderchina.com\/de\/wp-json\/wp\/v2\/product\/9908\/revisions\/9909"}],"wp:featuredmedia":[{"embeddable":true,"href":"https:\/\/www.rooderchina.com\/de\/wp-json\/wp\/v2\/media\/9910"}],"wp:attachment":[{"href":"https:\/\/www.rooderchina.com\/de\/wp-json\/wp\/v2\/media?parent=9908"}],"wp:term":[{"taxonomy":"product_brand","embeddable":true,"href":"https:\/\/www.rooderchina.com\/de\/wp-json\/wp\/v2\/product_brand?post=9908"},{"taxonomy":"product_cat","embeddable":true,"href":"https:\/\/www.rooderchina.com\/de\/wp-json\/wp\/v2\/product_cat?post=9908"},{"taxonomy":"product_tag","embeddable":true,"href":"https:\/\/www.rooderchina.com\/de\/wp-json\/wp\/v2\/product_tag?post=9908"}],"curies":[{"name":"wp","href":"https:\/\/api.w.org\/{rel}","templated":true}]}}