{"id":9888,"date":"2023-11-11T18:53:38","date_gmt":"2023-11-11T10:53:38","guid":{"rendered":"http:\/\/www.rooderchina.com\/index.php\/product\/rooder-r803o15b-folding-escooter-72v-8000w-50ah\/"},"modified":"2023-11-20T01:57:41","modified_gmt":"2023-11-19T17:57:41","slug":"rooder-r803o15b-folding-escooter-72v-8000w-50ah","status":"publish","type":"product","link":"https:\/\/www.rooderchina.com\/de\/produkt\/rooder-r803o15b-folding-escooter-72v-8000w-50ah\/","title":{"rendered":"Rooder r803o15b faltbarer escooter 72v 8000w 50ah"},"content":{"rendered":"<table style=\"width: 456px;\" border=\"0\" cellspacing=\"0\" cellpadding=\"0\">\n<colgroup>\n<col width=\"167\" \/>\n<col width=\"289\" \/> <\/colgroup>\n<tbody>\n<tr>\n<td width=\"167\" height=\"19\">Modell<\/td>\n<td width=\"289\">\u00a0<a href=\"https:\/\/www.rooderchina.com\/de\/tag\/r803o15b\/\" title=\"Alle Nachrichten auf r803o15b anzeigen\" target=\"_blank\" rel=\"noopener\">r803o15b<\/a><\/td>\n<\/tr>\n<tr>\n<td height=\"19\">NW<\/td>\n<td>\u00a071kgs<\/td>\n<\/tr>\n<tr>\n<td height=\"19\">Bereifung<\/td>\n<td>\u00a011-Zoll-Reifen, (100\/65-6.5)<\/td>\n<\/tr>\n<tr>\n<td height=\"19\">Maximale Belastung<\/td>\n<td>\u00a0170KG<\/td>\n<\/tr>\n<tr>\n<td height=\"19\">Motor<\/td>\n<td>\u00a072V4KW*2<\/td>\n<\/tr>\n<tr>\n<td height=\"19\">Maximale Geschwindigkeit<\/td>\n<td>\u00a080-90km\/h<\/td>\n<\/tr>\n<tr>\n<td height=\"19\">Controller<\/td>\n<td>\u00a0Doppelcontroller<\/td>\n<\/tr>\n<tr>\n<td height=\"19\">Bremsen<\/td>\n<td>\u00a0Hydraulische \u00d6lbremsen vorne und hinten<\/td>\n<\/tr>\n<tr>\n<td height=\"19\">Sto\u00dfd\u00e4mpfer<\/td>\n<td>\u00a0Federstossd\u00e4mpfer vorne und hinten<\/td>\n<\/tr>\n<tr>\n<td height=\"19\">Lichter<\/td>\n<td>\u00a02St\u00fcck Lichter + Motorradhupen<\/td>\n<\/tr>\n<tr>\n<td height=\"19\">Anzeige<\/td>\n<td>\u00a0LCD-Anzeige, Geschwindigkeit, Batterie und Kilometerstand<\/td>\n<\/tr>\n<tr>\n<td height=\"19\">Ladeger\u00e4t<\/td>\n<td>\u00a04A-Ladeger\u00e4t<\/td>\n<\/tr>\n<tr>\n<td height=\"19\">Steigendes Gef\u00e4lle<\/td>\n<td>\u00a0ca. 60 Grad<\/td>\n<\/tr>\n<tr>\n<td height=\"19\">Wasserdichte Klasse<\/td>\n<td>\u00a0IP54<\/td>\n<\/tr>\n<tr>\n<td height=\"19\">Eingangsspannung des Ladeger\u00e4ts<\/td>\n<td>\u00a0100 - 240V, 50 \/ 60Hz<\/td>\n<\/tr>\n<tr>\n<td height=\"19\">Batterie<\/td>\n<td>\u00a072v50ah Lithium-Batterie<\/td>\n<\/tr>\n<tr>\n<td height=\"19\">Aufladezeit<\/td>\n<td>\u00a06-12,5 Stunden<\/td>\n<\/tr>\n<tr>\n<td height=\"19\">Gr\u00f6\u00dfe der Entfaltung<\/td>\n<td>\u00a0135*74*122cm<\/td>\n<\/tr>\n<tr>\n<td height=\"19\">Gr\u00f6\u00dfe der Faltung<\/td>\n<td>\u00a0140*30*50cm<\/td>\n<\/tr>\n<tr>\n<td height=\"19\">Packungsgr\u00f6\u00dfe<\/td>\n<td>\u00a0161*39.5*60cm<\/td>\n<\/tr>\n<tr>\n<td height=\"19\">GW<\/td>\n<td>\u00a078kgs<\/td>\n<\/tr>\n<\/tbody>\n<\/table>\n<p>&nbsp;<\/p>\n<p>&nbsp;<\/p>\n<p><iframe loading=\"lazy\" title=\"Elektroroller\" src=\"https:\/\/www.youtube.com\/embed\/ZcY7csgdjYE?rel=0&amp;autoplay=0\" height=\"318\" width=\"385\" allowfullscreen=\"\" frameborder=\"0\"><\/iframe><\/p>","protected":false},"excerpt":{"rendered":"<h3>Kurze Beschreibung:<\/h3>\n<p><p>Rooder Technology Co. Ltd. ist ein Unternehmen, das Forschung und Entwicklung, Produktion und Vertrieb vereint. Es hat seinen Sitz in Shenzhen, China. Es besch\u00e4ftigt etwa 150 Mitarbeiter, darunter 20 in Forschung und Entwicklung. Das Hauptgesch\u00e4ftsfeld des Unternehmens ist die Produktion von Elektrorollern, Elektromotorr\u00e4dern und Elektrofahrr\u00e4dern, die als OEM-Produktion f\u00fcr Kunden hergestellt werden k\u00f6nnen und auch deren individuelle Bed\u00fcrfnisse erf\u00fcllen.<\/p>\n<p>Wir sind ein autorisierter Vertreter f\u00fcr einige bekannte Marken. Die Produkte umfassen Elektromotorr\u00e4der, Elektrofahrr\u00e4der, Elektroroller, elektrische Balance-Bikes, elektrische Gokarts, aufblasbare Matratzen, Schwimmbecken und andere Wassersportprodukte. Rooder Technology Co,. Ltd. hat immer die Unternehmenskultur und die Gesch\u00e4ftsphilosophie \"Integrit\u00e4t, Win-Win, Effizienz und Dankbarkeit\" verfolgt und wird den Kunden weltweit stets die besten Produkte und den besten Service bieten und das vertrauensw\u00fcrdigste Cross-Board-Service-Unternehmen f\u00fcr Kunden werden.<\/p>\n<\/p>\n<p><\/p>\n<li><em>Marke: <\/em> OEM\/ODM\/ROODER<\/li>\n<li><em>Mindestbestellmenge: <\/em> 10 St\u00fcck\/St\u00fcck<\/li>\n<li><em>Lieferf\u00e4higkeit: <\/em> 10000 St\u00fcck\/St\u00fcck pro Monat<\/li>\n<li><em>Hafen: <\/em> Shenzhen<\/li>\n<li><em>Zahlungsbedingungen: <\/em> T\/T, L\/C, D\/A, D\/P<\/li>","protected":false},"featured_media":9890,"comment_status":"closed","ping_status":"open","template":"","meta":[],"product_brand":[],"product_cat":[829],"product_tag":[530,873,874,745,875],"class_list":{"0":"post-9888","1":"product","2":"type-product","3":"status-publish","4":"has-post-thumbnail","6":"product_cat-electric-scooters","7":"product_tag-electric-scooter","8":"product_tag-folding-escooter","9":"product_tag-r803o15b","10":"product_tag-rooder","11":"product_tag-rooder-r803o15b","13":"first","14":"instock","15":"featured","16":"product-type-simple"},"yoast_head":"<!-- This site is optimized with the Yoast SEO plugin v21.7 - https:\/\/yoast.com\/wordpress\/plugins\/seo\/ -->\n<title>Rooder r803o15b folding escooter 72v 8000w 50ah - Electric Scooters Bikes Citycoco Manufacturer<\/title>\n<meta name=\"robots\" content=\"index, follow, max-snippet:-1, max-image-preview:large, max-video-preview:-1\" \/>\n<link rel=\"canonical\" href=\"https:\/\/www.rooderchina.com\/de\/produkt\/rooder-r803o15b-folding-escooter-72v-8000w-50ah\/\" \/>\n<meta property=\"og:locale\" content=\"de_DE\" \/>\n<meta property=\"og:type\" content=\"article\" \/>\n<meta property=\"og:title\" content=\"Rooder r803o15b folding escooter 72v 8000w 50ah - Electric Scooters Bikes Citycoco Manufacturer\" \/>\n<meta property=\"og:description\" content=\"Short Description: Rooder Technology Co., Ltd. is a company integrating R&amp;D, production and sales. It&#8217;s located in Shenzhen China. There are about 150 employees, including 20 R&amp;D personnel. The company&#8217;s main business scope is the production of electric scooters, electric motorcycles and electric bicycles, which can realize OEM production for customers and also meet the customized needs of them. We are an authorized agent of some well-known brands. The products involve electric motorcycle, electric bicycles, electric scooters, electric balance bikes, electric go-karts, inflatable mattresses, pools and other water sports products. Rooder Technology Co,. Ltd. has always pursued the corporate culture and business philosophy of &#8221; integrity, win-win, efficiency, and gratitude&#8221;, and will consistently provide global customers with the best products and best services, and become the most trusted cross-board service company for customers.    Brand: OEM\/ODM\/ROODER   Min.Order Quantity: 10 Piece\/Pieces   Supply Ability: 10000 Piece\/Pieces per Month   Port: Shenzhen   Payment Terms: T\/T, L\/C, D\/A, D\/P\" \/>\n<meta property=\"og:url\" content=\"https:\/\/www.rooderchina.com\/de\/produkt\/rooder-r803o15b-folding-escooter-72v-8000w-50ah\/\" \/>\n<meta property=\"og:site_name\" content=\"Electric Scooters Bikes Citycoco Manufacturer\" \/>\n<meta property=\"article:publisher\" content=\"https:\/\/www.facebook.com\/rooder.tec\" \/>\n<meta property=\"article:modified_time\" content=\"2023-11-19T17:57:41+00:00\" \/>\n<meta property=\"og:image\" content=\"https:\/\/www.rooderchina.com\/wp-content\/uploads\/2023\/11\/Rooder-r803o15b-folding-escooter-72v-8000w-50ah-1.jpg\" \/>\n\t<meta property=\"og:image:width\" content=\"1000\" \/>\n\t<meta property=\"og:image:height\" content=\"1000\" \/>\n\t<meta property=\"og:image:type\" content=\"image\/jpeg\" \/>\n<meta name=\"twitter:card\" content=\"summary_large_image\" \/>\n<meta name=\"twitter:site\" content=\"@RooderTec\" \/>\n<script type=\"application\/ld+json\" class=\"yoast-schema-graph\">{\"@context\":\"https:\/\/schema.org\",\"@graph\":[{\"@type\":\"WebPage\",\"@id\":\"https:\/\/www.rooderchina.com\/product\/rooder-r803o15b-folding-escooter-72v-8000w-50ah\/\",\"url\":\"https:\/\/www.rooderchina.com\/product\/rooder-r803o15b-folding-escooter-72v-8000w-50ah\/\",\"name\":\"Rooder r803o15b folding escooter 72v 8000w 50ah - Electric Scooters Bikes Citycoco Manufacturer\",\"isPartOf\":{\"@id\":\"https:\/\/www.rooderchina.com\/#website\"},\"datePublished\":\"2023-11-11T10:53:38+00:00\",\"dateModified\":\"2023-11-19T17:57:41+00:00\",\"breadcrumb\":{\"@id\":\"https:\/\/www.rooderchina.com\/product\/rooder-r803o15b-folding-escooter-72v-8000w-50ah\/#breadcrumb\"},\"inLanguage\":\"de\",\"potentialAction\":[{\"@type\":\"ReadAction\",\"target\":[\"https:\/\/www.rooderchina.com\/product\/rooder-r803o15b-folding-escooter-72v-8000w-50ah\/\"]}]},{\"@type\":\"BreadcrumbList\",\"@id\":\"https:\/\/www.rooderchina.com\/product\/rooder-r803o15b-folding-escooter-72v-8000w-50ah\/#breadcrumb\",\"itemListElement\":[{\"@type\":\"ListItem\",\"position\":1,\"name\":\"HOME\",\"item\":\"https:\/\/www.rooderchina.com\/\"},{\"@type\":\"ListItem\",\"position\":2,\"name\":\"Shop\",\"item\":\"https:\/\/www.rooderchina.com\/shop\/\"},{\"@type\":\"ListItem\",\"position\":3,\"name\":\"Rooder r803o15b folding escooter 72v 8000w 50ah\"}]},{\"@type\":\"WebSite\",\"@id\":\"https:\/\/www.rooderchina.com\/#website\",\"url\":\"https:\/\/www.rooderchina.com\/\",\"name\":\"Electric Scooters Bikes Citycoco Manufacturer\",\"description\":\"Rooder Technology Limited\",\"publisher\":{\"@id\":\"https:\/\/www.rooderchina.com\/#organization\"},\"potentialAction\":[{\"@type\":\"SearchAction\",\"target\":{\"@type\":\"EntryPoint\",\"urlTemplate\":\"https:\/\/www.rooderchina.com\/?s={search_term_string}\"},\"query-input\":\"required name=search_term_string\"}],\"inLanguage\":\"de\"},{\"@type\":\"Organization\",\"@id\":\"https:\/\/www.rooderchina.com\/#organization\",\"name\":\"Electric Scooters Bikes Citycoco Manufacturer\",\"url\":\"https:\/\/www.rooderchina.com\/\",\"logo\":{\"@type\":\"ImageObject\",\"inLanguage\":\"de\",\"@id\":\"https:\/\/www.rooderchina.com\/#\/schema\/logo\/image\/\",\"url\":\"https:\/\/www.rooderchina.com\/wp-content\/uploads\/2023\/12\/rooder2.jpg\",\"contentUrl\":\"https:\/\/www.rooderchina.com\/wp-content\/uploads\/2023\/12\/rooder2.jpg\",\"width\":1723,\"height\":1037,\"caption\":\"Electric Scooters Bikes Citycoco Manufacturer\"},\"image\":{\"@id\":\"https:\/\/www.rooderchina.com\/#\/schema\/logo\/image\/\"},\"sameAs\":[\"https:\/\/www.facebook.com\/rooder.tec\",\"https:\/\/twitter.com\/RooderTec\"]}]}<\/script>\n<!-- \/ Yoast SEO plugin. -->","yoast_head_json":{"title":"Rooder r803o15b folding escooter 72v 8000w 50ah - Electric Scooters Bikes Citycoco Manufacturer","robots":{"index":"index","follow":"follow","max-snippet":"max-snippet:-1","max-image-preview":"max-image-preview:large","max-video-preview":"max-video-preview:-1"},"canonical":"https:\/\/www.rooderchina.com\/de\/produkt\/rooder-r803o15b-folding-escooter-72v-8000w-50ah\/","og_locale":"de_DE","og_type":"article","og_title":"Rooder r803o15b folding escooter 72v 8000w 50ah - Electric Scooters Bikes Citycoco Manufacturer","og_description":"Short Description: Rooder Technology Co., Ltd. is a company integrating R&amp;D, production and sales. It&#8217;s located in Shenzhen China. There are about 150 employees, including 20 R&amp;D personnel. The company&#8217;s main business scope is the production of electric scooters, electric motorcycles and electric bicycles, which can realize OEM production for customers and also meet the customized needs of them. We are an authorized agent of some well-known brands. The products involve electric motorcycle, electric bicycles, electric scooters, electric balance bikes, electric go-karts, inflatable mattresses, pools and other water sports products. Rooder Technology Co,. Ltd. has always pursued the corporate culture and business philosophy of &#8221; integrity, win-win, efficiency, and gratitude&#8221;, and will consistently provide global customers with the best products and best services, and become the most trusted cross-board service company for customers.    Brand: OEM\/ODM\/ROODER   Min.Order Quantity: 10 Piece\/Pieces   Supply Ability: 10000 Piece\/Pieces per Month   Port: Shenzhen   Payment Terms: T\/T, L\/C, D\/A, D\/P","og_url":"https:\/\/www.rooderchina.com\/de\/produkt\/rooder-r803o15b-folding-escooter-72v-8000w-50ah\/","og_site_name":"Electric Scooters Bikes Citycoco Manufacturer","article_publisher":"https:\/\/www.facebook.com\/rooder.tec","article_modified_time":"2023-11-19T17:57:41+00:00","og_image":[{"width":1000,"height":1000,"url":"https:\/\/www.rooderchina.com\/wp-content\/uploads\/2023\/11\/Rooder-r803o15b-folding-escooter-72v-8000w-50ah-1.jpg","type":"image\/jpeg"}],"twitter_card":"summary_large_image","twitter_site":"@RooderTec","schema":{"@context":"https:\/\/schema.org","@graph":[{"@type":"WebPage","@id":"https:\/\/www.rooderchina.com\/product\/rooder-r803o15b-folding-escooter-72v-8000w-50ah\/","url":"https:\/\/www.rooderchina.com\/product\/rooder-r803o15b-folding-escooter-72v-8000w-50ah\/","name":"Rooder r803o15b folding escooter 72v 8000w 50ah - Electric Scooters Bikes Citycoco Manufacturer","isPartOf":{"@id":"https:\/\/www.rooderchina.com\/#website"},"datePublished":"2023-11-11T10:53:38+00:00","dateModified":"2023-11-19T17:57:41+00:00","breadcrumb":{"@id":"https:\/\/www.rooderchina.com\/product\/rooder-r803o15b-folding-escooter-72v-8000w-50ah\/#breadcrumb"},"inLanguage":"de","potentialAction":[{"@type":"ReadAction","target":["https:\/\/www.rooderchina.com\/product\/rooder-r803o15b-folding-escooter-72v-8000w-50ah\/"]}]},{"@type":"BreadcrumbList","@id":"https:\/\/www.rooderchina.com\/product\/rooder-r803o15b-folding-escooter-72v-8000w-50ah\/#breadcrumb","itemListElement":[{"@type":"ListItem","position":1,"name":"HOME","item":"https:\/\/www.rooderchina.com\/"},{"@type":"ListItem","position":2,"name":"Shop","item":"https:\/\/www.rooderchina.com\/shop\/"},{"@type":"ListItem","position":3,"name":"Rooder r803o15b folding escooter 72v 8000w 50ah"}]},{"@type":"WebSite","@id":"https:\/\/www.rooderchina.com\/#website","url":"https:\/\/www.rooderchina.com\/","name":"Electric Scooters Bikes Citycoco Manufacturer","description":"Rooder Technology Limited","publisher":{"@id":"https:\/\/www.rooderchina.com\/#organization"},"potentialAction":[{"@type":"SearchAction","target":{"@type":"EntryPoint","urlTemplate":"https:\/\/www.rooderchina.com\/?s={search_term_string}"},"query-input":"required name=search_term_string"}],"inLanguage":"de"},{"@type":"Organization","@id":"https:\/\/www.rooderchina.com\/#organization","name":"Electric Scooters Bikes Citycoco Manufacturer","url":"https:\/\/www.rooderchina.com\/","logo":{"@type":"ImageObject","inLanguage":"de","@id":"https:\/\/www.rooderchina.com\/#\/schema\/logo\/image\/","url":"https:\/\/www.rooderchina.com\/wp-content\/uploads\/2023\/12\/rooder2.jpg","contentUrl":"https:\/\/www.rooderchina.com\/wp-content\/uploads\/2023\/12\/rooder2.jpg","width":1723,"height":1037,"caption":"Electric Scooters Bikes Citycoco Manufacturer"},"image":{"@id":"https:\/\/www.rooderchina.com\/#\/schema\/logo\/image\/"},"sameAs":["https:\/\/www.facebook.com\/rooder.tec","https:\/\/twitter.com\/RooderTec"]}]}},"_links":{"self":[{"href":"https:\/\/www.rooderchina.com\/de\/wp-json\/wp\/v2\/product\/9888","targetHints":{"allow":["GET"]}}],"collection":[{"href":"https:\/\/www.rooderchina.com\/de\/wp-json\/wp\/v2\/product"}],"about":[{"href":"https:\/\/www.rooderchina.com\/de\/wp-json\/wp\/v2\/types\/product"}],"replies":[{"embeddable":true,"href":"https:\/\/www.rooderchina.com\/de\/wp-json\/wp\/v2\/comments?post=9888"}],"version-history":[{"count":1,"href":"https:\/\/www.rooderchina.com\/de\/wp-json\/wp\/v2\/product\/9888\/revisions"}],"predecessor-version":[{"id":9889,"href":"https:\/\/www.rooderchina.com\/de\/wp-json\/wp\/v2\/product\/9888\/revisions\/9889"}],"wp:featuredmedia":[{"embeddable":true,"href":"https:\/\/www.rooderchina.com\/de\/wp-json\/wp\/v2\/media\/9890"}],"wp:attachment":[{"href":"https:\/\/www.rooderchina.com\/de\/wp-json\/wp\/v2\/media?parent=9888"}],"wp:term":[{"taxonomy":"product_brand","embeddable":true,"href":"https:\/\/www.rooderchina.com\/de\/wp-json\/wp\/v2\/product_brand?post=9888"},{"taxonomy":"product_cat","embeddable":true,"href":"https:\/\/www.rooderchina.com\/de\/wp-json\/wp\/v2\/product_cat?post=9888"},{"taxonomy":"product_tag","embeddable":true,"href":"https:\/\/www.rooderchina.com\/de\/wp-json\/wp\/v2\/product_tag?post=9888"}],"curies":[{"name":"wp","href":"https:\/\/api.w.org\/{rel}","templated":true}]}}