{"id":9875,"date":"2023-11-11T18:53:38","date_gmt":"2023-11-11T10:53:38","guid":{"rendered":"http:\/\/www.rooderchina.com\/index.php\/product\/rooder-r803o16-largest-e-scooter-companies-13-inch-60v-50ah\/"},"modified":"2023-11-20T01:57:43","modified_gmt":"2023-11-19T17:57:43","slug":"rooder-r803o16-largest-e-scooter-companies-13-inch-60v-50ah","status":"publish","type":"product","link":"https:\/\/www.rooderchina.com\/de\/produkt\/rooder-r803o16-largest-e-scooter-companies-13-inch-60v-50ah\/","title":{"rendered":"Rooder r803o16 gr\u00f6\u00dfte E-Scooter Unternehmen 13 Zoll 60v 50ah"},"content":{"rendered":"<table style=\"width: 440px;\" border=\"0\" cellspacing=\"0\" cellpadding=\"0\">\n<colgroup>\n<col width=\"162\" \/>\n<col width=\"278\" \/> <\/colgroup>\n<tbody>\n<tr>\n<td width=\"162\" height=\"19\">Modell<\/td>\n<td width=\"278\">\u00a0<a href=\"https:\/\/www.rooderchina.com\/de\/tag\/r803o16\/\" title=\"Alle Nachrichten auf r803o16 anzeigen\" target=\"_blank\" rel=\"noopener\">r803o16<\/a><\/td>\n<\/tr>\n<tr>\n<td height=\"19\">NW<\/td>\n<td>\u00a062kgs<\/td>\n<\/tr>\n<tr>\n<td height=\"19\">Bereifung<\/td>\n<td>\u00a013-Zoll-Reifen, (13*5.00-6.5)<\/td>\n<\/tr>\n<tr>\n<td height=\"19\">Maximale Belastung<\/td>\n<td>\u00a0170KG<\/td>\n<\/tr>\n<tr>\n<td height=\"19\">Motor<\/td>\n<td>\u00a060V3.5KW*2<\/td>\n<\/tr>\n<tr>\n<td height=\"19\">Maximale Geschwindigkeit<\/td>\n<td>\u00a080-90km\/h<\/td>\n<\/tr>\n<tr>\n<td height=\"19\">Controller<\/td>\n<td>\u00a0Doppelcontroller<\/td>\n<\/tr>\n<tr>\n<td height=\"19\">Bremsen<\/td>\n<td>\u00a0Hydraulische \u00d6lbremsen vorne und hinten<\/td>\n<\/tr>\n<tr>\n<td height=\"19\">Sto\u00dfd\u00e4mpfer<\/td>\n<td>\u00a0Federstossd\u00e4mpfer vorne und hinten<\/td>\n<\/tr>\n<tr>\n<td height=\"19\">Lichter<\/td>\n<td>\u00a02St\u00fcck Lichter + Motorradhupen<\/td>\n<\/tr>\n<tr>\n<td height=\"19\">Anzeige<\/td>\n<td>\u00a0LCD-Anzeige, Geschwindigkeit, Batterie und Kilometerstand<\/td>\n<\/tr>\n<tr>\n<td height=\"19\">Ladeger\u00e4t<\/td>\n<td>\u00a04A-Ladeger\u00e4t<\/td>\n<\/tr>\n<tr>\n<td height=\"19\">Steigendes Gef\u00e4lle<\/td>\n<td>\u00a0ca. 55 Grad<\/td>\n<\/tr>\n<tr>\n<td height=\"19\">Wasserdichte Klasse<\/td>\n<td>\u00a0IP54<\/td>\n<\/tr>\n<tr>\n<td height=\"19\">Eingangsspannung des Ladeger\u00e4ts<\/td>\n<td>\u00a0100 - 240V, 50 \/ 60Hz<\/td>\n<\/tr>\n<tr>\n<td height=\"19\">Batterie<\/td>\n<td>\u00a060v50ah Lithium-Batterie<\/td>\n<\/tr>\n<tr>\n<td height=\"19\">Aufladezeit<\/td>\n<td>\u00a06-12,5 Stunden<\/td>\n<\/tr>\n<tr>\n<td height=\"19\">Gr\u00f6\u00dfe der Entfaltung<\/td>\n<td>\u00a0134*74*140cm<\/td>\n<\/tr>\n<tr>\n<td height=\"19\">Gr\u00f6\u00dfe der Faltung<\/td>\n<td>\u00a0141*30*52cm<\/td>\n<\/tr>\n<tr>\n<td height=\"19\">Packungsgr\u00f6\u00dfe<\/td>\n<td>\u00a0148*37*58cm<\/td>\n<\/tr>\n<tr>\n<td height=\"19\">GW<\/td>\n<td>\u00a072kgs<\/td>\n<\/tr>\n<\/tbody>\n<\/table>\n<p>&nbsp;<\/p>\n<p>&nbsp;<\/p>\n<p><iframe loading=\"lazy\" title=\"Elektroroller\" src=\"https:\/\/www.youtube.com\/embed\/xR4OLvz-7eg?rel=0&amp;autoplay=0\" height=\"318\" width=\"385\" allowfullscreen=\"\" frameborder=\"0\"><\/iframe><\/p>","protected":false},"excerpt":{"rendered":"<h3>Kurze Beschreibung:<\/h3>\n<p><p>Wir verf\u00fcgen \u00fcber ein engagiertes Designteam, ein Ingenieurteam, ein Produktionsteam und ein Serviceteam, die bei der Auswahl der Komponenten, der Inspektion, der Montage, der Inbetriebnahme und der Verpackung strenge Qualit\u00e4tsmanagementstandards einhalten, um die hervorragende Qualit\u00e4t unserer Produkte, die p\u00fcnktliche Lieferung und \u00e4u\u00dferst wettbewerbsf\u00e4hige Preise zu gew\u00e4hrleisten. Wir bringen alle 3 Monate neue Produkte auf den Markt, die \u00fcber einzigartige Designs und Patente verf\u00fcgen und in Bezug auf Aussehen, Funktion und Details perfektioniert sind.<\/p>\n<p>Mit den entsprechenden Zertifizierungen wie CE, UL, KC und Rohs werden unsere Produkte in mehr als 50 L\u00e4nder und regionale M\u00e4rkte in Nordamerika, Europa, Australien, Japan, Korea, Neuseeland, S\u00fcdamerika und dem Nahen Osten exportiert. Wir freuen uns darauf, eine langfristige Gesch\u00e4ftsbeziehung mit Ihnen aufzubauen. Wenn Sie sich f\u00fcr eines unserer Produkte interessieren, nehmen Sie bitte Kontakt mit uns auf! Wir freuen uns, wenn Sie sich uns f\u00fcr alle OEM- und ODM-Projekte anschlie\u00dfen.<\/p>\n<\/p>\n<p><\/p>\n<li><em>Marke: <\/em> OEM\/ODM\/ROODER<\/li>\n<li><em>Mindestbestellmenge: <\/em> 10 St\u00fcck\/St\u00fcck<\/li>\n<li><em>Lieferf\u00e4higkeit: <\/em> 10000 St\u00fcck\/St\u00fcck pro Monat<\/li>\n<li><em>Hafen: <\/em> Shenzhen<\/li>\n<li><em>Zahlungsbedingungen: <\/em> T\/T, L\/C, D\/A, D\/P<\/li>","protected":false},"featured_media":9877,"comment_status":"closed","ping_status":"open","template":"","meta":[],"product_brand":[],"product_cat":[829],"product_tag":[530,870,871,745,872],"class_list":{"0":"post-9875","1":"product","2":"type-product","3":"status-publish","4":"has-post-thumbnail","6":"product_cat-electric-scooters","7":"product_tag-electric-scooter","8":"product_tag-largest-e-scooter-companies","9":"product_tag-r803o16","10":"product_tag-rooder","11":"product_tag-rooder-r803o16","13":"first","14":"instock","15":"featured","16":"product-type-simple"},"yoast_head":"<!-- This site is optimized with the Yoast SEO plugin v21.7 - https:\/\/yoast.com\/wordpress\/plugins\/seo\/ -->\n<title>Rooder r803o16 largest e scooter companies 13 inch 60v 50ah - Electric Scooters Bikes Citycoco Manufacturer<\/title>\n<meta name=\"robots\" content=\"index, follow, max-snippet:-1, max-image-preview:large, max-video-preview:-1\" \/>\n<link rel=\"canonical\" href=\"https:\/\/www.rooderchina.com\/de\/produkt\/rooder-r803o16-largest-e-scooter-companies-13-inch-60v-50ah\/\" \/>\n<meta property=\"og:locale\" content=\"de_DE\" \/>\n<meta property=\"og:type\" content=\"article\" \/>\n<meta property=\"og:title\" content=\"Rooder r803o16 largest e scooter companies 13 inch 60v 50ah - Electric Scooters Bikes Citycoco Manufacturer\" \/>\n<meta property=\"og:description\" content=\"Short Description: We have a dedicated design team, engineer team, production team and service team to execute strict quality management standards in every aspect of component selection, inspection, assembly, commissioning and packaging to ensure the excellent quality of our products, on-time delivery and highly competitive prices. We release our original designed new products every 3 months, which have unique designs and patents and are perfected in terms of appearance, function and details. With the relevant certifications such as CE, UL, KC and Rohs, our products are exported to more than 50 country and regional markets in North America, Europe, Australia, Japan, Korea, New Zealand, South America and the Middle East. We look forward to developing a long-term business relationship with you. Feel free to contact us if you are interested in any of our products! We welcome you to join us for all OEM and ODM projects.    Brand: OEM\/ODM\/ROODER   Min.Order Quantity: 10 Piece\/Pieces   Supply Ability: 10000 Piece\/Pieces per Month   Port: Shenzhen   Payment Terms: T\/T, L\/C, D\/A, D\/P\" \/>\n<meta property=\"og:url\" content=\"https:\/\/www.rooderchina.com\/de\/produkt\/rooder-r803o16-largest-e-scooter-companies-13-inch-60v-50ah\/\" \/>\n<meta property=\"og:site_name\" content=\"Electric Scooters Bikes Citycoco Manufacturer\" \/>\n<meta property=\"article:publisher\" content=\"https:\/\/www.facebook.com\/rooder.tec\" \/>\n<meta property=\"article:modified_time\" content=\"2023-11-19T17:57:43+00:00\" \/>\n<meta property=\"og:image\" content=\"https:\/\/www.rooderchina.com\/wp-content\/uploads\/2023\/11\/Rooder-r803o16-largest-e-scooter-companies-13-inch-60v-50ah-1.jpg\" \/>\n\t<meta property=\"og:image:width\" content=\"1000\" \/>\n\t<meta property=\"og:image:height\" content=\"1000\" \/>\n\t<meta property=\"og:image:type\" content=\"image\/jpeg\" \/>\n<meta name=\"twitter:card\" content=\"summary_large_image\" \/>\n<meta name=\"twitter:site\" content=\"@RooderTec\" \/>\n<script type=\"application\/ld+json\" class=\"yoast-schema-graph\">{\"@context\":\"https:\/\/schema.org\",\"@graph\":[{\"@type\":\"WebPage\",\"@id\":\"https:\/\/www.rooderchina.com\/product\/rooder-r803o16-largest-e-scooter-companies-13-inch-60v-50ah\/\",\"url\":\"https:\/\/www.rooderchina.com\/product\/rooder-r803o16-largest-e-scooter-companies-13-inch-60v-50ah\/\",\"name\":\"Rooder r803o16 largest e scooter companies 13 inch 60v 50ah - Electric Scooters Bikes Citycoco Manufacturer\",\"isPartOf\":{\"@id\":\"https:\/\/www.rooderchina.com\/#website\"},\"datePublished\":\"2023-11-11T10:53:38+00:00\",\"dateModified\":\"2023-11-19T17:57:43+00:00\",\"breadcrumb\":{\"@id\":\"https:\/\/www.rooderchina.com\/product\/rooder-r803o16-largest-e-scooter-companies-13-inch-60v-50ah\/#breadcrumb\"},\"inLanguage\":\"de\",\"potentialAction\":[{\"@type\":\"ReadAction\",\"target\":[\"https:\/\/www.rooderchina.com\/product\/rooder-r803o16-largest-e-scooter-companies-13-inch-60v-50ah\/\"]}]},{\"@type\":\"BreadcrumbList\",\"@id\":\"https:\/\/www.rooderchina.com\/product\/rooder-r803o16-largest-e-scooter-companies-13-inch-60v-50ah\/#breadcrumb\",\"itemListElement\":[{\"@type\":\"ListItem\",\"position\":1,\"name\":\"HOME\",\"item\":\"https:\/\/www.rooderchina.com\/\"},{\"@type\":\"ListItem\",\"position\":2,\"name\":\"Shop\",\"item\":\"https:\/\/www.rooderchina.com\/shop\/\"},{\"@type\":\"ListItem\",\"position\":3,\"name\":\"Rooder r803o16 largest e scooter companies 13 inch 60v 50ah\"}]},{\"@type\":\"WebSite\",\"@id\":\"https:\/\/www.rooderchina.com\/#website\",\"url\":\"https:\/\/www.rooderchina.com\/\",\"name\":\"Electric Scooters Bikes Citycoco Manufacturer\",\"description\":\"Rooder Technology Limited\",\"publisher\":{\"@id\":\"https:\/\/www.rooderchina.com\/#organization\"},\"potentialAction\":[{\"@type\":\"SearchAction\",\"target\":{\"@type\":\"EntryPoint\",\"urlTemplate\":\"https:\/\/www.rooderchina.com\/?s={search_term_string}\"},\"query-input\":\"required name=search_term_string\"}],\"inLanguage\":\"de\"},{\"@type\":\"Organization\",\"@id\":\"https:\/\/www.rooderchina.com\/#organization\",\"name\":\"Electric Scooters Bikes Citycoco Manufacturer\",\"url\":\"https:\/\/www.rooderchina.com\/\",\"logo\":{\"@type\":\"ImageObject\",\"inLanguage\":\"de\",\"@id\":\"https:\/\/www.rooderchina.com\/#\/schema\/logo\/image\/\",\"url\":\"https:\/\/www.rooderchina.com\/wp-content\/uploads\/2023\/12\/rooder2.jpg\",\"contentUrl\":\"https:\/\/www.rooderchina.com\/wp-content\/uploads\/2023\/12\/rooder2.jpg\",\"width\":1723,\"height\":1037,\"caption\":\"Electric Scooters Bikes Citycoco Manufacturer\"},\"image\":{\"@id\":\"https:\/\/www.rooderchina.com\/#\/schema\/logo\/image\/\"},\"sameAs\":[\"https:\/\/www.facebook.com\/rooder.tec\",\"https:\/\/twitter.com\/RooderTec\"]}]}<\/script>\n<!-- \/ Yoast SEO plugin. -->","yoast_head_json":{"title":"Rooder r803o16 largest e scooter companies 13 inch 60v 50ah - Electric Scooters Bikes Citycoco Manufacturer","robots":{"index":"index","follow":"follow","max-snippet":"max-snippet:-1","max-image-preview":"max-image-preview:large","max-video-preview":"max-video-preview:-1"},"canonical":"https:\/\/www.rooderchina.com\/de\/produkt\/rooder-r803o16-largest-e-scooter-companies-13-inch-60v-50ah\/","og_locale":"de_DE","og_type":"article","og_title":"Rooder r803o16 largest e scooter companies 13 inch 60v 50ah - Electric Scooters Bikes Citycoco Manufacturer","og_description":"Short Description: We have a dedicated design team, engineer team, production team and service team to execute strict quality management standards in every aspect of component selection, inspection, assembly, commissioning and packaging to ensure the excellent quality of our products, on-time delivery and highly competitive prices. We release our original designed new products every 3 months, which have unique designs and patents and are perfected in terms of appearance, function and details. With the relevant certifications such as CE, UL, KC and Rohs, our products are exported to more than 50 country and regional markets in North America, Europe, Australia, Japan, Korea, New Zealand, South America and the Middle East. We look forward to developing a long-term business relationship with you. Feel free to contact us if you are interested in any of our products! We welcome you to join us for all OEM and ODM projects.    Brand: OEM\/ODM\/ROODER   Min.Order Quantity: 10 Piece\/Pieces   Supply Ability: 10000 Piece\/Pieces per Month   Port: Shenzhen   Payment Terms: T\/T, L\/C, D\/A, D\/P","og_url":"https:\/\/www.rooderchina.com\/de\/produkt\/rooder-r803o16-largest-e-scooter-companies-13-inch-60v-50ah\/","og_site_name":"Electric Scooters Bikes Citycoco Manufacturer","article_publisher":"https:\/\/www.facebook.com\/rooder.tec","article_modified_time":"2023-11-19T17:57:43+00:00","og_image":[{"width":1000,"height":1000,"url":"https:\/\/www.rooderchina.com\/wp-content\/uploads\/2023\/11\/Rooder-r803o16-largest-e-scooter-companies-13-inch-60v-50ah-1.jpg","type":"image\/jpeg"}],"twitter_card":"summary_large_image","twitter_site":"@RooderTec","schema":{"@context":"https:\/\/schema.org","@graph":[{"@type":"WebPage","@id":"https:\/\/www.rooderchina.com\/product\/rooder-r803o16-largest-e-scooter-companies-13-inch-60v-50ah\/","url":"https:\/\/www.rooderchina.com\/product\/rooder-r803o16-largest-e-scooter-companies-13-inch-60v-50ah\/","name":"Rooder r803o16 largest e scooter companies 13 inch 60v 50ah - Electric Scooters Bikes Citycoco Manufacturer","isPartOf":{"@id":"https:\/\/www.rooderchina.com\/#website"},"datePublished":"2023-11-11T10:53:38+00:00","dateModified":"2023-11-19T17:57:43+00:00","breadcrumb":{"@id":"https:\/\/www.rooderchina.com\/product\/rooder-r803o16-largest-e-scooter-companies-13-inch-60v-50ah\/#breadcrumb"},"inLanguage":"de","potentialAction":[{"@type":"ReadAction","target":["https:\/\/www.rooderchina.com\/product\/rooder-r803o16-largest-e-scooter-companies-13-inch-60v-50ah\/"]}]},{"@type":"BreadcrumbList","@id":"https:\/\/www.rooderchina.com\/product\/rooder-r803o16-largest-e-scooter-companies-13-inch-60v-50ah\/#breadcrumb","itemListElement":[{"@type":"ListItem","position":1,"name":"HOME","item":"https:\/\/www.rooderchina.com\/"},{"@type":"ListItem","position":2,"name":"Shop","item":"https:\/\/www.rooderchina.com\/shop\/"},{"@type":"ListItem","position":3,"name":"Rooder r803o16 largest e scooter companies 13 inch 60v 50ah"}]},{"@type":"WebSite","@id":"https:\/\/www.rooderchina.com\/#website","url":"https:\/\/www.rooderchina.com\/","name":"Electric Scooters Bikes Citycoco Manufacturer","description":"Rooder Technology Limited","publisher":{"@id":"https:\/\/www.rooderchina.com\/#organization"},"potentialAction":[{"@type":"SearchAction","target":{"@type":"EntryPoint","urlTemplate":"https:\/\/www.rooderchina.com\/?s={search_term_string}"},"query-input":"required name=search_term_string"}],"inLanguage":"de"},{"@type":"Organization","@id":"https:\/\/www.rooderchina.com\/#organization","name":"Electric Scooters Bikes Citycoco Manufacturer","url":"https:\/\/www.rooderchina.com\/","logo":{"@type":"ImageObject","inLanguage":"de","@id":"https:\/\/www.rooderchina.com\/#\/schema\/logo\/image\/","url":"https:\/\/www.rooderchina.com\/wp-content\/uploads\/2023\/12\/rooder2.jpg","contentUrl":"https:\/\/www.rooderchina.com\/wp-content\/uploads\/2023\/12\/rooder2.jpg","width":1723,"height":1037,"caption":"Electric Scooters Bikes Citycoco Manufacturer"},"image":{"@id":"https:\/\/www.rooderchina.com\/#\/schema\/logo\/image\/"},"sameAs":["https:\/\/www.facebook.com\/rooder.tec","https:\/\/twitter.com\/RooderTec"]}]}},"_links":{"self":[{"href":"https:\/\/www.rooderchina.com\/de\/wp-json\/wp\/v2\/product\/9875","targetHints":{"allow":["GET"]}}],"collection":[{"href":"https:\/\/www.rooderchina.com\/de\/wp-json\/wp\/v2\/product"}],"about":[{"href":"https:\/\/www.rooderchina.com\/de\/wp-json\/wp\/v2\/types\/product"}],"replies":[{"embeddable":true,"href":"https:\/\/www.rooderchina.com\/de\/wp-json\/wp\/v2\/comments?post=9875"}],"version-history":[{"count":1,"href":"https:\/\/www.rooderchina.com\/de\/wp-json\/wp\/v2\/product\/9875\/revisions"}],"predecessor-version":[{"id":9876,"href":"https:\/\/www.rooderchina.com\/de\/wp-json\/wp\/v2\/product\/9875\/revisions\/9876"}],"wp:featuredmedia":[{"embeddable":true,"href":"https:\/\/www.rooderchina.com\/de\/wp-json\/wp\/v2\/media\/9877"}],"wp:attachment":[{"href":"https:\/\/www.rooderchina.com\/de\/wp-json\/wp\/v2\/media?parent=9875"}],"wp:term":[{"taxonomy":"product_brand","embeddable":true,"href":"https:\/\/www.rooderchina.com\/de\/wp-json\/wp\/v2\/product_brand?post=9875"},{"taxonomy":"product_cat","embeddable":true,"href":"https:\/\/www.rooderchina.com\/de\/wp-json\/wp\/v2\/product_cat?post=9875"},{"taxonomy":"product_tag","embeddable":true,"href":"https:\/\/www.rooderchina.com\/de\/wp-json\/wp\/v2\/product_tag?post=9875"}],"curies":[{"name":"wp","href":"https:\/\/api.w.org\/{rel}","templated":true}]}}