{"id":9831,"date":"2023-11-11T18:50:34","date_gmt":"2023-11-11T10:50:34","guid":{"rendered":"http:\/\/www.rooderchina.com\/index.php\/product\/rooder-xs09-best-electric-scooter-10000w-belt-motor-110km-h\/"},"modified":"2023-12-15T18:53:20","modified_gmt":"2023-12-15T10:53:20","slug":"rooder-xs09-best-electric-scooter-10000w-belt-motor-110km-h","status":"publish","type":"product","link":"https:\/\/www.rooderchina.com\/de\/produkt\/rooder-xs09-best-electric-scooter-10000w-belt-motor-110km-h\/","title":{"rendered":"Rooder xs09 bester Elektroroller 10000w Riemenmotor 110km\/h"},"content":{"rendered":"<table style=\"width: 424px;\" border=\"0\" cellspacing=\"0\" cellpadding=\"0\">\n<colgroup>\n<col width=\"149\" \/>\n<col width=\"275\" \/> <\/colgroup>\n<tbody>\n<tr>\n<td width=\"149\" height=\"19\">Modell<\/td>\n<td width=\"275\">\u00a0e-Cruiser <a href=\"https:\/\/www.rooderchina.com\/de\/tag\/xs09\/\" title=\"Alle Nachrichten auf xs09 anzeigen\" target=\"_blank\" rel=\"noopener\">xs09<\/a><\/td>\n<\/tr>\n<tr>\n<td height=\"19\">NW<\/td>\n<td>\u00a058kgs<\/td>\n<\/tr>\n<tr>\n<td height=\"19\">Bereifung<\/td>\n<td>11-Zoll-Reifen, (90\/65-6.5)<\/td>\n<\/tr>\n<tr>\n<td height=\"19\">Maximale Belastung<\/td>\n<td>170KG<\/td>\n<\/tr>\n<tr>\n<td height=\"19\">Motor<\/td>\n<td>\u00a072V10000w<\/td>\n<\/tr>\n<tr>\n<td height=\"19\">Maximale Geschwindigkeit<\/td>\n<td>100-110km\/h<\/td>\n<\/tr>\n<tr>\n<td height=\"19\">Bremsen<\/td>\n<td>\u00a0Hydraulische \u00d6lbremsen vorne und hinten<\/td>\n<\/tr>\n<tr>\n<td height=\"19\">Sto\u00dfd\u00e4mpfer<\/td>\n<td>\u00a0Federstossd\u00e4mpfer vorne und hinten<\/td>\n<\/tr>\n<tr>\n<td height=\"19\">Lichter<\/td>\n<td>\u00a02St\u00fcck Lichter + Motorradhupen<\/td>\n<\/tr>\n<tr>\n<td height=\"19\">Anzeige<\/td>\n<td>\u00a0LCD Display, Geschwindigkeit, Batterie und Kilometerstand<\/td>\n<\/tr>\n<tr>\n<td height=\"19\">Ladeger\u00e4t<\/td>\n<td>\u00a084v5A Ladeger\u00e4t<\/td>\n<\/tr>\n<tr>\n<td height=\"19\">Steigendes Gef\u00e4lle<\/td>\n<td>\u00a0ca. 25 Grad<\/td>\n<\/tr>\n<tr>\n<td height=\"19\">Wasserdichte Klasse<\/td>\n<td>\u00a0IP54<\/td>\n<\/tr>\n<tr>\n<td height=\"19\">Eingangsspannung des Ladeger\u00e4ts<\/td>\n<td>\u00a0100 - 240V, 50 \/ 60Hz<\/td>\n<\/tr>\n<tr>\n<td height=\"19\">Batterie<\/td>\n<td>\u00a072v40ah Lithium-Batterie<\/td>\n<\/tr>\n<tr>\n<td height=\"19\">Aufladezeit<\/td>\n<td>\u00a06-8 Stunden<\/td>\n<\/tr>\n<tr>\n<td height=\"19\">Gr\u00f6\u00dfe der Entfaltung<\/td>\n<td>\u00a0150*69*125cm<\/td>\n<\/tr>\n<tr>\n<td height=\"19\">Packungsgr\u00f6\u00dfe<\/td>\n<td>\u00a0153*37*58cm<\/td>\n<\/tr>\n<tr>\n<td height=\"19\">GW<\/td>\n<td>\u00a062kgs<\/td>\n<\/tr>\n<tr>\n<td height=\"19\">Option<\/td>\n<td>\u00a0LED-LOGO<\/td>\n<\/tr>\n<\/tbody>\n<\/table>\n<p>&nbsp;<\/p>\n<p>&nbsp;<\/p>\n<p><iframe loading=\"lazy\" title=\"Elektroroller\" src=\"https:\/\/www.youtube.com\/embed\/ZSSNQ3rzfUc?rel=0&amp;autoplay=0\" height=\"318\" width=\"385\" allowfullscreen=\"\" frameborder=\"0\"><\/iframe><\/p>","protected":false},"excerpt":{"rendered":"<h3>Kurze Beschreibung:<\/h3>\n<p><p>Rooder Technology Co. Ltd. wurde im September 2010 gegr\u00fcndet und ist auf die Herstellung von Elektrorollern und Elektrofahrr\u00e4dern spezialisiert. Es hat 50 Mitarbeiter. Es bietet ma\u00dfgeschneiderte Produkte f\u00fcr viele Amazon-Lieferanten, AliExpress, eBay, Alibaba-Lieferanten, Au\u00dfenhandelsunternehmen, Elektroroller-Gro\u00dfhandel und Fabriken und unterst\u00fctzt die Entwicklung und das Design von OEM\/ODM\/OBM. Billigkeit Unsere Kunden kommen aus der ganzen Welt, wie z.B. Nordamerika, der Europ\u00e4ischen Union, Australien und Kanada.<\/p>\n<p>Wir verf\u00fcgen \u00fcber ein hochwertiges Forschungs- und Entwicklungsteam. Wir verf\u00fcgen \u00fcber ein hochwertiges Forschungs- und Entwicklungsteam, das alle sechs Monate ein neues Produkt auf den Markt bringt. Wir k\u00f6nnen entsprechend den Kundenanforderungen aktualisieren. Wir haben die ISO9001-Zertifizierung f\u00fcr das Qualit\u00e4tsmanagementsystem und die BSCI-Fabrikzertifizierung erhalten, und unsere Produkte haben die CE-, RoHS- und FCC-Zertifizierung erhalten. Wir arbeiten weiterhin mit in- und ausl\u00e4ndischen Partnern zusammen, um den Einfluss unserer Marke zu st\u00e4rken. Wir freuen uns darauf, eine langfristige Gesch\u00e4ftsbeziehung mit Ihnen aufzubauen. Wenn Sie an einem Produkt interessiert sind, nehmen Sie bitte Kontakt mit uns auf!<\/p>\n<\/p>\n<p><\/p>\n<li><em>Marke: <\/em> OEM\/ODM\/ROODER<\/li>\n<li><em>Mindestbestellmenge: <\/em> 10 St\u00fcck\/St\u00fcck<\/li>\n<li><em>Lieferf\u00e4higkeit: <\/em> 10000 St\u00fcck\/St\u00fcck pro Monat<\/li>\n<li><em>Hafen: <\/em> Shenzhen<\/li>\n<li><em>Zahlungsbedingungen: <\/em> T\/T, L\/C, D\/A, D\/P<\/li>","protected":false},"featured_media":9833,"comment_status":"closed","ping_status":"open","template":"","meta":[],"product_brand":[],"product_cat":[829],"product_tag":[861,530,745,862,863],"class_list":{"0":"post-9831","1":"product","2":"type-product","3":"status-publish","4":"has-post-thumbnail","6":"product_cat-electric-scooters","7":"product_tag-best-electric-scooter","8":"product_tag-electric-scooter","9":"product_tag-rooder","10":"product_tag-rooder-xs09","11":"product_tag-xs09","13":"first","14":"instock","15":"product-type-simple"},"yoast_head":"<!-- This site is optimized with the Yoast SEO plugin v21.7 - https:\/\/yoast.com\/wordpress\/plugins\/seo\/ -->\n<title>Rooder xs09 best electric scooter 10000w belt motor 110km\/h - Electric Scooters Bikes Citycoco Manufacturer<\/title>\n<meta name=\"robots\" content=\"index, follow, max-snippet:-1, max-image-preview:large, max-video-preview:-1\" \/>\n<link rel=\"canonical\" href=\"https:\/\/www.rooderchina.com\/de\/produkt\/rooder-xs09-best-electric-scooter-10000w-belt-motor-110km-h\/\" \/>\n<meta property=\"og:locale\" content=\"de_DE\" \/>\n<meta property=\"og:type\" content=\"article\" \/>\n<meta property=\"og:title\" content=\"Rooder xs09 best electric scooter 10000w belt motor 110km\/h - Electric Scooters Bikes Citycoco Manufacturer\" \/>\n<meta property=\"og:description\" content=\"Short Description: Founded in September 2010, Rooder Technology Co., Ltd. is a company specializing in the production of electric scooters and electric bicycles. It has 50 employees. It provides customized products for many Amazon suppliers, AliExpress, eBay, Alibaba suppliers, foreign trade companies, electric scooter wholesale, and factories, and supports the development and design of OEM\/ODM\/OBM. Cheapness Our customers come from all over the world, such as North America, the European Union, Australia, and Canada. We have a high-quality research and development team. We have a high-quality research and development team that launches a new product every six months. We can upgrade according to customer requirements. We have passed ISO9001 quality management system certification and BSCI factory certification, and our products have passed CE, RoHS, and FCC certification. We continue to cooperate with domestic and foreign partners to enhance our brand influence. We look forward to establishing a long-term business relationship with you. If you are interested in any product, please feel free to contact us!    Brand: OEM\/ODM\/ROODER   Min.Order Quantity: 10 Piece\/Pieces   Supply Ability: 10000 Piece\/Pieces per Month   Port: Shenzhen   Payment Terms: T\/T, L\/C, D\/A, D\/P\" \/>\n<meta property=\"og:url\" content=\"https:\/\/www.rooderchina.com\/de\/produkt\/rooder-xs09-best-electric-scooter-10000w-belt-motor-110km-h\/\" \/>\n<meta property=\"og:site_name\" content=\"Electric Scooters Bikes Citycoco Manufacturer\" \/>\n<meta property=\"article:publisher\" content=\"https:\/\/www.facebook.com\/rooder.tec\" \/>\n<meta property=\"article:modified_time\" content=\"2023-12-15T10:53:20+00:00\" \/>\n<meta property=\"og:image\" content=\"https:\/\/www.rooderchina.com\/wp-content\/uploads\/2023\/11\/Rooder-xs09-best-electric-scooter-10000w-belt-motor-110kmh-1.jpg\" \/>\n\t<meta property=\"og:image:width\" content=\"1000\" \/>\n\t<meta property=\"og:image:height\" content=\"1000\" \/>\n\t<meta property=\"og:image:type\" content=\"image\/jpeg\" \/>\n<meta name=\"twitter:card\" content=\"summary_large_image\" \/>\n<meta name=\"twitter:site\" content=\"@RooderTec\" \/>\n<script type=\"application\/ld+json\" class=\"yoast-schema-graph\">{\"@context\":\"https:\/\/schema.org\",\"@graph\":[{\"@type\":\"WebPage\",\"@id\":\"https:\/\/www.rooderchina.com\/product\/rooder-xs09-best-electric-scooter-10000w-belt-motor-110km-h\/\",\"url\":\"https:\/\/www.rooderchina.com\/product\/rooder-xs09-best-electric-scooter-10000w-belt-motor-110km-h\/\",\"name\":\"Rooder xs09 best electric scooter 10000w belt motor 110km\/h - Electric Scooters Bikes Citycoco Manufacturer\",\"isPartOf\":{\"@id\":\"https:\/\/www.rooderchina.com\/#website\"},\"datePublished\":\"2023-11-11T10:50:34+00:00\",\"dateModified\":\"2023-12-15T10:53:20+00:00\",\"breadcrumb\":{\"@id\":\"https:\/\/www.rooderchina.com\/product\/rooder-xs09-best-electric-scooter-10000w-belt-motor-110km-h\/#breadcrumb\"},\"inLanguage\":\"de\",\"potentialAction\":[{\"@type\":\"ReadAction\",\"target\":[\"https:\/\/www.rooderchina.com\/product\/rooder-xs09-best-electric-scooter-10000w-belt-motor-110km-h\/\"]}]},{\"@type\":\"BreadcrumbList\",\"@id\":\"https:\/\/www.rooderchina.com\/product\/rooder-xs09-best-electric-scooter-10000w-belt-motor-110km-h\/#breadcrumb\",\"itemListElement\":[{\"@type\":\"ListItem\",\"position\":1,\"name\":\"HOME\",\"item\":\"https:\/\/www.rooderchina.com\/\"},{\"@type\":\"ListItem\",\"position\":2,\"name\":\"Shop\",\"item\":\"https:\/\/www.rooderchina.com\/shop\/\"},{\"@type\":\"ListItem\",\"position\":3,\"name\":\"Rooder xs09 best electric scooter 10000w belt motor 110km\/h\"}]},{\"@type\":\"WebSite\",\"@id\":\"https:\/\/www.rooderchina.com\/#website\",\"url\":\"https:\/\/www.rooderchina.com\/\",\"name\":\"Electric Scooters Bikes Citycoco Manufacturer\",\"description\":\"Rooder Technology Limited\",\"publisher\":{\"@id\":\"https:\/\/www.rooderchina.com\/#organization\"},\"potentialAction\":[{\"@type\":\"SearchAction\",\"target\":{\"@type\":\"EntryPoint\",\"urlTemplate\":\"https:\/\/www.rooderchina.com\/?s={search_term_string}\"},\"query-input\":\"required name=search_term_string\"}],\"inLanguage\":\"de\"},{\"@type\":\"Organization\",\"@id\":\"https:\/\/www.rooderchina.com\/#organization\",\"name\":\"Electric Scooters Bikes Citycoco Manufacturer\",\"url\":\"https:\/\/www.rooderchina.com\/\",\"logo\":{\"@type\":\"ImageObject\",\"inLanguage\":\"de\",\"@id\":\"https:\/\/www.rooderchina.com\/#\/schema\/logo\/image\/\",\"url\":\"https:\/\/www.rooderchina.com\/wp-content\/uploads\/2023\/12\/rooder2.jpg\",\"contentUrl\":\"https:\/\/www.rooderchina.com\/wp-content\/uploads\/2023\/12\/rooder2.jpg\",\"width\":1723,\"height\":1037,\"caption\":\"Electric Scooters Bikes Citycoco Manufacturer\"},\"image\":{\"@id\":\"https:\/\/www.rooderchina.com\/#\/schema\/logo\/image\/\"},\"sameAs\":[\"https:\/\/www.facebook.com\/rooder.tec\",\"https:\/\/twitter.com\/RooderTec\"]}]}<\/script>\n<!-- \/ Yoast SEO plugin. -->","yoast_head_json":{"title":"Rooder xs09 best electric scooter 10000w belt motor 110km\/h - Electric Scooters Bikes Citycoco Manufacturer","robots":{"index":"index","follow":"follow","max-snippet":"max-snippet:-1","max-image-preview":"max-image-preview:large","max-video-preview":"max-video-preview:-1"},"canonical":"https:\/\/www.rooderchina.com\/de\/produkt\/rooder-xs09-best-electric-scooter-10000w-belt-motor-110km-h\/","og_locale":"de_DE","og_type":"article","og_title":"Rooder xs09 best electric scooter 10000w belt motor 110km\/h - Electric Scooters Bikes Citycoco Manufacturer","og_description":"Short Description: Founded in September 2010, Rooder Technology Co., Ltd. is a company specializing in the production of electric scooters and electric bicycles. It has 50 employees. It provides customized products for many Amazon suppliers, AliExpress, eBay, Alibaba suppliers, foreign trade companies, electric scooter wholesale, and factories, and supports the development and design of OEM\/ODM\/OBM. Cheapness Our customers come from all over the world, such as North America, the European Union, Australia, and Canada. We have a high-quality research and development team. We have a high-quality research and development team that launches a new product every six months. We can upgrade according to customer requirements. We have passed ISO9001 quality management system certification and BSCI factory certification, and our products have passed CE, RoHS, and FCC certification. We continue to cooperate with domestic and foreign partners to enhance our brand influence. We look forward to establishing a long-term business relationship with you. If you are interested in any product, please feel free to contact us!    Brand: OEM\/ODM\/ROODER   Min.Order Quantity: 10 Piece\/Pieces   Supply Ability: 10000 Piece\/Pieces per Month   Port: Shenzhen   Payment Terms: T\/T, L\/C, D\/A, D\/P","og_url":"https:\/\/www.rooderchina.com\/de\/produkt\/rooder-xs09-best-electric-scooter-10000w-belt-motor-110km-h\/","og_site_name":"Electric Scooters Bikes Citycoco Manufacturer","article_publisher":"https:\/\/www.facebook.com\/rooder.tec","article_modified_time":"2023-12-15T10:53:20+00:00","og_image":[{"width":1000,"height":1000,"url":"https:\/\/www.rooderchina.com\/wp-content\/uploads\/2023\/11\/Rooder-xs09-best-electric-scooter-10000w-belt-motor-110kmh-1.jpg","type":"image\/jpeg"}],"twitter_card":"summary_large_image","twitter_site":"@RooderTec","schema":{"@context":"https:\/\/schema.org","@graph":[{"@type":"WebPage","@id":"https:\/\/www.rooderchina.com\/product\/rooder-xs09-best-electric-scooter-10000w-belt-motor-110km-h\/","url":"https:\/\/www.rooderchina.com\/product\/rooder-xs09-best-electric-scooter-10000w-belt-motor-110km-h\/","name":"Rooder xs09 best electric scooter 10000w belt motor 110km\/h - Electric Scooters Bikes Citycoco Manufacturer","isPartOf":{"@id":"https:\/\/www.rooderchina.com\/#website"},"datePublished":"2023-11-11T10:50:34+00:00","dateModified":"2023-12-15T10:53:20+00:00","breadcrumb":{"@id":"https:\/\/www.rooderchina.com\/product\/rooder-xs09-best-electric-scooter-10000w-belt-motor-110km-h\/#breadcrumb"},"inLanguage":"de","potentialAction":[{"@type":"ReadAction","target":["https:\/\/www.rooderchina.com\/product\/rooder-xs09-best-electric-scooter-10000w-belt-motor-110km-h\/"]}]},{"@type":"BreadcrumbList","@id":"https:\/\/www.rooderchina.com\/product\/rooder-xs09-best-electric-scooter-10000w-belt-motor-110km-h\/#breadcrumb","itemListElement":[{"@type":"ListItem","position":1,"name":"HOME","item":"https:\/\/www.rooderchina.com\/"},{"@type":"ListItem","position":2,"name":"Shop","item":"https:\/\/www.rooderchina.com\/shop\/"},{"@type":"ListItem","position":3,"name":"Rooder xs09 best electric scooter 10000w belt motor 110km\/h"}]},{"@type":"WebSite","@id":"https:\/\/www.rooderchina.com\/#website","url":"https:\/\/www.rooderchina.com\/","name":"Electric Scooters Bikes Citycoco Manufacturer","description":"Rooder Technology Limited","publisher":{"@id":"https:\/\/www.rooderchina.com\/#organization"},"potentialAction":[{"@type":"SearchAction","target":{"@type":"EntryPoint","urlTemplate":"https:\/\/www.rooderchina.com\/?s={search_term_string}"},"query-input":"required name=search_term_string"}],"inLanguage":"de"},{"@type":"Organization","@id":"https:\/\/www.rooderchina.com\/#organization","name":"Electric Scooters Bikes Citycoco Manufacturer","url":"https:\/\/www.rooderchina.com\/","logo":{"@type":"ImageObject","inLanguage":"de","@id":"https:\/\/www.rooderchina.com\/#\/schema\/logo\/image\/","url":"https:\/\/www.rooderchina.com\/wp-content\/uploads\/2023\/12\/rooder2.jpg","contentUrl":"https:\/\/www.rooderchina.com\/wp-content\/uploads\/2023\/12\/rooder2.jpg","width":1723,"height":1037,"caption":"Electric Scooters Bikes Citycoco Manufacturer"},"image":{"@id":"https:\/\/www.rooderchina.com\/#\/schema\/logo\/image\/"},"sameAs":["https:\/\/www.facebook.com\/rooder.tec","https:\/\/twitter.com\/RooderTec"]}]}},"_links":{"self":[{"href":"https:\/\/www.rooderchina.com\/de\/wp-json\/wp\/v2\/product\/9831","targetHints":{"allow":["GET"]}}],"collection":[{"href":"https:\/\/www.rooderchina.com\/de\/wp-json\/wp\/v2\/product"}],"about":[{"href":"https:\/\/www.rooderchina.com\/de\/wp-json\/wp\/v2\/types\/product"}],"replies":[{"embeddable":true,"href":"https:\/\/www.rooderchina.com\/de\/wp-json\/wp\/v2\/comments?post=9831"}],"version-history":[{"count":1,"href":"https:\/\/www.rooderchina.com\/de\/wp-json\/wp\/v2\/product\/9831\/revisions"}],"predecessor-version":[{"id":9832,"href":"https:\/\/www.rooderchina.com\/de\/wp-json\/wp\/v2\/product\/9831\/revisions\/9832"}],"wp:featuredmedia":[{"embeddable":true,"href":"https:\/\/www.rooderchina.com\/de\/wp-json\/wp\/v2\/media\/9833"}],"wp:attachment":[{"href":"https:\/\/www.rooderchina.com\/de\/wp-json\/wp\/v2\/media?parent=9831"}],"wp:term":[{"taxonomy":"product_brand","embeddable":true,"href":"https:\/\/www.rooderchina.com\/de\/wp-json\/wp\/v2\/product_brand?post=9831"},{"taxonomy":"product_cat","embeddable":true,"href":"https:\/\/www.rooderchina.com\/de\/wp-json\/wp\/v2\/product_cat?post=9831"},{"taxonomy":"product_tag","embeddable":true,"href":"https:\/\/www.rooderchina.com\/de\/wp-json\/wp\/v2\/product_tag?post=9831"}],"curies":[{"name":"wp","href":"https:\/\/api.w.org\/{rel}","templated":true}]}}