{"id":9793,"date":"2023-11-11T18:49:56","date_gmt":"2023-11-11T10:49:56","guid":{"rendered":"http:\/\/www.rooderchina.com\/index.php\/product\/cb02-rooder-fat-tire-ebike-for-adults-wholesale-price\/"},"modified":"2023-11-20T02:22:09","modified_gmt":"2023-11-19T18:22:09","slug":"cb02-rooder-fat-tire-ebike-for-adults-wholesale-price","status":"publish","type":"product","link":"https:\/\/www.rooderchina.com\/de\/produkt\/cb02-rooder-fat-tire-ebike-for-adults-wholesale-price\/","title":{"rendered":"cb02 Rooder fat tire ebike f\u00fcr Erwachsene Gro\u00dfhandelspreis"},"content":{"rendered":"<p><strong>Video:<\/strong><\/p>\n<p><iframe loading=\"lazy\" title=\"Elektrofahrrad\" src=\"https:\/\/www.youtube.com\/embed\/5SP3DMKYTbc?rel=0&amp;autoplay=0\" height=\"318\" width=\"385\" allowfullscreen=\"\" frameborder=\"0\"><\/iframe><\/p>\n<p><strong>Spezifikationen:<\/strong><\/p>\n<table style=\"width: 538px;\" border=\"0\" cellspacing=\"0\" cellpadding=\"0\">\n<tbody>\n<tr>\n<td width=\"165\">\n<p align=\"center\"><b>Modell<\/b><\/p>\n<\/td>\n<td width=\"373\">\n<p align=\"left\"><b>CB02(Erwachsene) und CB02 mini(Kinder)<\/b><\/p>\n<\/td>\n<\/tr>\n<tr>\n<td width=\"165\">\n<p align=\"center\">Marke<\/p>\n<\/td>\n<td width=\"373\">\n<p align=\"left\">Rooder<\/p>\n<\/td>\n<\/tr>\n<tr>\n<td width=\"165\">\n<p align=\"center\"><b>Material des Rahmens<\/b><\/p>\n<\/td>\n<td width=\"373\">\n<p align=\"left\">Nahtloser Rahmen aus Eisenlegierung<\/p>\n<\/td>\n<\/tr>\n<tr>\n<td width=\"165\">\n<p align=\"center\">Gr\u00f6\u00dfe des Reifens<\/p>\n<\/td>\n<td width=\"373\">\n<p align=\"left\">20*4 \/ 16*3 Zoll fetter Reifen<\/p>\n<\/td>\n<\/tr>\n<tr>\n<td width=\"165\">\n<p align=\"center\">Vorderradgabel<\/p>\n<\/td>\n<td width=\"373\">\n<p align=\"left\">ronzlla mechanische Gabel<\/p>\n<\/td>\n<\/tr>\n<tr>\n<td width=\"165\">\n<p align=\"center\">Typ der Bremse<\/p>\n<\/td>\n<td width=\"373\">\n<p align=\"left\">Scheibenbremse vorne und hinten<\/p>\n<\/td>\n<\/tr>\n<tr>\n<td width=\"165\">\n<p align=\"center\"><b>Motorleistung<\/b><\/p>\n<\/td>\n<td width=\"373\">\n<p align=\"left\">48V 350W\/500W Motor<\/p>\n<\/td>\n<\/tr>\n<tr>\n<td width=\"165\">\n<p align=\"center\"><b>Maximale Geschwindigkeit<\/b><\/p>\n<\/td>\n<td width=\"373\">\n<p align=\"left\">350w 15-25km\/h, 500w 25-45km\/h \/h.<\/p>\n<\/td>\n<\/tr>\n<tr>\n<td width=\"165\">\n<p align=\"center\"><b>Benotungsf\u00e4higkeit<\/b><\/p>\n<\/td>\n<td width=\"373\">\n<p align=\"left\">15-20 Grad<\/p>\n<\/td>\n<\/tr>\n<tr>\n<td width=\"165\">\n<p align=\"center\">Maximale Belastung<\/p>\n<\/td>\n<td width=\"373\">\n<p align=\"left\">150 kg<\/p>\n<\/td>\n<\/tr>\n<tr>\n<td width=\"165\">\n<p align=\"center\"><b>Batterie<\/b><\/p>\n<\/td>\n<td width=\"373\">\n<p align=\"left\">48V 10Ah, 15Ah, 20Ah Lithium-Batterie<\/p>\n<\/td>\n<\/tr>\n<tr>\n<td width=\"165\">\n<p align=\"center\">Bereich<\/p>\n<\/td>\n<td width=\"373\">\n<p align=\"left\">10a 10-30 km, 15a 15-45km, 40a 40-120km.<\/p>\n<\/td>\n<\/tr>\n<tr>\n<td width=\"165\">\n<p align=\"center\"><b>Ladeger\u00e4t<\/b><\/p>\n<\/td>\n<td width=\"373\">\n<p align=\"left\">54,6V 2A<\/p>\n<\/td>\n<\/tr>\n<tr>\n<td width=\"165\">\n<p align=\"center\"><b>Aufladezeit<\/b><\/p>\n<\/td>\n<td width=\"373\">\n<p align=\"left\">5-10 Stunden, abh\u00e4ngig von der Batterie<\/p>\n<\/td>\n<\/tr>\n<tr>\n<td width=\"165\">\n<p align=\"center\">Arbeitstemperatur<\/p>\n<\/td>\n<td width=\"373\">\n<p align=\"left\">-20~40\u2103<\/p>\n<\/td>\n<\/tr>\n<tr>\n<td width=\"165\">\n<p align=\"center\">Wasserdicht Standard<\/p>\n<\/td>\n<td width=\"373\">\n<p align=\"left\">IP65<\/p>\n<\/td>\n<\/tr>\n<tr>\n<td width=\"165\">\n<p align=\"center\">Anzeige<\/p>\n<\/td>\n<td width=\"373\">\n<p align=\"left\">LCD-Anzeige<\/p>\n<\/td>\n<\/tr>\n<tr>\n<td width=\"165\">\n<p align=\"center\">Sto\u00dfd\u00e4mpfer vorne<\/p>\n<\/td>\n<td width=\"373\">\n<p align=\"left\">Hydraulischer Schock Gabel<\/p>\n<\/td>\n<\/tr>\n<tr>\n<td width=\"165\">\n<p align=\"center\">Sto\u00dfd\u00e4mpfer hinten<\/p>\n<\/td>\n<td width=\"373\">\n<p align=\"left\">Federstossd\u00e4mpfer aus Aluminiumlegierung<\/p>\n<\/td>\n<\/tr>\n<tr>\n<td width=\"165\">\n<p align=\"center\">Beleuchtungssystem<\/p>\n<\/td>\n<td width=\"373\">\n<p align=\"left\">LED-Scheinwerfer<\/p>\n<\/td>\n<\/tr>\n<tr>\n<td width=\"165\">\n<p align=\"center\">Nettogewicht des Produkts<\/p>\n<\/td>\n<td width=\"373\">\n<p align=\"left\">35 Kilogramm und 28 Kilogramm<\/p>\n<\/td>\n<\/tr>\n<tr>\n<td width=\"165\">\n<p align=\"center\">Bruttogewicht<\/p>\n<\/td>\n<td width=\"373\">\n<p align=\"left\">48 Kilogramm und 41 Kilogramm<\/p>\n<\/td>\n<\/tr>\n<tr>\n<td width=\"165\">\n<p align=\"center\">Bescheinigungen<\/p>\n<\/td>\n<td width=\"373\">\n<p align=\"left\">CE, FCC, ROHS, MSDS, UN38.3<\/p>\n<\/td>\n<\/tr>\n<tr>\n<td width=\"165\">\n<p align=\"center\">Gr\u00f6\u00dfe der Verpackung<\/p>\n<\/td>\n<td width=\"373\">\n<p align=\"left\">138\u00d728,5\u00d788cm und 130\u00d728,5\u00d770cm\uff08L*B*H)<\/p>\n<\/td>\n<\/tr>\n<tr>\n<td width=\"165\">\n<p align=\"center\">Liste der Pakete<\/p>\n<\/td>\n<td width=\"373\">\n<p align=\"left\">Fahrrad, Ladeger\u00e4t, Werkzeug, Benutzerhandbuch<\/p>\n<\/td>\n<\/tr>\n<tr>\n<td width=\"165\">\n<p align=\"center\">40HQ-Container<\/p>\n<\/td>\n<td width=\"373\">\n<p align=\"left\">194St\u00fcck und 261St\u00fcck<\/p>\n<\/td>\n<\/tr>\n<\/tbody>\n<\/table>\n<p><strong>Fotos:<\/strong><\/p>\n<\/p>\n<p>&nbsp;<\/p>","protected":false},"excerpt":{"rendered":"<h3>Kurze Beschreibung:<\/h3>\n<p><p>Wir sind seit 15 Jahren auf dem Gebiet der Elektroroller t\u00e4tig und haben Elektrofahrr\u00e4der, Elektroroller und andere Produkte exportiert. Wir werden unser Gesch\u00e4ft weiter entwickeln und unseren Kunden dienen. Unser Slogan ist viel bessere Qualit\u00e4t und viel schneller Kundendienst.<\/p>\n<p>Unsere Vorteile:1) Wir haben reiche Erfahrung im Export und Zollabfertigung2) Wir haben Lagerh\u00e4user in Europa, wir akzeptieren Drop-Shipping-Gesch\u00e4ft3) Wir sind die erstklassige Fabrik strategischer Partner, unsere After-Sales-Service ist effektiv und in der Zeit. Unsere Hauptarbeit ist versuchen, unser Bestes zu helfen, alle Ihre Fragen und Bedenken zu l\u00f6sen, bieten wir nicht nur qualitativ hochwertige Produkte, sondern auch zufriedenen Service.<\/p>\n<p>Wir bieten Service aus einer Hand, helfen Ihnen, Zeit und Energie zu sparen, unterst\u00fctzen Ihre Arbeit und Ihr Gesch\u00e4ft, helfen Ihnen, den Markt zu erobern, helfen Ihnen, mehr Geld zu verdienen, Win-Win. Lassen Sie uns Hand in Hand eine bessere Zukunft zusammen schaffen!<\/p>\n<\/p>\n<p><\/p>\n<li><em>Marke: <\/em> OEM\/ODM\/ROODER<\/li>\n<li><em>Mindestbestellmenge: <\/em> 10 St\u00fcck\/St\u00fcck<\/li>\n<li><em>Lieferf\u00e4higkeit: <\/em> 10000 St\u00fcck\/St\u00fcck pro Monat<\/li>\n<li><em>Hafen: <\/em> Shenzhen<\/li>\n<li><em>Zahlungsbedingungen: <\/em> T\/T, L\/C, D\/A, D\/P<\/li>","protected":false},"featured_media":9795,"comment_status":"closed","ping_status":"open","template":"","meta":[],"product_brand":[],"product_cat":[574],"product_tag":[849,850,851,745,852,853,854],"class_list":{"0":"post-9793","1":"product","2":"type-product","3":"status-publish","4":"has-post-thumbnail","6":"product_cat-electric-bicycles","7":"product_tag-cb02","8":"product_tag-ebike","9":"product_tag-fat-tire-ebike","10":"product_tag-rooder","11":"product_tag-rooder-cb02","12":"product_tag-rooder-ebike","13":"product_tag-rooder-wholesale-price","15":"first","16":"instock","17":"featured","18":"product-type-simple"},"yoast_head":"<!-- This site is optimized with the Yoast SEO plugin v21.7 - https:\/\/yoast.com\/wordpress\/plugins\/seo\/ -->\n<title>cb02 Rooder fat tire ebike for adults wholesale price - Electric Scooters Bikes Citycoco Manufacturer<\/title>\n<meta name=\"robots\" content=\"index, follow, max-snippet:-1, max-image-preview:large, max-video-preview:-1\" \/>\n<link rel=\"canonical\" href=\"https:\/\/www.rooderchina.com\/de\/produkt\/cb02-rooder-fat-tire-ebike-for-adults-wholesale-price\/\" \/>\n<meta property=\"og:locale\" content=\"de_DE\" \/>\n<meta property=\"og:type\" content=\"article\" \/>\n<meta property=\"og:title\" content=\"cb02 Rooder fat tire ebike for adults wholesale price - Electric Scooters Bikes Citycoco Manufacturer\" \/>\n<meta property=\"og:description\" content=\"Short Description: we have been in the field of electric scooter for 15 years, we have exported electric bicycles, electric scooters, and other products. We will continue to develop our business and serve our customers. Our slogan is much better quality and much faster after-sales service. Our advantages:1) We have rich experience in export and customs clearance2) We have warehouses in Europe, we accept drop shipping business3) We are the first-class factory&#8217;s strategic partner, our after-sales service is effective and in time. Our main work is try our best help to solve all your questions and concerns, we not only offer top quality products but also satisfied service. We offer one-stop service, help to save your time and energy, we will support your work and business, help you win the market, help you earn more money, win-win. Let&#8217;s hand in hand to create a better future together!    Brand: OEM\/ODM\/ROODER   Min.Order Quantity: 10 Piece\/Pieces   Supply Ability: 10000 Piece\/Pieces per Month   Port: Shenzhen   Payment Terms: T\/T, L\/C, D\/A, D\/P\" \/>\n<meta property=\"og:url\" content=\"https:\/\/www.rooderchina.com\/de\/produkt\/cb02-rooder-fat-tire-ebike-for-adults-wholesale-price\/\" \/>\n<meta property=\"og:site_name\" content=\"Electric Scooters Bikes Citycoco Manufacturer\" \/>\n<meta property=\"article:publisher\" content=\"https:\/\/www.facebook.com\/rooder.tec\" \/>\n<meta property=\"article:modified_time\" content=\"2023-11-19T18:22:09+00:00\" \/>\n<meta property=\"og:image\" content=\"https:\/\/www.rooderchina.com\/wp-content\/uploads\/2023\/11\/cb02-Rooder-fat-tire-ebike-for-adults-wholesale-price-1.jpg\" \/>\n\t<meta property=\"og:image:width\" content=\"1000\" \/>\n\t<meta property=\"og:image:height\" content=\"1000\" \/>\n\t<meta property=\"og:image:type\" content=\"image\/jpeg\" \/>\n<meta name=\"twitter:card\" content=\"summary_large_image\" \/>\n<meta name=\"twitter:site\" content=\"@RooderTec\" \/>\n<meta name=\"twitter:label1\" content=\"Gesch\u00e4tzte Lesezeit\" \/>\n\t<meta name=\"twitter:data1\" content=\"1\u00a0Minute\" \/>\n<script type=\"application\/ld+json\" class=\"yoast-schema-graph\">{\"@context\":\"https:\/\/schema.org\",\"@graph\":[{\"@type\":\"WebPage\",\"@id\":\"https:\/\/www.rooderchina.com\/product\/cb02-rooder-fat-tire-ebike-for-adults-wholesale-price\/\",\"url\":\"https:\/\/www.rooderchina.com\/product\/cb02-rooder-fat-tire-ebike-for-adults-wholesale-price\/\",\"name\":\"cb02 Rooder fat tire ebike for adults wholesale price - Electric Scooters Bikes Citycoco Manufacturer\",\"isPartOf\":{\"@id\":\"https:\/\/www.rooderchina.com\/#website\"},\"datePublished\":\"2023-11-11T10:49:56+00:00\",\"dateModified\":\"2023-11-19T18:22:09+00:00\",\"breadcrumb\":{\"@id\":\"https:\/\/www.rooderchina.com\/product\/cb02-rooder-fat-tire-ebike-for-adults-wholesale-price\/#breadcrumb\"},\"inLanguage\":\"de\",\"potentialAction\":[{\"@type\":\"ReadAction\",\"target\":[\"https:\/\/www.rooderchina.com\/product\/cb02-rooder-fat-tire-ebike-for-adults-wholesale-price\/\"]}]},{\"@type\":\"BreadcrumbList\",\"@id\":\"https:\/\/www.rooderchina.com\/product\/cb02-rooder-fat-tire-ebike-for-adults-wholesale-price\/#breadcrumb\",\"itemListElement\":[{\"@type\":\"ListItem\",\"position\":1,\"name\":\"HOME\",\"item\":\"https:\/\/www.rooderchina.com\/\"},{\"@type\":\"ListItem\",\"position\":2,\"name\":\"Shop\",\"item\":\"https:\/\/www.rooderchina.com\/shop\/\"},{\"@type\":\"ListItem\",\"position\":3,\"name\":\"cb02 Rooder fat tire ebike for adults wholesale price\"}]},{\"@type\":\"WebSite\",\"@id\":\"https:\/\/www.rooderchina.com\/#website\",\"url\":\"https:\/\/www.rooderchina.com\/\",\"name\":\"Electric Scooters Bikes Citycoco Manufacturer\",\"description\":\"Rooder Technology Limited\",\"publisher\":{\"@id\":\"https:\/\/www.rooderchina.com\/#organization\"},\"potentialAction\":[{\"@type\":\"SearchAction\",\"target\":{\"@type\":\"EntryPoint\",\"urlTemplate\":\"https:\/\/www.rooderchina.com\/?s={search_term_string}\"},\"query-input\":\"required name=search_term_string\"}],\"inLanguage\":\"de\"},{\"@type\":\"Organization\",\"@id\":\"https:\/\/www.rooderchina.com\/#organization\",\"name\":\"Electric Scooters Bikes Citycoco Manufacturer\",\"url\":\"https:\/\/www.rooderchina.com\/\",\"logo\":{\"@type\":\"ImageObject\",\"inLanguage\":\"de\",\"@id\":\"https:\/\/www.rooderchina.com\/#\/schema\/logo\/image\/\",\"url\":\"https:\/\/www.rooderchina.com\/wp-content\/uploads\/2023\/12\/rooder2.jpg\",\"contentUrl\":\"https:\/\/www.rooderchina.com\/wp-content\/uploads\/2023\/12\/rooder2.jpg\",\"width\":1723,\"height\":1037,\"caption\":\"Electric Scooters Bikes Citycoco Manufacturer\"},\"image\":{\"@id\":\"https:\/\/www.rooderchina.com\/#\/schema\/logo\/image\/\"},\"sameAs\":[\"https:\/\/www.facebook.com\/rooder.tec\",\"https:\/\/twitter.com\/RooderTec\"]}]}<\/script>\n<!-- \/ Yoast SEO plugin. -->","yoast_head_json":{"title":"cb02 Rooder fat tire ebike for adults wholesale price - Electric Scooters Bikes Citycoco Manufacturer","robots":{"index":"index","follow":"follow","max-snippet":"max-snippet:-1","max-image-preview":"max-image-preview:large","max-video-preview":"max-video-preview:-1"},"canonical":"https:\/\/www.rooderchina.com\/de\/produkt\/cb02-rooder-fat-tire-ebike-for-adults-wholesale-price\/","og_locale":"de_DE","og_type":"article","og_title":"cb02 Rooder fat tire ebike for adults wholesale price - Electric Scooters Bikes Citycoco Manufacturer","og_description":"Short Description: we have been in the field of electric scooter for 15 years, we have exported electric bicycles, electric scooters, and other products. We will continue to develop our business and serve our customers. Our slogan is much better quality and much faster after-sales service. Our advantages:1) We have rich experience in export and customs clearance2) We have warehouses in Europe, we accept drop shipping business3) We are the first-class factory&#8217;s strategic partner, our after-sales service is effective and in time. Our main work is try our best help to solve all your questions and concerns, we not only offer top quality products but also satisfied service. We offer one-stop service, help to save your time and energy, we will support your work and business, help you win the market, help you earn more money, win-win. Let&#8217;s hand in hand to create a better future together!    Brand: OEM\/ODM\/ROODER   Min.Order Quantity: 10 Piece\/Pieces   Supply Ability: 10000 Piece\/Pieces per Month   Port: Shenzhen   Payment Terms: T\/T, L\/C, D\/A, D\/P","og_url":"https:\/\/www.rooderchina.com\/de\/produkt\/cb02-rooder-fat-tire-ebike-for-adults-wholesale-price\/","og_site_name":"Electric Scooters Bikes Citycoco Manufacturer","article_publisher":"https:\/\/www.facebook.com\/rooder.tec","article_modified_time":"2023-11-19T18:22:09+00:00","og_image":[{"width":1000,"height":1000,"url":"https:\/\/www.rooderchina.com\/wp-content\/uploads\/2023\/11\/cb02-Rooder-fat-tire-ebike-for-adults-wholesale-price-1.jpg","type":"image\/jpeg"}],"twitter_card":"summary_large_image","twitter_site":"@RooderTec","twitter_misc":{"Gesch\u00e4tzte Lesezeit":"1\u00a0Minute"},"schema":{"@context":"https:\/\/schema.org","@graph":[{"@type":"WebPage","@id":"https:\/\/www.rooderchina.com\/product\/cb02-rooder-fat-tire-ebike-for-adults-wholesale-price\/","url":"https:\/\/www.rooderchina.com\/product\/cb02-rooder-fat-tire-ebike-for-adults-wholesale-price\/","name":"cb02 Rooder fat tire ebike for adults wholesale price - Electric Scooters Bikes Citycoco Manufacturer","isPartOf":{"@id":"https:\/\/www.rooderchina.com\/#website"},"datePublished":"2023-11-11T10:49:56+00:00","dateModified":"2023-11-19T18:22:09+00:00","breadcrumb":{"@id":"https:\/\/www.rooderchina.com\/product\/cb02-rooder-fat-tire-ebike-for-adults-wholesale-price\/#breadcrumb"},"inLanguage":"de","potentialAction":[{"@type":"ReadAction","target":["https:\/\/www.rooderchina.com\/product\/cb02-rooder-fat-tire-ebike-for-adults-wholesale-price\/"]}]},{"@type":"BreadcrumbList","@id":"https:\/\/www.rooderchina.com\/product\/cb02-rooder-fat-tire-ebike-for-adults-wholesale-price\/#breadcrumb","itemListElement":[{"@type":"ListItem","position":1,"name":"HOME","item":"https:\/\/www.rooderchina.com\/"},{"@type":"ListItem","position":2,"name":"Shop","item":"https:\/\/www.rooderchina.com\/shop\/"},{"@type":"ListItem","position":3,"name":"cb02 Rooder fat tire ebike for adults wholesale price"}]},{"@type":"WebSite","@id":"https:\/\/www.rooderchina.com\/#website","url":"https:\/\/www.rooderchina.com\/","name":"Electric Scooters Bikes Citycoco Manufacturer","description":"Rooder Technology Limited","publisher":{"@id":"https:\/\/www.rooderchina.com\/#organization"},"potentialAction":[{"@type":"SearchAction","target":{"@type":"EntryPoint","urlTemplate":"https:\/\/www.rooderchina.com\/?s={search_term_string}"},"query-input":"required name=search_term_string"}],"inLanguage":"de"},{"@type":"Organization","@id":"https:\/\/www.rooderchina.com\/#organization","name":"Electric Scooters Bikes Citycoco Manufacturer","url":"https:\/\/www.rooderchina.com\/","logo":{"@type":"ImageObject","inLanguage":"de","@id":"https:\/\/www.rooderchina.com\/#\/schema\/logo\/image\/","url":"https:\/\/www.rooderchina.com\/wp-content\/uploads\/2023\/12\/rooder2.jpg","contentUrl":"https:\/\/www.rooderchina.com\/wp-content\/uploads\/2023\/12\/rooder2.jpg","width":1723,"height":1037,"caption":"Electric Scooters Bikes Citycoco Manufacturer"},"image":{"@id":"https:\/\/www.rooderchina.com\/#\/schema\/logo\/image\/"},"sameAs":["https:\/\/www.facebook.com\/rooder.tec","https:\/\/twitter.com\/RooderTec"]}]}},"_links":{"self":[{"href":"https:\/\/www.rooderchina.com\/de\/wp-json\/wp\/v2\/product\/9793","targetHints":{"allow":["GET"]}}],"collection":[{"href":"https:\/\/www.rooderchina.com\/de\/wp-json\/wp\/v2\/product"}],"about":[{"href":"https:\/\/www.rooderchina.com\/de\/wp-json\/wp\/v2\/types\/product"}],"replies":[{"embeddable":true,"href":"https:\/\/www.rooderchina.com\/de\/wp-json\/wp\/v2\/comments?post=9793"}],"version-history":[{"count":1,"href":"https:\/\/www.rooderchina.com\/de\/wp-json\/wp\/v2\/product\/9793\/revisions"}],"predecessor-version":[{"id":9794,"href":"https:\/\/www.rooderchina.com\/de\/wp-json\/wp\/v2\/product\/9793\/revisions\/9794"}],"wp:featuredmedia":[{"embeddable":true,"href":"https:\/\/www.rooderchina.com\/de\/wp-json\/wp\/v2\/media\/9795"}],"wp:attachment":[{"href":"https:\/\/www.rooderchina.com\/de\/wp-json\/wp\/v2\/media?parent=9793"}],"wp:term":[{"taxonomy":"product_brand","embeddable":true,"href":"https:\/\/www.rooderchina.com\/de\/wp-json\/wp\/v2\/product_brand?post=9793"},{"taxonomy":"product_cat","embeddable":true,"href":"https:\/\/www.rooderchina.com\/de\/wp-json\/wp\/v2\/product_cat?post=9793"},{"taxonomy":"product_tag","embeddable":true,"href":"https:\/\/www.rooderchina.com\/de\/wp-json\/wp\/v2\/product_tag?post=9793"}],"curies":[{"name":"wp","href":"https:\/\/api.w.org\/{rel}","templated":true}]}}