{"id":9785,"date":"2023-11-11T18:49:12","date_gmt":"2023-11-11T10:49:12","guid":{"rendered":"http:\/\/www.rooderchina.com\/index.php\/product\/cb01b-rooder-fat-tire-electric-bike-48v-1000w-40ah-wholesale-price\/"},"modified":"2023-11-11T18:49:45","modified_gmt":"2023-11-11T10:49:45","slug":"cb01b-rooder-fat-tire-electric-bike-48v-1000w-40ah-wholesale-price","status":"publish","type":"product","link":"https:\/\/www.rooderchina.com\/de\/produkt\/cb01b-rooder-fat-tire-electric-bike-48v-1000w-40ah-wholesale-price\/","title":{"rendered":"cb01b Rooder Fett Reifen Elektrofahrrad 48v 1000w 40ah Gro\u00dfhandelspreis"},"content":{"rendered":"<p><strong>Videos:<\/strong><\/p>\n<p><iframe loading=\"lazy\" title=\"Elektrofahrrad\" src=\"https:\/\/www.youtube.com\/embed\/INJQyz4pw2U?rel=0&amp;autoplay=0\" height=\"318\" width=\"385\" allowfullscreen=\"\" frameborder=\"0\"><\/iframe><\/p>\n<p><strong>Specfications:<\/strong><\/p>\n<table style=\"width: 538px;\" border=\"0\" cellspacing=\"0\" cellpadding=\"0\">\n<tbody>\n<tr>\n<td width=\"165\">\n<p align=\"center\"><b>Modell<\/b><\/p>\n<\/td>\n<td width=\"373\">\n<p align=\"left\"><b>CB01A(mit Kette) und CB01B(ohne Kette)<\/b><\/p>\n<\/td>\n<\/tr>\n<tr>\n<td width=\"165\">\n<p align=\"center\">Marke<\/p>\n<\/td>\n<td width=\"373\">\n<p align=\"left\">Rooder<\/p>\n<\/td>\n<\/tr>\n<tr>\n<td width=\"165\">\n<p align=\"center\"><b>Material des Rahmens<\/b><\/p>\n<\/td>\n<td width=\"373\">\n<p align=\"left\">Nahtloser Rahmen aus Eisenlegierung<\/p>\n<\/td>\n<\/tr>\n<tr>\n<td width=\"165\">\n<p align=\"center\">Gr\u00f6\u00dfe des Reifens<\/p>\n<\/td>\n<td width=\"373\">\n<p align=\"left\">20*5 Zoll gro\u00dfer Reifen<\/p>\n<\/td>\n<\/tr>\n<tr>\n<td width=\"165\">\n<p align=\"center\">Vorderradgabel<\/p>\n<\/td>\n<td width=\"373\">\n<p align=\"left\">ronzlla mechanische Gabel<\/p>\n<\/td>\n<\/tr>\n<tr>\n<td width=\"165\">\n<p align=\"center\">Typ der Bremse<\/p>\n<\/td>\n<td width=\"373\">\n<p align=\"left\">Scheibenbremse vorne und hinten<\/p>\n<\/td>\n<\/tr>\n<tr>\n<td width=\"165\">\n<p align=\"center\"><b>Motorleistung<\/b><\/p>\n<\/td>\n<td width=\"373\">\n<p align=\"left\">48V 500W\/1000W Motor mit Speichenrad<\/p>\n<\/td>\n<\/tr>\n<tr>\n<td width=\"165\">\n<p align=\"center\"><b>Maximale Geschwindigkeit<\/b><\/p>\n<\/td>\n<td width=\"373\">\n<p align=\"left\">500w 25-45km\/h, 1000w 25-50km\/h \/h.<\/p>\n<\/td>\n<\/tr>\n<tr>\n<td width=\"165\">\n<p align=\"center\"><b>Benotungsf\u00e4higkeit<\/b><\/p>\n<\/td>\n<td width=\"373\">\n<p align=\"left\">20 Grad<\/p>\n<\/td>\n<\/tr>\n<tr>\n<td width=\"165\">\n<p align=\"center\">Maximale Belastung<\/p>\n<\/td>\n<td width=\"373\">\n<p align=\"left\">150 kg<\/p>\n<\/td>\n<\/tr>\n<tr>\n<td width=\"165\">\n<p align=\"center\"><b>Batterie<\/b><\/p>\n<\/td>\n<td width=\"373\">\n<p align=\"left\">48V 10Ah, 15Ah, 20Ah und 40Ah Lithium-Batterie<\/p>\n<\/td>\n<\/tr>\n<tr>\n<td width=\"165\">\n<p align=\"center\">Bereich<\/p>\n<\/td>\n<td width=\"373\">\n<p align=\"left\">10a 10-30 km, 15a 15-45km, 40a 40-120km.<\/p>\n<\/td>\n<\/tr>\n<tr>\n<td width=\"165\">\n<p align=\"center\"><b>Ladeger\u00e4t<\/b><\/p>\n<\/td>\n<td width=\"373\">\n<p align=\"left\">54,6V 2A<\/p>\n<\/td>\n<\/tr>\n<tr>\n<td width=\"165\">\n<p align=\"center\"><b>Aufladezeit<\/b><\/p>\n<\/td>\n<td width=\"373\">\n<p align=\"left\">5-10 Stunden, abh\u00e4ngig von der Batterie<\/p>\n<\/td>\n<\/tr>\n<tr>\n<td width=\"165\">\n<p align=\"center\">Arbeitstemperatur<\/p>\n<\/td>\n<td width=\"373\">\n<p align=\"left\">-20~40\u2103<\/p>\n<\/td>\n<\/tr>\n<tr>\n<td width=\"165\">\n<p align=\"center\">Wasserdicht Standard<\/p>\n<\/td>\n<td width=\"373\">\n<p align=\"left\">IP65<\/p>\n<\/td>\n<\/tr>\n<tr>\n<td width=\"165\">\n<p align=\"center\">Anzeige<\/p>\n<\/td>\n<td width=\"373\">\n<p align=\"left\">LCD-Anzeige<\/p>\n<\/td>\n<\/tr>\n<tr>\n<td width=\"165\">\n<p align=\"center\">Sto\u00dfd\u00e4mpfer vorne<\/p>\n<\/td>\n<td width=\"373\">\n<p align=\"left\">Hydraulischer Schock Gabel<\/p>\n<\/td>\n<\/tr>\n<tr>\n<td width=\"165\">\n<p align=\"center\">Sto\u00dfd\u00e4mpfer hinten<\/p>\n<\/td>\n<td width=\"373\">\n<p align=\"left\">KEINE<\/p>\n<\/td>\n<\/tr>\n<tr>\n<td width=\"165\">\n<p align=\"center\">Beleuchtungssystem<\/p>\n<\/td>\n<td width=\"373\">\n<p align=\"left\">LED-Scheinwerfer<\/p>\n<\/td>\n<\/tr>\n<tr>\n<td width=\"165\">\n<p align=\"center\">Nettogewicht des Produkts<\/p>\n<\/td>\n<td width=\"373\">\n<p align=\"left\">35 Kilogramm<\/p>\n<\/td>\n<\/tr>\n<tr>\n<td width=\"165\">\n<p align=\"center\">Bruttogewicht<\/p>\n<\/td>\n<td width=\"373\">\n<p align=\"left\">48 Kilogramm<\/p>\n<\/td>\n<\/tr>\n<tr>\n<td width=\"165\">\n<p align=\"center\">Bescheinigungen<\/p>\n<\/td>\n<td width=\"373\">\n<p align=\"left\">CE, FCC, ROHS, MSDS, UN38.3<\/p>\n<\/td>\n<\/tr>\n<tr>\n<td width=\"165\">\n<p align=\"center\">Gr\u00f6\u00dfe der Verpackung<\/p>\n<\/td>\n<td width=\"373\">\n<p align=\"left\">158\u00d728\u00d773cm\uff08L*B*H)<\/p>\n<\/td>\n<\/tr>\n<tr>\n<td width=\"165\">\n<p align=\"center\">Liste der Pakete<\/p>\n<\/td>\n<td width=\"373\">\n<p align=\"left\"><a href=\"https:\/\/www.rooderchina.com\/de\/tag\/bike\/\" title=\"Alle Beitr\u00e4ge in Fahrrad anzeigen\" target=\"_blank\" rel=\"noopener\">Fahrrad<\/a>Ladeger\u00e4t, Werkzeug, Benutzerhandbuch<\/p>\n<\/td>\n<\/tr>\n<\/tbody>\n<\/table>\n<p><strong>Fotos:<\/strong><\/p><\/p>","protected":false},"excerpt":{"rendered":"<h3>Kurze Beschreibung:<\/h3>\n<p><p>Rooder Technology Co. Ltd ist ein High-Tech-Unternehmen, das Forschung und Entwicklung, Produktion und Handel mit einem eingetragenen Kapital von 2 Millionen integriert. Unsere Hauptprodukte sind Elektroroller, Mobilit\u00e4tsroller, Anh\u00e4nger f\u00fcr Rollst\u00fchle, Citycoco Chopper, etc. Wir sind nach dem internationalen Qualit\u00e4tssystem IS09001 und dem Qualit\u00e4tssicherungssystem IS013485:2003 sowie nach dem Qualit\u00e4ts- und Umweltsystem ISO14001 zertifiziert.<\/p>\n<p>Unsere Produkte sind von den chinesischen Aufsichtsbeh\u00f6rden und der EU CE-zertifiziert. Wir unterst\u00fctzen auch kundenspezifische L\u00f6sungen. Als Ihr aufrichtiger Partner setzt sich die Rooder Group daf\u00fcr ein, Behinderten und \u00e4lteren Menschen ein angenehmes Leben zu erm\u00f6glichen und es bunter zu gestalten.<\/p>\n<\/p>\n<p><\/p>\n<li><em>Marke: <\/em> OEM\/ODM\/ROODER<\/li>\n<li><em>Mindestbestellmenge: <\/em> 10 St\u00fcck\/St\u00fcck<\/li>\n<li><em>Lieferf\u00e4higkeit: <\/em> 10000 St\u00fcck\/St\u00fcck pro Monat<\/li>\n<li><em>Hafen: <\/em> Shenzhen<\/li>\n<li><em>Zahlungsbedingungen: <\/em> T\/T, L\/C, D\/A, D\/P<\/li>","protected":false},"featured_media":9787,"comment_status":"closed","ping_status":"open","template":"","meta":[],"product_brand":[],"product_cat":[574],"product_tag":[844,845,538,846,745,847,848],"class_list":{"0":"post-9785","1":"product","2":"type-product","3":"status-publish","4":"has-post-thumbnail","6":"product_cat-electric-bicycles","7":"product_tag-bike","8":"product_tag-cb01b","9":"product_tag-electric-bike","10":"product_tag-fat-tire-electric-bike","11":"product_tag-rooder","12":"product_tag-rooder-bike","13":"product_tag-rooder-cb01b","15":"first","16":"instock","17":"product-type-simple"},"yoast_head":"<!-- This site is optimized with the Yoast SEO plugin v21.7 - https:\/\/yoast.com\/wordpress\/plugins\/seo\/ -->\n<title>cb01b Rooder fat tire electric bike 48v 1000w 40ah wholesale price - Electric Scooters Bikes Citycoco Manufacturer<\/title>\n<meta name=\"robots\" content=\"index, follow, max-snippet:-1, max-image-preview:large, max-video-preview:-1\" \/>\n<link rel=\"canonical\" href=\"https:\/\/www.rooderchina.com\/de\/produkt\/cb01b-rooder-fat-tire-electric-bike-48v-1000w-40ah-wholesale-price\/\" \/>\n<meta property=\"og:locale\" content=\"de_DE\" \/>\n<meta property=\"og:type\" content=\"article\" \/>\n<meta property=\"og:title\" content=\"cb01b Rooder fat tire electric bike 48v 1000w 40ah wholesale price - Electric Scooters Bikes Citycoco Manufacturer\" \/>\n<meta property=\"og:description\" content=\"Short Description: Rooder Technology Co., Ltd is a high-tech enterprise integrating research and development, production and trade with a registered capital of 2 million. Our main products are electric scooter, mobility scooters, the trailer for wheelchair, citycoco chopper, etc. We have been recognized by IS09001 international quality system and IS013485:2003 quality assurance system and ISO14001 quality and environmental system certification. Our products are approved by China authority inspection organizations and EU CE Certification. We also support customized solution. As your sincere partners, Rooder Group is committed to providing convenience for the disabled and the elderly, and make life colorful.    Brand: OEM\/ODM\/ROODER   Min.Order Quantity: 10 Piece\/Pieces   Supply Ability: 10000 Piece\/Pieces per Month   Port: Shenzhen   Payment Terms: T\/T, L\/C, D\/A, D\/P\" \/>\n<meta property=\"og:url\" content=\"https:\/\/www.rooderchina.com\/de\/produkt\/cb01b-rooder-fat-tire-electric-bike-48v-1000w-40ah-wholesale-price\/\" \/>\n<meta property=\"og:site_name\" content=\"Electric Scooters Bikes Citycoco Manufacturer\" \/>\n<meta property=\"article:publisher\" content=\"https:\/\/www.facebook.com\/rooder.tec\" \/>\n<meta property=\"article:modified_time\" content=\"2023-11-11T10:49:45+00:00\" \/>\n<meta property=\"og:image\" content=\"https:\/\/www.rooderchina.com\/wp-content\/uploads\/2023\/11\/cb01b-Rooder-fat-tire-electric-bike-48v-1000w-40ah-wholesale-price-1.jpg\" \/>\n\t<meta property=\"og:image:width\" content=\"1000\" \/>\n\t<meta property=\"og:image:height\" content=\"1000\" \/>\n\t<meta property=\"og:image:type\" content=\"image\/jpeg\" \/>\n<meta name=\"twitter:card\" content=\"summary_large_image\" \/>\n<meta name=\"twitter:site\" content=\"@RooderTec\" \/>\n<meta name=\"twitter:label1\" content=\"Gesch\u00e4tzte Lesezeit\" \/>\n\t<meta name=\"twitter:data1\" content=\"1\u00a0Minute\" \/>\n<script type=\"application\/ld+json\" class=\"yoast-schema-graph\">{\"@context\":\"https:\/\/schema.org\",\"@graph\":[{\"@type\":\"WebPage\",\"@id\":\"https:\/\/www.rooderchina.com\/product\/cb01b-rooder-fat-tire-electric-bike-48v-1000w-40ah-wholesale-price\/\",\"url\":\"https:\/\/www.rooderchina.com\/product\/cb01b-rooder-fat-tire-electric-bike-48v-1000w-40ah-wholesale-price\/\",\"name\":\"cb01b Rooder fat tire electric bike 48v 1000w 40ah wholesale price - Electric Scooters Bikes Citycoco Manufacturer\",\"isPartOf\":{\"@id\":\"https:\/\/www.rooderchina.com\/#website\"},\"datePublished\":\"2023-11-11T10:49:12+00:00\",\"dateModified\":\"2023-11-11T10:49:45+00:00\",\"breadcrumb\":{\"@id\":\"https:\/\/www.rooderchina.com\/product\/cb01b-rooder-fat-tire-electric-bike-48v-1000w-40ah-wholesale-price\/#breadcrumb\"},\"inLanguage\":\"de\",\"potentialAction\":[{\"@type\":\"ReadAction\",\"target\":[\"https:\/\/www.rooderchina.com\/product\/cb01b-rooder-fat-tire-electric-bike-48v-1000w-40ah-wholesale-price\/\"]}]},{\"@type\":\"BreadcrumbList\",\"@id\":\"https:\/\/www.rooderchina.com\/product\/cb01b-rooder-fat-tire-electric-bike-48v-1000w-40ah-wholesale-price\/#breadcrumb\",\"itemListElement\":[{\"@type\":\"ListItem\",\"position\":1,\"name\":\"HOME\",\"item\":\"https:\/\/www.rooderchina.com\/\"},{\"@type\":\"ListItem\",\"position\":2,\"name\":\"Shop\",\"item\":\"https:\/\/www.rooderchina.com\/shop\/\"},{\"@type\":\"ListItem\",\"position\":3,\"name\":\"cb01b Rooder fat tire electric bike 48v 1000w 40ah wholesale price\"}]},{\"@type\":\"WebSite\",\"@id\":\"https:\/\/www.rooderchina.com\/#website\",\"url\":\"https:\/\/www.rooderchina.com\/\",\"name\":\"Electric Scooters Bikes Citycoco Manufacturer\",\"description\":\"Rooder Technology Limited\",\"publisher\":{\"@id\":\"https:\/\/www.rooderchina.com\/#organization\"},\"potentialAction\":[{\"@type\":\"SearchAction\",\"target\":{\"@type\":\"EntryPoint\",\"urlTemplate\":\"https:\/\/www.rooderchina.com\/?s={search_term_string}\"},\"query-input\":\"required name=search_term_string\"}],\"inLanguage\":\"de\"},{\"@type\":\"Organization\",\"@id\":\"https:\/\/www.rooderchina.com\/#organization\",\"name\":\"Electric Scooters Bikes Citycoco Manufacturer\",\"url\":\"https:\/\/www.rooderchina.com\/\",\"logo\":{\"@type\":\"ImageObject\",\"inLanguage\":\"de\",\"@id\":\"https:\/\/www.rooderchina.com\/#\/schema\/logo\/image\/\",\"url\":\"https:\/\/www.rooderchina.com\/wp-content\/uploads\/2023\/12\/rooder2.jpg\",\"contentUrl\":\"https:\/\/www.rooderchina.com\/wp-content\/uploads\/2023\/12\/rooder2.jpg\",\"width\":1723,\"height\":1037,\"caption\":\"Electric Scooters Bikes Citycoco Manufacturer\"},\"image\":{\"@id\":\"https:\/\/www.rooderchina.com\/#\/schema\/logo\/image\/\"},\"sameAs\":[\"https:\/\/www.facebook.com\/rooder.tec\",\"https:\/\/twitter.com\/RooderTec\"]}]}<\/script>\n<!-- \/ Yoast SEO plugin. -->","yoast_head_json":{"title":"cb01b Rooder fat tire electric bike 48v 1000w 40ah wholesale price - Electric Scooters Bikes Citycoco Manufacturer","robots":{"index":"index","follow":"follow","max-snippet":"max-snippet:-1","max-image-preview":"max-image-preview:large","max-video-preview":"max-video-preview:-1"},"canonical":"https:\/\/www.rooderchina.com\/de\/produkt\/cb01b-rooder-fat-tire-electric-bike-48v-1000w-40ah-wholesale-price\/","og_locale":"de_DE","og_type":"article","og_title":"cb01b Rooder fat tire electric bike 48v 1000w 40ah wholesale price - Electric Scooters Bikes Citycoco Manufacturer","og_description":"Short Description: Rooder Technology Co., Ltd is a high-tech enterprise integrating research and development, production and trade with a registered capital of 2 million. Our main products are electric scooter, mobility scooters, the trailer for wheelchair, citycoco chopper, etc. We have been recognized by IS09001 international quality system and IS013485:2003 quality assurance system and ISO14001 quality and environmental system certification. Our products are approved by China authority inspection organizations and EU CE Certification. We also support customized solution. As your sincere partners, Rooder Group is committed to providing convenience for the disabled and the elderly, and make life colorful.    Brand: OEM\/ODM\/ROODER   Min.Order Quantity: 10 Piece\/Pieces   Supply Ability: 10000 Piece\/Pieces per Month   Port: Shenzhen   Payment Terms: T\/T, L\/C, D\/A, D\/P","og_url":"https:\/\/www.rooderchina.com\/de\/produkt\/cb01b-rooder-fat-tire-electric-bike-48v-1000w-40ah-wholesale-price\/","og_site_name":"Electric Scooters Bikes Citycoco Manufacturer","article_publisher":"https:\/\/www.facebook.com\/rooder.tec","article_modified_time":"2023-11-11T10:49:45+00:00","og_image":[{"width":1000,"height":1000,"url":"https:\/\/www.rooderchina.com\/wp-content\/uploads\/2023\/11\/cb01b-Rooder-fat-tire-electric-bike-48v-1000w-40ah-wholesale-price-1.jpg","type":"image\/jpeg"}],"twitter_card":"summary_large_image","twitter_site":"@RooderTec","twitter_misc":{"Gesch\u00e4tzte Lesezeit":"1\u00a0Minute"},"schema":{"@context":"https:\/\/schema.org","@graph":[{"@type":"WebPage","@id":"https:\/\/www.rooderchina.com\/product\/cb01b-rooder-fat-tire-electric-bike-48v-1000w-40ah-wholesale-price\/","url":"https:\/\/www.rooderchina.com\/product\/cb01b-rooder-fat-tire-electric-bike-48v-1000w-40ah-wholesale-price\/","name":"cb01b Rooder fat tire electric bike 48v 1000w 40ah wholesale price - Electric Scooters Bikes Citycoco Manufacturer","isPartOf":{"@id":"https:\/\/www.rooderchina.com\/#website"},"datePublished":"2023-11-11T10:49:12+00:00","dateModified":"2023-11-11T10:49:45+00:00","breadcrumb":{"@id":"https:\/\/www.rooderchina.com\/product\/cb01b-rooder-fat-tire-electric-bike-48v-1000w-40ah-wholesale-price\/#breadcrumb"},"inLanguage":"de","potentialAction":[{"@type":"ReadAction","target":["https:\/\/www.rooderchina.com\/product\/cb01b-rooder-fat-tire-electric-bike-48v-1000w-40ah-wholesale-price\/"]}]},{"@type":"BreadcrumbList","@id":"https:\/\/www.rooderchina.com\/product\/cb01b-rooder-fat-tire-electric-bike-48v-1000w-40ah-wholesale-price\/#breadcrumb","itemListElement":[{"@type":"ListItem","position":1,"name":"HOME","item":"https:\/\/www.rooderchina.com\/"},{"@type":"ListItem","position":2,"name":"Shop","item":"https:\/\/www.rooderchina.com\/shop\/"},{"@type":"ListItem","position":3,"name":"cb01b Rooder fat tire electric bike 48v 1000w 40ah wholesale price"}]},{"@type":"WebSite","@id":"https:\/\/www.rooderchina.com\/#website","url":"https:\/\/www.rooderchina.com\/","name":"Electric Scooters Bikes Citycoco Manufacturer","description":"Rooder Technology Limited","publisher":{"@id":"https:\/\/www.rooderchina.com\/#organization"},"potentialAction":[{"@type":"SearchAction","target":{"@type":"EntryPoint","urlTemplate":"https:\/\/www.rooderchina.com\/?s={search_term_string}"},"query-input":"required name=search_term_string"}],"inLanguage":"de"},{"@type":"Organization","@id":"https:\/\/www.rooderchina.com\/#organization","name":"Electric Scooters Bikes Citycoco Manufacturer","url":"https:\/\/www.rooderchina.com\/","logo":{"@type":"ImageObject","inLanguage":"de","@id":"https:\/\/www.rooderchina.com\/#\/schema\/logo\/image\/","url":"https:\/\/www.rooderchina.com\/wp-content\/uploads\/2023\/12\/rooder2.jpg","contentUrl":"https:\/\/www.rooderchina.com\/wp-content\/uploads\/2023\/12\/rooder2.jpg","width":1723,"height":1037,"caption":"Electric Scooters Bikes Citycoco Manufacturer"},"image":{"@id":"https:\/\/www.rooderchina.com\/#\/schema\/logo\/image\/"},"sameAs":["https:\/\/www.facebook.com\/rooder.tec","https:\/\/twitter.com\/RooderTec"]}]}},"_links":{"self":[{"href":"https:\/\/www.rooderchina.com\/de\/wp-json\/wp\/v2\/product\/9785","targetHints":{"allow":["GET"]}}],"collection":[{"href":"https:\/\/www.rooderchina.com\/de\/wp-json\/wp\/v2\/product"}],"about":[{"href":"https:\/\/www.rooderchina.com\/de\/wp-json\/wp\/v2\/types\/product"}],"replies":[{"embeddable":true,"href":"https:\/\/www.rooderchina.com\/de\/wp-json\/wp\/v2\/comments?post=9785"}],"version-history":[{"count":1,"href":"https:\/\/www.rooderchina.com\/de\/wp-json\/wp\/v2\/product\/9785\/revisions"}],"predecessor-version":[{"id":9786,"href":"https:\/\/www.rooderchina.com\/de\/wp-json\/wp\/v2\/product\/9785\/revisions\/9786"}],"wp:featuredmedia":[{"embeddable":true,"href":"https:\/\/www.rooderchina.com\/de\/wp-json\/wp\/v2\/media\/9787"}],"wp:attachment":[{"href":"https:\/\/www.rooderchina.com\/de\/wp-json\/wp\/v2\/media?parent=9785"}],"wp:term":[{"taxonomy":"product_brand","embeddable":true,"href":"https:\/\/www.rooderchina.com\/de\/wp-json\/wp\/v2\/product_brand?post=9785"},{"taxonomy":"product_cat","embeddable":true,"href":"https:\/\/www.rooderchina.com\/de\/wp-json\/wp\/v2\/product_cat?post=9785"},{"taxonomy":"product_tag","embeddable":true,"href":"https:\/\/www.rooderchina.com\/de\/wp-json\/wp\/v2\/product_tag?post=9785"}],"curies":[{"name":"wp","href":"https:\/\/api.w.org\/{rel}","templated":true}]}}