{"id":9689,"date":"2023-11-11T18:46:12","date_gmt":"2023-11-11T10:46:12","guid":{"rendered":"http:\/\/www.rooderchina.com\/index.php\/product\/newest-big-wheel-citycoco-electric-scooter-with-seat-for-adult\/"},"modified":"2023-11-11T18:46:12","modified_gmt":"2023-11-11T10:46:12","slug":"newest-big-wheel-citycoco-electric-scooter-with-seat-for-adult","status":"publish","type":"product","link":"https:\/\/www.rooderchina.com\/de\/produkt\/newest-big-wheel-citycoco-electric-scooter-with-seat-for-adult\/","title":{"rendered":"Neueste Big wheel citycoco Elektroroller mit Sitz f\u00fcr Erwachsene"},"content":{"rendered":"<p><span style=\"font-size: large;\">Neueste Big wheel citycoco Elektroroller mit Sitz f\u00fcr Erwachsene<\/span><\/p>\n<p>Rooder\u00a0 Group has been in electric scooter industry for 5 years, which is factory focus on citycoco, balance scooter, and kick scooter.\u00a0 It has been exporting\u00a0 high quality electric scooter to all over the world, together earning a lot of good reputation. Rooder brand is representing\u00a0 high quality and good service.<\/p>\n<p>&nbsp;<\/p>\n<p>Let\u2019s look at this excellent citycoco electric scooter<\/p>\n<p><iframe loading=\"lazy\" src=\"https:\/\/www.youtube.com\/embed\/Oip0Y3Z9gk8?rel=0\" height=\"550\" width=\"1025\" allowfullscreen=\"\" frameborder=\"0\"><\/iframe><\/p>\n<p>Model:r804o<br \/>\nL\u00e4nge: 1756mm*750mm*50mm<br \/>\nReifengr\u00f6\u00dfe: 18\u00d79,5 Zoll<br \/>\nBremsart : Scheibenbremse<br \/>\nMaximale Steigung: 18 Grad<br \/>\nMaximales Drehmoment: 95N\/M<br \/>\nMaximale Laufleistung : 35-40KM<br \/>\nH\u00f6chstgeschwindigkeit:50km\/h<br \/>\nMaximale Belastung : 200KG<br \/>\nHerausnehmbare Batterie: 60V12AH Lithium-Batterie<br \/>\nAufladezeit: 6 Stunden<br \/>\nMotorleistung : 2000W<br \/>\nVordere Federung: ja<br \/>\nHintere Federung: ja<br \/>\nHorn: Ja.<br \/>\nHintere Abbiegelichter: ja<br \/>\nBremslicht: ja<br \/>\nLED-Anzeige: ja<br \/>\nDoppelsitz: ja<br \/>\nphone holder with USB port: yes<br \/>\nrear box: yes<br \/>\nmotorcycle voice speaker: yes<br \/>\nfront side lights: yes<br \/>\noff road tire: yes<br \/>\nmirrors: yes\n       <\/p>\n<\/p>\n<p><span style=\"font-size: large;\">Packaging information<\/span><\/p>\n<p>&nbsp;<\/p>\n<p>1PC\/Karton<\/p>\n<p>Kartongr\u00f6\u00dfe:1850*420*870mm<\/p>\n<p>NW:65kg, GW:70kg<\/p>\n<p>0,676CBM\/Stk<\/p>\n<p>&nbsp;<\/p>\n<p>Container-Bestellung:<\/p>\n<p>43St\u00fcck in 20GP<\/p>\n<p>92St\u00fcck in 40GP<\/p>\n<p>104St\u00fcck in 40HC<\/p>\n<\/p>\n<p>&nbsp;<\/p>","protected":false},"excerpt":{"rendered":"<h3>Kurze Beschreibung:<\/h3>\n<p><p>Finding Neueste Gro\u00dfes Rad citycoco Elektroroller mit Sitz f\u00fcr Erwachsene von Rooder citycoco Roller Fabrik, Gro\u00dfes Rad Elektroroller Lieferant, exportieren citycoco auf der ganzen Welt.<\/p>\n<\/p>\n<p><\/p>\n<li><em>Marke: <\/em> OEM\/ODM\/ROODER<\/li>\n<li><em>Mindestbestellmenge: <\/em> 10 St\u00fcck\/St\u00fcck<\/li>\n<li><em>Lieferf\u00e4higkeit: <\/em> 10000 St\u00fcck\/St\u00fcck pro Monat<\/li>\n<li><em>Hafen: <\/em> Shenzhen<\/li>\n<li><em>Zahlungsbedingungen: <\/em> T\/T, L\/C, D\/A, D\/P<\/li>\n<li><em>Modell: <\/em> R804o<\/li>","protected":false},"featured_media":9691,"comment_status":"closed","ping_status":"open","template":"","meta":[],"product_brand":[],"product_cat":[464],"product_tag":[820],"class_list":{"0":"post-9689","1":"product","2":"type-product","3":"status-publish","4":"has-post-thumbnail","6":"product_cat-citycoco-choppers","7":"product_tag-big-wheel-electric-scootercitycoco-1500wcitycoco-electric-scootercitycoco-harleycitycoco-scootercoc-approval-citycocococ-citycoco-factory","9":"first","10":"instock","11":"product-type-simple"},"yoast_head":"<!-- This site is optimized with the Yoast SEO plugin v21.7 - https:\/\/yoast.com\/wordpress\/plugins\/seo\/ -->\n<title>Newest Big wheel citycoco electric scooter with seat for adult - Electric Scooters Bikes Citycoco Manufacturer<\/title>\n<meta name=\"robots\" content=\"index, follow, max-snippet:-1, max-image-preview:large, max-video-preview:-1\" \/>\n<link rel=\"canonical\" href=\"https:\/\/www.rooderchina.com\/de\/produkt\/newest-big-wheel-citycoco-electric-scooter-with-seat-for-adult\/\" \/>\n<meta property=\"og:locale\" content=\"de_DE\" \/>\n<meta property=\"og:type\" content=\"article\" \/>\n<meta property=\"og:title\" content=\"Newest Big wheel citycoco electric scooter with seat for adult - Electric Scooters Bikes Citycoco Manufacturer\" \/>\n<meta property=\"og:description\" content=\"Short Description: Finding\u00a0Newest Big wheel citycoco electric scooter with seat for adult from Rooder citycoco scooter factory, big wheel electric scooter supplier, exporting citycoco all\u00a0 around the world.    Brand: OEM\/ODM\/ROODER   Min.Order Quantity: 10 Piece\/Pieces   Supply Ability: 10000 Piece\/Pieces per Month   Port: Shenzhen   Payment Terms: T\/T, L\/C, D\/A, D\/P   Model: R804o\" \/>\n<meta property=\"og:url\" content=\"https:\/\/www.rooderchina.com\/de\/produkt\/newest-big-wheel-citycoco-electric-scooter-with-seat-for-adult\/\" \/>\n<meta property=\"og:site_name\" content=\"Electric Scooters Bikes Citycoco Manufacturer\" \/>\n<meta property=\"article:publisher\" content=\"https:\/\/www.facebook.com\/rooder.tec\" \/>\n<meta property=\"og:image\" content=\"https:\/\/www.rooderchina.com\/wp-content\/uploads\/2023\/11\/c7a1cbaa.jpg\" \/>\n\t<meta property=\"og:image:width\" content=\"1025\" \/>\n\t<meta property=\"og:image:height\" content=\"1025\" \/>\n\t<meta property=\"og:image:type\" content=\"image\/jpeg\" \/>\n<meta name=\"twitter:card\" content=\"summary_large_image\" \/>\n<meta name=\"twitter:site\" content=\"@RooderTec\" \/>\n<meta name=\"twitter:label1\" content=\"Gesch\u00e4tzte Lesezeit\" \/>\n\t<meta name=\"twitter:data1\" content=\"1\u00a0Minute\" \/>\n<script type=\"application\/ld+json\" class=\"yoast-schema-graph\">{\"@context\":\"https:\/\/schema.org\",\"@graph\":[{\"@type\":\"WebPage\",\"@id\":\"https:\/\/www.rooderchina.com\/product\/newest-big-wheel-citycoco-electric-scooter-with-seat-for-adult\/\",\"url\":\"https:\/\/www.rooderchina.com\/product\/newest-big-wheel-citycoco-electric-scooter-with-seat-for-adult\/\",\"name\":\"Newest Big wheel citycoco electric scooter with seat for adult - Electric Scooters Bikes Citycoco Manufacturer\",\"isPartOf\":{\"@id\":\"https:\/\/www.rooderchina.com\/#website\"},\"datePublished\":\"2023-11-11T10:46:12+00:00\",\"dateModified\":\"2023-11-11T10:46:12+00:00\",\"breadcrumb\":{\"@id\":\"https:\/\/www.rooderchina.com\/product\/newest-big-wheel-citycoco-electric-scooter-with-seat-for-adult\/#breadcrumb\"},\"inLanguage\":\"de\",\"potentialAction\":[{\"@type\":\"ReadAction\",\"target\":[\"https:\/\/www.rooderchina.com\/product\/newest-big-wheel-citycoco-electric-scooter-with-seat-for-adult\/\"]}]},{\"@type\":\"BreadcrumbList\",\"@id\":\"https:\/\/www.rooderchina.com\/product\/newest-big-wheel-citycoco-electric-scooter-with-seat-for-adult\/#breadcrumb\",\"itemListElement\":[{\"@type\":\"ListItem\",\"position\":1,\"name\":\"HOME\",\"item\":\"https:\/\/www.rooderchina.com\/\"},{\"@type\":\"ListItem\",\"position\":2,\"name\":\"Shop\",\"item\":\"https:\/\/www.rooderchina.com\/shop\/\"},{\"@type\":\"ListItem\",\"position\":3,\"name\":\"Newest Big wheel citycoco electric scooter with seat for adult\"}]},{\"@type\":\"WebSite\",\"@id\":\"https:\/\/www.rooderchina.com\/#website\",\"url\":\"https:\/\/www.rooderchina.com\/\",\"name\":\"Electric Scooters Bikes Citycoco Manufacturer\",\"description\":\"Rooder Technology Limited\",\"publisher\":{\"@id\":\"https:\/\/www.rooderchina.com\/#organization\"},\"potentialAction\":[{\"@type\":\"SearchAction\",\"target\":{\"@type\":\"EntryPoint\",\"urlTemplate\":\"https:\/\/www.rooderchina.com\/?s={search_term_string}\"},\"query-input\":\"required name=search_term_string\"}],\"inLanguage\":\"de\"},{\"@type\":\"Organization\",\"@id\":\"https:\/\/www.rooderchina.com\/#organization\",\"name\":\"Electric Scooters Bikes Citycoco Manufacturer\",\"url\":\"https:\/\/www.rooderchina.com\/\",\"logo\":{\"@type\":\"ImageObject\",\"inLanguage\":\"de\",\"@id\":\"https:\/\/www.rooderchina.com\/#\/schema\/logo\/image\/\",\"url\":\"https:\/\/www.rooderchina.com\/wp-content\/uploads\/2023\/12\/rooder2.jpg\",\"contentUrl\":\"https:\/\/www.rooderchina.com\/wp-content\/uploads\/2023\/12\/rooder2.jpg\",\"width\":1723,\"height\":1037,\"caption\":\"Electric Scooters Bikes Citycoco Manufacturer\"},\"image\":{\"@id\":\"https:\/\/www.rooderchina.com\/#\/schema\/logo\/image\/\"},\"sameAs\":[\"https:\/\/www.facebook.com\/rooder.tec\",\"https:\/\/twitter.com\/RooderTec\"]}]}<\/script>\n<!-- \/ Yoast SEO plugin. -->","yoast_head_json":{"title":"Newest Big wheel citycoco electric scooter with seat for adult - Electric Scooters Bikes Citycoco Manufacturer","robots":{"index":"index","follow":"follow","max-snippet":"max-snippet:-1","max-image-preview":"max-image-preview:large","max-video-preview":"max-video-preview:-1"},"canonical":"https:\/\/www.rooderchina.com\/de\/produkt\/newest-big-wheel-citycoco-electric-scooter-with-seat-for-adult\/","og_locale":"de_DE","og_type":"article","og_title":"Newest Big wheel citycoco electric scooter with seat for adult - Electric Scooters Bikes Citycoco Manufacturer","og_description":"Short Description: Finding\u00a0Newest Big wheel citycoco electric scooter with seat for adult from Rooder citycoco scooter factory, big wheel electric scooter supplier, exporting citycoco all\u00a0 around the world.    Brand: OEM\/ODM\/ROODER   Min.Order Quantity: 10 Piece\/Pieces   Supply Ability: 10000 Piece\/Pieces per Month   Port: Shenzhen   Payment Terms: T\/T, L\/C, D\/A, D\/P   Model: R804o","og_url":"https:\/\/www.rooderchina.com\/de\/produkt\/newest-big-wheel-citycoco-electric-scooter-with-seat-for-adult\/","og_site_name":"Electric Scooters Bikes Citycoco Manufacturer","article_publisher":"https:\/\/www.facebook.com\/rooder.tec","og_image":[{"width":1025,"height":1025,"url":"https:\/\/www.rooderchina.com\/wp-content\/uploads\/2023\/11\/c7a1cbaa.jpg","type":"image\/jpeg"}],"twitter_card":"summary_large_image","twitter_site":"@RooderTec","twitter_misc":{"Gesch\u00e4tzte Lesezeit":"1\u00a0Minute"},"schema":{"@context":"https:\/\/schema.org","@graph":[{"@type":"WebPage","@id":"https:\/\/www.rooderchina.com\/product\/newest-big-wheel-citycoco-electric-scooter-with-seat-for-adult\/","url":"https:\/\/www.rooderchina.com\/product\/newest-big-wheel-citycoco-electric-scooter-with-seat-for-adult\/","name":"Newest Big wheel citycoco electric scooter with seat for adult - Electric Scooters Bikes Citycoco Manufacturer","isPartOf":{"@id":"https:\/\/www.rooderchina.com\/#website"},"datePublished":"2023-11-11T10:46:12+00:00","dateModified":"2023-11-11T10:46:12+00:00","breadcrumb":{"@id":"https:\/\/www.rooderchina.com\/product\/newest-big-wheel-citycoco-electric-scooter-with-seat-for-adult\/#breadcrumb"},"inLanguage":"de","potentialAction":[{"@type":"ReadAction","target":["https:\/\/www.rooderchina.com\/product\/newest-big-wheel-citycoco-electric-scooter-with-seat-for-adult\/"]}]},{"@type":"BreadcrumbList","@id":"https:\/\/www.rooderchina.com\/product\/newest-big-wheel-citycoco-electric-scooter-with-seat-for-adult\/#breadcrumb","itemListElement":[{"@type":"ListItem","position":1,"name":"HOME","item":"https:\/\/www.rooderchina.com\/"},{"@type":"ListItem","position":2,"name":"Shop","item":"https:\/\/www.rooderchina.com\/shop\/"},{"@type":"ListItem","position":3,"name":"Newest Big wheel citycoco electric scooter with seat for adult"}]},{"@type":"WebSite","@id":"https:\/\/www.rooderchina.com\/#website","url":"https:\/\/www.rooderchina.com\/","name":"Electric Scooters Bikes Citycoco Manufacturer","description":"Rooder Technology Limited","publisher":{"@id":"https:\/\/www.rooderchina.com\/#organization"},"potentialAction":[{"@type":"SearchAction","target":{"@type":"EntryPoint","urlTemplate":"https:\/\/www.rooderchina.com\/?s={search_term_string}"},"query-input":"required name=search_term_string"}],"inLanguage":"de"},{"@type":"Organization","@id":"https:\/\/www.rooderchina.com\/#organization","name":"Electric Scooters Bikes Citycoco Manufacturer","url":"https:\/\/www.rooderchina.com\/","logo":{"@type":"ImageObject","inLanguage":"de","@id":"https:\/\/www.rooderchina.com\/#\/schema\/logo\/image\/","url":"https:\/\/www.rooderchina.com\/wp-content\/uploads\/2023\/12\/rooder2.jpg","contentUrl":"https:\/\/www.rooderchina.com\/wp-content\/uploads\/2023\/12\/rooder2.jpg","width":1723,"height":1037,"caption":"Electric Scooters Bikes Citycoco Manufacturer"},"image":{"@id":"https:\/\/www.rooderchina.com\/#\/schema\/logo\/image\/"},"sameAs":["https:\/\/www.facebook.com\/rooder.tec","https:\/\/twitter.com\/RooderTec"]}]}},"_links":{"self":[{"href":"https:\/\/www.rooderchina.com\/de\/wp-json\/wp\/v2\/product\/9689","targetHints":{"allow":["GET"]}}],"collection":[{"href":"https:\/\/www.rooderchina.com\/de\/wp-json\/wp\/v2\/product"}],"about":[{"href":"https:\/\/www.rooderchina.com\/de\/wp-json\/wp\/v2\/types\/product"}],"replies":[{"embeddable":true,"href":"https:\/\/www.rooderchina.com\/de\/wp-json\/wp\/v2\/comments?post=9689"}],"version-history":[{"count":1,"href":"https:\/\/www.rooderchina.com\/de\/wp-json\/wp\/v2\/product\/9689\/revisions"}],"predecessor-version":[{"id":9690,"href":"https:\/\/www.rooderchina.com\/de\/wp-json\/wp\/v2\/product\/9689\/revisions\/9690"}],"wp:featuredmedia":[{"embeddable":true,"href":"https:\/\/www.rooderchina.com\/de\/wp-json\/wp\/v2\/media\/9691"}],"wp:attachment":[{"href":"https:\/\/www.rooderchina.com\/de\/wp-json\/wp\/v2\/media?parent=9689"}],"wp:term":[{"taxonomy":"product_brand","embeddable":true,"href":"https:\/\/www.rooderchina.com\/de\/wp-json\/wp\/v2\/product_brand?post=9689"},{"taxonomy":"product_cat","embeddable":true,"href":"https:\/\/www.rooderchina.com\/de\/wp-json\/wp\/v2\/product_cat?post=9689"},{"taxonomy":"product_tag","embeddable":true,"href":"https:\/\/www.rooderchina.com\/de\/wp-json\/wp\/v2\/product_tag?post=9689"}],"curies":[{"name":"wp","href":"https:\/\/api.w.org\/{rel}","templated":true}]}}