{"id":9545,"date":"2023-11-11T18:40:50","date_gmt":"2023-11-11T10:40:50","guid":{"rendered":"http:\/\/www.rooderchina.com\/index.php\/product\/elektroroller-harley-scooter-citycoco-elektroscooter-coc-eec-rooder\/"},"modified":"2023-11-11T18:40:50","modified_gmt":"2023-11-11T10:40:50","slug":"elektroroller-harley-scooter-citycoco-elektroscooter-coc-eec-rooder","status":"publish","type":"product","link":"https:\/\/www.rooderchina.com\/de\/produkt\/elektroroller-harley-scooter-citycoco-elektroscooter-coc-eec-rooder\/","title":{"rendered":"Elektroroller Harley Scooter Citycoco Elektroscooter COC EEC ROODER"},"content":{"rendered":"<p><a href=\"https:\/\/www.rooderchina.com\/de\/tag\/elektroroller\/\" title=\"Alle Beitr\u00e4ge in Elektroroller anzeigen\" target=\"_blank\" rel=\"noopener\">Elektroroller<\/a> Harley-Roller <a href=\"https:\/\/www.rooderchina.com\/de\/tag\/citycoco\/\" title=\"Alle Beitr\u00e4ge in Citycoco anzeigen\" target=\"_blank\" rel=\"noopener\">Citycoco<\/a> Elektroscooter COC EEC ROODER<\/p>\n<p><span style=\"color: #ff0000;\"><strong>1.wir sind EU-Lagerhaus Wiederverk\u00e4ufer Lieferant.<\/strong><\/span><\/p>\n<p>Niederl\u00e4ndische Adresse:<\/p>\n<p>MFR-Lagerung<br \/>\nEssebaan 43\/45, 2908 LJ<br \/>\nCapelle Aan Den Ijssel<\/p>\n<p>Rotterdam Niederlande<\/p>\n<p>Name der Kontaktperson: Gavin Lee<\/p>\n<p>Kontaktnummer: 0031***<\/p>\n<p>Whatsapp: 008613632905138<\/p>\n<p>&nbsp;<\/p>\n<p><strong><span style=\"color: #ff0000;\">2. unser Youtube-Kanal (Unboxing, Tests, Design, Fabrik, Material, Kundendienst, Garantie...)<\/span><\/strong><\/p>\n<p><a title=\"citycoco youtube\" href=\"https:\/\/www.youtube.com\/user\/rooder2010\" target=\"_blank\" rel=\"noopener\">https:\/\/www.youtube.com\/user\/rooder2010<\/a><\/p>\n<p>Bitte abonnieren und m\u00f6gen Sie uns. Rooder Live Show Zeitplan.<\/p>\n<p>&nbsp;<\/p>\n<p>Das folgende Produkt Rooder Mangostan r804-m8 ist zertifiziert COC (Certificate of Conformity), 2000W EEC elektrische Walze, ist die neueste und modernste Design in diesem Jahr, die elektrische Walze, die wir haben LED-Scheinwerfer und Taschenlampen, modische LED-Display-Design, CNC-Aluminium-Design, Aluminium-Gabel, vorne 12-Zoll-Aluminium-Legierung Felge, vorne und hinten hydraulische Scheibenbremse, buntes Design f\u00fcr die Kundenwahl. Der Rooder-Roller ist von der EWG zugelassen, jeder Citycoco-Roller hat ein COC-Zertifikat. Und kann Stra\u00dfenverkehr in Europa, 2000W Aluminiumrad leistungsstarken b\u00fcrstenlosen Motor, bequemen gro\u00dfen Sitz fahren. 60V 20A oder 30ah Lithium-Austausch-Akku, lange Laufleistung f\u00fcr den Antrieb, Batteriekasten mit st\u00e4rkerer Abdeckung, mehr Sicherheit und Langlebigkeit. 4A Schnellladeger\u00e4t, 4-5 Stunden k\u00f6nnen vollst\u00e4ndig aufgeladen werden.<\/p>\n<p>Wenn Sie einen elektrischen Roller brauchen, um zur Arbeit, zum Einkaufen, zum Strand oder auf eine Reise zu gehen, ist dieser zweir\u00e4drige elektrische Roller Ihre beste Wahl!<\/p>\n<p>Wir haben Lager in Holland und Deutschland, Min Bestellung 1 St\u00fcck, schneller Versand nach Europa Union L\u00e4nder wie Niederlande, Belgien, Deutschland, Frankreich, Vereinigtes K\u00f6nigreich, Monaco, Italien, Spanien, Irland, D\u00e4nemark, Schweden, Finnland, Griechenland, Litauen, Lettland, Portugal, Estland, Kroatien, Rum\u00e4nien, Ungarn und so weiter.<\/p>\n<p>&nbsp;<\/p>\n<p>Beschreibung<\/p>\n<p>Modell: r804-m8<br \/>\nReifengr\u00f6\u00dfe : 18Zoll<br \/>\nBremsart : Scheibenbremse<br \/>\nMaximale Steigung: 30 Grad<br \/>\nMaximales Drehmoment: 95N\/M<br \/>\nMaximale Kilometerleistung : 50KM<br \/>\nH\u00f6chstgeschwindigkeit:45km\/h<br \/>\nMaximale Belastung : 200KG<br \/>\nHerausnehmbare Batterie: 60V20AH Lithium-Batterie<br \/>\nAufladezeit: 5 Stunden<br \/>\nMotorleistung : 2000W<br \/>\nHorn: Ja.<br \/>\nVordere Federung: ja<br \/>\nHintere Federung: ja<br \/>\nHorn: Ja.<br \/>\nVorderes LED-Licht: ja<br \/>\nVordere Abbiegelichter: ja<br \/>\nHintere Abbiegelichter: ja<br \/>\nBremslicht: ja<br \/>\nLCD-Anzeige: ja<br \/>\nNW: 72KG GW: 82KG<br \/>\nPaketgr\u00f6\u00dfe: 180*38*77cm<\/p>\n<p>Option: 3000w.<\/p>\n<p>Weitere Details finden Sie in unserem YouTube-Kanal:<\/p>\n<p data-spm-anchor-id=\"a2700.wholesale.pronpeci14.i0.1d2775e8mQVU4q\"><a title=\"Rooder citycoco\" href=\"https:\/\/www.youtube.com\/watch?v=q041U4dO3yo \" target=\"_blank\" rel=\"noopener\">https:\/\/www.youtube.com\/watch?v=q041U4dO3yo\u00a0<\/a><\/p>\n<p data-spm-anchor-id=\"a2700.wholesale.pronpeci14.i0.1d2775e8mQVU4q\">\n<p><iframe loading=\"lazy\" src=\"https:\/\/www.youtube.com\/embed\/q041U4dO3yo?rel=0&amp;autoplay=0\" height=\"318\" width=\"385\" allowfullscreen=\"\" frameborder=\"0\"><\/iframe><\/p>","protected":false},"excerpt":{"rendered":"<h3>Kurze Beschreibung:<\/h3>\n<p><p>Die Rooder-Gruppe verf\u00fcgt \u00fcber ein eigenes Citycoco-Patent und hat gleichzeitig die EWG-Zulassung erhalten.<\/p>\n<p>Rooder citycoco Elektroroller R804-m8 ist ein neues Design auf der Grundlage der ersten Generation citycoco r804, es kommt mit Einzelsitz, st\u00e4rkeren Motor und abnehmbare Batterie, 12ah und 20ah Batterie optional. Er hat die EWG-Norm 168\/2013 Kategorie Le1B sowie VIN und COC Papier f\u00fcr die Registrierung f\u00fcr die Stra\u00dfe legal mit in Europa. Wir haben Lager in Holland und Deutschland, Min um 1 St\u00fcck, schnellen Versand nach Europa Union L\u00e4nder wie Niederlande, Belgien, Deutschland, Frankreich, Vereinigtes K\u00f6nigreich,<br \/>\nMonaco, Italien, Spanien, Irland, D\u00e4nemark, Schweden, Finnland, Griechenland, Litauen, Lettland, Portugal, Estland, Kroatien, Rum\u00e4nien, Ungarn und so weiter.<\/p>\n<\/p>\n<p><\/p>\n<li><em>Marke: <\/em> OEM\/ODM\/ROODER<\/li>\n<li><em>Mindestbestellmenge: <\/em> 10 St\u00fcck\/St\u00fcck<\/li>\n<li><em>Lieferf\u00e4higkeit: <\/em> 10000 St\u00fcck\/St\u00fcck pro Monat<\/li>\n<li><em>Hafen: <\/em> Shenzhen<\/li>\n<li><em>Zahlungsbedingungen: <\/em> T\/T, L\/C, D\/A, D\/P<\/li>","protected":false},"featured_media":9547,"comment_status":"closed","ping_status":"open","template":"","meta":[],"product_brand":[],"product_cat":[464],"product_tag":[468,765,766,767,768,769,508,770],"class_list":{"0":"post-9545","1":"product","2":"type-product","3":"status-publish","4":"has-post-thumbnail","6":"product_cat-citycoco-choppers","7":"product_tag-citycoco","8":"product_tag-citycoco-coc","9":"product_tag-citycoco-coc-eec","10":"product_tag-citycoco-eec","11":"product_tag-elektroroller","12":"product_tag-elektroscooter","13":"product_tag-harley","14":"product_tag-harley-scooter","16":"first","17":"instock","18":"product-type-simple"},"yoast_head":"<!-- This site is optimized with the Yoast SEO plugin v21.7 - https:\/\/yoast.com\/wordpress\/plugins\/seo\/ -->\n<title>Elektroroller Harley Scooter Citycoco Elektroscooter COC EEC ROODER - Electric Scooters Bikes Citycoco Manufacturer<\/title>\n<meta name=\"robots\" content=\"index, follow, max-snippet:-1, max-image-preview:large, max-video-preview:-1\" \/>\n<link rel=\"canonical\" href=\"https:\/\/www.rooderchina.com\/de\/produkt\/elektroroller-harley-scooter-citycoco-elektroscooter-coc-eec-rooder\/\" \/>\n<meta property=\"og:locale\" content=\"de_DE\" \/>\n<meta property=\"og:type\" content=\"article\" \/>\n<meta property=\"og:title\" content=\"Elektroroller Harley Scooter Citycoco Elektroscooter COC EEC ROODER - Electric Scooters Bikes Citycoco Manufacturer\" \/>\n<meta property=\"og:description\" content=\"Short Description: Rooder group has our own patent citycoco,\u00a0 and passed EEC approval at the same time. Rooder citycoco electric scooter R804-m8 is new design based on first generation citycoco r804, it comes with\u00a0single\u00a0seat, stronger motor and removable battery, 12ah and 20ah battery optional. It passed EEC standard 168\/2013 category Le1B as well as VIN and COC paper for register for street legal using in Europe. We have warehouse in Holland and Germany, Min order 1 piece, fast shipping to Europe Union Countries such as\u00a0Netherlands, Belgium, Germany, France, United Kingdom, Monaco, Italy, Spain, Ireland, Denmark, Sweden, Finland, Greece, Lithuania, Latvia, Portugal, Estonia, Croatia, Romania, Hungary and so on.    Brand: OEM\/ODM\/ROODER   Min.Order Quantity: 10 Piece\/Pieces   Supply Ability: 10000 Piece\/Pieces per Month   Port: Shenzhen   Payment Terms: T\/T, L\/C, D\/A, D\/P\" \/>\n<meta property=\"og:url\" content=\"https:\/\/www.rooderchina.com\/de\/produkt\/elektroroller-harley-scooter-citycoco-elektroscooter-coc-eec-rooder\/\" \/>\n<meta property=\"og:site_name\" content=\"Electric Scooters Bikes Citycoco Manufacturer\" \/>\n<meta property=\"article:publisher\" content=\"https:\/\/www.facebook.com\/rooder.tec\" \/>\n<meta property=\"og:image\" content=\"https:\/\/www.rooderchina.com\/wp-content\/uploads\/2023\/11\/9d3e868c.jpg\" \/>\n\t<meta property=\"og:image:width\" content=\"750\" \/>\n\t<meta property=\"og:image:height\" content=\"750\" \/>\n\t<meta property=\"og:image:type\" content=\"image\/jpeg\" \/>\n<meta name=\"twitter:card\" content=\"summary_large_image\" \/>\n<meta name=\"twitter:site\" content=\"@RooderTec\" \/>\n<meta name=\"twitter:label1\" content=\"Gesch\u00e4tzte Lesezeit\" \/>\n\t<meta name=\"twitter:data1\" content=\"2\u00a0Minuten\" \/>\n<script type=\"application\/ld+json\" class=\"yoast-schema-graph\">{\"@context\":\"https:\/\/schema.org\",\"@graph\":[{\"@type\":\"WebPage\",\"@id\":\"https:\/\/www.rooderchina.com\/product\/elektroroller-harley-scooter-citycoco-elektroscooter-coc-eec-rooder\/\",\"url\":\"https:\/\/www.rooderchina.com\/product\/elektroroller-harley-scooter-citycoco-elektroscooter-coc-eec-rooder\/\",\"name\":\"Elektroroller Harley Scooter Citycoco Elektroscooter COC EEC ROODER - Electric Scooters Bikes Citycoco Manufacturer\",\"isPartOf\":{\"@id\":\"https:\/\/www.rooderchina.com\/#website\"},\"datePublished\":\"2023-11-11T10:40:50+00:00\",\"dateModified\":\"2023-11-11T10:40:50+00:00\",\"breadcrumb\":{\"@id\":\"https:\/\/www.rooderchina.com\/product\/elektroroller-harley-scooter-citycoco-elektroscooter-coc-eec-rooder\/#breadcrumb\"},\"inLanguage\":\"de\",\"potentialAction\":[{\"@type\":\"ReadAction\",\"target\":[\"https:\/\/www.rooderchina.com\/product\/elektroroller-harley-scooter-citycoco-elektroscooter-coc-eec-rooder\/\"]}]},{\"@type\":\"BreadcrumbList\",\"@id\":\"https:\/\/www.rooderchina.com\/product\/elektroroller-harley-scooter-citycoco-elektroscooter-coc-eec-rooder\/#breadcrumb\",\"itemListElement\":[{\"@type\":\"ListItem\",\"position\":1,\"name\":\"HOME\",\"item\":\"https:\/\/www.rooderchina.com\/\"},{\"@type\":\"ListItem\",\"position\":2,\"name\":\"Shop\",\"item\":\"https:\/\/www.rooderchina.com\/shop\/\"},{\"@type\":\"ListItem\",\"position\":3,\"name\":\"Elektroroller Harley Scooter Citycoco Elektroscooter COC EEC ROODER\"}]},{\"@type\":\"WebSite\",\"@id\":\"https:\/\/www.rooderchina.com\/#website\",\"url\":\"https:\/\/www.rooderchina.com\/\",\"name\":\"Electric Scooters Bikes Citycoco Manufacturer\",\"description\":\"Rooder Technology Limited\",\"publisher\":{\"@id\":\"https:\/\/www.rooderchina.com\/#organization\"},\"potentialAction\":[{\"@type\":\"SearchAction\",\"target\":{\"@type\":\"EntryPoint\",\"urlTemplate\":\"https:\/\/www.rooderchina.com\/?s={search_term_string}\"},\"query-input\":\"required name=search_term_string\"}],\"inLanguage\":\"de\"},{\"@type\":\"Organization\",\"@id\":\"https:\/\/www.rooderchina.com\/#organization\",\"name\":\"Electric Scooters Bikes Citycoco Manufacturer\",\"url\":\"https:\/\/www.rooderchina.com\/\",\"logo\":{\"@type\":\"ImageObject\",\"inLanguage\":\"de\",\"@id\":\"https:\/\/www.rooderchina.com\/#\/schema\/logo\/image\/\",\"url\":\"https:\/\/www.rooderchina.com\/wp-content\/uploads\/2023\/12\/rooder2.jpg\",\"contentUrl\":\"https:\/\/www.rooderchina.com\/wp-content\/uploads\/2023\/12\/rooder2.jpg\",\"width\":1723,\"height\":1037,\"caption\":\"Electric Scooters Bikes Citycoco Manufacturer\"},\"image\":{\"@id\":\"https:\/\/www.rooderchina.com\/#\/schema\/logo\/image\/\"},\"sameAs\":[\"https:\/\/www.facebook.com\/rooder.tec\",\"https:\/\/twitter.com\/RooderTec\"]}]}<\/script>\n<!-- \/ Yoast SEO plugin. -->","yoast_head_json":{"title":"Elektroroller Harley Scooter Citycoco Elektroscooter COC EEC ROODER - Electric Scooters Bikes Citycoco Manufacturer","robots":{"index":"index","follow":"follow","max-snippet":"max-snippet:-1","max-image-preview":"max-image-preview:large","max-video-preview":"max-video-preview:-1"},"canonical":"https:\/\/www.rooderchina.com\/de\/produkt\/elektroroller-harley-scooter-citycoco-elektroscooter-coc-eec-rooder\/","og_locale":"de_DE","og_type":"article","og_title":"Elektroroller Harley Scooter Citycoco Elektroscooter COC EEC ROODER - Electric Scooters Bikes Citycoco Manufacturer","og_description":"Short Description: Rooder group has our own patent citycoco,\u00a0 and passed EEC approval at the same time. Rooder citycoco electric scooter R804-m8 is new design based on first generation citycoco r804, it comes with\u00a0single\u00a0seat, stronger motor and removable battery, 12ah and 20ah battery optional. It passed EEC standard 168\/2013 category Le1B as well as VIN and COC paper for register for street legal using in Europe. We have warehouse in Holland and Germany, Min order 1 piece, fast shipping to Europe Union Countries such as\u00a0Netherlands, Belgium, Germany, France, United Kingdom, Monaco, Italy, Spain, Ireland, Denmark, Sweden, Finland, Greece, Lithuania, Latvia, Portugal, Estonia, Croatia, Romania, Hungary and so on.    Brand: OEM\/ODM\/ROODER   Min.Order Quantity: 10 Piece\/Pieces   Supply Ability: 10000 Piece\/Pieces per Month   Port: Shenzhen   Payment Terms: T\/T, L\/C, D\/A, D\/P","og_url":"https:\/\/www.rooderchina.com\/de\/produkt\/elektroroller-harley-scooter-citycoco-elektroscooter-coc-eec-rooder\/","og_site_name":"Electric Scooters Bikes Citycoco Manufacturer","article_publisher":"https:\/\/www.facebook.com\/rooder.tec","og_image":[{"width":750,"height":750,"url":"https:\/\/www.rooderchina.com\/wp-content\/uploads\/2023\/11\/9d3e868c.jpg","type":"image\/jpeg"}],"twitter_card":"summary_large_image","twitter_site":"@RooderTec","twitter_misc":{"Gesch\u00e4tzte Lesezeit":"2\u00a0Minuten"},"schema":{"@context":"https:\/\/schema.org","@graph":[{"@type":"WebPage","@id":"https:\/\/www.rooderchina.com\/product\/elektroroller-harley-scooter-citycoco-elektroscooter-coc-eec-rooder\/","url":"https:\/\/www.rooderchina.com\/product\/elektroroller-harley-scooter-citycoco-elektroscooter-coc-eec-rooder\/","name":"Elektroroller Harley Scooter Citycoco Elektroscooter COC EEC ROODER - Electric Scooters Bikes Citycoco Manufacturer","isPartOf":{"@id":"https:\/\/www.rooderchina.com\/#website"},"datePublished":"2023-11-11T10:40:50+00:00","dateModified":"2023-11-11T10:40:50+00:00","breadcrumb":{"@id":"https:\/\/www.rooderchina.com\/product\/elektroroller-harley-scooter-citycoco-elektroscooter-coc-eec-rooder\/#breadcrumb"},"inLanguage":"de","potentialAction":[{"@type":"ReadAction","target":["https:\/\/www.rooderchina.com\/product\/elektroroller-harley-scooter-citycoco-elektroscooter-coc-eec-rooder\/"]}]},{"@type":"BreadcrumbList","@id":"https:\/\/www.rooderchina.com\/product\/elektroroller-harley-scooter-citycoco-elektroscooter-coc-eec-rooder\/#breadcrumb","itemListElement":[{"@type":"ListItem","position":1,"name":"HOME","item":"https:\/\/www.rooderchina.com\/"},{"@type":"ListItem","position":2,"name":"Shop","item":"https:\/\/www.rooderchina.com\/shop\/"},{"@type":"ListItem","position":3,"name":"Elektroroller Harley Scooter Citycoco Elektroscooter COC EEC ROODER"}]},{"@type":"WebSite","@id":"https:\/\/www.rooderchina.com\/#website","url":"https:\/\/www.rooderchina.com\/","name":"Electric Scooters Bikes Citycoco Manufacturer","description":"Rooder Technology Limited","publisher":{"@id":"https:\/\/www.rooderchina.com\/#organization"},"potentialAction":[{"@type":"SearchAction","target":{"@type":"EntryPoint","urlTemplate":"https:\/\/www.rooderchina.com\/?s={search_term_string}"},"query-input":"required name=search_term_string"}],"inLanguage":"de"},{"@type":"Organization","@id":"https:\/\/www.rooderchina.com\/#organization","name":"Electric Scooters Bikes Citycoco Manufacturer","url":"https:\/\/www.rooderchina.com\/","logo":{"@type":"ImageObject","inLanguage":"de","@id":"https:\/\/www.rooderchina.com\/#\/schema\/logo\/image\/","url":"https:\/\/www.rooderchina.com\/wp-content\/uploads\/2023\/12\/rooder2.jpg","contentUrl":"https:\/\/www.rooderchina.com\/wp-content\/uploads\/2023\/12\/rooder2.jpg","width":1723,"height":1037,"caption":"Electric Scooters Bikes Citycoco Manufacturer"},"image":{"@id":"https:\/\/www.rooderchina.com\/#\/schema\/logo\/image\/"},"sameAs":["https:\/\/www.facebook.com\/rooder.tec","https:\/\/twitter.com\/RooderTec"]}]}},"_links":{"self":[{"href":"https:\/\/www.rooderchina.com\/de\/wp-json\/wp\/v2\/product\/9545","targetHints":{"allow":["GET"]}}],"collection":[{"href":"https:\/\/www.rooderchina.com\/de\/wp-json\/wp\/v2\/product"}],"about":[{"href":"https:\/\/www.rooderchina.com\/de\/wp-json\/wp\/v2\/types\/product"}],"replies":[{"embeddable":true,"href":"https:\/\/www.rooderchina.com\/de\/wp-json\/wp\/v2\/comments?post=9545"}],"version-history":[{"count":1,"href":"https:\/\/www.rooderchina.com\/de\/wp-json\/wp\/v2\/product\/9545\/revisions"}],"predecessor-version":[{"id":9546,"href":"https:\/\/www.rooderchina.com\/de\/wp-json\/wp\/v2\/product\/9545\/revisions\/9546"}],"wp:featuredmedia":[{"embeddable":true,"href":"https:\/\/www.rooderchina.com\/de\/wp-json\/wp\/v2\/media\/9547"}],"wp:attachment":[{"href":"https:\/\/www.rooderchina.com\/de\/wp-json\/wp\/v2\/media?parent=9545"}],"wp:term":[{"taxonomy":"product_brand","embeddable":true,"href":"https:\/\/www.rooderchina.com\/de\/wp-json\/wp\/v2\/product_brand?post=9545"},{"taxonomy":"product_cat","embeddable":true,"href":"https:\/\/www.rooderchina.com\/de\/wp-json\/wp\/v2\/product_cat?post=9545"},{"taxonomy":"product_tag","embeddable":true,"href":"https:\/\/www.rooderchina.com\/de\/wp-json\/wp\/v2\/product_tag?post=9545"}],"curies":[{"name":"wp","href":"https:\/\/api.w.org\/{rel}","templated":true}]}}