{"id":9487,"date":"2023-11-11T18:37:46","date_gmt":"2023-11-11T10:37:46","guid":{"rendered":"http:\/\/www.rooderchina.com\/index.php\/product\/mangosteen-m1ps-rooder-sara-citycoco-chopper-60v-50ah\/"},"modified":"2023-11-11T18:37:48","modified_gmt":"2023-11-11T10:37:48","slug":"mangosteen-m1ps-rooder-sara-citycoco-chopper-60v-50ah","status":"publish","type":"product","link":"https:\/\/www.rooderchina.com\/de\/produkt\/mangosteen-m1ps-rooder-sara-citycoco-chopper-60v-50ah\/","title":{"rendered":"Mangostan m1ps Rooder SARA citycoco chopper 60v 50ah"},"content":{"rendered":"<p><strong><a href=\"https:\/\/www.rooderchina.com\/de\/tag\/mangosteen-m1ps\/\" title=\"Alle Beitr\u00e4ge in mangostan m1ps anzeigen\" target=\"_blank\" rel=\"noopener\">Mangostan m1ps<\/a> Rooder SARA <a href=\"https:\/\/www.rooderchina.com\/de\/tag\/citycoco-chopper\/\" title=\"Alle Nachrichten in citycoco chopper anzeigen\" target=\"_blank\" rel=\"noopener\">citycoco chopper<\/a> 60v 50ah<\/strong><\/p>\n<\/p>\n<p>Es gibt viele Elektroroller, die eine Reichweite von 100 Kilometern haben, aber es gibt nur sehr wenige Elektroroller, die auf schlechten Stra\u00dfen fahren k\u00f6nnen und dabei wasserdicht sind und die verschiedenen Stra\u00dfenbedingungen ber\u00fccksichtigen.<\/p>\n<p>&nbsp;<\/p>\n<p>Heute werde ich Ihnen einen Elektroroller vorstellen, der langlebig ist und lange Kilometer fahren kann. Es ist eine erstaunliche neue Roller Rooder SARA um mich herum. Er wird hergestellt von <a href=\"https:\/\/www.rooderchina.com\/de\/tag\/mangosteen\/\" title=\"Alle Nachrichten in Mangostan anzeigen\" target=\"_blank\" rel=\"noopener\">Mangostan<\/a> technology co. limited mit Sitz in Gonddong China. Das Modell ist Mangostan <a href=\"https:\/\/www.rooderchina.com\/de\/tag\/m1ps\/\" title=\"Alle Beitr\u00e4ge in m1ps anzeigen\" target=\"_blank\" rel=\"noopener\">m1ps<\/a><\/p>\n<\/p>\n<p>Warum <a href=\"https:\/\/www.rooderchina.com\/de\/tag\/mangosteen-m1ps\/\" title=\"Alle Beitr\u00e4ge in mangostan m1ps anzeigen\" target=\"_blank\" rel=\"noopener\">Mangostan m1ps<\/a> kann mehr als 100 Kilometer fahren. Daf\u00fcr gibt es DREI Gr\u00fcnde.<\/p>\n<p>&nbsp;<\/p>\n<p>Die erste ist die beste Batteriequalit\u00e4t von Samsung und LG, 72V40AH oder 60V50AH.<\/p>\n<p>Der zweite ist der MGSD-Hochleistungsmotor, 4000w 5000w und bis zu 8000w f\u00fcr Sie zu w\u00e4hlen, Geschwindigkeit bis zu 100km\/h.<\/p>\n<p>Der dritte ist der MGSD-Energiesparregler.<\/p>\n<\/p>\n<p>Neben den 100 Kilometern Akkulaufzeit, ist der Fahrer auch Form und Aussehen. Der ganze Roller hat eine Harley <a href=\"https:\/\/www.rooderchina.com\/de\/tag\/chopper\/\" title=\"Alle Beitr\u00e4ge in chopper anzeigen\" target=\"_blank\" rel=\"noopener\">Chopper<\/a> Stil Form, mit LED-Scheinwerfern und exklusive goldene Dekorationen. Verglichen mit dem Aussehen der anderen Chopper, diese Harley Chopper Form ist besser, M\u00e4nner und Frauen alle wie es.<\/p>\n<p>&nbsp;<\/p>\n<p>Das helle LED-Meter hat ein gebogenes Oberfl\u00e4chendesign f\u00fcr Leistung, Geschwindigkeit und Kilometerstand, das auch in der Sonne gut ablesbar ist, und verf\u00fcgt \u00fcber eine genaue Leistungsanzeige.<\/p>\n<\/p>\n<p>Rooder SARA sorgt f\u00fcr eine l\u00e4ngere Fahrstrecke des Elektro-Echoppers und kann den Scooter auch klar erkennen. Wie lange h\u00e4lt der Scooter und wann ist der beste Zeitpunkt zum Aufladen. In Bezug auf die Fahrsicherheit, so klein wie die wissenschaftliche Forschung braucht, um mit Stand-off-Stack-Bremsen ausgestattet werden, ist der Bremsweg k\u00fcrzer, die ultra-bequemen Sto\u00dfd\u00e4mpfung Erfahrung durch die hydraulische vordere Einf\u00fcgung des Aluminium-Fasses gebracht, leicht meistert mit verschiedenen Stra\u00dfenbedingungen, und die Doppel-Rohr hydraulische hintere Sto\u00dfd\u00e4mpfung Machen Sie Ihren Atem leichter.<\/p>\n<p>&nbsp;<\/p>\n<p>Das gr\u00f6\u00dfte Verkaufsargument f\u00fcr dieses SARA-Design ist die gro\u00dfe Reichweite,<\/p>\n<p>Die Batterie ist vor St\u00f6\u00dfen gesch\u00fctzt, und wir sind eher bereit, sie zu waschen, wir m\u00fcssen uns nicht darum k\u00fcmmern, das Chassis zu brechen und die Batterie zu besch\u00e4digen, und wenn wir die Stra\u00dfe mit Wasser an regnerischen Tagen \u00fcberqueren,<\/p>\n<\/p>\n<p>Rooder Sara mangosteen m1ps mit einer Akkulaufzeit von 100 Kilometern, sieht gut aus und kann unter verschiedenen Stra\u00dfenbedingungen verwendet werden.<\/p>\n<p>Was halten Sie davon?  Whatsapp <a href=\"https:\/\/api.whatsapp.com\/send?phone=8613632905138\" target=\"_blank\" rel=\"noopener\">+8613632905138<\/a><\/p>\n<p>&nbsp;<\/p>\n<p><strong>mangostan m1ps video:<\/strong><\/p>\n<p><iframe loading=\"lazy\" src=\"https:\/\/www.youtube.com\/embed\/YoM_FInH64Q?rel=0&amp;autoplay=0\" height=\"318\" width=\"385\" allowfullscreen=\"\" frameborder=\"0\"><\/iframe><\/p>","protected":false},"excerpt":{"rendered":"<h3>Kurze Beschreibung:<\/h3>\n<p><p>Mangostan m1ps<\/p>\n<p>4000 bis 8000w Motor, 45kmph bis 100kmph oder 62mph maximale Geschwindigkeit<\/p>\n<p>72v40ah oder 60v50a Lithium-Batterie, 80-160km Reichweite<\/p>\n<p>EEC COC DOT CE FCC ROHS Zertifizierungen<\/p>\n<p>Rooder Mangostan-Marke <a href=\"https:\/\/api.whatsapp.com\/send?phone=8613632905138\" target=\"_blank\" rel=\"noopener\">+8613632905138<\/a><\/p>\n<\/p>\n<p><\/p>\n<li><em>Marke: <\/em> OEM\/ODM\/ROODER<\/li>\n<li><em>Mindestbestellmenge: <\/em> 10 St\u00fcck\/St\u00fcck<\/li>\n<li><em>Lieferf\u00e4higkeit: <\/em> 10000 St\u00fcck\/St\u00fcck pro Monat<\/li>\n<li><em>Hafen: <\/em> Shenzhen<\/li>\n<li><em>Zahlungsbedingungen: <\/em> T\/T, L\/C, D\/A, D\/P<\/li>","protected":false},"featured_media":9489,"comment_status":"closed","ping_status":"open","template":"","meta":[],"product_brand":[],"product_cat":[464],"product_tag":[750,468,751,752,734,735,753,754,745,755,756,757,758,759],"class_list":{"0":"post-9487","1":"product","2":"type-product","3":"status-publish","4":"has-post-thumbnail","6":"product_cat-citycoco-choppers","7":"product_tag-chopper","8":"product_tag-citycoco","9":"product_tag-citycoco-chopper","10":"product_tag-m1ps","11":"product_tag-mangosteen","12":"product_tag-mangosteen-chopper","13":"product_tag-mangosteen-citycoco","14":"product_tag-mangosteen-m1ps","15":"product_tag-rooder","16":"product_tag-rooder-chopper","17":"product_tag-rooder-citycoco","18":"product_tag-rooder-citycoco-chopper","19":"product_tag-rooder-sara","20":"product_tag-sara","22":"first","23":"instock","24":"product-type-simple"},"yoast_head":"<!-- This site is optimized with the Yoast SEO plugin v21.7 - https:\/\/yoast.com\/wordpress\/plugins\/seo\/ -->\n<title>mangosteen m1ps Rooder SARA citycoco chopper 60v 50ah - Electric Scooters Bikes Citycoco Manufacturer<\/title>\n<meta name=\"robots\" content=\"index, follow, max-snippet:-1, max-image-preview:large, max-video-preview:-1\" \/>\n<link rel=\"canonical\" href=\"https:\/\/www.rooderchina.com\/de\/produkt\/mangosteen-m1ps-rooder-sara-citycoco-chopper-60v-50ah\/\" \/>\n<meta property=\"og:locale\" content=\"de_DE\" \/>\n<meta property=\"og:type\" content=\"article\" \/>\n<meta property=\"og:title\" content=\"mangosteen m1ps Rooder SARA citycoco chopper 60v 50ah - Electric Scooters Bikes Citycoco Manufacturer\" \/>\n<meta property=\"og:description\" content=\"Short Description: mangosteen m1ps 4000 to 8000w motor, 45kmph to 100kmph or 62mph max speed 72v40ah or 60v50a lithium battery, 80-160km range EEC COC DOT CE FCC ROHS certifications Rooder mangosteen brand +8613632905138    Brand: OEM\/ODM\/ROODER   Min.Order Quantity: 10 Piece\/Pieces   Supply Ability: 10000 Piece\/Pieces per Month   Port: Shenzhen   Payment Terms: T\/T, L\/C, D\/A, D\/P\" \/>\n<meta property=\"og:url\" content=\"https:\/\/www.rooderchina.com\/de\/produkt\/mangosteen-m1ps-rooder-sara-citycoco-chopper-60v-50ah\/\" \/>\n<meta property=\"og:site_name\" content=\"Electric Scooters Bikes Citycoco Manufacturer\" \/>\n<meta property=\"article:publisher\" content=\"https:\/\/www.facebook.com\/rooder.tec\" \/>\n<meta property=\"article:modified_time\" content=\"2023-11-11T10:37:48+00:00\" \/>\n<meta property=\"og:image\" content=\"https:\/\/www.rooderchina.com\/wp-content\/uploads\/2023\/11\/mangosteen-m1ps-Rooder-SARA-citycoco-chopper-1.jpg\" \/>\n\t<meta property=\"og:image:width\" content=\"1024\" \/>\n\t<meta property=\"og:image:height\" content=\"1024\" \/>\n\t<meta property=\"og:image:type\" content=\"image\/jpeg\" \/>\n<meta name=\"twitter:card\" content=\"summary_large_image\" \/>\n<meta name=\"twitter:site\" content=\"@RooderTec\" \/>\n<meta name=\"twitter:label1\" content=\"Gesch\u00e4tzte Lesezeit\" \/>\n\t<meta name=\"twitter:data1\" content=\"2\u00a0Minuten\" \/>\n<script type=\"application\/ld+json\" class=\"yoast-schema-graph\">{\"@context\":\"https:\/\/schema.org\",\"@graph\":[{\"@type\":\"WebPage\",\"@id\":\"https:\/\/www.rooderchina.com\/product\/mangosteen-m1ps-rooder-sara-citycoco-chopper-60v-50ah\/\",\"url\":\"https:\/\/www.rooderchina.com\/product\/mangosteen-m1ps-rooder-sara-citycoco-chopper-60v-50ah\/\",\"name\":\"mangosteen m1ps Rooder SARA citycoco chopper 60v 50ah - Electric Scooters Bikes Citycoco Manufacturer\",\"isPartOf\":{\"@id\":\"https:\/\/www.rooderchina.com\/#website\"},\"datePublished\":\"2023-11-11T10:37:46+00:00\",\"dateModified\":\"2023-11-11T10:37:48+00:00\",\"breadcrumb\":{\"@id\":\"https:\/\/www.rooderchina.com\/product\/mangosteen-m1ps-rooder-sara-citycoco-chopper-60v-50ah\/#breadcrumb\"},\"inLanguage\":\"de\",\"potentialAction\":[{\"@type\":\"ReadAction\",\"target\":[\"https:\/\/www.rooderchina.com\/product\/mangosteen-m1ps-rooder-sara-citycoco-chopper-60v-50ah\/\"]}]},{\"@type\":\"BreadcrumbList\",\"@id\":\"https:\/\/www.rooderchina.com\/product\/mangosteen-m1ps-rooder-sara-citycoco-chopper-60v-50ah\/#breadcrumb\",\"itemListElement\":[{\"@type\":\"ListItem\",\"position\":1,\"name\":\"HOME\",\"item\":\"https:\/\/www.rooderchina.com\/\"},{\"@type\":\"ListItem\",\"position\":2,\"name\":\"Shop\",\"item\":\"https:\/\/www.rooderchina.com\/shop\/\"},{\"@type\":\"ListItem\",\"position\":3,\"name\":\"mangosteen m1ps Rooder SARA citycoco chopper 60v 50ah\"}]},{\"@type\":\"WebSite\",\"@id\":\"https:\/\/www.rooderchina.com\/#website\",\"url\":\"https:\/\/www.rooderchina.com\/\",\"name\":\"Electric Scooters Bikes Citycoco Manufacturer\",\"description\":\"Rooder Technology Limited\",\"publisher\":{\"@id\":\"https:\/\/www.rooderchina.com\/#organization\"},\"potentialAction\":[{\"@type\":\"SearchAction\",\"target\":{\"@type\":\"EntryPoint\",\"urlTemplate\":\"https:\/\/www.rooderchina.com\/?s={search_term_string}\"},\"query-input\":\"required name=search_term_string\"}],\"inLanguage\":\"de\"},{\"@type\":\"Organization\",\"@id\":\"https:\/\/www.rooderchina.com\/#organization\",\"name\":\"Electric Scooters Bikes Citycoco Manufacturer\",\"url\":\"https:\/\/www.rooderchina.com\/\",\"logo\":{\"@type\":\"ImageObject\",\"inLanguage\":\"de\",\"@id\":\"https:\/\/www.rooderchina.com\/#\/schema\/logo\/image\/\",\"url\":\"https:\/\/www.rooderchina.com\/wp-content\/uploads\/2023\/12\/rooder2.jpg\",\"contentUrl\":\"https:\/\/www.rooderchina.com\/wp-content\/uploads\/2023\/12\/rooder2.jpg\",\"width\":1723,\"height\":1037,\"caption\":\"Electric Scooters Bikes Citycoco Manufacturer\"},\"image\":{\"@id\":\"https:\/\/www.rooderchina.com\/#\/schema\/logo\/image\/\"},\"sameAs\":[\"https:\/\/www.facebook.com\/rooder.tec\",\"https:\/\/twitter.com\/RooderTec\"]}]}<\/script>\n<!-- \/ Yoast SEO plugin. -->","yoast_head_json":{"title":"mangosteen m1ps Rooder SARA citycoco chopper 60v 50ah - Electric Scooters Bikes Citycoco Manufacturer","robots":{"index":"index","follow":"follow","max-snippet":"max-snippet:-1","max-image-preview":"max-image-preview:large","max-video-preview":"max-video-preview:-1"},"canonical":"https:\/\/www.rooderchina.com\/de\/produkt\/mangosteen-m1ps-rooder-sara-citycoco-chopper-60v-50ah\/","og_locale":"de_DE","og_type":"article","og_title":"mangosteen m1ps Rooder SARA citycoco chopper 60v 50ah - Electric Scooters Bikes Citycoco Manufacturer","og_description":"Short Description: mangosteen m1ps 4000 to 8000w motor, 45kmph to 100kmph or 62mph max speed 72v40ah or 60v50a lithium battery, 80-160km range EEC COC DOT CE FCC ROHS certifications Rooder mangosteen brand +8613632905138    Brand: OEM\/ODM\/ROODER   Min.Order Quantity: 10 Piece\/Pieces   Supply Ability: 10000 Piece\/Pieces per Month   Port: Shenzhen   Payment Terms: T\/T, L\/C, D\/A, D\/P","og_url":"https:\/\/www.rooderchina.com\/de\/produkt\/mangosteen-m1ps-rooder-sara-citycoco-chopper-60v-50ah\/","og_site_name":"Electric Scooters Bikes Citycoco Manufacturer","article_publisher":"https:\/\/www.facebook.com\/rooder.tec","article_modified_time":"2023-11-11T10:37:48+00:00","og_image":[{"width":1024,"height":1024,"url":"https:\/\/www.rooderchina.com\/wp-content\/uploads\/2023\/11\/mangosteen-m1ps-Rooder-SARA-citycoco-chopper-1.jpg","type":"image\/jpeg"}],"twitter_card":"summary_large_image","twitter_site":"@RooderTec","twitter_misc":{"Gesch\u00e4tzte Lesezeit":"2\u00a0Minuten"},"schema":{"@context":"https:\/\/schema.org","@graph":[{"@type":"WebPage","@id":"https:\/\/www.rooderchina.com\/product\/mangosteen-m1ps-rooder-sara-citycoco-chopper-60v-50ah\/","url":"https:\/\/www.rooderchina.com\/product\/mangosteen-m1ps-rooder-sara-citycoco-chopper-60v-50ah\/","name":"mangosteen m1ps Rooder SARA citycoco chopper 60v 50ah - Electric Scooters Bikes Citycoco Manufacturer","isPartOf":{"@id":"https:\/\/www.rooderchina.com\/#website"},"datePublished":"2023-11-11T10:37:46+00:00","dateModified":"2023-11-11T10:37:48+00:00","breadcrumb":{"@id":"https:\/\/www.rooderchina.com\/product\/mangosteen-m1ps-rooder-sara-citycoco-chopper-60v-50ah\/#breadcrumb"},"inLanguage":"de","potentialAction":[{"@type":"ReadAction","target":["https:\/\/www.rooderchina.com\/product\/mangosteen-m1ps-rooder-sara-citycoco-chopper-60v-50ah\/"]}]},{"@type":"BreadcrumbList","@id":"https:\/\/www.rooderchina.com\/product\/mangosteen-m1ps-rooder-sara-citycoco-chopper-60v-50ah\/#breadcrumb","itemListElement":[{"@type":"ListItem","position":1,"name":"HOME","item":"https:\/\/www.rooderchina.com\/"},{"@type":"ListItem","position":2,"name":"Shop","item":"https:\/\/www.rooderchina.com\/shop\/"},{"@type":"ListItem","position":3,"name":"mangosteen m1ps Rooder SARA citycoco chopper 60v 50ah"}]},{"@type":"WebSite","@id":"https:\/\/www.rooderchina.com\/#website","url":"https:\/\/www.rooderchina.com\/","name":"Electric Scooters Bikes Citycoco Manufacturer","description":"Rooder Technology Limited","publisher":{"@id":"https:\/\/www.rooderchina.com\/#organization"},"potentialAction":[{"@type":"SearchAction","target":{"@type":"EntryPoint","urlTemplate":"https:\/\/www.rooderchina.com\/?s={search_term_string}"},"query-input":"required name=search_term_string"}],"inLanguage":"de"},{"@type":"Organization","@id":"https:\/\/www.rooderchina.com\/#organization","name":"Electric Scooters Bikes Citycoco Manufacturer","url":"https:\/\/www.rooderchina.com\/","logo":{"@type":"ImageObject","inLanguage":"de","@id":"https:\/\/www.rooderchina.com\/#\/schema\/logo\/image\/","url":"https:\/\/www.rooderchina.com\/wp-content\/uploads\/2023\/12\/rooder2.jpg","contentUrl":"https:\/\/www.rooderchina.com\/wp-content\/uploads\/2023\/12\/rooder2.jpg","width":1723,"height":1037,"caption":"Electric Scooters Bikes Citycoco Manufacturer"},"image":{"@id":"https:\/\/www.rooderchina.com\/#\/schema\/logo\/image\/"},"sameAs":["https:\/\/www.facebook.com\/rooder.tec","https:\/\/twitter.com\/RooderTec"]}]}},"_links":{"self":[{"href":"https:\/\/www.rooderchina.com\/de\/wp-json\/wp\/v2\/product\/9487","targetHints":{"allow":["GET"]}}],"collection":[{"href":"https:\/\/www.rooderchina.com\/de\/wp-json\/wp\/v2\/product"}],"about":[{"href":"https:\/\/www.rooderchina.com\/de\/wp-json\/wp\/v2\/types\/product"}],"replies":[{"embeddable":true,"href":"https:\/\/www.rooderchina.com\/de\/wp-json\/wp\/v2\/comments?post=9487"}],"version-history":[{"count":1,"href":"https:\/\/www.rooderchina.com\/de\/wp-json\/wp\/v2\/product\/9487\/revisions"}],"predecessor-version":[{"id":9488,"href":"https:\/\/www.rooderchina.com\/de\/wp-json\/wp\/v2\/product\/9487\/revisions\/9488"}],"wp:featuredmedia":[{"embeddable":true,"href":"https:\/\/www.rooderchina.com\/de\/wp-json\/wp\/v2\/media\/9489"}],"wp:attachment":[{"href":"https:\/\/www.rooderchina.com\/de\/wp-json\/wp\/v2\/media?parent=9487"}],"wp:term":[{"taxonomy":"product_brand","embeddable":true,"href":"https:\/\/www.rooderchina.com\/de\/wp-json\/wp\/v2\/product_brand?post=9487"},{"taxonomy":"product_cat","embeddable":true,"href":"https:\/\/www.rooderchina.com\/de\/wp-json\/wp\/v2\/product_cat?post=9487"},{"taxonomy":"product_tag","embeddable":true,"href":"https:\/\/www.rooderchina.com\/de\/wp-json\/wp\/v2\/product_tag?post=9487"}],"curies":[{"name":"wp","href":"https:\/\/api.w.org\/{rel}","templated":true}]}}