{"id":9153,"date":"2023-11-11T18:33:51","date_gmt":"2023-11-11T10:33:51","guid":{"rendered":"http:\/\/www.rooderchina.com\/index.php\/product\/citycoco-harley-electric-scooter-r804-with-ce-1000w-60v-lithium-battery-and-2-big-wheel-fat-tire-for-adult-from-china-cheap-city-coco-harley-electric-motorcycle-bike-rooder-factory\/"},"modified":"2023-11-11T18:34:28","modified_gmt":"2023-11-11T10:34:28","slug":"citycoco-harley-electric-scooter-r804-with-ce-1000w-60v-lithium-battery-and-2-big-wheel-fat-tire-for-adult-from-china-cheap-city-coco-harley-electric-motorcycle-bike-rooder-factory","status":"publish","type":"product","link":"https:\/\/www.rooderchina.com\/de\/produkt\/citycoco-harley-electric-scooter-r804-with-ce-1000w-60v-lithium-battery-and-2-big-wheel-fat-tire-for-adult-from-china-cheap-city-coco-harley-electric-motorcycle-bike-rooder-factory\/","title":{"rendered":"citycoco harley Elektro-Roller r804 mit CE 1000w 60v Lithium-Batterie und 2 gro\u00dfe Rad fetten Reifen f\u00fcr Erwachsene aus China billig Stadt coco harley Elektromotorrad Fahrrad Rooder Fabrik"},"content":{"rendered":"<p>Shenzhen Rooder Technology Co, Ltd. ist spezialisiert auf die Herstellung von <a href=\"https:\/\/www.rooderchina.com\/de\/tag\/60v-electric-scooter\/\" title=\"Alle Nachrichten in 60v Elektroroller anzeigen\" target=\"_blank\" rel=\"noopener\">60v Elektro-Roller<\/a>, <a href=\"https:\/\/www.rooderchina.com\/de\/tag\/adult-electric-motorcycle\/\" title=\"Alle Beitr\u00e4ge in Adult Electric Motorcycle anzeigen\" target=\"_blank\" rel=\"noopener\">Elektro-Motorrad f\u00fcr Erwachsene<\/a>, <a href=\"https:\/\/www.rooderchina.com\/de\/tag\/city-coco\/\" title=\"Alle Beitr\u00e4ge in City coco anzeigen\" target=\"_blank\" rel=\"noopener\">Stadt Kakao<\/a> und E-Roller citycoco mit vorderer Sto\u00dfd\u00e4mpfung, es befindet sich in shenzhen Guangdong. Wir genie\u00dfen bequemen Transport von Luft, Land und Meer.<\/p>\n<p>Unser Unternehmen hat die ISO9001-Qualit\u00e4tszertifizierung erhalten, und unsere Produkte haben die CE-, FCC- und Rohs-Zertifizierung erhalten. Wir verf\u00fcgen \u00fcber ein perfektes, modernes Managementsystem, erstklassige Pr\u00fcfger\u00e4te, eine hochqualitative Wissenschafts- und Technologiegruppe und ein solides Tracking-Service-System. Unsere Produkte sind auf dem heimischen Markt weit verbreitet und werden auch auf den Weltmarkt exportiert.<\/p>\n<p>&nbsp;<\/p>\n<p><strong>citycoco harley Elektro-Roller r804 mit CE 1000w 60v Lithium-Batterie und 2 gro\u00dfe Rad fetten Reifen f\u00fcr Erwachsene aus China billig Stadt coco harley Elektromotorrad Fahrrad Rooder Fabrik\u00a0<\/strong><\/p>\n<\/p>\n<p>Der citycoco harley Elektroroller ist mit dem neuesten Stil entworfen. Wir bieten mehr als sechzig Farben f\u00fcr Sie zu w\u00e4hlen. Sie k\u00f6nnen auch mit uns Kontakt auf <a title=\"citycoco harley Elektro-Roller r804 mit CE 1000w 60v Lithium-Batterie und 2 gro\u00dfe Rad fetten Reifen f\u00fcr Erwachsene aus China billig Stadt coco harley Elektromotorrad Fahrrad Rooder Fabrik \" href=\"https:\/\/www.RooderChina.com\" target=\"_blank\" rel=\"noopener\">www.RooderChina.com<\/a> um Ihren eigenen Farbstil zu entwerfen.<\/p>\n<p>Diese Stadt Coco Harley Elektro-Roller \/ Motorrad \/ Fahrrad \/ Fahrrad hat ein leistungsf\u00e4higes Herz am Chassis, 60 Spannung Lithium-Ionen-Akku, 35-40 Kilometer Reiten zu unterst\u00fctzen. es kommt mit 18\u00d79,5 Zoll super breite Reifen machen den Roller ausgewogen und stabil. Auch die Z\u00e4higkeit und Verschlei\u00dffestigkeit des Reifens erm\u00f6glichen es ein All-Terrain vehicle.The h\u00f6chste Geschwindigkeit kann 35 km\/h erreichen, und nehmen Sie zu Ihrem Ziel auf Zeit.<\/p>\n<\/p>\n<p>Modell:r804<br \/>\nL\u00e4nge: 1756mm<br \/>\nBreite: 750mm<br \/>\nGewicht : 50kg<br \/>\nReifengr\u00f6\u00dfe: 18\u00d79,5 Zoll<br \/>\nBremsart : Scheibenbremse<br \/>\nMaximale Steigung: 18 Grad<br \/>\nMaximales Drehmoment: 95N\/M<br \/>\nMaximale Laufleistung : 35-40KM<br \/>\nMaximale Belastung : 200KG<br \/>\nBatteriespezifikation: 60V8.8AH Lithium-Batterie<br \/>\nAufladezeit : 4 Stunden<br \/>\nMotorleistung : 800W<\/p>\n<p>1 St\u00fcck\/Karton<br \/>\nKartongr\u00f6\u00dfe:1850*420*870mm<br \/>\nGW:60kg, NW:51kg<br \/>\n0,676CBM\/Stk<\/p>\n<p>Container-Bestellung:<br \/>\n43St\u00fcck in 20GP<br \/>\n92St\u00fcck in 40GP<br \/>\n104St\u00fcck in 40HC<\/p>\n<\/p>\n<p>&nbsp;<\/p>\n<p>finden Sie hochwertige billige citycoco, 60v Elektroroller, Harley Elektroroller und fette Reifen Elektroroller von Rooder E-Scooter citycoco mit vorderer Sto\u00dfd\u00e4mpfung, billiges Elektromotorrad, Elektroroller citycoco Hersteller<\/p>\n<p>&nbsp;<\/p>\n<p>&nbsp;<\/p>\n<p>&nbsp;<\/p>\n<\/p>\n<p>&nbsp;<\/p>","protected":false},"excerpt":{"rendered":"<h3>Kurze Beschreibung:<\/h3>\n<p><p>Der citycoco harley Elektroroller ist mit dem neuesten Stil entworfen. Wir bieten mehr als sechzig Farben f\u00fcr Sie zu w\u00e4hlen. Sie k\u00f6nnen auch mit uns Kontakt auf\u00a0<a title=\"citycoco harley Elektro-Roller r804 mit CE 1000w 60v Lithium-Batterie und 2 gro\u00dfe Rad fetten Reifen f\u00fcr Erwachsene aus China billig Stadt coco harley Elektromotorrad Fahrrad Rooder Fabrik \" href=\"http:\/\/www.RooderChina.com\" target=\"_blank\" rel=\"noopener\">www.RooderChina.com<\/a>\u00a0um Ihren eigenen Farbstil zu entwerfen.<\/p>\n<p>Diese Stadt Coco Harley Elektro-Roller \/ Motorrad \/ Fahrrad \/ Fahrrad hat ein leistungsf\u00e4higes Herz am Chassis, 60 Spannung Lithium-Ionen-Akku, 35-40 Kilometer Reiten zu unterst\u00fctzen. es kommt mit 18\u00d79,5 Zoll super breite Reifen machen den Roller ausgewogen und stabil. Auch die Z\u00e4higkeit und Verschlei\u00dffestigkeit des Reifens erm\u00f6glichen es ein All-Terrain vehicle.The h\u00f6chste Geschwindigkeit kann 35 km\/h erreichen, und nehmen Sie zu Ihrem Ziel auf Zeit.<\/p>\n<\/p>\n<p><\/p>\n<li><em>Marke: <\/em> OEM\/ODM\/ROODER<\/li>\n<li><em>Mindestbestellmenge: <\/em> 10 St\u00fcck\/St\u00fcck<\/li>\n<li><em>Lieferf\u00e4higkeit: <\/em> 10000 St\u00fcck\/St\u00fcck pro Monat<\/li>\n<li><em>Hafen: <\/em> Shenzhen<\/li>\n<li><em>Zahlungsbedingungen: <\/em> T\/T, L\/C, D\/A, D\/P<\/li>","protected":false},"featured_media":9155,"comment_status":"closed","ping_status":"open","template":"","meta":[],"product_brand":[],"product_cat":[464],"product_tag":[523,524,525,526,468,513,527,469,528,489,529,530,531,496,510],"class_list":{"0":"post-9153","1":"product","2":"type-product","3":"status-publish","4":"has-post-thumbnail","6":"product_cat-citycoco-choppers","7":"product_tag-60v-electric-scooter","8":"product_tag-adult-electric-motorcycle","9":"product_tag-cheap-electric-motorcycle","10":"product_tag-city-coco","11":"product_tag-citycoco","12":"product_tag-citycoco-electric-scooter","13":"product_tag-citycoco-factory","14":"product_tag-citycoco-harley-scooter","15":"product_tag-citycoco-manufacturer","16":"product_tag-citycoco-seev-woqu","17":"product_tag-e-scooter-citycoco-with-front-shock-absorption","18":"product_tag-electric-scooter","19":"product_tag-electric-scooter-citycoco","20":"product_tag-fat-tire-electric-scooter","21":"product_tag-harley-electric-scooter","23":"first","24":"instock","25":"product-type-simple"},"yoast_head":"<!-- This site is optimized with the Yoast SEO plugin v21.7 - https:\/\/yoast.com\/wordpress\/plugins\/seo\/ -->\n<title>citycoco harley electric scooter r804 with CE 1000w 60v lithium battery and 2 big wheel fat tire for adult from China cheap city coco harley electric motorcycle bike Rooder factory - Electric Scooters Bikes Citycoco Manufacturer<\/title>\n<meta name=\"robots\" content=\"index, follow, max-snippet:-1, max-image-preview:large, max-video-preview:-1\" \/>\n<link rel=\"canonical\" href=\"https:\/\/www.rooderchina.com\/de\/produit\/citycoco-harley-electric-scooter-r804-with-ce-1000w-60v-lithium-battery-and-2-big-wheel-fat-tire-for-adult-from-china-cheap-city-coco-harley-electric-motorcycle-bike-rooder-factory\/\" \/>\n<meta property=\"og:locale\" content=\"de_DE\" \/>\n<meta property=\"og:type\" content=\"article\" \/>\n<meta property=\"og:title\" content=\"citycoco harley electric scooter r804 with CE 1000w 60v lithium battery and 2 big wheel fat tire for adult from China cheap city coco harley electric motorcycle bike Rooder factory - Electric Scooters Bikes Citycoco Manufacturer\" \/>\n<meta property=\"og:description\" content=\"Short Description: The citycoco harley electric scooter is designed with the latest style. We provide more than sixty colors for you to choose. You can also contact with us on\u00a0www.RooderChina.com\u00a0to design your own color style. This city coco harley electric scooter \/ motorcycle \/ bike \/ bicycle\u00a0 has a powerful heart at the chassis, 60 Voltage lithium-ion battery, to support 35-40 kilometers riding. it comes with 18\u00d79.5 inch super wide tires make the scooter balanced and stable. Also, the toughness and wear resistance of the tire enable it an all terrain vehicle.The highest speed can arrive 35 km\/h, and take you to your destination on time.    Brand: OEM\/ODM\/ROODER   Min.Order Quantity: 10 Piece\/Pieces   Supply Ability: 10000 Piece\/Pieces per Month   Port: Shenzhen   Payment Terms: T\/T, L\/C, D\/A, D\/P\" \/>\n<meta property=\"og:url\" content=\"https:\/\/www.rooderchina.com\/de\/produit\/citycoco-harley-electric-scooter-r804-with-ce-1000w-60v-lithium-battery-and-2-big-wheel-fat-tire-for-adult-from-china-cheap-city-coco-harley-electric-motorcycle-bike-rooder-factory\/\" \/>\n<meta property=\"og:site_name\" content=\"Electric Scooters Bikes Citycoco Manufacturer\" \/>\n<meta property=\"article:publisher\" content=\"https:\/\/www.facebook.com\/rooder.tec\" \/>\n<meta property=\"article:modified_time\" content=\"2023-11-11T10:34:28+00:00\" \/>\n<meta property=\"og:image\" content=\"https:\/\/www.rooderchina.com\/wp-content\/uploads\/2023\/11\/def45d85.jpg\" \/>\n\t<meta property=\"og:image:width\" content=\"750\" \/>\n\t<meta property=\"og:image:height\" content=\"750\" \/>\n\t<meta property=\"og:image:type\" content=\"image\/jpeg\" \/>\n<meta name=\"twitter:card\" content=\"summary_large_image\" \/>\n<meta name=\"twitter:site\" content=\"@RooderTec\" \/>\n<meta name=\"twitter:label1\" content=\"Gesch\u00e4tzte Lesezeit\" \/>\n\t<meta name=\"twitter:data1\" content=\"2\u00a0Minuten\" \/>\n<script type=\"application\/ld+json\" class=\"yoast-schema-graph\">{\"@context\":\"https:\/\/schema.org\",\"@graph\":[{\"@type\":\"WebPage\",\"@id\":\"https:\/\/www.rooderchina.com\/fr\/produit\/citycoco-harley-electric-scooter-r804-with-ce-1000w-60v-lithium-battery-and-2-big-wheel-fat-tire-for-adult-from-china-cheap-city-coco-harley-electric-motorcycle-bike-rooder-factory\/\",\"url\":\"https:\/\/www.rooderchina.com\/fr\/produit\/citycoco-harley-electric-scooter-r804-with-ce-1000w-60v-lithium-battery-and-2-big-wheel-fat-tire-for-adult-from-china-cheap-city-coco-harley-electric-motorcycle-bike-rooder-factory\/\",\"name\":\"citycoco harley electric scooter r804 with CE 1000w 60v lithium battery and 2 big wheel fat tire for adult from China cheap city coco harley electric motorcycle bike Rooder factory - Electric Scooters Bikes Citycoco Manufacturer\",\"isPartOf\":{\"@id\":\"https:\/\/www.rooderchina.com\/#website\"},\"datePublished\":\"2023-11-11T10:33:51+00:00\",\"dateModified\":\"2023-11-11T10:34:28+00:00\",\"breadcrumb\":{\"@id\":\"https:\/\/www.rooderchina.com\/fr\/produit\/citycoco-harley-electric-scooter-r804-with-ce-1000w-60v-lithium-battery-and-2-big-wheel-fat-tire-for-adult-from-china-cheap-city-coco-harley-electric-motorcycle-bike-rooder-factory\/#breadcrumb\"},\"inLanguage\":\"de\",\"potentialAction\":[{\"@type\":\"ReadAction\",\"target\":[\"https:\/\/www.rooderchina.com\/fr\/produit\/citycoco-harley-electric-scooter-r804-with-ce-1000w-60v-lithium-battery-and-2-big-wheel-fat-tire-for-adult-from-china-cheap-city-coco-harley-electric-motorcycle-bike-rooder-factory\/\"]}]},{\"@type\":\"BreadcrumbList\",\"@id\":\"https:\/\/www.rooderchina.com\/fr\/produit\/citycoco-harley-electric-scooter-r804-with-ce-1000w-60v-lithium-battery-and-2-big-wheel-fat-tire-for-adult-from-china-cheap-city-coco-harley-electric-motorcycle-bike-rooder-factory\/#breadcrumb\",\"itemListElement\":[{\"@type\":\"ListItem\",\"position\":1,\"name\":\"HOME\",\"item\":\"https:\/\/www.rooderchina.com\/\"},{\"@type\":\"ListItem\",\"position\":2,\"name\":\"Shop\",\"item\":\"https:\/\/www.rooderchina.com\/shop\/\"},{\"@type\":\"ListItem\",\"position\":3,\"name\":\"citycoco harley electric scooter r804 with CE 1000w 60v lithium battery and 2 big wheel fat tire for adult from China cheap city coco harley electric motorcycle bike Rooder factory\"}]},{\"@type\":\"WebSite\",\"@id\":\"https:\/\/www.rooderchina.com\/#website\",\"url\":\"https:\/\/www.rooderchina.com\/\",\"name\":\"Electric Scooters Bikes Citycoco Manufacturer\",\"description\":\"Rooder Technology Limited\",\"publisher\":{\"@id\":\"https:\/\/www.rooderchina.com\/#organization\"},\"potentialAction\":[{\"@type\":\"SearchAction\",\"target\":{\"@type\":\"EntryPoint\",\"urlTemplate\":\"https:\/\/www.rooderchina.com\/?s={search_term_string}\"},\"query-input\":\"required name=search_term_string\"}],\"inLanguage\":\"de\"},{\"@type\":\"Organization\",\"@id\":\"https:\/\/www.rooderchina.com\/#organization\",\"name\":\"Electric Scooters Bikes Citycoco Manufacturer\",\"url\":\"https:\/\/www.rooderchina.com\/\",\"logo\":{\"@type\":\"ImageObject\",\"inLanguage\":\"de\",\"@id\":\"https:\/\/www.rooderchina.com\/#\/schema\/logo\/image\/\",\"url\":\"https:\/\/www.rooderchina.com\/wp-content\/uploads\/2023\/12\/rooder2.jpg\",\"contentUrl\":\"https:\/\/www.rooderchina.com\/wp-content\/uploads\/2023\/12\/rooder2.jpg\",\"width\":1723,\"height\":1037,\"caption\":\"Electric Scooters Bikes Citycoco Manufacturer\"},\"image\":{\"@id\":\"https:\/\/www.rooderchina.com\/#\/schema\/logo\/image\/\"},\"sameAs\":[\"https:\/\/www.facebook.com\/rooder.tec\",\"https:\/\/twitter.com\/RooderTec\"]}]}<\/script>\n<!-- \/ Yoast SEO plugin. -->","yoast_head_json":{"title":"citycoco harley electric scooter r804 with CE 1000w 60v lithium battery and 2 big wheel fat tire for adult from China cheap city coco harley electric motorcycle bike Rooder factory - Electric Scooters Bikes Citycoco Manufacturer","robots":{"index":"index","follow":"follow","max-snippet":"max-snippet:-1","max-image-preview":"max-image-preview:large","max-video-preview":"max-video-preview:-1"},"canonical":"https:\/\/www.rooderchina.com\/de\/produit\/citycoco-harley-electric-scooter-r804-with-ce-1000w-60v-lithium-battery-and-2-big-wheel-fat-tire-for-adult-from-china-cheap-city-coco-harley-electric-motorcycle-bike-rooder-factory\/","og_locale":"de_DE","og_type":"article","og_title":"citycoco harley electric scooter r804 with CE 1000w 60v lithium battery and 2 big wheel fat tire for adult from China cheap city coco harley electric motorcycle bike Rooder factory - Electric Scooters Bikes Citycoco Manufacturer","og_description":"Short Description: The citycoco harley electric scooter is designed with the latest style. We provide more than sixty colors for you to choose. You can also contact with us on\u00a0www.RooderChina.com\u00a0to design your own color style. This city coco harley electric scooter \/ motorcycle \/ bike \/ bicycle\u00a0 has a powerful heart at the chassis, 60 Voltage lithium-ion battery, to support 35-40 kilometers riding. it comes with 18\u00d79.5 inch super wide tires make the scooter balanced and stable. Also, the toughness and wear resistance of the tire enable it an all terrain vehicle.The highest speed can arrive 35 km\/h, and take you to your destination on time.    Brand: OEM\/ODM\/ROODER   Min.Order Quantity: 10 Piece\/Pieces   Supply Ability: 10000 Piece\/Pieces per Month   Port: Shenzhen   Payment Terms: T\/T, L\/C, D\/A, D\/P","og_url":"https:\/\/www.rooderchina.com\/de\/produit\/citycoco-harley-electric-scooter-r804-with-ce-1000w-60v-lithium-battery-and-2-big-wheel-fat-tire-for-adult-from-china-cheap-city-coco-harley-electric-motorcycle-bike-rooder-factory\/","og_site_name":"Electric Scooters Bikes Citycoco Manufacturer","article_publisher":"https:\/\/www.facebook.com\/rooder.tec","article_modified_time":"2023-11-11T10:34:28+00:00","og_image":[{"width":750,"height":750,"url":"https:\/\/www.rooderchina.com\/wp-content\/uploads\/2023\/11\/def45d85.jpg","type":"image\/jpeg"}],"twitter_card":"summary_large_image","twitter_site":"@RooderTec","twitter_misc":{"Gesch\u00e4tzte Lesezeit":"2\u00a0Minuten"},"schema":{"@context":"https:\/\/schema.org","@graph":[{"@type":"WebPage","@id":"https:\/\/www.rooderchina.com\/fr\/produit\/citycoco-harley-electric-scooter-r804-with-ce-1000w-60v-lithium-battery-and-2-big-wheel-fat-tire-for-adult-from-china-cheap-city-coco-harley-electric-motorcycle-bike-rooder-factory\/","url":"https:\/\/www.rooderchina.com\/fr\/produit\/citycoco-harley-electric-scooter-r804-with-ce-1000w-60v-lithium-battery-and-2-big-wheel-fat-tire-for-adult-from-china-cheap-city-coco-harley-electric-motorcycle-bike-rooder-factory\/","name":"citycoco harley electric scooter r804 with CE 1000w 60v lithium battery and 2 big wheel fat tire for adult from China cheap city coco harley electric motorcycle bike Rooder factory - Electric Scooters Bikes Citycoco Manufacturer","isPartOf":{"@id":"https:\/\/www.rooderchina.com\/#website"},"datePublished":"2023-11-11T10:33:51+00:00","dateModified":"2023-11-11T10:34:28+00:00","breadcrumb":{"@id":"https:\/\/www.rooderchina.com\/fr\/produit\/citycoco-harley-electric-scooter-r804-with-ce-1000w-60v-lithium-battery-and-2-big-wheel-fat-tire-for-adult-from-china-cheap-city-coco-harley-electric-motorcycle-bike-rooder-factory\/#breadcrumb"},"inLanguage":"de","potentialAction":[{"@type":"ReadAction","target":["https:\/\/www.rooderchina.com\/fr\/produit\/citycoco-harley-electric-scooter-r804-with-ce-1000w-60v-lithium-battery-and-2-big-wheel-fat-tire-for-adult-from-china-cheap-city-coco-harley-electric-motorcycle-bike-rooder-factory\/"]}]},{"@type":"BreadcrumbList","@id":"https:\/\/www.rooderchina.com\/fr\/produit\/citycoco-harley-electric-scooter-r804-with-ce-1000w-60v-lithium-battery-and-2-big-wheel-fat-tire-for-adult-from-china-cheap-city-coco-harley-electric-motorcycle-bike-rooder-factory\/#breadcrumb","itemListElement":[{"@type":"ListItem","position":1,"name":"HOME","item":"https:\/\/www.rooderchina.com\/"},{"@type":"ListItem","position":2,"name":"Shop","item":"https:\/\/www.rooderchina.com\/shop\/"},{"@type":"ListItem","position":3,"name":"citycoco harley electric scooter r804 with CE 1000w 60v lithium battery and 2 big wheel fat tire for adult from China cheap city coco harley electric motorcycle bike Rooder factory"}]},{"@type":"WebSite","@id":"https:\/\/www.rooderchina.com\/#website","url":"https:\/\/www.rooderchina.com\/","name":"Electric Scooters Bikes Citycoco Manufacturer","description":"Rooder Technology Limited","publisher":{"@id":"https:\/\/www.rooderchina.com\/#organization"},"potentialAction":[{"@type":"SearchAction","target":{"@type":"EntryPoint","urlTemplate":"https:\/\/www.rooderchina.com\/?s={search_term_string}"},"query-input":"required name=search_term_string"}],"inLanguage":"de"},{"@type":"Organization","@id":"https:\/\/www.rooderchina.com\/#organization","name":"Electric Scooters Bikes Citycoco Manufacturer","url":"https:\/\/www.rooderchina.com\/","logo":{"@type":"ImageObject","inLanguage":"de","@id":"https:\/\/www.rooderchina.com\/#\/schema\/logo\/image\/","url":"https:\/\/www.rooderchina.com\/wp-content\/uploads\/2023\/12\/rooder2.jpg","contentUrl":"https:\/\/www.rooderchina.com\/wp-content\/uploads\/2023\/12\/rooder2.jpg","width":1723,"height":1037,"caption":"Electric Scooters Bikes Citycoco Manufacturer"},"image":{"@id":"https:\/\/www.rooderchina.com\/#\/schema\/logo\/image\/"},"sameAs":["https:\/\/www.facebook.com\/rooder.tec","https:\/\/twitter.com\/RooderTec"]}]}},"_links":{"self":[{"href":"https:\/\/www.rooderchina.com\/de\/wp-json\/wp\/v2\/product\/9153","targetHints":{"allow":["GET"]}}],"collection":[{"href":"https:\/\/www.rooderchina.com\/de\/wp-json\/wp\/v2\/product"}],"about":[{"href":"https:\/\/www.rooderchina.com\/de\/wp-json\/wp\/v2\/types\/product"}],"replies":[{"embeddable":true,"href":"https:\/\/www.rooderchina.com\/de\/wp-json\/wp\/v2\/comments?post=9153"}],"version-history":[{"count":1,"href":"https:\/\/www.rooderchina.com\/de\/wp-json\/wp\/v2\/product\/9153\/revisions"}],"predecessor-version":[{"id":9154,"href":"https:\/\/www.rooderchina.com\/de\/wp-json\/wp\/v2\/product\/9153\/revisions\/9154"}],"wp:featuredmedia":[{"embeddable":true,"href":"https:\/\/www.rooderchina.com\/de\/wp-json\/wp\/v2\/media\/9155"}],"wp:attachment":[{"href":"https:\/\/www.rooderchina.com\/de\/wp-json\/wp\/v2\/media?parent=9153"}],"wp:term":[{"taxonomy":"product_brand","embeddable":true,"href":"https:\/\/www.rooderchina.com\/de\/wp-json\/wp\/v2\/product_brand?post=9153"},{"taxonomy":"product_cat","embeddable":true,"href":"https:\/\/www.rooderchina.com\/de\/wp-json\/wp\/v2\/product_cat?post=9153"},{"taxonomy":"product_tag","embeddable":true,"href":"https:\/\/www.rooderchina.com\/de\/wp-json\/wp\/v2\/product_tag?post=9153"}],"curies":[{"name":"wp","href":"https:\/\/api.w.org\/{rel}","templated":true}]}}