{"id":24732,"date":"2023-12-24T18:01:32","date_gmt":"2023-12-24T10:01:32","guid":{"rendered":"https:\/\/www.rooderchina.com\/?post_type=product&#038;p=24732"},"modified":"2023-12-24T18:01:32","modified_gmt":"2023-12-24T10:01:32","slug":"electric-cycle-rooder-r809-s3-26-inch-for-sale","status":"publish","type":"product","link":"https:\/\/www.rooderchina.com\/de\/produkt\/electric-cycle-rooder-r809-s3-26-inch-for-sale\/","title":{"rendered":"Elektrofahrrad Rooder r809-s3 26 Zoll zu verkaufen"},"content":{"rendered":"<h4>Elektrofahrrad Rooder r809-s3 26 Zoll zu verkaufen<\/h4>\n<p>Markenname\uff1aRooder<br \/>\nModellnummer\uff1ar809-s3<br \/>\nRahmenmaterial: Aluminiumlegierung<br \/>\nFarbe\uff1aGelb&amp;Schwarz \/ganz schwarz<br \/>\nBatterie\uff1a10AH<br \/>\nBatteriespannung\uff1a48V\uff0854V\uff09<br \/>\nSpannung des Ladeger\u00e4ts\uff1a100-240V 2A<br \/>\nEurop\u00e4ischer Standard-Rundstecker<br \/>\nMotorleistung\uff1a750 W<br \/>\nZahnr\u00e4der\uff1aF\u00fcnf Zahnr\u00e4der<br \/>\nReifen\uff1aCST 26*4.0<br \/>\nBremse\uff1a Scheibenbremse<br \/>\nSteigf\u00e4higkeit\uff1a 30\u00b0<br \/>\nH\u00f6chstgeschwindigkeit\uff1a45 km\/h<br \/>\nKilometerleistung rein elektrisch\uff1a25-35KM<br \/>\nKilometerstand der Unterst\u00fctzung\uff1a40-60KM<\/p>","protected":false},"excerpt":{"rendered":"<p>Rooder Zyklus r809-s3, es ist das neue Modell von 2022, faltbare Design, Standard-Farbe ist gelb, und normolly es ist auf Lager der EU und US-Lager,<\/p>\n<p>schwarz, rot, blau und gr\u00fcn sind aus China f\u00fcr Gro\u00dfauftrag zur Verf\u00fcgung. min Bestellung 50pcs. es wird mit Aluminium-Legierung Rahmen und 26 Zoll fetten Reifen kommen.<\/p>\n<p>750w leistungsstarken Motor unterst\u00fctzt maximale Geschwindigkeit 45 Kilo Meter pro Stunde, auch k\u00f6nnen Sie die Geschwindigkeit bei 25 km\/h zu sperren. Die Lithium-Batterie 48v 10ah Bereich ist 25-35km.<\/p>","protected":false},"featured_media":24737,"comment_status":"open","ping_status":"closed","template":"","meta":[],"product_brand":[],"product_cat":[574],"product_tag":[1200,1218,1217],"class_list":{"0":"post-24732","1":"product","2":"type-product","3":"status-publish","4":"has-post-thumbnail","6":"product_cat-electric-bicycles","7":"product_tag-electric-cycle","8":"product_tag-r809-s3","9":"product_tag-rooder-r809-s3","11":"first","12":"instock","13":"shipping-taxable","14":"product-type-simple"},"yoast_head":"<!-- This site is optimized with the Yoast SEO plugin v21.7 - https:\/\/yoast.com\/wordpress\/plugins\/seo\/ -->\n<title>Electric Cycle Rooder r809-s3 26 Inch for sale - Electric Scooters Bikes Citycoco Manufacturer<\/title>\n<meta name=\"description\" content=\"Rooder electric cycle r809-s3, it\u2019s the new model of 2022, folding design, default color is yellow, and normolly it\u2019s in stock of EU and US warehouse,black\" \/>\n<meta name=\"robots\" content=\"index, follow, max-snippet:-1, max-image-preview:large, max-video-preview:-1\" \/>\n<link rel=\"canonical\" href=\"https:\/\/www.rooderchina.com\/de\/produkt\/electric-cycle-rooder-r809-s3-26-inch-for-sale\/\" \/>\n<meta property=\"og:locale\" content=\"de_DE\" \/>\n<meta property=\"og:type\" content=\"article\" \/>\n<meta property=\"og:title\" content=\"Electric Cycle Rooder r809-s3 26 Inch for sale - Electric Scooters Bikes Citycoco Manufacturer\" \/>\n<meta property=\"og:description\" content=\"Rooder electric cycle r809-s3, it\u2019s the new model of 2022, folding design, default color is yellow, and normolly it\u2019s in stock of EU and US warehouse,black\" \/>\n<meta property=\"og:url\" content=\"https:\/\/www.rooderchina.com\/de\/produkt\/electric-cycle-rooder-r809-s3-26-inch-for-sale\/\" \/>\n<meta property=\"og:site_name\" content=\"Electric Scooters Bikes Citycoco Manufacturer\" \/>\n<meta property=\"article:publisher\" content=\"https:\/\/www.facebook.com\/rooder.tec\" \/>\n<meta property=\"og:image\" content=\"https:\/\/www.rooderchina.com\/wp-content\/uploads\/2023\/12\/Electric-Cycle-Rooder-r809-s3-26-Inch-for-sale-5.jpg\" \/>\n\t<meta property=\"og:image:width\" content=\"1024\" \/>\n\t<meta property=\"og:image:height\" content=\"1024\" \/>\n\t<meta property=\"og:image:type\" content=\"image\/jpeg\" \/>\n<meta name=\"twitter:card\" content=\"summary_large_image\" \/>\n<meta name=\"twitter:site\" content=\"@RooderTec\" \/>\n<meta name=\"twitter:label1\" content=\"Gesch\u00e4tzte Lesezeit\" \/>\n\t<meta name=\"twitter:data1\" content=\"1\u00a0Minute\" \/>\n<script type=\"application\/ld+json\" class=\"yoast-schema-graph\">{\"@context\":\"https:\/\/schema.org\",\"@graph\":[{\"@type\":\"WebPage\",\"@id\":\"https:\/\/www.rooderchina.com\/product\/electric-cycle-rooder-r809-s3-26-inch-for-sale\/\",\"url\":\"https:\/\/www.rooderchina.com\/product\/electric-cycle-rooder-r809-s3-26-inch-for-sale\/\",\"name\":\"Electric Cycle Rooder r809-s3 26 Inch for sale - Electric Scooters Bikes Citycoco Manufacturer\",\"isPartOf\":{\"@id\":\"https:\/\/www.rooderchina.com\/#website\"},\"datePublished\":\"2023-12-24T10:01:32+00:00\",\"dateModified\":\"2023-12-24T10:01:32+00:00\",\"description\":\"Rooder electric cycle r809-s3, it\u2019s the new model of 2022, folding design, default color is yellow, and normolly it\u2019s in stock of EU and US warehouse,black\",\"breadcrumb\":{\"@id\":\"https:\/\/www.rooderchina.com\/product\/electric-cycle-rooder-r809-s3-26-inch-for-sale\/#breadcrumb\"},\"inLanguage\":\"de\",\"potentialAction\":[{\"@type\":\"ReadAction\",\"target\":[\"https:\/\/www.rooderchina.com\/product\/electric-cycle-rooder-r809-s3-26-inch-for-sale\/\"]}]},{\"@type\":\"BreadcrumbList\",\"@id\":\"https:\/\/www.rooderchina.com\/product\/electric-cycle-rooder-r809-s3-26-inch-for-sale\/#breadcrumb\",\"itemListElement\":[{\"@type\":\"ListItem\",\"position\":1,\"name\":\"HOME\",\"item\":\"https:\/\/www.rooderchina.com\/\"},{\"@type\":\"ListItem\",\"position\":2,\"name\":\"Shop\",\"item\":\"https:\/\/www.rooderchina.com\/shop\/\"},{\"@type\":\"ListItem\",\"position\":3,\"name\":\"Electric Cycle Rooder r809-s3 26 Inch for sale\"}]},{\"@type\":\"WebSite\",\"@id\":\"https:\/\/www.rooderchina.com\/#website\",\"url\":\"https:\/\/www.rooderchina.com\/\",\"name\":\"Electric Scooters Bikes Citycoco Manufacturer\",\"description\":\"Rooder Technology Limited\",\"publisher\":{\"@id\":\"https:\/\/www.rooderchina.com\/#organization\"},\"potentialAction\":[{\"@type\":\"SearchAction\",\"target\":{\"@type\":\"EntryPoint\",\"urlTemplate\":\"https:\/\/www.rooderchina.com\/?s={search_term_string}\"},\"query-input\":\"required name=search_term_string\"}],\"inLanguage\":\"de\"},{\"@type\":\"Organization\",\"@id\":\"https:\/\/www.rooderchina.com\/#organization\",\"name\":\"Electric Scooters Bikes Citycoco Manufacturer\",\"url\":\"https:\/\/www.rooderchina.com\/\",\"logo\":{\"@type\":\"ImageObject\",\"inLanguage\":\"de\",\"@id\":\"https:\/\/www.rooderchina.com\/#\/schema\/logo\/image\/\",\"url\":\"https:\/\/www.rooderchina.com\/wp-content\/uploads\/2023\/12\/rooder2.jpg\",\"contentUrl\":\"https:\/\/www.rooderchina.com\/wp-content\/uploads\/2023\/12\/rooder2.jpg\",\"width\":1723,\"height\":1037,\"caption\":\"Electric Scooters Bikes Citycoco Manufacturer\"},\"image\":{\"@id\":\"https:\/\/www.rooderchina.com\/#\/schema\/logo\/image\/\"},\"sameAs\":[\"https:\/\/www.facebook.com\/rooder.tec\",\"https:\/\/twitter.com\/RooderTec\"]}]}<\/script>\n<!-- \/ Yoast SEO plugin. -->","yoast_head_json":{"title":"Electric Cycle Rooder r809-s3 26 Inch for sale - Electric Scooters Bikes Citycoco Manufacturer","description":"Rooder electric cycle r809-s3, it\u2019s the new model of 2022, folding design, default color is yellow, and normolly it\u2019s in stock of EU and US warehouse,black","robots":{"index":"index","follow":"follow","max-snippet":"max-snippet:-1","max-image-preview":"max-image-preview:large","max-video-preview":"max-video-preview:-1"},"canonical":"https:\/\/www.rooderchina.com\/de\/produkt\/electric-cycle-rooder-r809-s3-26-inch-for-sale\/","og_locale":"de_DE","og_type":"article","og_title":"Electric Cycle Rooder r809-s3 26 Inch for sale - Electric Scooters Bikes Citycoco Manufacturer","og_description":"Rooder electric cycle r809-s3, it\u2019s the new model of 2022, folding design, default color is yellow, and normolly it\u2019s in stock of EU and US warehouse,black","og_url":"https:\/\/www.rooderchina.com\/de\/produkt\/electric-cycle-rooder-r809-s3-26-inch-for-sale\/","og_site_name":"Electric Scooters Bikes Citycoco Manufacturer","article_publisher":"https:\/\/www.facebook.com\/rooder.tec","og_image":[{"width":1024,"height":1024,"url":"https:\/\/www.rooderchina.com\/wp-content\/uploads\/2023\/12\/Electric-Cycle-Rooder-r809-s3-26-Inch-for-sale-5.jpg","type":"image\/jpeg"}],"twitter_card":"summary_large_image","twitter_site":"@RooderTec","twitter_misc":{"Gesch\u00e4tzte Lesezeit":"1\u00a0Minute"},"schema":{"@context":"https:\/\/schema.org","@graph":[{"@type":"WebPage","@id":"https:\/\/www.rooderchina.com\/product\/electric-cycle-rooder-r809-s3-26-inch-for-sale\/","url":"https:\/\/www.rooderchina.com\/product\/electric-cycle-rooder-r809-s3-26-inch-for-sale\/","name":"Electric Cycle Rooder r809-s3 26 Inch for sale - Electric Scooters Bikes Citycoco Manufacturer","isPartOf":{"@id":"https:\/\/www.rooderchina.com\/#website"},"datePublished":"2023-12-24T10:01:32+00:00","dateModified":"2023-12-24T10:01:32+00:00","description":"Rooder electric cycle r809-s3, it\u2019s the new model of 2022, folding design, default color is yellow, and normolly it\u2019s in stock of EU and US warehouse,black","breadcrumb":{"@id":"https:\/\/www.rooderchina.com\/product\/electric-cycle-rooder-r809-s3-26-inch-for-sale\/#breadcrumb"},"inLanguage":"de","potentialAction":[{"@type":"ReadAction","target":["https:\/\/www.rooderchina.com\/product\/electric-cycle-rooder-r809-s3-26-inch-for-sale\/"]}]},{"@type":"BreadcrumbList","@id":"https:\/\/www.rooderchina.com\/product\/electric-cycle-rooder-r809-s3-26-inch-for-sale\/#breadcrumb","itemListElement":[{"@type":"ListItem","position":1,"name":"HOME","item":"https:\/\/www.rooderchina.com\/"},{"@type":"ListItem","position":2,"name":"Shop","item":"https:\/\/www.rooderchina.com\/shop\/"},{"@type":"ListItem","position":3,"name":"Electric Cycle Rooder r809-s3 26 Inch for sale"}]},{"@type":"WebSite","@id":"https:\/\/www.rooderchina.com\/#website","url":"https:\/\/www.rooderchina.com\/","name":"Electric Scooters Bikes Citycoco Manufacturer","description":"Rooder Technology Limited","publisher":{"@id":"https:\/\/www.rooderchina.com\/#organization"},"potentialAction":[{"@type":"SearchAction","target":{"@type":"EntryPoint","urlTemplate":"https:\/\/www.rooderchina.com\/?s={search_term_string}"},"query-input":"required name=search_term_string"}],"inLanguage":"de"},{"@type":"Organization","@id":"https:\/\/www.rooderchina.com\/#organization","name":"Electric Scooters Bikes Citycoco Manufacturer","url":"https:\/\/www.rooderchina.com\/","logo":{"@type":"ImageObject","inLanguage":"de","@id":"https:\/\/www.rooderchina.com\/#\/schema\/logo\/image\/","url":"https:\/\/www.rooderchina.com\/wp-content\/uploads\/2023\/12\/rooder2.jpg","contentUrl":"https:\/\/www.rooderchina.com\/wp-content\/uploads\/2023\/12\/rooder2.jpg","width":1723,"height":1037,"caption":"Electric Scooters Bikes Citycoco Manufacturer"},"image":{"@id":"https:\/\/www.rooderchina.com\/#\/schema\/logo\/image\/"},"sameAs":["https:\/\/www.facebook.com\/rooder.tec","https:\/\/twitter.com\/RooderTec"]}]}},"_links":{"self":[{"href":"https:\/\/www.rooderchina.com\/de\/wp-json\/wp\/v2\/product\/24732","targetHints":{"allow":["GET"]}}],"collection":[{"href":"https:\/\/www.rooderchina.com\/de\/wp-json\/wp\/v2\/product"}],"about":[{"href":"https:\/\/www.rooderchina.com\/de\/wp-json\/wp\/v2\/types\/product"}],"replies":[{"embeddable":true,"href":"https:\/\/www.rooderchina.com\/de\/wp-json\/wp\/v2\/comments?post=24732"}],"version-history":[{"count":1,"href":"https:\/\/www.rooderchina.com\/de\/wp-json\/wp\/v2\/product\/24732\/revisions"}],"predecessor-version":[{"id":24742,"href":"https:\/\/www.rooderchina.com\/de\/wp-json\/wp\/v2\/product\/24732\/revisions\/24742"}],"wp:featuredmedia":[{"embeddable":true,"href":"https:\/\/www.rooderchina.com\/de\/wp-json\/wp\/v2\/media\/24737"}],"wp:attachment":[{"href":"https:\/\/www.rooderchina.com\/de\/wp-json\/wp\/v2\/media?parent=24732"}],"wp:term":[{"taxonomy":"product_brand","embeddable":true,"href":"https:\/\/www.rooderchina.com\/de\/wp-json\/wp\/v2\/product_brand?post=24732"},{"taxonomy":"product_cat","embeddable":true,"href":"https:\/\/www.rooderchina.com\/de\/wp-json\/wp\/v2\/product_cat?post=24732"},{"taxonomy":"product_tag","embeddable":true,"href":"https:\/\/www.rooderchina.com\/de\/wp-json\/wp\/v2\/product_tag?post=24732"}],"curies":[{"name":"wp","href":"https:\/\/api.w.org\/{rel}","templated":true}]}}