{"id":10090,"date":"2023-11-11T19:05:13","date_gmt":"2023-11-11T11:05:13","guid":{"rendered":"http:\/\/www.rooderchina.com\/index.php\/product\/two-wheel-standing-electric-scooter-r803c-with-lithium-battery-5-5-inch-motor-foldable-aluminum-alloy-body\/"},"modified":"2023-11-11T19:05:32","modified_gmt":"2023-11-11T11:05:32","slug":"two-wheel-standing-electric-scooter-r803c-with-lithium-battery-5-5-inch-motor-foldable-aluminum-alloy-body","status":"publish","type":"product","link":"https:\/\/www.rooderchina.com\/de\/produkt\/two-wheel-standing-electric-scooter-r803c-with-lithium-battery-5-5-inch-motor-foldable-aluminum-alloy-body\/","title":{"rendered":"Zweirad-Elektroroller r803c mit Lithium-Batterie 5,5 Zoll Motor faltbar Aluminiumlegierung K\u00f6rper"},"content":{"rendered":"<p>Thanks to over 5 years export and production to oversea, we are familiar with different taste, different entry condition for different country. And our concept is service firstly, quality firstly, sincerity firstly. And always keep low profit to my customers. So that our customers can gain a good profit and retain a long business relationship with us. Our customer has been distributed in different area, USA, Europe, Russia, Middle East, South African, Canada, Australia, New Zealand, Southern Asia, North African, South Africa. And our different products has been entered into different those market. So if you choose to cooperate with us, we will have different taste to satisfy your market and we can tell you the market analyze and what kinds of products will be suitable with your markets.<\/p>\n<p><strong><a href=\"https:\/\/www.rooderchina.com\/de\/tag\/two-wheel-standing-electric-scooter\/\" title=\"View all posts in two wheel standing electric scooter\" target=\"_blank\" rel=\"noopener\">two wheel standing electric scooter<\/a> r803c with lithium battery 5.5 inch motor foldable aluminum alloy body<\/strong><\/p>\n<\/p>\n<p>&nbsp;<\/p>\n<p>model: r803c<br \/>\nfaltbarer Elektroroller mit Aluminiumlegierung<br \/>\nrange: 10 &#8211; 15km<br \/>\nAkku: 24v 4.4ah 18650 Lithium-Ionen-Zellen<br \/>\nMotor: 24v 250w b\u00fcrstenloser Motor<br \/>\nH\u00f6chstgeschwindigkeit: 25 km\/h<br \/>\ntypischer Steigwinkel: 25 Grad<br \/>\nLadeger\u00e4t: ac100~240v Eingang<br \/>\nLadezeit: 2-3 Stunden<br \/>\nmax. weight limit: 120 kgs<br \/>\nVerf\u00fcgbare Farben: schwarz, wei\u00df, gr\u00fcn, rot, blau usw.<br \/>\nfolding size:105*14.5*29.5cm<br \/>\nunfold size: 103*95*53cm<br \/>\npackage size:112*24*33cm<\/p>\n<p>&nbsp;<\/p>","protected":false},"excerpt":{"rendered":"<h3>Kurze Beschreibung:<\/h3>\n<p><p>finden Sie hochwertige und billige Preis faltbare Elektroroller, Gro\u00dfhandel faltbare Elektroroller aus Rooder faltbare Elektroroller Fabrik Lieferant Hersteller Exporteur Firma www.RooderChina.com<\/p>\n<p>faltbarer Motorroller,<br \/>\nLithium-Batterie,<br \/>\n5,5-Zoll- oder 6,5-Zoll-R\u00e4der,<br \/>\nFabrikpreis<\/p>\n<p>&nbsp;<\/p>\n<\/p>\n<p><\/p>\n<li><em>Marke: <\/em> OEM\/ODM\/ROODER<\/li>\n<li><em>Mindestbestellmenge: <\/em> 10 St\u00fcck\/St\u00fcck<\/li>\n<li><em>Lieferf\u00e4higkeit: <\/em> 10000 St\u00fcck\/St\u00fcck pro Monat<\/li>\n<li><em>Hafen: <\/em> Shenzhen<\/li>\n<li><em>Zahlungsbedingungen: <\/em> T\/T, L\/C, D\/A, D\/P<\/li>","protected":false},"featured_media":10092,"comment_status":"closed","ping_status":"open","template":"","meta":[],"product_brand":[],"product_cat":[829],"product_tag":[465,955,956,957,958,959,960,710,961,962,950,963,964],"class_list":{"0":"post-10090","1":"product","2":"type-product","3":"status-publish","4":"has-post-thumbnail","6":"product_cat-electric-scooters","7":"product_tag-3-wheel-electric-scooter","8":"product_tag-3-wheels-electric-skateboard","9":"product_tag-adult-electric-3-wheel-scooters","10":"product_tag-carbon-fiber-foldable-electric-scooter","11":"product_tag-citicoco-2017","12":"product_tag-citicoco-bike","13":"product_tag-citicoco-electric-scooter","14":"product_tag-electrical-scooter","15":"product_tag-foldable-electric-scooter","16":"product_tag-hot-sale-carbon-fiber-kick-standing-electric-scooter","17":"product_tag-kick-scooter","18":"product_tag-motorcycle-electric","19":"product_tag-two-wheel-standing-electric-scooter","21":"first","22":"instock","23":"product-type-simple"},"yoast_head":"<!-- This site is optimized with the Yoast SEO plugin v21.7 - https:\/\/yoast.com\/wordpress\/plugins\/seo\/ -->\n<title>two wheel standing electric scooter r803c with lithium battery 5.5 inch motor foldable aluminum alloy body - Electric Scooters Bikes Citycoco Manufacturer<\/title>\n<meta name=\"robots\" content=\"index, follow, max-snippet:-1, max-image-preview:large, max-video-preview:-1\" \/>\n<link rel=\"canonical\" href=\"https:\/\/www.rooderchina.com\/de\/produkt\/two-wheel-standing-electric-scooter-r803c-with-lithium-battery-5-5-inch-motor-foldable-aluminum-alloy-body\/\" \/>\n<meta property=\"og:locale\" content=\"de_DE\" \/>\n<meta property=\"og:type\" content=\"article\" \/>\n<meta property=\"og:title\" content=\"two wheel standing electric scooter r803c with lithium battery 5.5 inch motor foldable aluminum alloy body - Electric Scooters Bikes Citycoco Manufacturer\" \/>\n<meta property=\"og:description\" content=\"Short Description: find high quality and cheap price foldable electric scooter, wholesale\u00a0foldable electric scooter from Rooder\u00a0foldable electric scooter factory supplier manufacturer exporter company www.RooderChina.com foldable scooter, lithium battery, 5.5 inch or 6.5 inch wheels, factory price &nbsp;    Brand: OEM\/ODM\/ROODER   Min.Order Quantity: 10 Piece\/Pieces   Supply Ability: 10000 Piece\/Pieces per Month   Port: Shenzhen   Payment Terms: T\/T, L\/C, D\/A, D\/P\" \/>\n<meta property=\"og:url\" content=\"https:\/\/www.rooderchina.com\/de\/produkt\/two-wheel-standing-electric-scooter-r803c-with-lithium-battery-5-5-inch-motor-foldable-aluminum-alloy-body\/\" \/>\n<meta property=\"og:site_name\" content=\"Electric Scooters Bikes Citycoco Manufacturer\" \/>\n<meta property=\"article:publisher\" content=\"https:\/\/www.facebook.com\/rooder.tec\" \/>\n<meta property=\"article:modified_time\" content=\"2023-11-11T11:05:32+00:00\" \/>\n<meta property=\"og:image\" content=\"https:\/\/www.rooderchina.com\/wp-content\/uploads\/2023\/11\/2c98bc8a.jpg\" \/>\n\t<meta property=\"og:image:width\" content=\"750\" \/>\n\t<meta property=\"og:image:height\" content=\"750\" \/>\n\t<meta property=\"og:image:type\" content=\"image\/jpeg\" \/>\n<meta name=\"twitter:card\" content=\"summary_large_image\" \/>\n<meta name=\"twitter:site\" content=\"@RooderTec\" \/>\n<meta name=\"twitter:label1\" content=\"Gesch\u00e4tzte Lesezeit\" \/>\n\t<meta name=\"twitter:data1\" content=\"1\u00a0Minute\" \/>\n<script type=\"application\/ld+json\" class=\"yoast-schema-graph\">{\"@context\":\"https:\/\/schema.org\",\"@graph\":[{\"@type\":\"WebPage\",\"@id\":\"https:\/\/www.rooderchina.com\/product\/two-wheel-standing-electric-scooter-r803c-with-lithium-battery-5-5-inch-motor-foldable-aluminum-alloy-body\/\",\"url\":\"https:\/\/www.rooderchina.com\/product\/two-wheel-standing-electric-scooter-r803c-with-lithium-battery-5-5-inch-motor-foldable-aluminum-alloy-body\/\",\"name\":\"two wheel standing electric scooter r803c with lithium battery 5.5 inch motor foldable aluminum alloy body - Electric Scooters Bikes Citycoco Manufacturer\",\"isPartOf\":{\"@id\":\"https:\/\/www.rooderchina.com\/#website\"},\"datePublished\":\"2023-11-11T11:05:13+00:00\",\"dateModified\":\"2023-11-11T11:05:32+00:00\",\"breadcrumb\":{\"@id\":\"https:\/\/www.rooderchina.com\/product\/two-wheel-standing-electric-scooter-r803c-with-lithium-battery-5-5-inch-motor-foldable-aluminum-alloy-body\/#breadcrumb\"},\"inLanguage\":\"de\",\"potentialAction\":[{\"@type\":\"ReadAction\",\"target\":[\"https:\/\/www.rooderchina.com\/product\/two-wheel-standing-electric-scooter-r803c-with-lithium-battery-5-5-inch-motor-foldable-aluminum-alloy-body\/\"]}]},{\"@type\":\"BreadcrumbList\",\"@id\":\"https:\/\/www.rooderchina.com\/product\/two-wheel-standing-electric-scooter-r803c-with-lithium-battery-5-5-inch-motor-foldable-aluminum-alloy-body\/#breadcrumb\",\"itemListElement\":[{\"@type\":\"ListItem\",\"position\":1,\"name\":\"HOME\",\"item\":\"https:\/\/www.rooderchina.com\/\"},{\"@type\":\"ListItem\",\"position\":2,\"name\":\"Shop\",\"item\":\"https:\/\/www.rooderchina.com\/shop\/\"},{\"@type\":\"ListItem\",\"position\":3,\"name\":\"two wheel standing electric scooter r803c with lithium battery 5.5 inch motor foldable aluminum alloy body\"}]},{\"@type\":\"WebSite\",\"@id\":\"https:\/\/www.rooderchina.com\/#website\",\"url\":\"https:\/\/www.rooderchina.com\/\",\"name\":\"Electric Scooters Bikes Citycoco Manufacturer\",\"description\":\"Rooder Technology Limited\",\"publisher\":{\"@id\":\"https:\/\/www.rooderchina.com\/#organization\"},\"potentialAction\":[{\"@type\":\"SearchAction\",\"target\":{\"@type\":\"EntryPoint\",\"urlTemplate\":\"https:\/\/www.rooderchina.com\/?s={search_term_string}\"},\"query-input\":\"required name=search_term_string\"}],\"inLanguage\":\"de\"},{\"@type\":\"Organization\",\"@id\":\"https:\/\/www.rooderchina.com\/#organization\",\"name\":\"Electric Scooters Bikes Citycoco Manufacturer\",\"url\":\"https:\/\/www.rooderchina.com\/\",\"logo\":{\"@type\":\"ImageObject\",\"inLanguage\":\"de\",\"@id\":\"https:\/\/www.rooderchina.com\/#\/schema\/logo\/image\/\",\"url\":\"https:\/\/www.rooderchina.com\/wp-content\/uploads\/2023\/12\/rooder2.jpg\",\"contentUrl\":\"https:\/\/www.rooderchina.com\/wp-content\/uploads\/2023\/12\/rooder2.jpg\",\"width\":1723,\"height\":1037,\"caption\":\"Electric Scooters Bikes Citycoco Manufacturer\"},\"image\":{\"@id\":\"https:\/\/www.rooderchina.com\/#\/schema\/logo\/image\/\"},\"sameAs\":[\"https:\/\/www.facebook.com\/rooder.tec\",\"https:\/\/twitter.com\/RooderTec\"]}]}<\/script>\n<!-- \/ Yoast SEO plugin. -->","yoast_head_json":{"title":"two wheel standing electric scooter r803c with lithium battery 5.5 inch motor foldable aluminum alloy body - Electric Scooters Bikes Citycoco Manufacturer","robots":{"index":"index","follow":"follow","max-snippet":"max-snippet:-1","max-image-preview":"max-image-preview:large","max-video-preview":"max-video-preview:-1"},"canonical":"https:\/\/www.rooderchina.com\/de\/produkt\/two-wheel-standing-electric-scooter-r803c-with-lithium-battery-5-5-inch-motor-foldable-aluminum-alloy-body\/","og_locale":"de_DE","og_type":"article","og_title":"two wheel standing electric scooter r803c with lithium battery 5.5 inch motor foldable aluminum alloy body - Electric Scooters Bikes Citycoco Manufacturer","og_description":"Short Description: find high quality and cheap price foldable electric scooter, wholesale\u00a0foldable electric scooter from Rooder\u00a0foldable electric scooter factory supplier manufacturer exporter company www.RooderChina.com foldable scooter, lithium battery, 5.5 inch or 6.5 inch wheels, factory price &nbsp;    Brand: OEM\/ODM\/ROODER   Min.Order Quantity: 10 Piece\/Pieces   Supply Ability: 10000 Piece\/Pieces per Month   Port: Shenzhen   Payment Terms: T\/T, L\/C, D\/A, D\/P","og_url":"https:\/\/www.rooderchina.com\/de\/produkt\/two-wheel-standing-electric-scooter-r803c-with-lithium-battery-5-5-inch-motor-foldable-aluminum-alloy-body\/","og_site_name":"Electric Scooters Bikes Citycoco Manufacturer","article_publisher":"https:\/\/www.facebook.com\/rooder.tec","article_modified_time":"2023-11-11T11:05:32+00:00","og_image":[{"width":750,"height":750,"url":"https:\/\/www.rooderchina.com\/wp-content\/uploads\/2023\/11\/2c98bc8a.jpg","type":"image\/jpeg"}],"twitter_card":"summary_large_image","twitter_site":"@RooderTec","twitter_misc":{"Gesch\u00e4tzte Lesezeit":"1\u00a0Minute"},"schema":{"@context":"https:\/\/schema.org","@graph":[{"@type":"WebPage","@id":"https:\/\/www.rooderchina.com\/product\/two-wheel-standing-electric-scooter-r803c-with-lithium-battery-5-5-inch-motor-foldable-aluminum-alloy-body\/","url":"https:\/\/www.rooderchina.com\/product\/two-wheel-standing-electric-scooter-r803c-with-lithium-battery-5-5-inch-motor-foldable-aluminum-alloy-body\/","name":"two wheel standing electric scooter r803c with lithium battery 5.5 inch motor foldable aluminum alloy body - Electric Scooters Bikes Citycoco Manufacturer","isPartOf":{"@id":"https:\/\/www.rooderchina.com\/#website"},"datePublished":"2023-11-11T11:05:13+00:00","dateModified":"2023-11-11T11:05:32+00:00","breadcrumb":{"@id":"https:\/\/www.rooderchina.com\/product\/two-wheel-standing-electric-scooter-r803c-with-lithium-battery-5-5-inch-motor-foldable-aluminum-alloy-body\/#breadcrumb"},"inLanguage":"de","potentialAction":[{"@type":"ReadAction","target":["https:\/\/www.rooderchina.com\/product\/two-wheel-standing-electric-scooter-r803c-with-lithium-battery-5-5-inch-motor-foldable-aluminum-alloy-body\/"]}]},{"@type":"BreadcrumbList","@id":"https:\/\/www.rooderchina.com\/product\/two-wheel-standing-electric-scooter-r803c-with-lithium-battery-5-5-inch-motor-foldable-aluminum-alloy-body\/#breadcrumb","itemListElement":[{"@type":"ListItem","position":1,"name":"HOME","item":"https:\/\/www.rooderchina.com\/"},{"@type":"ListItem","position":2,"name":"Shop","item":"https:\/\/www.rooderchina.com\/shop\/"},{"@type":"ListItem","position":3,"name":"two wheel standing electric scooter r803c with lithium battery 5.5 inch motor foldable aluminum alloy body"}]},{"@type":"WebSite","@id":"https:\/\/www.rooderchina.com\/#website","url":"https:\/\/www.rooderchina.com\/","name":"Electric Scooters Bikes Citycoco Manufacturer","description":"Rooder Technology Limited","publisher":{"@id":"https:\/\/www.rooderchina.com\/#organization"},"potentialAction":[{"@type":"SearchAction","target":{"@type":"EntryPoint","urlTemplate":"https:\/\/www.rooderchina.com\/?s={search_term_string}"},"query-input":"required name=search_term_string"}],"inLanguage":"de"},{"@type":"Organization","@id":"https:\/\/www.rooderchina.com\/#organization","name":"Electric Scooters Bikes Citycoco Manufacturer","url":"https:\/\/www.rooderchina.com\/","logo":{"@type":"ImageObject","inLanguage":"de","@id":"https:\/\/www.rooderchina.com\/#\/schema\/logo\/image\/","url":"https:\/\/www.rooderchina.com\/wp-content\/uploads\/2023\/12\/rooder2.jpg","contentUrl":"https:\/\/www.rooderchina.com\/wp-content\/uploads\/2023\/12\/rooder2.jpg","width":1723,"height":1037,"caption":"Electric Scooters Bikes Citycoco Manufacturer"},"image":{"@id":"https:\/\/www.rooderchina.com\/#\/schema\/logo\/image\/"},"sameAs":["https:\/\/www.facebook.com\/rooder.tec","https:\/\/twitter.com\/RooderTec"]}]}},"_links":{"self":[{"href":"https:\/\/www.rooderchina.com\/de\/wp-json\/wp\/v2\/product\/10090","targetHints":{"allow":["GET"]}}],"collection":[{"href":"https:\/\/www.rooderchina.com\/de\/wp-json\/wp\/v2\/product"}],"about":[{"href":"https:\/\/www.rooderchina.com\/de\/wp-json\/wp\/v2\/types\/product"}],"replies":[{"embeddable":true,"href":"https:\/\/www.rooderchina.com\/de\/wp-json\/wp\/v2\/comments?post=10090"}],"version-history":[{"count":1,"href":"https:\/\/www.rooderchina.com\/de\/wp-json\/wp\/v2\/product\/10090\/revisions"}],"predecessor-version":[{"id":10091,"href":"https:\/\/www.rooderchina.com\/de\/wp-json\/wp\/v2\/product\/10090\/revisions\/10091"}],"wp:featuredmedia":[{"embeddable":true,"href":"https:\/\/www.rooderchina.com\/de\/wp-json\/wp\/v2\/media\/10092"}],"wp:attachment":[{"href":"https:\/\/www.rooderchina.com\/de\/wp-json\/wp\/v2\/media?parent=10090"}],"wp:term":[{"taxonomy":"product_brand","embeddable":true,"href":"https:\/\/www.rooderchina.com\/de\/wp-json\/wp\/v2\/product_brand?post=10090"},{"taxonomy":"product_cat","embeddable":true,"href":"https:\/\/www.rooderchina.com\/de\/wp-json\/wp\/v2\/product_cat?post=10090"},{"taxonomy":"product_tag","embeddable":true,"href":"https:\/\/www.rooderchina.com\/de\/wp-json\/wp\/v2\/product_tag?post=10090"}],"curies":[{"name":"wp","href":"https:\/\/api.w.org\/{rel}","templated":true}]}}